{"id":7117,"date":"2020-05-12T10:39:54","date_gmt":"2020-05-12T10:39:54","guid":{"rendered":"https:\/\/antijellyfishpool.com\/product\/set-additional-ballast\/"},"modified":"2020-05-12T10:59:29","modified_gmt":"2020-05-12T10:59:29","slug":"zavorra-aggiuntivo-piscina-protezione-meduse","status":"publish","type":"product","link":"https:\/\/antijellyfishpool.com\/it\/prodotto\/zavorra-aggiuntivo-piscina-protezione-meduse\/","title":{"rendered":"SET DI ZAVORRA AGGIUNTIVO"},"content":{"rendered":"","protected":false},"excerpt":{"rendered":"<div class=\"text-wrap tlid-copy-target\"><\/div>\n<div class=\"tlid-result-transliteration-container result-transliteration-container transliteration-container\">\n<div class=\"tlid-transliteration-content transliteration-content full\">\n<div class=\"text-wrap tlid-copy-target\">\n<div class=\"result-shield-container tlid-copy-target\" tabindex=\"0\"><span class=\"tlid-translation translation\" lang=\"it\"><span class=\"\" title=\"\">Quando c&#8217;\u00e8 una piccola corrente superficiale nell&#8217;acqua, pu\u00f2 essere saggio mettere la zavorra negli angoli sommersi della piscina.<\/span> <span class=\"\" title=\"\">Le diverse condizioni di salinit\u00e0 dell&#8217;acqua offrono una maggiore flottazione alla piscina, quindi pu\u00f2 anche essere necessario aggiungere una zavorra aggiuntiva.<\/span> <span class=\"\" title=\"\">I grilli hanno un peso di 700 grammi ciascuno.<\/span><\/span><\/div>\n<\/div>\n<div class=\"tlid-result-transliteration-container result-transliteration-container transliteration-container\">\n<div class=\"tlid-transliteration-content transliteration-content full\"><\/div>\n<\/div>\n<div class=\"result-footer source-or-target-footer tlid-copy-target\"><\/div>\n<\/div>\n<\/div>\n","protected":false},"featured_media":7110,"template":"","meta":[],"product_brand":[],"product_cat":[89],"product_tag":[],"class_list":{"0":"post-7117","1":"product","2":"type-product","3":"status-publish","4":"has-post-thumbnail","6":"product_cat-accessori-per-piscine-protettive-per-meduse","8":"first","9":"instock","10":"taxable","11":"shipping-taxable","12":"purchasable","13":"product-type-simple"},"yoast_head":"<!-- This site is optimized with the Yoast SEO plugin v26.6 - https:\/\/yoast.com\/wordpress\/plugins\/seo\/ -->\n<title>SET DI ZAVORRA AGGIUNTIVO - antijellyfishpool.com<\/title>\n<meta name=\"robots\" content=\"index, follow, max-snippet:-1, max-image-preview:large, max-video-preview:-1\" \/>\n<link rel=\"canonical\" href=\"https:\/\/antijellyfishpool.com\/prodotto\/set-additional-ballast\/\" \/>\n<meta property=\"og:locale\" content=\"it_IT\" \/>\n<meta property=\"og:type\" content=\"article\" \/>\n<meta property=\"og:title\" content=\"SET DI ZAVORRA AGGIUNTIVO - antijellyfishpool.com\" \/>\n<meta property=\"og:description\" content=\"Quando c&#039;\u00e8 una piccola corrente superficiale nell&#039;acqua, pu\u00f2 essere saggio mettere la zavorra negli angoli sommersi della piscina. Le diverse condizioni di salinit\u00e0 dell&#039;acqua offrono una maggiore flottazione alla piscina, quindi pu\u00f2 anche essere necessario aggiungere una zavorra aggiuntiva. I grilli hanno un peso di 700 grammi ciascuno.\" \/>\n<meta property=\"og:url\" content=\"https:\/\/antijellyfishpool.com\/prodotto\/set-additional-ballast\/\" \/>\n<meta property=\"og:site_name\" content=\"antijellyfishpool.com\" \/>\n<meta property=\"article:modified_time\" content=\"2020-05-12T10:59:29+00:00\" \/>\n<meta property=\"og:image\" content=\"https:\/\/antijellyfishpool.com\/wp-content\/uploads\/2020\/05\/4-Grilletes-de-lastre-adicional.jpg\" \/>\n\t<meta property=\"og:image:width\" content=\"800\" \/>\n\t<meta property=\"og:image:height\" content=\"600\" \/>\n\t<meta property=\"og:image:type\" content=\"image\/jpeg\" \/>\n<meta name=\"twitter:card\" content=\"summary_large_image\" \/>\n<script type=\"application\/ld+json\" class=\"yoast-schema-graph\">{\"@context\":\"https:\/\/schema.org\",\"@graph\":[{\"@type\":\"WebPage\",\"@id\":\"https:\/\/antijellyfishpool.com\/prodotto\/set-additional-ballast\/\",\"url\":\"https:\/\/antijellyfishpool.com\/prodotto\/set-additional-ballast\/\",\"name\":\"SET DI ZAVORRA AGGIUNTIVO - antijellyfishpool.com\",\"isPartOf\":{\"@id\":\"https:\/\/antijellyfishpool.com\/#website\"},\"primaryImageOfPage\":{\"@id\":\"https:\/\/antijellyfishpool.com\/prodotto\/set-additional-ballast\/#primaryimage\"},\"image\":{\"@id\":\"https:\/\/antijellyfishpool.com\/prodotto\/set-additional-ballast\/#primaryimage\"},\"thumbnailUrl\":\"https:\/\/antijellyfishpool.com\/wp-content\/uploads\/2020\/05\/4-Grilletes-de-lastre-adicional.jpg\",\"datePublished\":\"2020-05-12T10:39:54+00:00\",\"dateModified\":\"2020-05-12T10:59:29+00:00\",\"breadcrumb\":{\"@id\":\"https:\/\/antijellyfishpool.com\/prodotto\/set-additional-ballast\/#breadcrumb\"},\"inLanguage\":\"it-IT\",\"potentialAction\":[{\"@type\":\"ReadAction\",\"target\":[\"https:\/\/antijellyfishpool.com\/prodotto\/set-additional-ballast\/\"]}]},{\"@type\":\"ImageObject\",\"inLanguage\":\"it-IT\",\"@id\":\"https:\/\/antijellyfishpool.com\/prodotto\/set-additional-ballast\/#primaryimage\",\"url\":\"https:\/\/antijellyfishpool.com\/wp-content\/uploads\/2020\/05\/4-Grilletes-de-lastre-adicional.jpg\",\"contentUrl\":\"https:\/\/antijellyfishpool.com\/wp-content\/uploads\/2020\/05\/4-Grilletes-de-lastre-adicional.jpg\",\"width\":800,\"height\":600,\"caption\":\"4 Grilletes de lastre adicional\"},{\"@type\":\"BreadcrumbList\",\"@id\":\"https:\/\/antijellyfishpool.com\/prodotto\/set-additional-ballast\/#breadcrumb\",\"itemListElement\":[{\"@type\":\"ListItem\",\"position\":1,\"name\":\"Home\",\"item\":\"https:\/\/antijellyfishpool.com\/it\/\"},{\"@type\":\"ListItem\",\"position\":2,\"name\":\"Shop\",\"item\":\"https:\/\/antijellyfishpool.com\/it\/shop\/\"},{\"@type\":\"ListItem\",\"position\":3,\"name\":\"SET DI ZAVORRA AGGIUNTIVO\"}]},{\"@type\":\"WebSite\",\"@id\":\"https:\/\/antijellyfishpool.com\/#website\",\"url\":\"https:\/\/antijellyfishpool.com\/\",\"name\":\"antijellyfishpool.com\",\"description\":\"The best jellyfish protection pool system for boats\",\"potentialAction\":[{\"@type\":\"SearchAction\",\"target\":{\"@type\":\"EntryPoint\",\"urlTemplate\":\"https:\/\/antijellyfishpool.com\/?s={search_term_string}\"},\"query-input\":{\"@type\":\"PropertyValueSpecification\",\"valueRequired\":true,\"valueName\":\"search_term_string\"}}],\"inLanguage\":\"it-IT\"}]}<\/script>\n<!-- \/ Yoast SEO plugin. -->","yoast_head_json":{"title":"SET DI ZAVORRA AGGIUNTIVO - antijellyfishpool.com","robots":{"index":"index","follow":"follow","max-snippet":"max-snippet:-1","max-image-preview":"max-image-preview:large","max-video-preview":"max-video-preview:-1"},"canonical":"https:\/\/antijellyfishpool.com\/prodotto\/set-additional-ballast\/","og_locale":"it_IT","og_type":"article","og_title":"SET DI ZAVORRA AGGIUNTIVO - antijellyfishpool.com","og_description":"Quando c'\u00e8 una piccola corrente superficiale nell'acqua, pu\u00f2 essere saggio mettere la zavorra negli angoli sommersi della piscina. Le diverse condizioni di salinit\u00e0 dell'acqua offrono una maggiore flottazione alla piscina, quindi pu\u00f2 anche essere necessario aggiungere una zavorra aggiuntiva. I grilli hanno un peso di 700 grammi ciascuno.","og_url":"https:\/\/antijellyfishpool.com\/prodotto\/set-additional-ballast\/","og_site_name":"antijellyfishpool.com","article_modified_time":"2020-05-12T10:59:29+00:00","og_image":[{"width":800,"height":600,"url":"https:\/\/antijellyfishpool.com\/wp-content\/uploads\/2020\/05\/4-Grilletes-de-lastre-adicional.jpg","type":"image\/jpeg"}],"twitter_card":"summary_large_image","schema":{"@context":"https:\/\/schema.org","@graph":[{"@type":"WebPage","@id":"https:\/\/antijellyfishpool.com\/prodotto\/set-additional-ballast\/","url":"https:\/\/antijellyfishpool.com\/prodotto\/set-additional-ballast\/","name":"SET DI ZAVORRA AGGIUNTIVO - antijellyfishpool.com","isPartOf":{"@id":"https:\/\/antijellyfishpool.com\/#website"},"primaryImageOfPage":{"@id":"https:\/\/antijellyfishpool.com\/prodotto\/set-additional-ballast\/#primaryimage"},"image":{"@id":"https:\/\/antijellyfishpool.com\/prodotto\/set-additional-ballast\/#primaryimage"},"thumbnailUrl":"https:\/\/antijellyfishpool.com\/wp-content\/uploads\/2020\/05\/4-Grilletes-de-lastre-adicional.jpg","datePublished":"2020-05-12T10:39:54+00:00","dateModified":"2020-05-12T10:59:29+00:00","breadcrumb":{"@id":"https:\/\/antijellyfishpool.com\/prodotto\/set-additional-ballast\/#breadcrumb"},"inLanguage":"it-IT","potentialAction":[{"@type":"ReadAction","target":["https:\/\/antijellyfishpool.com\/prodotto\/set-additional-ballast\/"]}]},{"@type":"ImageObject","inLanguage":"it-IT","@id":"https:\/\/antijellyfishpool.com\/prodotto\/set-additional-ballast\/#primaryimage","url":"https:\/\/antijellyfishpool.com\/wp-content\/uploads\/2020\/05\/4-Grilletes-de-lastre-adicional.jpg","contentUrl":"https:\/\/antijellyfishpool.com\/wp-content\/uploads\/2020\/05\/4-Grilletes-de-lastre-adicional.jpg","width":800,"height":600,"caption":"4 Grilletes de lastre adicional"},{"@type":"BreadcrumbList","@id":"https:\/\/antijellyfishpool.com\/prodotto\/set-additional-ballast\/#breadcrumb","itemListElement":[{"@type":"ListItem","position":1,"name":"Home","item":"https:\/\/antijellyfishpool.com\/it\/"},{"@type":"ListItem","position":2,"name":"Shop","item":"https:\/\/antijellyfishpool.com\/it\/shop\/"},{"@type":"ListItem","position":3,"name":"SET DI ZAVORRA AGGIUNTIVO"}]},{"@type":"WebSite","@id":"https:\/\/antijellyfishpool.com\/#website","url":"https:\/\/antijellyfishpool.com\/","name":"antijellyfishpool.com","description":"The best jellyfish protection pool system for boats","potentialAction":[{"@type":"SearchAction","target":{"@type":"EntryPoint","urlTemplate":"https:\/\/antijellyfishpool.com\/?s={search_term_string}"},"query-input":{"@type":"PropertyValueSpecification","valueRequired":true,"valueName":"search_term_string"}}],"inLanguage":"it-IT"}]}},"_links":{"self":[{"href":"https:\/\/antijellyfishpool.com\/it\/wp-json\/wp\/v2\/product\/7117","targetHints":{"allow":["GET"]}}],"collection":[{"href":"https:\/\/antijellyfishpool.com\/it\/wp-json\/wp\/v2\/product"}],"about":[{"href":"https:\/\/antijellyfishpool.com\/it\/wp-json\/wp\/v2\/types\/product"}],"wp:featuredmedia":[{"embeddable":true,"href":"https:\/\/antijellyfishpool.com\/it\/wp-json\/wp\/v2\/media\/7110"}],"wp:attachment":[{"href":"https:\/\/antijellyfishpool.com\/it\/wp-json\/wp\/v2\/media?parent=7117"}],"wp:term":[{"taxonomy":"product_brand","embeddable":true,"href":"https:\/\/antijellyfishpool.com\/it\/wp-json\/wp\/v2\/product_brand?post=7117"},{"taxonomy":"product_cat","embeddable":true,"href":"https:\/\/antijellyfishpool.com\/it\/wp-json\/wp\/v2\/product_cat?post=7117"},{"taxonomy":"product_tag","embeddable":true,"href":"https:\/\/antijellyfishpool.com\/it\/wp-json\/wp\/v2\/product_tag?post=7117"}],"curies":[{"name":"wp","href":"https:\/\/api.w.org\/{rel}","templated":true}]}}