{"id":6689,"date":"2019-01-17T11:29:45","date_gmt":"2019-01-17T11:29:45","guid":{"rendered":"https:\/\/antijellyfishpool.com\/delivery-policies\/"},"modified":"2024-06-25T16:59:37","modified_gmt":"2024-06-25T16:59:37","slug":"politiche-di-consegna","status":"publish","type":"page","link":"https:\/\/antijellyfishpool.com\/it\/politiche-di-consegna\/","title":{"rendered":"POLITICHE DI CONSEGNA"},"content":{"rendered":"<pre id=\"tw-target-text\" class=\"tw-data-text tw-text-large tw-ta\" dir=\"ltr\" data-placeholder=\"Traducci\u00f3n\" aria-label=\"Texto traducido\" data-ved=\"2ahUKEwiZx_GVyfaGAxUjdqQEHbCZCFcQ3ewLegQIBhAU\"><span class=\"Y2IQFc\" lang=\"it\"><strong>Tutte le spedizioni avvengono tramite SEUR o FEDEX\r\n<\/strong>\r\n<strong>Prezzi di spedizione:\r\n<\/strong>\r\nSPAIN 55\u20ac per confezione\r\nEUROPA: 157,02\u20ac per pacco\/unit\u00e0\r\nRESTO DEL MONDO: 290\u20ac per pacco\/unit\u00e0<\/span><\/pre>\n<p>I tempi di consegna indicata possono variare. Anche se ci impegneremo a rispettare queste scadenze, il suo ritardo non implica la cancellazione dell\u2019ordine, n\u00e9 render\u00e0 OCEANDREAMS Mediterraneo SL responsabile per il risarcimento al cliente<\/p>\n<p>Il nostro impegno per la vendita e la consegna della merce offerta sono soggetto all\u2019esaurimento delle scorte del prodotto pubblicizzato. Pertanto, in un impegno per la qualit\u00e0 e il servizio clienti, faremo il possibile\u00a0 in ogni momento a fin che i prodotti pubblicizzati siano disponibili. Tuttavia, possono verificarsi circostanze eccezionali che causano l\u2019esaurimento del prodotto Pertanto, l\u2019ordine e il contratto firmati tra le parti saranno annullati in virt\u00f9 di questa clausola, ripristinando completamente al cliente in caso di pagamento anticipato gli importi pagati dello stesso, senza procedere a favore dello stesso risarcimento per qualsiasi motivo di violazione del contratto, danno emergente o perdita di guadagno.<\/p>\n<p>L\u2019opzione di spedizione sar\u00e0 data dal cliente e il costo della stessa dipender\u00e0 dalla designazione dell\u2019azienda e dalla qualit\u00e0 del servizio scelto dal cliente. Questo servizio sar\u00e0 fatturato direttamente dalla societ\u00e0 che fornisce il servizio e OCEANDREAMS Mediterraneo SL non sar\u00e0 responsabile in questo processo. \u00a0Tuttavia, va notato che abbiamo cercato di collegare per questo servizio le compagnie di trasporto pi\u00f9 efficienti e riconosciute nel paese.<\/p>\n<p>OCEANDREAMS Mediterraneo SL avr\u00e0 la responsabilit\u00e0 della merce solo fino a quando non sar\u00e0 stata posta nelle mani dell\u2019agenzia de trasporto scelta dal cliente o in mancanza di ci\u00f2 per noi stessi. Da questo momento, il rischio \u00e8 assunto dall\u2019acquirente, che ha scelto l\u2019agenzia di trasporto e ha deciso il costo dell\u2019assicurazione. Pertanto, non siamo responsabili per i ritardi nella consegna da parte del trasportatore.<\/p>\n<p>Nessun ordine sar\u00e0 inviato fino a quando non sar\u00e0 verificato che il pagamento \u00e8 stato fatto.<\/p>\n<p>Sabato, domenica e festivi non ci sar\u00e0 servizio di consegna e sono considerati giorni non lavorativi.<\/p>\n<p>L\u2019ordine sar\u00e0 consegnato all\u2019indirizzo indicato al momento dell\u2019acquisto da parte del cliente. La successiva modifica del luogo di consegna richiesto dal cliente pu\u00f2 generare spese aggiuntive sul prezzo di vendita.<\/p>\n<p>Il cliente \u00e8 responsabile della verifica del contenuto e dello stato della merce al momento della consegna, una volta che \u00e8 stata accettata ed \u00e8 dichiarata la firma sulla copia della guida della societ\u00e0 di trasporto, accetta le richieste ricevute e rinuncia in seguito l\u2019idoneit\u00e0 e l\u2019identit\u00e0 della procedura richiesta e ricevuta.\u00a0 Nel caso di verifica dal cliente al momento della consegna della merce ricevuta, gli errori di consegna della merce o che sia visivamente danneggiata, \u00e8 necessario registrare tali circostanze nella guida del trasportatore e informare tali fatti a OCEANDREAMS Mediterraneo SL entro 24 ore, tramite reclamo scritto via e-mail a\u00a0<a href=\"mailto:comercial@antijellyfishpool.com\">comercial<\/a><a href=\"mailto:contact@antijellyfishpool.com\">@antijellyfishpool.com\u00a0<\/a><\/p>\n<p>&nbsp;<\/p>\n<p><strong>OPZIONI DI SPEDIZIONE<\/strong><\/p>\n<p>Gli ordini di prodotti in inventario sono emessi lo stesso giorno per i pagamenti effettuati prima delle 14.30 . In caso contrario, sono emessi il giorno lavorativo successivo. Gli ordini per prodotti fuori inventario sono spediti entro un massimo di 15 giorni lavorativi previo accordo con l\u2019acquirente.<\/p>\n<p>Collaboriamo con le seguenti compagnie di spedizione : SEUR &amp; FEDEX<\/p>\n<p>I costi e i tempi di spedizione dipendono dalla societ\u00e0 scelta.<\/p>\n<p>Le spese di spedizione sono a carico dell\u2019acquirente.<\/p>\n","protected":false},"excerpt":{"rendered":"<p>Tutte le spedizioni avvengono tramite SEUR o FEDEX Prezzi di spedizione: SPAIN 55\u20ac per confezione EUROPA: 157,02\u20ac per pacco\/unit\u00e0 RESTO DEL MONDO: 290\u20ac per pacco\/unit\u00e0&#8230;<\/p>\n","protected":false},"author":1,"featured_media":0,"parent":0,"menu_order":0,"comment_status":"closed","ping_status":"closed","template":"","meta":{"footnotes":""},"class_list":["post-6689","page","type-page","status-publish"],"yoast_head":"<!-- This site is optimized with the Yoast SEO plugin v26.6 - https:\/\/yoast.com\/wordpress\/plugins\/seo\/ -->\n<title>POLITICHE DI CONSEGNA - antijellyfishpool.com<\/title>\n<meta name=\"robots\" content=\"index, follow, max-snippet:-1, max-image-preview:large, max-video-preview:-1\" \/>\n<link rel=\"canonical\" href=\"https:\/\/antijellyfishpool.com\/it\/politiche-di-consegna\/\" \/>\n<meta property=\"og:locale\" content=\"it_IT\" \/>\n<meta property=\"og:type\" content=\"article\" \/>\n<meta property=\"og:title\" content=\"POLITICHE DI CONSEGNA - antijellyfishpool.com\" \/>\n<meta property=\"og:description\" content=\"Tutte le spedizioni avvengono tramite SEUR o FEDEX Prezzi di spedizione: SPAIN 55\u20ac per confezione EUROPA: 157,02\u20ac per pacco\/unit\u00e0 RESTO DEL MONDO: 290\u20ac per pacco\/unit\u00e0...\" \/>\n<meta property=\"og:url\" content=\"https:\/\/antijellyfishpool.com\/it\/politiche-di-consegna\/\" \/>\n<meta property=\"og:site_name\" content=\"antijellyfishpool.com\" \/>\n<meta property=\"article:modified_time\" content=\"2024-06-25T16:59:37+00:00\" \/>\n<meta name=\"twitter:card\" content=\"summary_large_image\" \/>\n<meta name=\"twitter:label1\" content=\"Tempo di lettura stimato\" \/>\n\t<meta name=\"twitter:data1\" content=\"3 minuti\" \/>\n<script type=\"application\/ld+json\" class=\"yoast-schema-graph\">{\"@context\":\"https:\/\/schema.org\",\"@graph\":[{\"@type\":\"WebPage\",\"@id\":\"https:\/\/antijellyfishpool.com\/it\/politiche-di-consegna\/\",\"url\":\"https:\/\/antijellyfishpool.com\/it\/politiche-di-consegna\/\",\"name\":\"POLITICHE DI CONSEGNA - antijellyfishpool.com\",\"isPartOf\":{\"@id\":\"https:\/\/antijellyfishpool.com\/#website\"},\"datePublished\":\"2019-01-17T11:29:45+00:00\",\"dateModified\":\"2024-06-25T16:59:37+00:00\",\"breadcrumb\":{\"@id\":\"https:\/\/antijellyfishpool.com\/it\/politiche-di-consegna\/#breadcrumb\"},\"inLanguage\":\"it-IT\",\"potentialAction\":[{\"@type\":\"ReadAction\",\"target\":[\"https:\/\/antijellyfishpool.com\/it\/politiche-di-consegna\/\"]}]},{\"@type\":\"BreadcrumbList\",\"@id\":\"https:\/\/antijellyfishpool.com\/it\/politiche-di-consegna\/#breadcrumb\",\"itemListElement\":[{\"@type\":\"ListItem\",\"position\":1,\"name\":\"Home\",\"item\":\"https:\/\/antijellyfishpool.com\/it\/\"},{\"@type\":\"ListItem\",\"position\":2,\"name\":\"POLITICHE DI CONSEGNA\"}]},{\"@type\":\"WebSite\",\"@id\":\"https:\/\/antijellyfishpool.com\/#website\",\"url\":\"https:\/\/antijellyfishpool.com\/\",\"name\":\"antijellyfishpool.com\",\"description\":\"The best jellyfish protection pool system for boats\",\"potentialAction\":[{\"@type\":\"SearchAction\",\"target\":{\"@type\":\"EntryPoint\",\"urlTemplate\":\"https:\/\/antijellyfishpool.com\/?s={search_term_string}\"},\"query-input\":{\"@type\":\"PropertyValueSpecification\",\"valueRequired\":true,\"valueName\":\"search_term_string\"}}],\"inLanguage\":\"it-IT\"}]}<\/script>\n<!-- \/ Yoast SEO plugin. -->","yoast_head_json":{"title":"POLITICHE DI CONSEGNA - antijellyfishpool.com","robots":{"index":"index","follow":"follow","max-snippet":"max-snippet:-1","max-image-preview":"max-image-preview:large","max-video-preview":"max-video-preview:-1"},"canonical":"https:\/\/antijellyfishpool.com\/it\/politiche-di-consegna\/","og_locale":"it_IT","og_type":"article","og_title":"POLITICHE DI CONSEGNA - antijellyfishpool.com","og_description":"Tutte le spedizioni avvengono tramite SEUR o FEDEX Prezzi di spedizione: SPAIN 55\u20ac per confezione EUROPA: 157,02\u20ac per pacco\/unit\u00e0 RESTO DEL MONDO: 290\u20ac per pacco\/unit\u00e0...","og_url":"https:\/\/antijellyfishpool.com\/it\/politiche-di-consegna\/","og_site_name":"antijellyfishpool.com","article_modified_time":"2024-06-25T16:59:37+00:00","twitter_card":"summary_large_image","twitter_misc":{"Tempo di lettura stimato":"3 minuti"},"schema":{"@context":"https:\/\/schema.org","@graph":[{"@type":"WebPage","@id":"https:\/\/antijellyfishpool.com\/it\/politiche-di-consegna\/","url":"https:\/\/antijellyfishpool.com\/it\/politiche-di-consegna\/","name":"POLITICHE DI CONSEGNA - antijellyfishpool.com","isPartOf":{"@id":"https:\/\/antijellyfishpool.com\/#website"},"datePublished":"2019-01-17T11:29:45+00:00","dateModified":"2024-06-25T16:59:37+00:00","breadcrumb":{"@id":"https:\/\/antijellyfishpool.com\/it\/politiche-di-consegna\/#breadcrumb"},"inLanguage":"it-IT","potentialAction":[{"@type":"ReadAction","target":["https:\/\/antijellyfishpool.com\/it\/politiche-di-consegna\/"]}]},{"@type":"BreadcrumbList","@id":"https:\/\/antijellyfishpool.com\/it\/politiche-di-consegna\/#breadcrumb","itemListElement":[{"@type":"ListItem","position":1,"name":"Home","item":"https:\/\/antijellyfishpool.com\/it\/"},{"@type":"ListItem","position":2,"name":"POLITICHE DI CONSEGNA"}]},{"@type":"WebSite","@id":"https:\/\/antijellyfishpool.com\/#website","url":"https:\/\/antijellyfishpool.com\/","name":"antijellyfishpool.com","description":"The best jellyfish protection pool system for boats","potentialAction":[{"@type":"SearchAction","target":{"@type":"EntryPoint","urlTemplate":"https:\/\/antijellyfishpool.com\/?s={search_term_string}"},"query-input":{"@type":"PropertyValueSpecification","valueRequired":true,"valueName":"search_term_string"}}],"inLanguage":"it-IT"}]}},"_links":{"self":[{"href":"https:\/\/antijellyfishpool.com\/it\/wp-json\/wp\/v2\/pages\/6689","targetHints":{"allow":["GET"]}}],"collection":[{"href":"https:\/\/antijellyfishpool.com\/it\/wp-json\/wp\/v2\/pages"}],"about":[{"href":"https:\/\/antijellyfishpool.com\/it\/wp-json\/wp\/v2\/types\/page"}],"author":[{"embeddable":true,"href":"https:\/\/antijellyfishpool.com\/it\/wp-json\/wp\/v2\/users\/1"}],"replies":[{"embeddable":true,"href":"https:\/\/antijellyfishpool.com\/it\/wp-json\/wp\/v2\/comments?post=6689"}],"version-history":[{"count":6,"href":"https:\/\/antijellyfishpool.com\/it\/wp-json\/wp\/v2\/pages\/6689\/revisions"}],"predecessor-version":[{"id":8283,"href":"https:\/\/antijellyfishpool.com\/it\/wp-json\/wp\/v2\/pages\/6689\/revisions\/8283"}],"wp:attachment":[{"href":"https:\/\/antijellyfishpool.com\/it\/wp-json\/wp\/v2\/media?parent=6689"}],"curies":[{"name":"wp","href":"https:\/\/api.w.org\/{rel}","templated":true}]}}