{"id":6676,"date":"2019-01-11T12:40:50","date_gmt":"2019-01-11T12:40:50","guid":{"rendered":"https:\/\/antijellyfishpool.com\/return-policy\/"},"modified":"2019-11-06T09:08:44","modified_gmt":"2019-11-06T09:08:44","slug":"spedizione-di-reso","status":"publish","type":"page","link":"https:\/\/antijellyfishpool.com\/it\/spedizione-di-reso\/","title":{"rendered":"SPEDIZIONE DI RESO"},"content":{"rendered":"<p><strong>SPEDIZIONE DI RESO<\/strong><\/p>\n<p>OCEANDREAMS Mediterraneo SL Si pagher\u00e0 per la spedizione di ritorno solo se la conduttura \u00e8 difettosa sotto la responsabilit\u00e0 \u00a0del produttore (non per colpa dal cliente). L\u2019articolo deve rientrare nella politica di restituzione di OCEANDREAMS Mediterraneo SL. Un numero di ordine di ritiro pu\u00f2 essere ottenuto tramite e mail dopo aver creato il RMA.<\/p>\n<p><strong>.<\/strong>\u00a0\u00a0\u00a0\u00a0\u00a0\u00a0\u00a0\u00a0\u00a0 Le spese di spedizione del reso possono essere detratte dal rimborso secondo il motivo della devoluzione.<\/p>\n<p><strong>.<\/strong>\u00a0\u00a0\u00a0\u00a0\u00a0\u00a0\u00a0\u00a0\u00a0 Per l\u2019acquisto di articoli di grandi dimensioni (per esempio, seascooter, piscine), conservare la confezione originale per almeno 15 giorni, entro il periodo della politica di rimborso, in caso di richiesta di restituzione o sostituzione dell\u2019unita.<\/p>\n<p><strong>.<\/strong>\u00a0\u00a0\u00a0\u00a0\u00a0\u00a0\u00a0\u00a0\u00a0 Le spese di spedizione per la restituzione possono variare in base alle dimensioni e al peso del prodotto, secondo i dettagli di seguito.<strong>\u00a0<\/strong><\/p>\n<p><strong>\u00a0<\/strong><\/p>\n<p><strong>\u00a0<\/strong><\/p>\n<p><strong>\u00a0<\/strong><\/p>\n<p><strong>Spese di spedizione per la restituzione<\/strong><\/p>\n<p>Piscine antimeduse e seascooter\u00a0\u00a0\u00a0\u00a0\u00a0\u00a0\u00a0\u00a0\u00a0\u00a0\u00a0\u00a0\u00a0\u00a0\u00a0\u00a0\u00a0\u00a0\u00a0\u00a0\u00a0\u00a0\u00a0\u00a0\u00a0\u00a0\u00a0\u00a0\u00a0\u00a0\u00a0\u00a0\u00a0\u00a0\u00a0\u00a0\u00a0\u00a0\u00a0\u00a0\u00a0\u00a0\u00a0\u00a0\u00a0 50 \u20ac<\/p>\n<p>Piscine antimeduse e seascooter\u00a0\u00a0\u00a0\u00a0\u00a0\u00a0\u00a0\u00a0\u00a0\u00a0\u00a0\u00a0\u00a0\u00a0\u00a0\u00a0\u00a0\u00a0\u00a0\u00a0\u00a0\u00a0\u00a0\u00a0\u00a0\u00a0\u00a0\u00a0\u00a0\u00a0\u00a0\u00a0\u00a0\u00a0\u00a0\u00a0\u00a0\u00a0\u00a0\u00a0\u00a0\u00a0\u00a0\u00a0\u00a0 78 \u20ac<\/p>\n<p>&nbsp;<\/p>\n<p>&nbsp;<\/p>\n<p><strong>INFORMAZIONI AGGIUNTIVE SUL RESO<\/strong><\/p>\n<p>ARTICOLI NON DISPONIBILI (BACK-ORDER)<\/p>\n<p>Se OCEANDREAMS Mediterraneo SL\u00a0 ha tolto dal catalogo un articolo che viene inviato per la sostituzione, o quel articolo \u00e8 semplicemente esaurito, OCEANDREAMS Mediterraneo SL\u00a0 emetter\u00e0 un rimborso.<\/p>\n","protected":false},"excerpt":{"rendered":"<p>SPEDIZIONE DI RESO OCEANDREAMS Mediterraneo SL Si pagher\u00e0 per la spedizione di ritorno solo se la conduttura \u00e8 difettosa sotto la responsabilit\u00e0 \u00a0del produttore (non&#8230;<\/p>\n","protected":false},"author":1,"featured_media":0,"parent":0,"menu_order":0,"comment_status":"closed","ping_status":"closed","template":"","meta":{"footnotes":""},"class_list":["post-6676","page","type-page","status-publish"],"yoast_head":"<!-- This site is optimized with the Yoast SEO plugin v26.6 - https:\/\/yoast.com\/wordpress\/plugins\/seo\/ -->\n<title>SPEDIZIONE DI RESO - antijellyfishpool.com<\/title>\n<meta name=\"robots\" content=\"index, follow, max-snippet:-1, max-image-preview:large, max-video-preview:-1\" \/>\n<link rel=\"canonical\" href=\"https:\/\/antijellyfishpool.com\/return-policy\/\" \/>\n<meta property=\"og:locale\" content=\"it_IT\" \/>\n<meta property=\"og:type\" content=\"article\" \/>\n<meta property=\"og:title\" content=\"SPEDIZIONE DI RESO - antijellyfishpool.com\" \/>\n<meta property=\"og:description\" content=\"SPEDIZIONE DI RESO OCEANDREAMS Mediterraneo SL Si pagher\u00e0 per la spedizione di ritorno solo se la conduttura \u00e8 difettosa sotto la responsabilit\u00e0 \u00a0del produttore (non...\" \/>\n<meta property=\"og:url\" content=\"https:\/\/antijellyfishpool.com\/return-policy\/\" \/>\n<meta property=\"og:site_name\" content=\"antijellyfishpool.com\" \/>\n<meta property=\"article:modified_time\" content=\"2019-11-06T09:08:44+00:00\" \/>\n<meta name=\"twitter:card\" content=\"summary_large_image\" \/>\n<meta name=\"twitter:label1\" content=\"Tempo di lettura stimato\" \/>\n\t<meta name=\"twitter:data1\" content=\"1 minuto\" \/>\n<script type=\"application\/ld+json\" class=\"yoast-schema-graph\">{\"@context\":\"https:\/\/schema.org\",\"@graph\":[{\"@type\":\"WebPage\",\"@id\":\"https:\/\/antijellyfishpool.com\/return-policy\/\",\"url\":\"https:\/\/antijellyfishpool.com\/return-policy\/\",\"name\":\"SPEDIZIONE DI RESO - antijellyfishpool.com\",\"isPartOf\":{\"@id\":\"https:\/\/antijellyfishpool.com\/#website\"},\"datePublished\":\"2019-01-11T12:40:50+00:00\",\"dateModified\":\"2019-11-06T09:08:44+00:00\",\"breadcrumb\":{\"@id\":\"https:\/\/antijellyfishpool.com\/return-policy\/#breadcrumb\"},\"inLanguage\":\"it-IT\",\"potentialAction\":[{\"@type\":\"ReadAction\",\"target\":[\"https:\/\/antijellyfishpool.com\/return-policy\/\"]}]},{\"@type\":\"BreadcrumbList\",\"@id\":\"https:\/\/antijellyfishpool.com\/return-policy\/#breadcrumb\",\"itemListElement\":[{\"@type\":\"ListItem\",\"position\":1,\"name\":\"Home\",\"item\":\"https:\/\/antijellyfishpool.com\/it\/\"},{\"@type\":\"ListItem\",\"position\":2,\"name\":\"SPEDIZIONE DI RESO\"}]},{\"@type\":\"WebSite\",\"@id\":\"https:\/\/antijellyfishpool.com\/#website\",\"url\":\"https:\/\/antijellyfishpool.com\/\",\"name\":\"antijellyfishpool.com\",\"description\":\"The best jellyfish protection pool system for boats\",\"potentialAction\":[{\"@type\":\"SearchAction\",\"target\":{\"@type\":\"EntryPoint\",\"urlTemplate\":\"https:\/\/antijellyfishpool.com\/?s={search_term_string}\"},\"query-input\":{\"@type\":\"PropertyValueSpecification\",\"valueRequired\":true,\"valueName\":\"search_term_string\"}}],\"inLanguage\":\"it-IT\"}]}<\/script>\n<!-- \/ Yoast SEO plugin. -->","yoast_head_json":{"title":"SPEDIZIONE DI RESO - antijellyfishpool.com","robots":{"index":"index","follow":"follow","max-snippet":"max-snippet:-1","max-image-preview":"max-image-preview:large","max-video-preview":"max-video-preview:-1"},"canonical":"https:\/\/antijellyfishpool.com\/return-policy\/","og_locale":"it_IT","og_type":"article","og_title":"SPEDIZIONE DI RESO - antijellyfishpool.com","og_description":"SPEDIZIONE DI RESO OCEANDREAMS Mediterraneo SL Si pagher\u00e0 per la spedizione di ritorno solo se la conduttura \u00e8 difettosa sotto la responsabilit\u00e0 \u00a0del produttore (non...","og_url":"https:\/\/antijellyfishpool.com\/return-policy\/","og_site_name":"antijellyfishpool.com","article_modified_time":"2019-11-06T09:08:44+00:00","twitter_card":"summary_large_image","twitter_misc":{"Tempo di lettura stimato":"1 minuto"},"schema":{"@context":"https:\/\/schema.org","@graph":[{"@type":"WebPage","@id":"https:\/\/antijellyfishpool.com\/return-policy\/","url":"https:\/\/antijellyfishpool.com\/return-policy\/","name":"SPEDIZIONE DI RESO - antijellyfishpool.com","isPartOf":{"@id":"https:\/\/antijellyfishpool.com\/#website"},"datePublished":"2019-01-11T12:40:50+00:00","dateModified":"2019-11-06T09:08:44+00:00","breadcrumb":{"@id":"https:\/\/antijellyfishpool.com\/return-policy\/#breadcrumb"},"inLanguage":"it-IT","potentialAction":[{"@type":"ReadAction","target":["https:\/\/antijellyfishpool.com\/return-policy\/"]}]},{"@type":"BreadcrumbList","@id":"https:\/\/antijellyfishpool.com\/return-policy\/#breadcrumb","itemListElement":[{"@type":"ListItem","position":1,"name":"Home","item":"https:\/\/antijellyfishpool.com\/it\/"},{"@type":"ListItem","position":2,"name":"SPEDIZIONE DI RESO"}]},{"@type":"WebSite","@id":"https:\/\/antijellyfishpool.com\/#website","url":"https:\/\/antijellyfishpool.com\/","name":"antijellyfishpool.com","description":"The best jellyfish protection pool system for boats","potentialAction":[{"@type":"SearchAction","target":{"@type":"EntryPoint","urlTemplate":"https:\/\/antijellyfishpool.com\/?s={search_term_string}"},"query-input":{"@type":"PropertyValueSpecification","valueRequired":true,"valueName":"search_term_string"}}],"inLanguage":"it-IT"}]}},"_links":{"self":[{"href":"https:\/\/antijellyfishpool.com\/it\/wp-json\/wp\/v2\/pages\/6676","targetHints":{"allow":["GET"]}}],"collection":[{"href":"https:\/\/antijellyfishpool.com\/it\/wp-json\/wp\/v2\/pages"}],"about":[{"href":"https:\/\/antijellyfishpool.com\/it\/wp-json\/wp\/v2\/types\/page"}],"author":[{"embeddable":true,"href":"https:\/\/antijellyfishpool.com\/it\/wp-json\/wp\/v2\/users\/1"}],"replies":[{"embeddable":true,"href":"https:\/\/antijellyfishpool.com\/it\/wp-json\/wp\/v2\/comments?post=6676"}],"version-history":[{"count":0,"href":"https:\/\/antijellyfishpool.com\/it\/wp-json\/wp\/v2\/pages\/6676\/revisions"}],"wp:attachment":[{"href":"https:\/\/antijellyfishpool.com\/it\/wp-json\/wp\/v2\/media?parent=6676"}],"curies":[{"name":"wp","href":"https:\/\/api.w.org\/{rel}","templated":true}]}}