{"id":6674,"date":"2019-01-14T16:28:49","date_gmt":"2019-01-14T16:28:49","guid":{"rendered":"https:\/\/antijellyfishpool.com\/warranty\/"},"modified":"2019-11-06T09:11:16","modified_gmt":"2019-11-06T09:11:16","slug":"garanzia","status":"publish","type":"page","link":"https:\/\/antijellyfishpool.com\/it\/garanzia\/","title":{"rendered":"GARANZIA"},"content":{"rendered":"<p><strong>GARANZIA<\/strong><\/p>\n<p>La piscina OCEANDREAMS ha una garanzia limitata di 2 anni contro difetti nei materiali e nella lavorazione a partire dalla data di acquisto. Non \u00e8 garantita contro forature, strappi, usura materiale o guasti dovuti a soprapressione.\u00a0 Questa garanzia non copre i danni accidentali o conseguenze dovute all\u2019uso della piscina, OCEANDREAMS non sar\u00e0 responsabile per l\u2019uso improprio di questo prodotto.<\/p>\n<p>Tutte le piscine sono ispezionate e testate nella nostra fabbrica e una seconda volta prima di essere consegnate, quindi garantiamo un controllo rigoroso e completo di ciascuna di esse.<\/p>\n<p>Se un cliente ha un reclamo per un difetto, il prodotto pu\u00f2 essere restituito a OCEANDREAMS a spese del cliente per la valutazione. Se OCEANDREAMS accetta che il prodotto \u00e8 difettoso, verr\u00e0 fornita una piscina di sostituzione.<\/p>\n<p>&nbsp;<\/p>\n<p><strong>COME USARE<\/strong><\/p>\n<p>PISCINA FUORI ! \u2026<\/p>\n<p>Tiriamo fuori la piscina dalla sua borsa e la estendiamo sul solarium o sulla piattaforma da bagno di poppa.<\/p>\n<p>Di uno dei quattro angoli del gonfiabile individuiamo le valvole di gonfiaggio e cerchiamo la cinghia di ancoraggio e facciamo fermo temporale mentre la gonfiamo. Una volta gonfiata la legheremo definitivamente alla barca mentre la usiamo.<\/p>\n<p>&nbsp;<\/p>\n<p>Per gonfiare la piscina, le valvole dell\u2019aria sono poste in posizione chiusa e\u00a0 la pompa si avvia con la pompa a pedale. Durante il gonfiaggio, lasci cadere lentamente la piscina in acqua.<\/p>\n<p>Si consiglia di non installare la piscina a meno di 3 metri di profondit\u00e0, poich\u00e9 la piscina \u00e8 profonda 2,5 metri, e se il fondo \u00e8 roccioso, a causa dell\u2019effetto di onde o maree, la rete potrebbe rimanere intrappolata tra le rocce e la maglia potrebbe spezzarsi.<\/p>\n<p>Una volta che la piscina \u00e8 completamente gonfiata, rimuoviamo la pompa a pedale e posizioniamo i tappi di protezione della valvola. Mettiamo la scala da bagno in piscina e leghiamo una corda di ormeggio alla scala da bagno. Pronto, tutti in acqua !!<\/p>\n<p>&nbsp;<\/p>\n<p><strong>ANDIAMO, RACCOGLIAMO \u2026<\/strong><\/p>\n<p>Per raccogliere la piscina, prima rilasciamo la corda di ormeggio dalla scala da bagno. Togliamo la scala da bagno dalla piscina.<\/p>\n<p>Togliamo i tappi di protezione dalle valvole d\u2019aria e mettiamo le valvole in posizione<\/p>\n<p>aperta. La piscina inizia a sgonfiarsi.<\/p>\n<p>Poco a poco tiriamo fuori la piscina dall\u2019acqua e la mettiamo fuori dall\u2019acqua permettendo all\u2019acqua della rete di andare via.<\/p>\n<p>Sar\u00e0 sempre meglio lasciare la piscina, al sole per asciugarla e poi conservarla fino al prossimo utilizzo. Una volta all\u2019ormeggio, \u00e8 necessario rimuovere il sale con il\u00a0 tubo dell\u2019acqua dolce.<\/p>\n<p>&nbsp;<\/p>\n<p>&nbsp;<\/p>\n<p><strong>MANUTENZIONE DELLA PISCINA<\/strong><\/p>\n<p>Prima di riporre la tua piscina, sciacquare abbondantemente con acqua dolce e lasciarla asciugare completamente al sole.<\/p>\n<p>Per piegarla,\u00a0 posizionare la piscina su una superficie libera, aprire le valvole e iniziare a avvolgere la piscina per i lati lunghi lasciando libero il lato con le valvole per poter rilasciare l\u2019aria rimanente nel gonfiabile. Di tanto in tanto raccogliamo la rete per continuare arrotolare.<\/p>\n<p>Una volta Una volta finito di arrotolare, rimettiamo le valvole d\u2019aria in posizione chiusa per immagazzinare, e rimettiamo i tappi di protezione alle valvole.<\/p>\n<p>Pieghiamo la rete sulle valvole per proteggerle e mettiamo la piscina nella sua borsa. Pronta per mettere a posto !<\/p>\n<p>&nbsp;<\/p>\n<p>&nbsp;<\/p>\n<p><strong>GARANZIA, AVVERTENZE E INFORMAZIONI IMPORTANTI <\/strong><\/p>\n<p><strong>\u00a0<\/strong><\/p>\n<p><strong>AVVERTENZA :<\/strong><\/p>\n<p>La piscina OCEANDREAMS deve essere utilizzata in modo responsabile, in quanto potrebbero verificarsi lesioni se non prese le precauzioni necessarie. Il capitano della nave deve avvertire la tribolazione e gli ospiti, fra loro soprattutto i bambini, che in nessun caso deve immergersi o saltare in piscina.\u00a0 Usare sempre una scala da bagno, non saltare mai dalla barca alla piscina poich\u00e9 \u00e8 molto facile scivolare, colpire o cadere su un\u2019altra persona, anche colpire sul fondo marino. Le piscine non sono sicure per le immersioni e se il fondo a causa dell\u2019effetto delle maree \u00e8 troppo variabile in profondit\u00e0, si possono causare lesioni gravi.<\/p>\n<p>&nbsp;<\/p>\n<p><strong>AVVERTENZA :<\/strong><\/p>\n<p>In nessun caso i motori dell\u2019imbarcazione devono essere in funzione mentre la piscina \u00e8 in acqua. La rete potrebbe rimanere impigliata nell\u2019elica, distruggendosi e causando lesioni ai nuotatori.<\/p>\n<p><strong>\u00a0<\/strong><\/p>\n<p><strong>AVVERTENZA<\/strong> :<\/p>\n<p>Le piscine hanno bisogno soltanto\u00a0 3-4 psi per gonfiarsi bene. Si devono gonfiare con una pompa a pedale.<\/p>\n<p>E\u2019\u00a0 facile superare questa pressione se la gonfiamo con un compressore. L\u2019utilizzo di un compressore\u00a0 annuller\u00e0 la garanzia della piscina.<\/p>\n<p>Questo prodotto non deve essere usato da bambini eccetto sotto supervisione di un adulto.<\/p>\n<p>Questo prodotto non \u00e8 un dispositivo di galleggio personale (PFD).<\/p>\n<p>Le persone che hanno bisogno di utilizzare un dispositivo di galleggio Personale (PFD) per nuotare devono portare un PFD nella piscina:<\/p>\n<p>Raccogliere sempre la piscina prima di qualsiasi tempesta.<\/p>\n<p>Leggere queste istruzioni prima dell\u2019uso.<\/p>\n<p>&nbsp;<\/p>\n<p>&nbsp;<\/p>\n<p>&nbsp;<\/p>\n<p>&nbsp;<\/p>\n<p><strong>GARANZIA LIMITATA<\/strong><\/p>\n<p>La piscina ha una garanzia limitata di un anno contro i difetti di materiale e manodopera.<\/p>\n<p>Non \u00e8 garantita contro le forature, rotture, materiale fuso o danni dovuti a una soprapressione.\u00a0 Questa garanzia non copre l\u2019uso improprio di questo prodotto. Il venditore e il fabbricante non saranno responsabili dei danni accidentali o dovuti all\u2019uso improprio della piscina.<\/p>\n","protected":false},"excerpt":{"rendered":"<p>GARANZIA La piscina OCEANDREAMS ha una garanzia limitata di 2 anni contro difetti nei materiali e nella lavorazione a partire dalla data di acquisto. Non&#8230;<\/p>\n","protected":false},"author":1,"featured_media":0,"parent":0,"menu_order":0,"comment_status":"closed","ping_status":"closed","template":"","meta":{"footnotes":""},"class_list":["post-6674","page","type-page","status-publish"],"yoast_head":"<!-- This site is optimized with the Yoast SEO plugin v26.6 - https:\/\/yoast.com\/wordpress\/plugins\/seo\/ -->\n<title>GARANZIA - antijellyfishpool.com<\/title>\n<meta name=\"robots\" content=\"index, follow, max-snippet:-1, max-image-preview:large, max-video-preview:-1\" \/>\n<link rel=\"canonical\" href=\"https:\/\/antijellyfishpool.com\/warranty\/\" \/>\n<meta property=\"og:locale\" content=\"it_IT\" \/>\n<meta property=\"og:type\" content=\"article\" \/>\n<meta property=\"og:title\" content=\"GARANZIA - antijellyfishpool.com\" \/>\n<meta property=\"og:description\" content=\"GARANZIA La piscina OCEANDREAMS ha una garanzia limitata di 2 anni contro difetti nei materiali e nella lavorazione a partire dalla data di acquisto. Non...\" \/>\n<meta property=\"og:url\" content=\"https:\/\/antijellyfishpool.com\/warranty\/\" \/>\n<meta property=\"og:site_name\" content=\"antijellyfishpool.com\" \/>\n<meta property=\"article:modified_time\" content=\"2019-11-06T09:11:16+00:00\" \/>\n<meta name=\"twitter:card\" content=\"summary_large_image\" \/>\n<meta name=\"twitter:label1\" content=\"Tempo di lettura stimato\" \/>\n\t<meta name=\"twitter:data1\" content=\"4 minuti\" \/>\n<script type=\"application\/ld+json\" class=\"yoast-schema-graph\">{\"@context\":\"https:\/\/schema.org\",\"@graph\":[{\"@type\":\"WebPage\",\"@id\":\"https:\/\/antijellyfishpool.com\/warranty\/\",\"url\":\"https:\/\/antijellyfishpool.com\/warranty\/\",\"name\":\"GARANZIA - antijellyfishpool.com\",\"isPartOf\":{\"@id\":\"https:\/\/antijellyfishpool.com\/#website\"},\"datePublished\":\"2019-01-14T16:28:49+00:00\",\"dateModified\":\"2019-11-06T09:11:16+00:00\",\"breadcrumb\":{\"@id\":\"https:\/\/antijellyfishpool.com\/warranty\/#breadcrumb\"},\"inLanguage\":\"it-IT\",\"potentialAction\":[{\"@type\":\"ReadAction\",\"target\":[\"https:\/\/antijellyfishpool.com\/warranty\/\"]}]},{\"@type\":\"BreadcrumbList\",\"@id\":\"https:\/\/antijellyfishpool.com\/warranty\/#breadcrumb\",\"itemListElement\":[{\"@type\":\"ListItem\",\"position\":1,\"name\":\"Home\",\"item\":\"https:\/\/antijellyfishpool.com\/it\/\"},{\"@type\":\"ListItem\",\"position\":2,\"name\":\"GARANZIA\"}]},{\"@type\":\"WebSite\",\"@id\":\"https:\/\/antijellyfishpool.com\/#website\",\"url\":\"https:\/\/antijellyfishpool.com\/\",\"name\":\"antijellyfishpool.com\",\"description\":\"The best jellyfish protection pool system for boats\",\"potentialAction\":[{\"@type\":\"SearchAction\",\"target\":{\"@type\":\"EntryPoint\",\"urlTemplate\":\"https:\/\/antijellyfishpool.com\/?s={search_term_string}\"},\"query-input\":{\"@type\":\"PropertyValueSpecification\",\"valueRequired\":true,\"valueName\":\"search_term_string\"}}],\"inLanguage\":\"it-IT\"}]}<\/script>\n<!-- \/ Yoast SEO plugin. -->","yoast_head_json":{"title":"GARANZIA - antijellyfishpool.com","robots":{"index":"index","follow":"follow","max-snippet":"max-snippet:-1","max-image-preview":"max-image-preview:large","max-video-preview":"max-video-preview:-1"},"canonical":"https:\/\/antijellyfishpool.com\/warranty\/","og_locale":"it_IT","og_type":"article","og_title":"GARANZIA - antijellyfishpool.com","og_description":"GARANZIA La piscina OCEANDREAMS ha una garanzia limitata di 2 anni contro difetti nei materiali e nella lavorazione a partire dalla data di acquisto. Non...","og_url":"https:\/\/antijellyfishpool.com\/warranty\/","og_site_name":"antijellyfishpool.com","article_modified_time":"2019-11-06T09:11:16+00:00","twitter_card":"summary_large_image","twitter_misc":{"Tempo di lettura stimato":"4 minuti"},"schema":{"@context":"https:\/\/schema.org","@graph":[{"@type":"WebPage","@id":"https:\/\/antijellyfishpool.com\/warranty\/","url":"https:\/\/antijellyfishpool.com\/warranty\/","name":"GARANZIA - antijellyfishpool.com","isPartOf":{"@id":"https:\/\/antijellyfishpool.com\/#website"},"datePublished":"2019-01-14T16:28:49+00:00","dateModified":"2019-11-06T09:11:16+00:00","breadcrumb":{"@id":"https:\/\/antijellyfishpool.com\/warranty\/#breadcrumb"},"inLanguage":"it-IT","potentialAction":[{"@type":"ReadAction","target":["https:\/\/antijellyfishpool.com\/warranty\/"]}]},{"@type":"BreadcrumbList","@id":"https:\/\/antijellyfishpool.com\/warranty\/#breadcrumb","itemListElement":[{"@type":"ListItem","position":1,"name":"Home","item":"https:\/\/antijellyfishpool.com\/it\/"},{"@type":"ListItem","position":2,"name":"GARANZIA"}]},{"@type":"WebSite","@id":"https:\/\/antijellyfishpool.com\/#website","url":"https:\/\/antijellyfishpool.com\/","name":"antijellyfishpool.com","description":"The best jellyfish protection pool system for boats","potentialAction":[{"@type":"SearchAction","target":{"@type":"EntryPoint","urlTemplate":"https:\/\/antijellyfishpool.com\/?s={search_term_string}"},"query-input":{"@type":"PropertyValueSpecification","valueRequired":true,"valueName":"search_term_string"}}],"inLanguage":"it-IT"}]}},"_links":{"self":[{"href":"https:\/\/antijellyfishpool.com\/it\/wp-json\/wp\/v2\/pages\/6674","targetHints":{"allow":["GET"]}}],"collection":[{"href":"https:\/\/antijellyfishpool.com\/it\/wp-json\/wp\/v2\/pages"}],"about":[{"href":"https:\/\/antijellyfishpool.com\/it\/wp-json\/wp\/v2\/types\/page"}],"author":[{"embeddable":true,"href":"https:\/\/antijellyfishpool.com\/it\/wp-json\/wp\/v2\/users\/1"}],"replies":[{"embeddable":true,"href":"https:\/\/antijellyfishpool.com\/it\/wp-json\/wp\/v2\/comments?post=6674"}],"version-history":[{"count":0,"href":"https:\/\/antijellyfishpool.com\/it\/wp-json\/wp\/v2\/pages\/6674\/revisions"}],"wp:attachment":[{"href":"https:\/\/antijellyfishpool.com\/it\/wp-json\/wp\/v2\/media?parent=6674"}],"curies":[{"name":"wp","href":"https:\/\/api.w.org\/{rel}","templated":true}]}}