{"id":9107,"date":"2018-03-07T10:19:16","date_gmt":"2018-03-07T10:19:16","guid":{"rendered":"https:\/\/antijellyfishpool.com\/?post_type=product&#038;p=9107"},"modified":"2025-03-07T16:11:57","modified_gmt":"2025-03-07T16:11:57","slug":"plateforme-gonflable-pour-jet-ski","status":"publish","type":"product","link":"https:\/\/antijellyfishpool.com\/fr\/produit\/plateforme-gonflable-pour-jet-ski\/","title":{"rendered":"Plateforme Gonflable pour Jet Ski"},"content":{"rendered":"","protected":false},"excerpt":{"rendered":"<p>Notre dock gonflable de haute qualit\u00e9 en EVA teck pour Jet Ski offre un <strong>gonflage<\/strong> facile en seulement 2 minutes et un <strong>d\u00e9gonflage<\/strong> rapide en 3 minutes.<br \/>\nAvec des dimensions de <strong>4 x 3 m\u00e8tres<\/strong>, ce dock durable et \u00e9l\u00e9gant est con\u00e7u pour accueillir deux Jet Skis, ce qui le rend parfait pour les gonflables de Super Yachts. Espacement de <strong>140 cm<\/strong> entre chaque Jet Ski.<br \/>\nLorsqu&rsquo;il est enroul\u00e9, il mesure <strong>120 x 45 x 38 cm<\/strong>, ce qui le rend compact pour le rangement. Son poids est de <strong>21 kg<\/strong>.<br \/>\nAm\u00e9liorez votre exp\u00e9rience \u00e0 bord avec ce dock gonflable premium, facile \u00e0 utiliser, con\u00e7u pour le luxe et le confort sur l&rsquo;eau. Id\u00e9al pour les gonflables de Super Yachts et les passionn\u00e9s de Jet Ski !<\/p>\n","protected":false},"featured_media":9334,"template":"","meta":[],"product_brand":[],"product_cat":[176,169],"product_tag":[],"class_list":{"0":"post-9107","1":"product","2":"type-product","3":"status-publish","4":"has-post-thumbnail","6":"product_cat-quais-gonflables","7":"product_cat-superyacht-inflatables-fr","9":"first","10":"instock","11":"taxable","12":"shipping-taxable","13":"purchasable","14":"product-type-simple"},"yoast_head":"<!-- This site is optimized with the Yoast SEO plugin v26.6 - https:\/\/yoast.com\/wordpress\/plugins\/seo\/ -->\n<title>Plateforme Gonflable pour Jet Ski - antijellyfishpool.com<\/title>\n<meta name=\"description\" content=\"Plateforme Gonflable pour Jet Ski - antijellyfishpool.com - Cliquez ici maintenant pour voir tous nos gonflables pour superyachts.\" \/>\n<meta name=\"robots\" content=\"index, follow, max-snippet:-1, max-image-preview:large, max-video-preview:-1\" \/>\n<link rel=\"canonical\" href=\"https:\/\/antijellyfishpool.com\/fr\/produit\/plateforme-gonflable-pour-jet-ski\/\" \/>\n<meta property=\"og:locale\" content=\"fr_FR\" \/>\n<meta property=\"og:type\" content=\"article\" \/>\n<meta property=\"og:title\" content=\"Plateforme Gonflable pour Jet Ski - antijellyfishpool.com\" \/>\n<meta property=\"og:description\" content=\"Plateforme Gonflable pour Jet Ski - antijellyfishpool.com - Cliquez ici maintenant pour voir tous nos gonflables pour superyachts.\" \/>\n<meta property=\"og:url\" content=\"https:\/\/antijellyfishpool.com\/fr\/produit\/plateforme-gonflable-pour-jet-ski\/\" \/>\n<meta property=\"og:site_name\" content=\"antijellyfishpool.com\" \/>\n<meta property=\"article:modified_time\" content=\"2025-03-07T16:11:57+00:00\" \/>\n<meta property=\"og:image\" content=\"https:\/\/antijellyfishpool.com\/wp-content\/uploads\/2025\/03\/jet-ski-dock.webp\" \/>\n\t<meta property=\"og:image:width\" content=\"800\" \/>\n\t<meta property=\"og:image:height\" content=\"533\" \/>\n\t<meta property=\"og:image:type\" content=\"image\/webp\" \/>\n<meta name=\"twitter:card\" content=\"summary_large_image\" \/>\n<meta name=\"twitter:label1\" content=\"Dur\u00e9e de lecture estim\u00e9e\" \/>\n\t<meta name=\"twitter:data1\" content=\"1 minute\" \/>\n<script type=\"application\/ld+json\" class=\"yoast-schema-graph\">{\"@context\":\"https:\/\/schema.org\",\"@graph\":[{\"@type\":\"WebPage\",\"@id\":\"https:\/\/antijellyfishpool.com\/fr\/produit\/plateforme-gonflable-pour-jet-ski\/\",\"url\":\"https:\/\/antijellyfishpool.com\/fr\/produit\/plateforme-gonflable-pour-jet-ski\/\",\"name\":\"Plateforme Gonflable pour Jet Ski - antijellyfishpool.com\",\"isPartOf\":{\"@id\":\"https:\/\/antijellyfishpool.com\/#website\"},\"primaryImageOfPage\":{\"@id\":\"https:\/\/antijellyfishpool.com\/fr\/produit\/plateforme-gonflable-pour-jet-ski\/#primaryimage\"},\"image\":{\"@id\":\"https:\/\/antijellyfishpool.com\/fr\/produit\/plateforme-gonflable-pour-jet-ski\/#primaryimage\"},\"thumbnailUrl\":\"https:\/\/antijellyfishpool.com\/wp-content\/uploads\/2025\/03\/inflatable-jet-ski-dock.webp\",\"datePublished\":\"2018-03-07T10:19:16+00:00\",\"dateModified\":\"2025-03-07T16:11:57+00:00\",\"description\":\"Plateforme Gonflable pour Jet Ski - antijellyfishpool.com - Cliquez ici maintenant pour voir tous nos gonflables pour superyachts.\",\"breadcrumb\":{\"@id\":\"https:\/\/antijellyfishpool.com\/fr\/produit\/plateforme-gonflable-pour-jet-ski\/#breadcrumb\"},\"inLanguage\":\"fr-FR\",\"potentialAction\":[{\"@type\":\"ReadAction\",\"target\":[\"https:\/\/antijellyfishpool.com\/fr\/produit\/plateforme-gonflable-pour-jet-ski\/\"]}]},{\"@type\":\"ImageObject\",\"inLanguage\":\"fr-FR\",\"@id\":\"https:\/\/antijellyfishpool.com\/fr\/produit\/plateforme-gonflable-pour-jet-ski\/#primaryimage\",\"url\":\"https:\/\/antijellyfishpool.com\/wp-content\/uploads\/2025\/03\/inflatable-jet-ski-dock.webp\",\"contentUrl\":\"https:\/\/antijellyfishpool.com\/wp-content\/uploads\/2025\/03\/inflatable-jet-ski-dock.webp\",\"width\":800,\"height\":800},{\"@type\":\"BreadcrumbList\",\"@id\":\"https:\/\/antijellyfishpool.com\/fr\/produit\/plateforme-gonflable-pour-jet-ski\/#breadcrumb\",\"itemListElement\":[{\"@type\":\"ListItem\",\"position\":1,\"name\":\"Home\",\"item\":\"https:\/\/antijellyfishpool.com\/\"},{\"@type\":\"ListItem\",\"position\":2,\"name\":\"AntiJellyFishPool.com: Water Sport, Water Toys &#038; Boat Equipment\",\"item\":\"https:\/\/antijellyfishpool.com\/\"},{\"@type\":\"ListItem\",\"position\":3,\"name\":\"Plateforme Gonflable pour Jet Ski\"}]},{\"@type\":\"WebSite\",\"@id\":\"https:\/\/antijellyfishpool.com\/#website\",\"url\":\"https:\/\/antijellyfishpool.com\/\",\"name\":\"antijellyfishpool.com\",\"description\":\"The best jellyfish protection pool system for boats\",\"potentialAction\":[{\"@type\":\"SearchAction\",\"target\":{\"@type\":\"EntryPoint\",\"urlTemplate\":\"https:\/\/antijellyfishpool.com\/?s={search_term_string}\"},\"query-input\":{\"@type\":\"PropertyValueSpecification\",\"valueRequired\":true,\"valueName\":\"search_term_string\"}}],\"inLanguage\":\"fr-FR\"}]}<\/script>\n<!-- \/ Yoast SEO plugin. -->","yoast_head_json":{"title":"Plateforme Gonflable pour Jet Ski - antijellyfishpool.com","description":"Plateforme Gonflable pour Jet Ski - antijellyfishpool.com - Cliquez ici maintenant pour voir tous nos gonflables pour superyachts.","robots":{"index":"index","follow":"follow","max-snippet":"max-snippet:-1","max-image-preview":"max-image-preview:large","max-video-preview":"max-video-preview:-1"},"canonical":"https:\/\/antijellyfishpool.com\/fr\/produit\/plateforme-gonflable-pour-jet-ski\/","og_locale":"fr_FR","og_type":"article","og_title":"Plateforme Gonflable pour Jet Ski - antijellyfishpool.com","og_description":"Plateforme Gonflable pour Jet Ski - antijellyfishpool.com - Cliquez ici maintenant pour voir tous nos gonflables pour superyachts.","og_url":"https:\/\/antijellyfishpool.com\/fr\/produit\/plateforme-gonflable-pour-jet-ski\/","og_site_name":"antijellyfishpool.com","article_modified_time":"2025-03-07T16:11:57+00:00","og_image":[{"width":800,"height":533,"url":"https:\/\/antijellyfishpool.com\/wp-content\/uploads\/2025\/03\/jet-ski-dock.webp","type":"image\/webp"}],"twitter_card":"summary_large_image","twitter_misc":{"Dur\u00e9e de lecture estim\u00e9e":"1 minute"},"schema":{"@context":"https:\/\/schema.org","@graph":[{"@type":"WebPage","@id":"https:\/\/antijellyfishpool.com\/fr\/produit\/plateforme-gonflable-pour-jet-ski\/","url":"https:\/\/antijellyfishpool.com\/fr\/produit\/plateforme-gonflable-pour-jet-ski\/","name":"Plateforme Gonflable pour Jet Ski - antijellyfishpool.com","isPartOf":{"@id":"https:\/\/antijellyfishpool.com\/#website"},"primaryImageOfPage":{"@id":"https:\/\/antijellyfishpool.com\/fr\/produit\/plateforme-gonflable-pour-jet-ski\/#primaryimage"},"image":{"@id":"https:\/\/antijellyfishpool.com\/fr\/produit\/plateforme-gonflable-pour-jet-ski\/#primaryimage"},"thumbnailUrl":"https:\/\/antijellyfishpool.com\/wp-content\/uploads\/2025\/03\/inflatable-jet-ski-dock.webp","datePublished":"2018-03-07T10:19:16+00:00","dateModified":"2025-03-07T16:11:57+00:00","description":"Plateforme Gonflable pour Jet Ski - antijellyfishpool.com - Cliquez ici maintenant pour voir tous nos gonflables pour superyachts.","breadcrumb":{"@id":"https:\/\/antijellyfishpool.com\/fr\/produit\/plateforme-gonflable-pour-jet-ski\/#breadcrumb"},"inLanguage":"fr-FR","potentialAction":[{"@type":"ReadAction","target":["https:\/\/antijellyfishpool.com\/fr\/produit\/plateforme-gonflable-pour-jet-ski\/"]}]},{"@type":"ImageObject","inLanguage":"fr-FR","@id":"https:\/\/antijellyfishpool.com\/fr\/produit\/plateforme-gonflable-pour-jet-ski\/#primaryimage","url":"https:\/\/antijellyfishpool.com\/wp-content\/uploads\/2025\/03\/inflatable-jet-ski-dock.webp","contentUrl":"https:\/\/antijellyfishpool.com\/wp-content\/uploads\/2025\/03\/inflatable-jet-ski-dock.webp","width":800,"height":800},{"@type":"BreadcrumbList","@id":"https:\/\/antijellyfishpool.com\/fr\/produit\/plateforme-gonflable-pour-jet-ski\/#breadcrumb","itemListElement":[{"@type":"ListItem","position":1,"name":"Home","item":"https:\/\/antijellyfishpool.com\/"},{"@type":"ListItem","position":2,"name":"AntiJellyFishPool.com: Water Sport, Water Toys &#038; Boat Equipment","item":"https:\/\/antijellyfishpool.com\/"},{"@type":"ListItem","position":3,"name":"Plateforme Gonflable pour Jet Ski"}]},{"@type":"WebSite","@id":"https:\/\/antijellyfishpool.com\/#website","url":"https:\/\/antijellyfishpool.com\/","name":"antijellyfishpool.com","description":"The best jellyfish protection pool system for boats","potentialAction":[{"@type":"SearchAction","target":{"@type":"EntryPoint","urlTemplate":"https:\/\/antijellyfishpool.com\/?s={search_term_string}"},"query-input":{"@type":"PropertyValueSpecification","valueRequired":true,"valueName":"search_term_string"}}],"inLanguage":"fr-FR"}]}},"_links":{"self":[{"href":"https:\/\/antijellyfishpool.com\/fr\/wp-json\/wp\/v2\/product\/9107","targetHints":{"allow":["GET"]}}],"collection":[{"href":"https:\/\/antijellyfishpool.com\/fr\/wp-json\/wp\/v2\/product"}],"about":[{"href":"https:\/\/antijellyfishpool.com\/fr\/wp-json\/wp\/v2\/types\/product"}],"wp:featuredmedia":[{"embeddable":true,"href":"https:\/\/antijellyfishpool.com\/fr\/wp-json\/wp\/v2\/media\/9334"}],"wp:attachment":[{"href":"https:\/\/antijellyfishpool.com\/fr\/wp-json\/wp\/v2\/media?parent=9107"}],"wp:term":[{"taxonomy":"product_brand","embeddable":true,"href":"https:\/\/antijellyfishpool.com\/fr\/wp-json\/wp\/v2\/product_brand?post=9107"},{"taxonomy":"product_cat","embeddable":true,"href":"https:\/\/antijellyfishpool.com\/fr\/wp-json\/wp\/v2\/product_cat?post=9107"},{"taxonomy":"product_tag","embeddable":true,"href":"https:\/\/antijellyfishpool.com\/fr\/wp-json\/wp\/v2\/product_tag?post=9107"}],"curies":[{"name":"wp","href":"https:\/\/api.w.org\/{rel}","templated":true}]}}