{"id":9091,"date":"2018-03-07T11:35:08","date_gmt":"2018-03-07T11:35:08","guid":{"rendered":"https:\/\/antijellyfishpool.com\/?post_type=product&#038;p=9091"},"modified":"2025-03-07T15:55:54","modified_gmt":"2025-03-07T15:55:54","slug":"dock-gonflable-3-x-15m","status":"publish","type":"product","link":"https:\/\/antijellyfishpool.com\/fr\/produit\/dock-gonflable-3-x-15m\/","title":{"rendered":"Dock Gonflable 3 x 1,5m"},"content":{"rendered":"","protected":false},"excerpt":{"rendered":"<p>Notre plateforme gonflable de haute qualit\u00e9 en EVA teck offre un <strong>gonflage<\/strong> facile en seulement 2 minutes et un <strong>d\u00e9gonflage<\/strong> rapide en 2 minutes.<br \/>\nAvec des dimensions de <strong>3 x 1,5 m\u00e8tres<\/strong>, cette plateforme durable et \u00e9l\u00e9gante est parfaite pour les Super Yachts.<br \/>\nLorsqu&rsquo;elle est enroul\u00e9e, elle mesure <strong>85 x 43 x 36 cm<\/strong>, ce qui la rend compacte pour le rangement. Son poids est de <strong>18\u00a0kg<\/strong>.<br \/>\nAm\u00e9liorez votre exp\u00e9rience \u00e0 bord avec cette plateforme gonflable premium, facile \u00e0 utiliser, con\u00e7ue pour le luxe et le confort sur l&rsquo;eau. Id\u00e9ale pour les gonflables de Super Yachts !<\/p>\n","protected":false},"featured_media":9339,"template":"","meta":[],"product_brand":[],"product_cat":[157,169],"product_tag":[],"class_list":{"0":"post-9091","1":"product","2":"type-product","3":"status-publish","4":"has-post-thumbnail","6":"product_cat-plateforme-gonflable","7":"product_cat-superyacht-inflatables-fr","9":"first","10":"instock","11":"taxable","12":"shipping-taxable","13":"purchasable","14":"product-type-simple"},"yoast_head":"<!-- This site is optimized with the Yoast SEO plugin v26.6 - https:\/\/yoast.com\/wordpress\/plugins\/seo\/ -->\n<title>Dock Gonflable 3 x 1,5m - antijellyfishpool.com<\/title>\n<meta name=\"description\" content=\"Dock Gonflable 3 x 1,5m - antijellyfishpool.com - Cliquez ici maintenant pour voir tous nos gonflables pour super yachts.\" \/>\n<meta name=\"robots\" content=\"index, follow, max-snippet:-1, max-image-preview:large, max-video-preview:-1\" \/>\n<link rel=\"canonical\" href=\"https:\/\/antijellyfishpool.com\/fr\/produit\/dock-gonflable-3-x-15m\/\" \/>\n<meta property=\"og:locale\" content=\"fr_FR\" \/>\n<meta property=\"og:type\" content=\"article\" \/>\n<meta property=\"og:title\" content=\"Dock Gonflable 3 x 1,5m - antijellyfishpool.com\" \/>\n<meta property=\"og:description\" content=\"Dock Gonflable 3 x 1,5m - antijellyfishpool.com - Cliquez ici maintenant pour voir tous nos gonflables pour super yachts.\" \/>\n<meta property=\"og:url\" content=\"https:\/\/antijellyfishpool.com\/fr\/produit\/dock-gonflable-3-x-15m\/\" \/>\n<meta property=\"og:site_name\" content=\"antijellyfishpool.com\" \/>\n<meta property=\"article:modified_time\" content=\"2025-03-07T15:55:54+00:00\" \/>\n<meta property=\"og:image\" content=\"https:\/\/antijellyfishpool.com\/wp-content\/uploads\/2025\/03\/inflatable-dock-3-x-2-for-yachts.webp\" \/>\n\t<meta property=\"og:image:width\" content=\"800\" \/>\n\t<meta property=\"og:image:height\" content=\"533\" \/>\n\t<meta property=\"og:image:type\" content=\"image\/webp\" \/>\n<meta name=\"twitter:card\" content=\"summary_large_image\" \/>\n<meta name=\"twitter:label1\" content=\"Dur\u00e9e de lecture estim\u00e9e\" \/>\n\t<meta name=\"twitter:data1\" content=\"1 minute\" \/>\n<script type=\"application\/ld+json\" class=\"yoast-schema-graph\">{\"@context\":\"https:\/\/schema.org\",\"@graph\":[{\"@type\":\"WebPage\",\"@id\":\"https:\/\/antijellyfishpool.com\/fr\/produit\/dock-gonflable-3-x-15m\/\",\"url\":\"https:\/\/antijellyfishpool.com\/fr\/produit\/dock-gonflable-3-x-15m\/\",\"name\":\"Dock Gonflable 3 x 1,5m - antijellyfishpool.com\",\"isPartOf\":{\"@id\":\"https:\/\/antijellyfishpool.com\/#website\"},\"primaryImageOfPage\":{\"@id\":\"https:\/\/antijellyfishpool.com\/fr\/produit\/dock-gonflable-3-x-15m\/#primaryimage\"},\"image\":{\"@id\":\"https:\/\/antijellyfishpool.com\/fr\/produit\/dock-gonflable-3-x-15m\/#primaryimage\"},\"thumbnailUrl\":\"https:\/\/antijellyfishpool.com\/wp-content\/uploads\/2025\/03\/inflatable-platform-boats.webp\",\"datePublished\":\"2018-03-07T11:35:08+00:00\",\"dateModified\":\"2025-03-07T15:55:54+00:00\",\"description\":\"Dock Gonflable 3 x 1,5m - antijellyfishpool.com - Cliquez ici maintenant pour voir tous nos gonflables pour super yachts.\",\"breadcrumb\":{\"@id\":\"https:\/\/antijellyfishpool.com\/fr\/produit\/dock-gonflable-3-x-15m\/#breadcrumb\"},\"inLanguage\":\"fr-FR\",\"potentialAction\":[{\"@type\":\"ReadAction\",\"target\":[\"https:\/\/antijellyfishpool.com\/fr\/produit\/dock-gonflable-3-x-15m\/\"]}]},{\"@type\":\"ImageObject\",\"inLanguage\":\"fr-FR\",\"@id\":\"https:\/\/antijellyfishpool.com\/fr\/produit\/dock-gonflable-3-x-15m\/#primaryimage\",\"url\":\"https:\/\/antijellyfishpool.com\/wp-content\/uploads\/2025\/03\/inflatable-platform-boats.webp\",\"contentUrl\":\"https:\/\/antijellyfishpool.com\/wp-content\/uploads\/2025\/03\/inflatable-platform-boats.webp\",\"width\":800,\"height\":800},{\"@type\":\"BreadcrumbList\",\"@id\":\"https:\/\/antijellyfishpool.com\/fr\/produit\/dock-gonflable-3-x-15m\/#breadcrumb\",\"itemListElement\":[{\"@type\":\"ListItem\",\"position\":1,\"name\":\"Home\",\"item\":\"https:\/\/antijellyfishpool.com\/\"},{\"@type\":\"ListItem\",\"position\":2,\"name\":\"AntiJellyFishPool.com: Water Sport, Water Toys &#038; Boat Equipment\",\"item\":\"https:\/\/antijellyfishpool.com\/\"},{\"@type\":\"ListItem\",\"position\":3,\"name\":\"Dock Gonflable 3 x 1,5m\"}]},{\"@type\":\"WebSite\",\"@id\":\"https:\/\/antijellyfishpool.com\/#website\",\"url\":\"https:\/\/antijellyfishpool.com\/\",\"name\":\"antijellyfishpool.com\",\"description\":\"The best jellyfish protection pool system for boats\",\"potentialAction\":[{\"@type\":\"SearchAction\",\"target\":{\"@type\":\"EntryPoint\",\"urlTemplate\":\"https:\/\/antijellyfishpool.com\/?s={search_term_string}\"},\"query-input\":{\"@type\":\"PropertyValueSpecification\",\"valueRequired\":true,\"valueName\":\"search_term_string\"}}],\"inLanguage\":\"fr-FR\"}]}<\/script>\n<!-- \/ Yoast SEO plugin. -->","yoast_head_json":{"title":"Dock Gonflable 3 x 1,5m - antijellyfishpool.com","description":"Dock Gonflable 3 x 1,5m - antijellyfishpool.com - Cliquez ici maintenant pour voir tous nos gonflables pour super yachts.","robots":{"index":"index","follow":"follow","max-snippet":"max-snippet:-1","max-image-preview":"max-image-preview:large","max-video-preview":"max-video-preview:-1"},"canonical":"https:\/\/antijellyfishpool.com\/fr\/produit\/dock-gonflable-3-x-15m\/","og_locale":"fr_FR","og_type":"article","og_title":"Dock Gonflable 3 x 1,5m - antijellyfishpool.com","og_description":"Dock Gonflable 3 x 1,5m - antijellyfishpool.com - Cliquez ici maintenant pour voir tous nos gonflables pour super yachts.","og_url":"https:\/\/antijellyfishpool.com\/fr\/produit\/dock-gonflable-3-x-15m\/","og_site_name":"antijellyfishpool.com","article_modified_time":"2025-03-07T15:55:54+00:00","og_image":[{"width":800,"height":533,"url":"https:\/\/antijellyfishpool.com\/wp-content\/uploads\/2025\/03\/inflatable-dock-3-x-2-for-yachts.webp","type":"image\/webp"}],"twitter_card":"summary_large_image","twitter_misc":{"Dur\u00e9e de lecture estim\u00e9e":"1 minute"},"schema":{"@context":"https:\/\/schema.org","@graph":[{"@type":"WebPage","@id":"https:\/\/antijellyfishpool.com\/fr\/produit\/dock-gonflable-3-x-15m\/","url":"https:\/\/antijellyfishpool.com\/fr\/produit\/dock-gonflable-3-x-15m\/","name":"Dock Gonflable 3 x 1,5m - antijellyfishpool.com","isPartOf":{"@id":"https:\/\/antijellyfishpool.com\/#website"},"primaryImageOfPage":{"@id":"https:\/\/antijellyfishpool.com\/fr\/produit\/dock-gonflable-3-x-15m\/#primaryimage"},"image":{"@id":"https:\/\/antijellyfishpool.com\/fr\/produit\/dock-gonflable-3-x-15m\/#primaryimage"},"thumbnailUrl":"https:\/\/antijellyfishpool.com\/wp-content\/uploads\/2025\/03\/inflatable-platform-boats.webp","datePublished":"2018-03-07T11:35:08+00:00","dateModified":"2025-03-07T15:55:54+00:00","description":"Dock Gonflable 3 x 1,5m - antijellyfishpool.com - Cliquez ici maintenant pour voir tous nos gonflables pour super yachts.","breadcrumb":{"@id":"https:\/\/antijellyfishpool.com\/fr\/produit\/dock-gonflable-3-x-15m\/#breadcrumb"},"inLanguage":"fr-FR","potentialAction":[{"@type":"ReadAction","target":["https:\/\/antijellyfishpool.com\/fr\/produit\/dock-gonflable-3-x-15m\/"]}]},{"@type":"ImageObject","inLanguage":"fr-FR","@id":"https:\/\/antijellyfishpool.com\/fr\/produit\/dock-gonflable-3-x-15m\/#primaryimage","url":"https:\/\/antijellyfishpool.com\/wp-content\/uploads\/2025\/03\/inflatable-platform-boats.webp","contentUrl":"https:\/\/antijellyfishpool.com\/wp-content\/uploads\/2025\/03\/inflatable-platform-boats.webp","width":800,"height":800},{"@type":"BreadcrumbList","@id":"https:\/\/antijellyfishpool.com\/fr\/produit\/dock-gonflable-3-x-15m\/#breadcrumb","itemListElement":[{"@type":"ListItem","position":1,"name":"Home","item":"https:\/\/antijellyfishpool.com\/"},{"@type":"ListItem","position":2,"name":"AntiJellyFishPool.com: Water Sport, Water Toys &#038; Boat Equipment","item":"https:\/\/antijellyfishpool.com\/"},{"@type":"ListItem","position":3,"name":"Dock Gonflable 3 x 1,5m"}]},{"@type":"WebSite","@id":"https:\/\/antijellyfishpool.com\/#website","url":"https:\/\/antijellyfishpool.com\/","name":"antijellyfishpool.com","description":"The best jellyfish protection pool system for boats","potentialAction":[{"@type":"SearchAction","target":{"@type":"EntryPoint","urlTemplate":"https:\/\/antijellyfishpool.com\/?s={search_term_string}"},"query-input":{"@type":"PropertyValueSpecification","valueRequired":true,"valueName":"search_term_string"}}],"inLanguage":"fr-FR"}]}},"_links":{"self":[{"href":"https:\/\/antijellyfishpool.com\/fr\/wp-json\/wp\/v2\/product\/9091","targetHints":{"allow":["GET"]}}],"collection":[{"href":"https:\/\/antijellyfishpool.com\/fr\/wp-json\/wp\/v2\/product"}],"about":[{"href":"https:\/\/antijellyfishpool.com\/fr\/wp-json\/wp\/v2\/types\/product"}],"wp:featuredmedia":[{"embeddable":true,"href":"https:\/\/antijellyfishpool.com\/fr\/wp-json\/wp\/v2\/media\/9339"}],"wp:attachment":[{"href":"https:\/\/antijellyfishpool.com\/fr\/wp-json\/wp\/v2\/media?parent=9091"}],"wp:term":[{"taxonomy":"product_brand","embeddable":true,"href":"https:\/\/antijellyfishpool.com\/fr\/wp-json\/wp\/v2\/product_brand?post=9091"},{"taxonomy":"product_cat","embeddable":true,"href":"https:\/\/antijellyfishpool.com\/fr\/wp-json\/wp\/v2\/product_cat?post=9091"},{"taxonomy":"product_tag","embeddable":true,"href":"https:\/\/antijellyfishpool.com\/fr\/wp-json\/wp\/v2\/product_tag?post=9091"}],"curies":[{"name":"wp","href":"https:\/\/api.w.org\/{rel}","templated":true}]}}