{"id":8840,"date":"2018-03-07T08:13:32","date_gmt":"2025-02-28T22:16:07","guid":{"rendered":"https:\/\/antijellyfishpool.com\/?post_type=product&#038;p=8840"},"modified":"2025-02-28T22:16:08","modified_gmt":"2025-02-28T22:16:08","slug":"toboggan-de-yacht-sur-mesure-de-3m-a-15m","status":"publish","type":"product","link":"https:\/\/antijellyfishpool.com\/fr\/produit\/toboggan-de-yacht-sur-mesure-de-3m-a-15m\/","title":{"rendered":"Toboggan de Yacht sur mesure &#8211; De 3m \u00e0 15m"},"content":{"rendered":"","protected":false},"excerpt":{"rendered":"<p>Les toboggans de yacht personnalis\u00e9s sont con\u00e7us en fonction de vos besoins. En fonction de la hauteur du toboggan n\u00e9cessaire, le prix variera.<\/p>\n<p>260 cm \u2013 340 cm : Prix 2 500 \u20ac<br \/>\n450 cm \u2013 530 cm : Prix 7 900 \u20ac<br \/>\n540 cm \u2013 610 cm : Prix 10 050 \u20ac<br \/>\n620 cm \u2013 710 cm : Prix 12 100 \u20ac<br \/>\n710 cm \u2013 800 cm : Prix 13 200 \u20ac<br \/>\nVeuillez nous contacter pour un toboggan de plus de 8 m<\/p>\n<p>PVC r\u00e9sistant pour des ann\u00e9es d\u2019utilisation. Tr\u00e8s durable et l\u00e9ger. Choisissez la couleur que vous souhaitez pour votre toboggan.<\/p>\n<p>Tous les toboggans sont \u00e9tudi\u00e9s et fabriqu\u00e9s en fonction de vos besoins. Contactez-nous !<\/p>\n","protected":false},"featured_media":8841,"template":"","meta":[],"product_brand":[],"product_cat":[154,169,159],"product_tag":[],"class_list":{"0":"post-8840","1":"product","2":"type-product","3":"status-publish","4":"has-post-thumbnail","6":"product_cat-produits-personnalises","7":"product_cat-superyacht-inflatables-fr","8":"product_cat-toboggan-gonflable-bateau","10":"first","11":"instock","12":"taxable","13":"shipping-taxable","14":"purchasable","15":"product-type-variable"},"yoast_head":"<!-- This site is optimized with the Yoast SEO plugin v26.6 - https:\/\/yoast.com\/wordpress\/plugins\/seo\/ -->\n<title>Toboggan de Yacht sur mesure - De 3m \u00e0 15m - antijellyfishpool.com<\/title>\n<meta name=\"description\" content=\"Toboggan de Yacht sur mesure - De 3m \u00e0 15m - antijellyfishpool.com - Cliquez ici pour voir tous nos produits gonflables personnalis\u00e9s.\" \/>\n<meta name=\"robots\" content=\"index, follow, max-snippet:-1, max-image-preview:large, max-video-preview:-1\" \/>\n<link rel=\"canonical\" href=\"https:\/\/antijellyfishpool.com\/fr\/produit\/toboggan-de-yacht-sur-mesure-de-3m-a-15m\/\" \/>\n<meta property=\"og:locale\" content=\"fr_FR\" \/>\n<meta property=\"og:type\" content=\"article\" \/>\n<meta property=\"og:title\" content=\"Toboggan de Yacht sur mesure - De 3m \u00e0 15m - antijellyfishpool.com\" \/>\n<meta property=\"og:description\" content=\"Toboggan de Yacht sur mesure - De 3m \u00e0 15m - antijellyfishpool.com - Cliquez ici pour voir tous nos produits gonflables personnalis\u00e9s.\" \/>\n<meta property=\"og:url\" content=\"https:\/\/antijellyfishpool.com\/fr\/produit\/toboggan-de-yacht-sur-mesure-de-3m-a-15m\/\" \/>\n<meta property=\"og:site_name\" content=\"antijellyfishpool.com\" \/>\n<meta property=\"article:modified_time\" content=\"2025-02-28T22:16:08+00:00\" \/>\n<meta property=\"og:image\" content=\"https:\/\/antijellyfishpool.com\/wp-content\/uploads\/2024\/10\/Custom-Yacht-Slide-scaled-e1729940584213.webp\" \/>\n\t<meta property=\"og:image:width\" content=\"1200\" \/>\n\t<meta property=\"og:image:height\" content=\"800\" \/>\n\t<meta property=\"og:image:type\" content=\"image\/webp\" \/>\n<meta name=\"twitter:card\" content=\"summary_large_image\" \/>\n<script type=\"application\/ld+json\" class=\"yoast-schema-graph\">{\"@context\":\"https:\/\/schema.org\",\"@graph\":[{\"@type\":\"WebPage\",\"@id\":\"https:\/\/antijellyfishpool.com\/fr\/produit\/toboggan-de-yacht-sur-mesure-de-3m-a-15m\/\",\"url\":\"https:\/\/antijellyfishpool.com\/fr\/produit\/toboggan-de-yacht-sur-mesure-de-3m-a-15m\/\",\"name\":\"Toboggan de Yacht sur mesure - De 3m \u00e0 15m - antijellyfishpool.com\",\"isPartOf\":{\"@id\":\"https:\/\/antijellyfishpool.com\/#website\"},\"primaryImageOfPage\":{\"@id\":\"https:\/\/antijellyfishpool.com\/fr\/produit\/toboggan-de-yacht-sur-mesure-de-3m-a-15m\/#primaryimage\"},\"image\":{\"@id\":\"https:\/\/antijellyfishpool.com\/fr\/produit\/toboggan-de-yacht-sur-mesure-de-3m-a-15m\/#primaryimage\"},\"thumbnailUrl\":\"https:\/\/antijellyfishpool.com\/wp-content\/uploads\/2024\/10\/Custom-Yacht-Slide-scaled-e1729940584213.webp\",\"datePublished\":\"2025-02-28T22:16:07+00:00\",\"dateModified\":\"2025-02-28T22:16:08+00:00\",\"description\":\"Toboggan de Yacht sur mesure - De 3m \u00e0 15m - antijellyfishpool.com - Cliquez ici pour voir tous nos produits gonflables personnalis\u00e9s.\",\"breadcrumb\":{\"@id\":\"https:\/\/antijellyfishpool.com\/fr\/produit\/toboggan-de-yacht-sur-mesure-de-3m-a-15m\/#breadcrumb\"},\"inLanguage\":\"fr-FR\",\"potentialAction\":[{\"@type\":\"ReadAction\",\"target\":[\"https:\/\/antijellyfishpool.com\/fr\/produit\/toboggan-de-yacht-sur-mesure-de-3m-a-15m\/\"]}]},{\"@type\":\"ImageObject\",\"inLanguage\":\"fr-FR\",\"@id\":\"https:\/\/antijellyfishpool.com\/fr\/produit\/toboggan-de-yacht-sur-mesure-de-3m-a-15m\/#primaryimage\",\"url\":\"https:\/\/antijellyfishpool.com\/wp-content\/uploads\/2024\/10\/Custom-Yacht-Slide-scaled-e1729940584213.webp\",\"contentUrl\":\"https:\/\/antijellyfishpool.com\/wp-content\/uploads\/2024\/10\/Custom-Yacht-Slide-scaled-e1729940584213.webp\",\"width\":1200,\"height\":800,\"caption\":\"Custom Yacht Slide\"},{\"@type\":\"BreadcrumbList\",\"@id\":\"https:\/\/antijellyfishpool.com\/fr\/produit\/toboggan-de-yacht-sur-mesure-de-3m-a-15m\/#breadcrumb\",\"itemListElement\":[{\"@type\":\"ListItem\",\"position\":1,\"name\":\"Home\",\"item\":\"https:\/\/antijellyfishpool.com\/\"},{\"@type\":\"ListItem\",\"position\":2,\"name\":\"AntiJellyFishPool.com: Water Sport, Water Toys &#038; Boat Equipment\",\"item\":\"https:\/\/antijellyfishpool.com\/\"},{\"@type\":\"ListItem\",\"position\":3,\"name\":\"Toboggan de Yacht sur mesure &#8211; De 3m \u00e0 15m\"}]},{\"@type\":\"WebSite\",\"@id\":\"https:\/\/antijellyfishpool.com\/#website\",\"url\":\"https:\/\/antijellyfishpool.com\/\",\"name\":\"antijellyfishpool.com\",\"description\":\"The best jellyfish protection pool system for boats\",\"potentialAction\":[{\"@type\":\"SearchAction\",\"target\":{\"@type\":\"EntryPoint\",\"urlTemplate\":\"https:\/\/antijellyfishpool.com\/?s={search_term_string}\"},\"query-input\":{\"@type\":\"PropertyValueSpecification\",\"valueRequired\":true,\"valueName\":\"search_term_string\"}}],\"inLanguage\":\"fr-FR\"}]}<\/script>\n<!-- \/ Yoast SEO plugin. -->","yoast_head_json":{"title":"Toboggan de Yacht sur mesure - De 3m \u00e0 15m - antijellyfishpool.com","description":"Toboggan de Yacht sur mesure - De 3m \u00e0 15m - antijellyfishpool.com - Cliquez ici pour voir tous nos produits gonflables personnalis\u00e9s.","robots":{"index":"index","follow":"follow","max-snippet":"max-snippet:-1","max-image-preview":"max-image-preview:large","max-video-preview":"max-video-preview:-1"},"canonical":"https:\/\/antijellyfishpool.com\/fr\/produit\/toboggan-de-yacht-sur-mesure-de-3m-a-15m\/","og_locale":"fr_FR","og_type":"article","og_title":"Toboggan de Yacht sur mesure - De 3m \u00e0 15m - antijellyfishpool.com","og_description":"Toboggan de Yacht sur mesure - De 3m \u00e0 15m - antijellyfishpool.com - Cliquez ici pour voir tous nos produits gonflables personnalis\u00e9s.","og_url":"https:\/\/antijellyfishpool.com\/fr\/produit\/toboggan-de-yacht-sur-mesure-de-3m-a-15m\/","og_site_name":"antijellyfishpool.com","article_modified_time":"2025-02-28T22:16:08+00:00","og_image":[{"width":1200,"height":800,"url":"https:\/\/antijellyfishpool.com\/wp-content\/uploads\/2024\/10\/Custom-Yacht-Slide-scaled-e1729940584213.webp","type":"image\/webp"}],"twitter_card":"summary_large_image","schema":{"@context":"https:\/\/schema.org","@graph":[{"@type":"WebPage","@id":"https:\/\/antijellyfishpool.com\/fr\/produit\/toboggan-de-yacht-sur-mesure-de-3m-a-15m\/","url":"https:\/\/antijellyfishpool.com\/fr\/produit\/toboggan-de-yacht-sur-mesure-de-3m-a-15m\/","name":"Toboggan de Yacht sur mesure - De 3m \u00e0 15m - antijellyfishpool.com","isPartOf":{"@id":"https:\/\/antijellyfishpool.com\/#website"},"primaryImageOfPage":{"@id":"https:\/\/antijellyfishpool.com\/fr\/produit\/toboggan-de-yacht-sur-mesure-de-3m-a-15m\/#primaryimage"},"image":{"@id":"https:\/\/antijellyfishpool.com\/fr\/produit\/toboggan-de-yacht-sur-mesure-de-3m-a-15m\/#primaryimage"},"thumbnailUrl":"https:\/\/antijellyfishpool.com\/wp-content\/uploads\/2024\/10\/Custom-Yacht-Slide-scaled-e1729940584213.webp","datePublished":"2025-02-28T22:16:07+00:00","dateModified":"2025-02-28T22:16:08+00:00","description":"Toboggan de Yacht sur mesure - De 3m \u00e0 15m - antijellyfishpool.com - Cliquez ici pour voir tous nos produits gonflables personnalis\u00e9s.","breadcrumb":{"@id":"https:\/\/antijellyfishpool.com\/fr\/produit\/toboggan-de-yacht-sur-mesure-de-3m-a-15m\/#breadcrumb"},"inLanguage":"fr-FR","potentialAction":[{"@type":"ReadAction","target":["https:\/\/antijellyfishpool.com\/fr\/produit\/toboggan-de-yacht-sur-mesure-de-3m-a-15m\/"]}]},{"@type":"ImageObject","inLanguage":"fr-FR","@id":"https:\/\/antijellyfishpool.com\/fr\/produit\/toboggan-de-yacht-sur-mesure-de-3m-a-15m\/#primaryimage","url":"https:\/\/antijellyfishpool.com\/wp-content\/uploads\/2024\/10\/Custom-Yacht-Slide-scaled-e1729940584213.webp","contentUrl":"https:\/\/antijellyfishpool.com\/wp-content\/uploads\/2024\/10\/Custom-Yacht-Slide-scaled-e1729940584213.webp","width":1200,"height":800,"caption":"Custom Yacht Slide"},{"@type":"BreadcrumbList","@id":"https:\/\/antijellyfishpool.com\/fr\/produit\/toboggan-de-yacht-sur-mesure-de-3m-a-15m\/#breadcrumb","itemListElement":[{"@type":"ListItem","position":1,"name":"Home","item":"https:\/\/antijellyfishpool.com\/"},{"@type":"ListItem","position":2,"name":"AntiJellyFishPool.com: Water Sport, Water Toys &#038; Boat Equipment","item":"https:\/\/antijellyfishpool.com\/"},{"@type":"ListItem","position":3,"name":"Toboggan de Yacht sur mesure &#8211; De 3m \u00e0 15m"}]},{"@type":"WebSite","@id":"https:\/\/antijellyfishpool.com\/#website","url":"https:\/\/antijellyfishpool.com\/","name":"antijellyfishpool.com","description":"The best jellyfish protection pool system for boats","potentialAction":[{"@type":"SearchAction","target":{"@type":"EntryPoint","urlTemplate":"https:\/\/antijellyfishpool.com\/?s={search_term_string}"},"query-input":{"@type":"PropertyValueSpecification","valueRequired":true,"valueName":"search_term_string"}}],"inLanguage":"fr-FR"}]}},"_links":{"self":[{"href":"https:\/\/antijellyfishpool.com\/fr\/wp-json\/wp\/v2\/product\/8840","targetHints":{"allow":["GET"]}}],"collection":[{"href":"https:\/\/antijellyfishpool.com\/fr\/wp-json\/wp\/v2\/product"}],"about":[{"href":"https:\/\/antijellyfishpool.com\/fr\/wp-json\/wp\/v2\/types\/product"}],"wp:featuredmedia":[{"embeddable":true,"href":"https:\/\/antijellyfishpool.com\/fr\/wp-json\/wp\/v2\/media\/8841"}],"wp:attachment":[{"href":"https:\/\/antijellyfishpool.com\/fr\/wp-json\/wp\/v2\/media?parent=8840"}],"wp:term":[{"taxonomy":"product_brand","embeddable":true,"href":"https:\/\/antijellyfishpool.com\/fr\/wp-json\/wp\/v2\/product_brand?post=8840"},{"taxonomy":"product_cat","embeddable":true,"href":"https:\/\/antijellyfishpool.com\/fr\/wp-json\/wp\/v2\/product_cat?post=8840"},{"taxonomy":"product_tag","embeddable":true,"href":"https:\/\/antijellyfishpool.com\/fr\/wp-json\/wp\/v2\/product_tag?post=8840"}],"curies":[{"name":"wp","href":"https:\/\/api.w.org\/{rel}","templated":true}]}}