{"id":8837,"date":"2019-01-01T10:29:59","date_gmt":"2025-02-28T22:12:31","guid":{"rendered":"https:\/\/antijellyfishpool.com\/?post_type=product&#038;p=8837"},"modified":"2025-02-28T22:12:31","modified_gmt":"2025-02-28T22:12:31","slug":"mur-descalade-gonflable-4-x-2-metres","status":"publish","type":"product","link":"https:\/\/antijellyfishpool.com\/fr\/produit\/mur-descalade-gonflable-4-x-2-metres\/","title":{"rendered":"Mur d&rsquo;escalade gonflable 4 x 2 m\u00e8tres."},"content":{"rendered":"","protected":false},"excerpt":{"rendered":"<p>Le mur d&rsquo;escalade gonflable offre un divertissement palpitant pour tous les \u00e2ges, alliant un d\u00e9fi excitant \u00e0 un design \u00e9l\u00e9gant qui ne manquera pas d&rsquo;attirer l&rsquo;attention. Fabriqu\u00e9 en PVC de qualit\u00e9 sup\u00e9rieure, il garantit \u00e0 la fois durabilit\u00e9 et s\u00e9curit\u00e9 pour les grimpeurs. En tant que nouveaut\u00e9 lors de tout \u00e9v\u00e9nement, c&rsquo;est un moyen id\u00e9al d&rsquo;am\u00e9liorer l&rsquo;exp\u00e9rience tout en assurant \u00e0 la fois amusement et s\u00e9curit\u00e9.<\/p>\n<p>Disponible en trois tailles :<\/p>\n<p>Petit : 3 m\u00e8tres de hauteur x 2 m\u00e8tres de largeur x 1,28 m\u00e8tre de longueur<\/p>\n<p><strong>Moyen : 4 m\u00e8tres de hauteur x 2 m\u00e8tres de largeur x 1,28 m\u00e8tre de longueur<\/strong><\/p>\n<p>Grand : 5 m\u00e8tres de hauteur x 3 m\u00e8tres de largeur x 1,28 m\u00e8tre de longueur<\/p>\n","protected":false},"featured_media":8838,"template":"","meta":[],"product_brand":[],"product_cat":[156],"product_tag":[],"class_list":{"0":"post-8837","1":"product","2":"type-product","3":"status-publish","4":"has-post-thumbnail","6":"product_cat-mur-escalade-gonflable","8":"first","9":"instock","10":"taxable","11":"shipping-taxable","12":"purchasable","13":"product-type-simple"},"yoast_head":"<!-- This site is optimized with the Yoast SEO plugin v26.6 - https:\/\/yoast.com\/wordpress\/plugins\/seo\/ -->\n<title>Mur d&#039;escalade gonflable 4 x 2 m\u00e8tres. - antijellyfishpool.com<\/title>\n<meta name=\"description\" content=\"Mur d&#039;escalade gonflable 4 x 2 m\u00e8tres. - antijellyfishpool.com - Cliquez ici pour voir tous nos murs d&#039;escalade gonflables pour bateaux.\" \/>\n<meta name=\"robots\" content=\"index, follow, max-snippet:-1, max-image-preview:large, max-video-preview:-1\" \/>\n<link rel=\"canonical\" href=\"https:\/\/antijellyfishpool.com\/fr\/produit\/mur-descalade-gonflable-4-x-2-metres\/\" \/>\n<meta property=\"og:locale\" content=\"fr_FR\" \/>\n<meta property=\"og:type\" content=\"article\" \/>\n<meta property=\"og:title\" content=\"Mur d&#039;escalade gonflable 4 x 2 m\u00e8tres. - antijellyfishpool.com\" \/>\n<meta property=\"og:description\" content=\"Mur d&#039;escalade gonflable 4 x 2 m\u00e8tres. - antijellyfishpool.com - Cliquez ici pour voir tous nos murs d&#039;escalade gonflables pour bateaux.\" \/>\n<meta property=\"og:url\" content=\"https:\/\/antijellyfishpool.com\/fr\/produit\/mur-descalade-gonflable-4-x-2-metres\/\" \/>\n<meta property=\"og:site_name\" content=\"antijellyfishpool.com\" \/>\n<meta property=\"og:image\" content=\"https:\/\/antijellyfishpool.com\/wp-content\/uploads\/2025\/02\/inflatable-climbing-wall-4-x-2-metres.webp\" \/>\n\t<meta property=\"og:image:width\" content=\"750\" \/>\n\t<meta property=\"og:image:height\" content=\"500\" \/>\n\t<meta property=\"og:image:type\" content=\"image\/webp\" \/>\n<meta name=\"twitter:card\" content=\"summary_large_image\" \/>\n<script type=\"application\/ld+json\" class=\"yoast-schema-graph\">{\"@context\":\"https:\/\/schema.org\",\"@graph\":[{\"@type\":\"WebPage\",\"@id\":\"https:\/\/antijellyfishpool.com\/fr\/produit\/mur-descalade-gonflable-4-x-2-metres\/\",\"url\":\"https:\/\/antijellyfishpool.com\/fr\/produit\/mur-descalade-gonflable-4-x-2-metres\/\",\"name\":\"Mur d'escalade gonflable 4 x 2 m\u00e8tres. - antijellyfishpool.com\",\"isPartOf\":{\"@id\":\"https:\/\/antijellyfishpool.com\/#website\"},\"primaryImageOfPage\":{\"@id\":\"https:\/\/antijellyfishpool.com\/fr\/produit\/mur-descalade-gonflable-4-x-2-metres\/#primaryimage\"},\"image\":{\"@id\":\"https:\/\/antijellyfishpool.com\/fr\/produit\/mur-descalade-gonflable-4-x-2-metres\/#primaryimage\"},\"thumbnailUrl\":\"https:\/\/antijellyfishpool.com\/wp-content\/uploads\/2025\/02\/inflatable-climbing-wall-4-x-2-metres.webp\",\"datePublished\":\"2025-02-28T22:12:31+00:00\",\"description\":\"Mur d'escalade gonflable 4 x 2 m\u00e8tres. - antijellyfishpool.com - Cliquez ici pour voir tous nos murs d'escalade gonflables pour bateaux.\",\"breadcrumb\":{\"@id\":\"https:\/\/antijellyfishpool.com\/fr\/produit\/mur-descalade-gonflable-4-x-2-metres\/#breadcrumb\"},\"inLanguage\":\"fr-FR\",\"potentialAction\":[{\"@type\":\"ReadAction\",\"target\":[\"https:\/\/antijellyfishpool.com\/fr\/produit\/mur-descalade-gonflable-4-x-2-metres\/\"]}]},{\"@type\":\"ImageObject\",\"inLanguage\":\"fr-FR\",\"@id\":\"https:\/\/antijellyfishpool.com\/fr\/produit\/mur-descalade-gonflable-4-x-2-metres\/#primaryimage\",\"url\":\"https:\/\/antijellyfishpool.com\/wp-content\/uploads\/2025\/02\/inflatable-climbing-wall-4-x-2-metres.webp\",\"contentUrl\":\"https:\/\/antijellyfishpool.com\/wp-content\/uploads\/2025\/02\/inflatable-climbing-wall-4-x-2-metres.webp\",\"width\":750,\"height\":500,\"caption\":\"inflatable climbing wall 4 x 2 metres\"},{\"@type\":\"BreadcrumbList\",\"@id\":\"https:\/\/antijellyfishpool.com\/fr\/produit\/mur-descalade-gonflable-4-x-2-metres\/#breadcrumb\",\"itemListElement\":[{\"@type\":\"ListItem\",\"position\":1,\"name\":\"Home\",\"item\":\"https:\/\/antijellyfishpool.com\/\"},{\"@type\":\"ListItem\",\"position\":2,\"name\":\"AntiJellyFishPool.com: Water Sport, Water Toys &#038; Boat Equipment\",\"item\":\"https:\/\/antijellyfishpool.com\/\"},{\"@type\":\"ListItem\",\"position\":3,\"name\":\"Mur d&#8217;escalade gonflable 4 x 2 m\u00e8tres.\"}]},{\"@type\":\"WebSite\",\"@id\":\"https:\/\/antijellyfishpool.com\/#website\",\"url\":\"https:\/\/antijellyfishpool.com\/\",\"name\":\"antijellyfishpool.com\",\"description\":\"The best jellyfish protection pool system for boats\",\"potentialAction\":[{\"@type\":\"SearchAction\",\"target\":{\"@type\":\"EntryPoint\",\"urlTemplate\":\"https:\/\/antijellyfishpool.com\/?s={search_term_string}\"},\"query-input\":{\"@type\":\"PropertyValueSpecification\",\"valueRequired\":true,\"valueName\":\"search_term_string\"}}],\"inLanguage\":\"fr-FR\"}]}<\/script>\n<!-- \/ Yoast SEO plugin. -->","yoast_head_json":{"title":"Mur d'escalade gonflable 4 x 2 m\u00e8tres. - antijellyfishpool.com","description":"Mur d'escalade gonflable 4 x 2 m\u00e8tres. - antijellyfishpool.com - Cliquez ici pour voir tous nos murs d'escalade gonflables pour bateaux.","robots":{"index":"index","follow":"follow","max-snippet":"max-snippet:-1","max-image-preview":"max-image-preview:large","max-video-preview":"max-video-preview:-1"},"canonical":"https:\/\/antijellyfishpool.com\/fr\/produit\/mur-descalade-gonflable-4-x-2-metres\/","og_locale":"fr_FR","og_type":"article","og_title":"Mur d'escalade gonflable 4 x 2 m\u00e8tres. - antijellyfishpool.com","og_description":"Mur d'escalade gonflable 4 x 2 m\u00e8tres. - antijellyfishpool.com - Cliquez ici pour voir tous nos murs d'escalade gonflables pour bateaux.","og_url":"https:\/\/antijellyfishpool.com\/fr\/produit\/mur-descalade-gonflable-4-x-2-metres\/","og_site_name":"antijellyfishpool.com","og_image":[{"width":750,"height":500,"url":"https:\/\/antijellyfishpool.com\/wp-content\/uploads\/2025\/02\/inflatable-climbing-wall-4-x-2-metres.webp","type":"image\/webp"}],"twitter_card":"summary_large_image","schema":{"@context":"https:\/\/schema.org","@graph":[{"@type":"WebPage","@id":"https:\/\/antijellyfishpool.com\/fr\/produit\/mur-descalade-gonflable-4-x-2-metres\/","url":"https:\/\/antijellyfishpool.com\/fr\/produit\/mur-descalade-gonflable-4-x-2-metres\/","name":"Mur d'escalade gonflable 4 x 2 m\u00e8tres. - antijellyfishpool.com","isPartOf":{"@id":"https:\/\/antijellyfishpool.com\/#website"},"primaryImageOfPage":{"@id":"https:\/\/antijellyfishpool.com\/fr\/produit\/mur-descalade-gonflable-4-x-2-metres\/#primaryimage"},"image":{"@id":"https:\/\/antijellyfishpool.com\/fr\/produit\/mur-descalade-gonflable-4-x-2-metres\/#primaryimage"},"thumbnailUrl":"https:\/\/antijellyfishpool.com\/wp-content\/uploads\/2025\/02\/inflatable-climbing-wall-4-x-2-metres.webp","datePublished":"2025-02-28T22:12:31+00:00","description":"Mur d'escalade gonflable 4 x 2 m\u00e8tres. - antijellyfishpool.com - Cliquez ici pour voir tous nos murs d'escalade gonflables pour bateaux.","breadcrumb":{"@id":"https:\/\/antijellyfishpool.com\/fr\/produit\/mur-descalade-gonflable-4-x-2-metres\/#breadcrumb"},"inLanguage":"fr-FR","potentialAction":[{"@type":"ReadAction","target":["https:\/\/antijellyfishpool.com\/fr\/produit\/mur-descalade-gonflable-4-x-2-metres\/"]}]},{"@type":"ImageObject","inLanguage":"fr-FR","@id":"https:\/\/antijellyfishpool.com\/fr\/produit\/mur-descalade-gonflable-4-x-2-metres\/#primaryimage","url":"https:\/\/antijellyfishpool.com\/wp-content\/uploads\/2025\/02\/inflatable-climbing-wall-4-x-2-metres.webp","contentUrl":"https:\/\/antijellyfishpool.com\/wp-content\/uploads\/2025\/02\/inflatable-climbing-wall-4-x-2-metres.webp","width":750,"height":500,"caption":"inflatable climbing wall 4 x 2 metres"},{"@type":"BreadcrumbList","@id":"https:\/\/antijellyfishpool.com\/fr\/produit\/mur-descalade-gonflable-4-x-2-metres\/#breadcrumb","itemListElement":[{"@type":"ListItem","position":1,"name":"Home","item":"https:\/\/antijellyfishpool.com\/"},{"@type":"ListItem","position":2,"name":"AntiJellyFishPool.com: Water Sport, Water Toys &#038; Boat Equipment","item":"https:\/\/antijellyfishpool.com\/"},{"@type":"ListItem","position":3,"name":"Mur d&#8217;escalade gonflable 4 x 2 m\u00e8tres."}]},{"@type":"WebSite","@id":"https:\/\/antijellyfishpool.com\/#website","url":"https:\/\/antijellyfishpool.com\/","name":"antijellyfishpool.com","description":"The best jellyfish protection pool system for boats","potentialAction":[{"@type":"SearchAction","target":{"@type":"EntryPoint","urlTemplate":"https:\/\/antijellyfishpool.com\/?s={search_term_string}"},"query-input":{"@type":"PropertyValueSpecification","valueRequired":true,"valueName":"search_term_string"}}],"inLanguage":"fr-FR"}]}},"_links":{"self":[{"href":"https:\/\/antijellyfishpool.com\/fr\/wp-json\/wp\/v2\/product\/8837","targetHints":{"allow":["GET"]}}],"collection":[{"href":"https:\/\/antijellyfishpool.com\/fr\/wp-json\/wp\/v2\/product"}],"about":[{"href":"https:\/\/antijellyfishpool.com\/fr\/wp-json\/wp\/v2\/types\/product"}],"wp:featuredmedia":[{"embeddable":true,"href":"https:\/\/antijellyfishpool.com\/fr\/wp-json\/wp\/v2\/media\/8838"}],"wp:attachment":[{"href":"https:\/\/antijellyfishpool.com\/fr\/wp-json\/wp\/v2\/media?parent=8837"}],"wp:term":[{"taxonomy":"product_brand","embeddable":true,"href":"https:\/\/antijellyfishpool.com\/fr\/wp-json\/wp\/v2\/product_brand?post=8837"},{"taxonomy":"product_cat","embeddable":true,"href":"https:\/\/antijellyfishpool.com\/fr\/wp-json\/wp\/v2\/product_cat?post=8837"},{"taxonomy":"product_tag","embeddable":true,"href":"https:\/\/antijellyfishpool.com\/fr\/wp-json\/wp\/v2\/product_tag?post=8837"}],"curies":[{"name":"wp","href":"https:\/\/api.w.org\/{rel}","templated":true}]}}