{"id":8828,"date":"2018-03-07T09:34:02","date_gmt":"2025-02-28T17:29:28","guid":{"rendered":"https:\/\/antijellyfishpool.com\/?post_type=product&#038;p=8828"},"modified":"2025-02-28T17:29:29","modified_gmt":"2025-02-28T17:29:29","slug":"toboggan-gonflable-bateau-2metre","status":"publish","type":"product","link":"https:\/\/antijellyfishpool.com\/fr\/produit\/toboggan-gonflable-bateau-2metre\/","title":{"rendered":"Toboggan Gonflable Bateau 2metre"},"content":{"rendered":"","protected":false},"excerpt":{"rendered":"<p>Pour s&rsquo;amuser \u00e0 bord, lorsque le bateau est ancr\u00e9, le toboggan aquatique est parfait pour les enfants et, pourquoi pas, pour les adultes aussi&#8230; \u00c0 installer sur la plateforme arri\u00e8re. Profitez du toboggan de bateau, disponible en plusieurs tailles pour s&rsquo;adapter \u00e0 vos besoins.<\/p>\n<p>Petit toboggan de bateau : hauteur 1,5 m x 1,2 x 3 m de longueur<br \/>\n<strong>Moyen toboggan de bateau : hauteur 2 m x 1,2 x 5 m de longueur<\/strong><\/p>\n","protected":false},"featured_media":9304,"template":"","meta":[],"product_brand":[],"product_cat":[169,159],"product_tag":[],"class_list":{"0":"post-8828","1":"product","2":"type-product","3":"status-publish","4":"has-post-thumbnail","6":"product_cat-superyacht-inflatables-fr","7":"product_cat-toboggan-gonflable-bateau","9":"first","10":"instock","11":"sale","12":"taxable","13":"shipping-taxable","14":"purchasable","15":"product-type-simple"},"yoast_head":"<!-- This site is optimized with the Yoast SEO plugin v26.6 - https:\/\/yoast.com\/wordpress\/plugins\/seo\/ -->\n<title>Toboggan Gonflable Bateau 2metre - antijellyfishpool.com<\/title>\n<meta name=\"description\" content=\"Toboggan Gonflable Bateau 2metre - antijellyfishpool.com - Cliquez ici pour voir tous nos toboggans gonflables pour bateau.\" \/>\n<meta name=\"robots\" content=\"index, follow, max-snippet:-1, max-image-preview:large, max-video-preview:-1\" \/>\n<link rel=\"canonical\" href=\"https:\/\/antijellyfishpool.com\/fr\/produit\/toboggan-gonflable-bateau-2metre\/\" \/>\n<meta property=\"og:locale\" content=\"fr_FR\" \/>\n<meta property=\"og:type\" content=\"article\" \/>\n<meta property=\"og:title\" content=\"Toboggan Gonflable Bateau 2metre - antijellyfishpool.com\" \/>\n<meta property=\"og:description\" content=\"Toboggan Gonflable Bateau 2metre - antijellyfishpool.com - Cliquez ici pour voir tous nos toboggans gonflables pour bateau.\" \/>\n<meta property=\"og:url\" content=\"https:\/\/antijellyfishpool.com\/fr\/produit\/toboggan-gonflable-bateau-2metre\/\" \/>\n<meta property=\"og:site_name\" content=\"antijellyfishpool.com\" \/>\n<meta property=\"article:modified_time\" content=\"2025-02-28T17:29:29+00:00\" \/>\n<meta property=\"og:image\" content=\"https:\/\/antijellyfishpool.com\/wp-content\/uploads\/2025\/03\/inflatable-boat-slide-2-metres.webp\" \/>\n\t<meta property=\"og:image:width\" content=\"800\" \/>\n\t<meta property=\"og:image:height\" content=\"800\" \/>\n\t<meta property=\"og:image:type\" content=\"image\/webp\" \/>\n<meta name=\"twitter:card\" content=\"summary_large_image\" \/>\n<script type=\"application\/ld+json\" class=\"yoast-schema-graph\">{\"@context\":\"https:\/\/schema.org\",\"@graph\":[{\"@type\":\"WebPage\",\"@id\":\"https:\/\/antijellyfishpool.com\/fr\/produit\/toboggan-gonflable-bateau-2metre\/\",\"url\":\"https:\/\/antijellyfishpool.com\/fr\/produit\/toboggan-gonflable-bateau-2metre\/\",\"name\":\"Toboggan Gonflable Bateau 2metre - antijellyfishpool.com\",\"isPartOf\":{\"@id\":\"https:\/\/antijellyfishpool.com\/#website\"},\"primaryImageOfPage\":{\"@id\":\"https:\/\/antijellyfishpool.com\/fr\/produit\/toboggan-gonflable-bateau-2metre\/#primaryimage\"},\"image\":{\"@id\":\"https:\/\/antijellyfishpool.com\/fr\/produit\/toboggan-gonflable-bateau-2metre\/#primaryimage\"},\"thumbnailUrl\":\"https:\/\/antijellyfishpool.com\/wp-content\/uploads\/2025\/03\/inflatable-boat-slide-2-metres.webp\",\"datePublished\":\"2025-02-28T17:29:28+00:00\",\"dateModified\":\"2025-02-28T17:29:29+00:00\",\"description\":\"Toboggan Gonflable Bateau 2metre - antijellyfishpool.com - Cliquez ici pour voir tous nos toboggans gonflables pour bateau.\",\"breadcrumb\":{\"@id\":\"https:\/\/antijellyfishpool.com\/fr\/produit\/toboggan-gonflable-bateau-2metre\/#breadcrumb\"},\"inLanguage\":\"fr-FR\",\"potentialAction\":[{\"@type\":\"ReadAction\",\"target\":[\"https:\/\/antijellyfishpool.com\/fr\/produit\/toboggan-gonflable-bateau-2metre\/\"]}]},{\"@type\":\"ImageObject\",\"inLanguage\":\"fr-FR\",\"@id\":\"https:\/\/antijellyfishpool.com\/fr\/produit\/toboggan-gonflable-bateau-2metre\/#primaryimage\",\"url\":\"https:\/\/antijellyfishpool.com\/wp-content\/uploads\/2025\/03\/inflatable-boat-slide-2-metres.webp\",\"contentUrl\":\"https:\/\/antijellyfishpool.com\/wp-content\/uploads\/2025\/03\/inflatable-boat-slide-2-metres.webp\",\"width\":800,\"height\":800},{\"@type\":\"BreadcrumbList\",\"@id\":\"https:\/\/antijellyfishpool.com\/fr\/produit\/toboggan-gonflable-bateau-2metre\/#breadcrumb\",\"itemListElement\":[{\"@type\":\"ListItem\",\"position\":1,\"name\":\"Home\",\"item\":\"https:\/\/antijellyfishpool.com\/\"},{\"@type\":\"ListItem\",\"position\":2,\"name\":\"AntiJellyFishPool.com: Water Sport, Water Toys &#038; Boat Equipment\",\"item\":\"https:\/\/antijellyfishpool.com\/\"},{\"@type\":\"ListItem\",\"position\":3,\"name\":\"Toboggan Gonflable Bateau 2metre\"}]},{\"@type\":\"WebSite\",\"@id\":\"https:\/\/antijellyfishpool.com\/#website\",\"url\":\"https:\/\/antijellyfishpool.com\/\",\"name\":\"antijellyfishpool.com\",\"description\":\"The best jellyfish protection pool system for boats\",\"potentialAction\":[{\"@type\":\"SearchAction\",\"target\":{\"@type\":\"EntryPoint\",\"urlTemplate\":\"https:\/\/antijellyfishpool.com\/?s={search_term_string}\"},\"query-input\":{\"@type\":\"PropertyValueSpecification\",\"valueRequired\":true,\"valueName\":\"search_term_string\"}}],\"inLanguage\":\"fr-FR\"}]}<\/script>\n<!-- \/ Yoast SEO plugin. -->","yoast_head_json":{"title":"Toboggan Gonflable Bateau 2metre - antijellyfishpool.com","description":"Toboggan Gonflable Bateau 2metre - antijellyfishpool.com - Cliquez ici pour voir tous nos toboggans gonflables pour bateau.","robots":{"index":"index","follow":"follow","max-snippet":"max-snippet:-1","max-image-preview":"max-image-preview:large","max-video-preview":"max-video-preview:-1"},"canonical":"https:\/\/antijellyfishpool.com\/fr\/produit\/toboggan-gonflable-bateau-2metre\/","og_locale":"fr_FR","og_type":"article","og_title":"Toboggan Gonflable Bateau 2metre - antijellyfishpool.com","og_description":"Toboggan Gonflable Bateau 2metre - antijellyfishpool.com - Cliquez ici pour voir tous nos toboggans gonflables pour bateau.","og_url":"https:\/\/antijellyfishpool.com\/fr\/produit\/toboggan-gonflable-bateau-2metre\/","og_site_name":"antijellyfishpool.com","article_modified_time":"2025-02-28T17:29:29+00:00","og_image":[{"width":800,"height":800,"url":"https:\/\/antijellyfishpool.com\/wp-content\/uploads\/2025\/03\/inflatable-boat-slide-2-metres.webp","type":"image\/webp"}],"twitter_card":"summary_large_image","schema":{"@context":"https:\/\/schema.org","@graph":[{"@type":"WebPage","@id":"https:\/\/antijellyfishpool.com\/fr\/produit\/toboggan-gonflable-bateau-2metre\/","url":"https:\/\/antijellyfishpool.com\/fr\/produit\/toboggan-gonflable-bateau-2metre\/","name":"Toboggan Gonflable Bateau 2metre - antijellyfishpool.com","isPartOf":{"@id":"https:\/\/antijellyfishpool.com\/#website"},"primaryImageOfPage":{"@id":"https:\/\/antijellyfishpool.com\/fr\/produit\/toboggan-gonflable-bateau-2metre\/#primaryimage"},"image":{"@id":"https:\/\/antijellyfishpool.com\/fr\/produit\/toboggan-gonflable-bateau-2metre\/#primaryimage"},"thumbnailUrl":"https:\/\/antijellyfishpool.com\/wp-content\/uploads\/2025\/03\/inflatable-boat-slide-2-metres.webp","datePublished":"2025-02-28T17:29:28+00:00","dateModified":"2025-02-28T17:29:29+00:00","description":"Toboggan Gonflable Bateau 2metre - antijellyfishpool.com - Cliquez ici pour voir tous nos toboggans gonflables pour bateau.","breadcrumb":{"@id":"https:\/\/antijellyfishpool.com\/fr\/produit\/toboggan-gonflable-bateau-2metre\/#breadcrumb"},"inLanguage":"fr-FR","potentialAction":[{"@type":"ReadAction","target":["https:\/\/antijellyfishpool.com\/fr\/produit\/toboggan-gonflable-bateau-2metre\/"]}]},{"@type":"ImageObject","inLanguage":"fr-FR","@id":"https:\/\/antijellyfishpool.com\/fr\/produit\/toboggan-gonflable-bateau-2metre\/#primaryimage","url":"https:\/\/antijellyfishpool.com\/wp-content\/uploads\/2025\/03\/inflatable-boat-slide-2-metres.webp","contentUrl":"https:\/\/antijellyfishpool.com\/wp-content\/uploads\/2025\/03\/inflatable-boat-slide-2-metres.webp","width":800,"height":800},{"@type":"BreadcrumbList","@id":"https:\/\/antijellyfishpool.com\/fr\/produit\/toboggan-gonflable-bateau-2metre\/#breadcrumb","itemListElement":[{"@type":"ListItem","position":1,"name":"Home","item":"https:\/\/antijellyfishpool.com\/"},{"@type":"ListItem","position":2,"name":"AntiJellyFishPool.com: Water Sport, Water Toys &#038; Boat Equipment","item":"https:\/\/antijellyfishpool.com\/"},{"@type":"ListItem","position":3,"name":"Toboggan Gonflable Bateau 2metre"}]},{"@type":"WebSite","@id":"https:\/\/antijellyfishpool.com\/#website","url":"https:\/\/antijellyfishpool.com\/","name":"antijellyfishpool.com","description":"The best jellyfish protection pool system for boats","potentialAction":[{"@type":"SearchAction","target":{"@type":"EntryPoint","urlTemplate":"https:\/\/antijellyfishpool.com\/?s={search_term_string}"},"query-input":{"@type":"PropertyValueSpecification","valueRequired":true,"valueName":"search_term_string"}}],"inLanguage":"fr-FR"}]}},"_links":{"self":[{"href":"https:\/\/antijellyfishpool.com\/fr\/wp-json\/wp\/v2\/product\/8828","targetHints":{"allow":["GET"]}}],"collection":[{"href":"https:\/\/antijellyfishpool.com\/fr\/wp-json\/wp\/v2\/product"}],"about":[{"href":"https:\/\/antijellyfishpool.com\/fr\/wp-json\/wp\/v2\/types\/product"}],"wp:featuredmedia":[{"embeddable":true,"href":"https:\/\/antijellyfishpool.com\/fr\/wp-json\/wp\/v2\/media\/9304"}],"wp:attachment":[{"href":"https:\/\/antijellyfishpool.com\/fr\/wp-json\/wp\/v2\/media?parent=8828"}],"wp:term":[{"taxonomy":"product_brand","embeddable":true,"href":"https:\/\/antijellyfishpool.com\/fr\/wp-json\/wp\/v2\/product_brand?post=8828"},{"taxonomy":"product_cat","embeddable":true,"href":"https:\/\/antijellyfishpool.com\/fr\/wp-json\/wp\/v2\/product_cat?post=8828"},{"taxonomy":"product_tag","embeddable":true,"href":"https:\/\/antijellyfishpool.com\/fr\/wp-json\/wp\/v2\/product_tag?post=8828"}],"curies":[{"name":"wp","href":"https:\/\/api.w.org\/{rel}","templated":true}]}}