{"id":8815,"date":"2019-01-04T18:13:19","date_gmt":"2025-02-28T17:24:35","guid":{"rendered":"https:\/\/antijellyfishpool.com\/?post_type=product&#038;p=8815"},"modified":"2025-03-05T10:16:24","modified_gmt":"2025-03-05T10:16:24","slug":"ibiza-set-piscine-anti-meduse-5-x-4m-et-plateforme-gonflable-4-x-2m","status":"publish","type":"product","link":"https:\/\/antijellyfishpool.com\/fr\/produit\/ibiza-set-piscine-anti-meduse-5-x-4m-et-plateforme-gonflable-4-x-2m\/","title":{"rendered":"IBIZA SET &#8211; Piscine Anti Meduse 5 x 4m et Plateforme Gonflable 4 x 2m"},"content":{"rendered":"","protected":false},"excerpt":{"rendered":"<p>Le syst\u00e8me d&rsquo;extension ultime pour votre bateau : avec la plage flottante + la piscine anti-m\u00e9duse, c&rsquo;est la mani\u00e8re facile d&rsquo;amener l&rsquo;espace de plaisir aquatique de votre bateau au niveau sup\u00e9rieur. Ce syst\u00e8me fonctionne comme une plage flottante et comme une extension de la plateforme du bateau avec une piscine \u00e0 l&rsquo;extr\u00e9mit\u00e9. Votre bateau devient 5 m\u00e8tres plus long et peut \u00eatre utilis\u00e9 comme station de docking pour des jetskis et des annexes.<\/p>\n<p><strong>DIMENSIONS DE LA PLAGE FLOTTANTE : 4 m\u00e8tres x 2 m\u00e8tres x 0,24 m = 8 m2<\/strong><\/p>\n<p><strong>PISCINES ANTI-M\u00c9DUSE : piscines IBIZA et MALLORCA compatibles.<\/strong><\/p>\n<p><strong>DIMENSIONS ENROUL\u00c9ES<\/strong> : 56 cm x 26 cm environ.<\/p>\n<p><strong>POIDS<\/strong> : 26 kg \u2013 Poids maximum support\u00e9 : 400 kg<\/p>\n<p><strong>TEMPS DE GONFLAGE \u2013 D\u00c9GONFLAGE<\/strong> : environ 3 minutes avec une pompe \u00e9lectrique.<\/p>\n","protected":false},"featured_media":8717,"template":"","meta":[],"product_brand":[],"product_cat":[153,155,165],"product_tag":[],"class_list":{"0":"post-8815","1":"product","2":"type-product","3":"status-publish","4":"has-post-thumbnail","6":"product_cat-acheter-de-l-equipement-de-bateau","7":"product_cat-home-fr","8":"product_cat-lot-piscine-anti-meduse-plateforme-gonflable","10":"first","11":"instock","12":"taxable","13":"shipping-taxable","14":"purchasable","15":"product-type-simple"},"yoast_head":"<!-- This site is optimized with the Yoast SEO plugin v26.6 - https:\/\/yoast.com\/wordpress\/plugins\/seo\/ -->\n<title>IBIZA SET - Piscine Anti Meduse 5 x 4m et Plateforme Gonflable 4 x 2m - antijellyfishpool.com<\/title>\n<meta name=\"description\" content=\"IBIZA SET - Piscine Anti Meduse 5 x 4m et Plateforme Gonflable 4 x 2m - antijellyfishpool.com - Cliquez ici pour voir tous nos Sets.\" \/>\n<meta name=\"robots\" content=\"index, follow, max-snippet:-1, max-image-preview:large, max-video-preview:-1\" \/>\n<link rel=\"canonical\" href=\"https:\/\/antijellyfishpool.com\/fr\/produit\/ibiza-set-piscine-anti-meduse-5-x-4m-et-plateforme-gonflable-4-x-2m\/\" \/>\n<meta property=\"og:locale\" content=\"fr_FR\" \/>\n<meta property=\"og:type\" content=\"article\" \/>\n<meta property=\"og:title\" content=\"IBIZA SET - Piscine Anti Meduse 5 x 4m et Plateforme Gonflable 4 x 2m - antijellyfishpool.com\" \/>\n<meta property=\"og:description\" content=\"IBIZA SET - Piscine Anti Meduse 5 x 4m et Plateforme Gonflable 4 x 2m - antijellyfishpool.com - Cliquez ici pour voir tous nos Sets.\" \/>\n<meta property=\"og:url\" content=\"https:\/\/antijellyfishpool.com\/fr\/produit\/ibiza-set-piscine-anti-meduse-5-x-4m-et-plateforme-gonflable-4-x-2m\/\" \/>\n<meta property=\"og:site_name\" content=\"antijellyfishpool.com\" \/>\n<meta property=\"article:modified_time\" content=\"2025-03-05T10:16:24+00:00\" \/>\n<meta property=\"og:image\" content=\"https:\/\/antijellyfishpool.com\/wp-content\/uploads\/2021\/01\/catalogo.jpg\" \/>\n\t<meta property=\"og:image:width\" content=\"800\" \/>\n\t<meta property=\"og:image:height\" content=\"450\" \/>\n\t<meta property=\"og:image:type\" content=\"image\/jpeg\" \/>\n<meta name=\"twitter:card\" content=\"summary_large_image\" \/>\n<meta name=\"twitter:label1\" content=\"Dur\u00e9e de lecture estim\u00e9e\" \/>\n\t<meta name=\"twitter:data1\" content=\"1 minute\" \/>\n<script type=\"application\/ld+json\" class=\"yoast-schema-graph\">{\"@context\":\"https:\/\/schema.org\",\"@graph\":[{\"@type\":\"WebPage\",\"@id\":\"https:\/\/antijellyfishpool.com\/fr\/produit\/ibiza-set-piscine-anti-meduse-5-x-4m-et-plateforme-gonflable-4-x-2m\/\",\"url\":\"https:\/\/antijellyfishpool.com\/fr\/produit\/ibiza-set-piscine-anti-meduse-5-x-4m-et-plateforme-gonflable-4-x-2m\/\",\"name\":\"IBIZA SET - Piscine Anti Meduse 5 x 4m et Plateforme Gonflable 4 x 2m - antijellyfishpool.com\",\"isPartOf\":{\"@id\":\"https:\/\/antijellyfishpool.com\/#website\"},\"primaryImageOfPage\":{\"@id\":\"https:\/\/antijellyfishpool.com\/fr\/produit\/ibiza-set-piscine-anti-meduse-5-x-4m-et-plateforme-gonflable-4-x-2m\/#primaryimage\"},\"image\":{\"@id\":\"https:\/\/antijellyfishpool.com\/fr\/produit\/ibiza-set-piscine-anti-meduse-5-x-4m-et-plateforme-gonflable-4-x-2m\/#primaryimage\"},\"thumbnailUrl\":\"https:\/\/antijellyfishpool.com\/wp-content\/uploads\/2021\/01\/catalogo.jpg\",\"datePublished\":\"2025-02-28T17:24:35+00:00\",\"dateModified\":\"2025-03-05T10:16:24+00:00\",\"description\":\"IBIZA SET - Piscine Anti Meduse 5 x 4m et Plateforme Gonflable 4 x 2m - antijellyfishpool.com - Cliquez ici pour voir tous nos Sets.\",\"breadcrumb\":{\"@id\":\"https:\/\/antijellyfishpool.com\/fr\/produit\/ibiza-set-piscine-anti-meduse-5-x-4m-et-plateforme-gonflable-4-x-2m\/#breadcrumb\"},\"inLanguage\":\"fr-FR\",\"potentialAction\":[{\"@type\":\"ReadAction\",\"target\":[\"https:\/\/antijellyfishpool.com\/fr\/produit\/ibiza-set-piscine-anti-meduse-5-x-4m-et-plateforme-gonflable-4-x-2m\/\"]}]},{\"@type\":\"ImageObject\",\"inLanguage\":\"fr-FR\",\"@id\":\"https:\/\/antijellyfishpool.com\/fr\/produit\/ibiza-set-piscine-anti-meduse-5-x-4m-et-plateforme-gonflable-4-x-2m\/#primaryimage\",\"url\":\"https:\/\/antijellyfishpool.com\/wp-content\/uploads\/2021\/01\/catalogo.jpg\",\"contentUrl\":\"https:\/\/antijellyfishpool.com\/wp-content\/uploads\/2021\/01\/catalogo.jpg\",\"width\":800,\"height\":450,\"caption\":\"catalogo\"},{\"@type\":\"BreadcrumbList\",\"@id\":\"https:\/\/antijellyfishpool.com\/fr\/produit\/ibiza-set-piscine-anti-meduse-5-x-4m-et-plateforme-gonflable-4-x-2m\/#breadcrumb\",\"itemListElement\":[{\"@type\":\"ListItem\",\"position\":1,\"name\":\"Home\",\"item\":\"https:\/\/antijellyfishpool.com\/\"},{\"@type\":\"ListItem\",\"position\":2,\"name\":\"AntiJellyFishPool.com: Water Sport, Water Toys &#038; Boat Equipment\",\"item\":\"https:\/\/antijellyfishpool.com\/\"},{\"@type\":\"ListItem\",\"position\":3,\"name\":\"IBIZA SET &#8211; Piscine Anti Meduse 5 x 4m et Plateforme Gonflable 4 x 2m\"}]},{\"@type\":\"WebSite\",\"@id\":\"https:\/\/antijellyfishpool.com\/#website\",\"url\":\"https:\/\/antijellyfishpool.com\/\",\"name\":\"antijellyfishpool.com\",\"description\":\"The best jellyfish protection pool system for boats\",\"potentialAction\":[{\"@type\":\"SearchAction\",\"target\":{\"@type\":\"EntryPoint\",\"urlTemplate\":\"https:\/\/antijellyfishpool.com\/?s={search_term_string}\"},\"query-input\":{\"@type\":\"PropertyValueSpecification\",\"valueRequired\":true,\"valueName\":\"search_term_string\"}}],\"inLanguage\":\"fr-FR\"}]}<\/script>\n<!-- \/ Yoast SEO plugin. -->","yoast_head_json":{"title":"IBIZA SET - Piscine Anti Meduse 5 x 4m et Plateforme Gonflable 4 x 2m - antijellyfishpool.com","description":"IBIZA SET - Piscine Anti Meduse 5 x 4m et Plateforme Gonflable 4 x 2m - antijellyfishpool.com - Cliquez ici pour voir tous nos Sets.","robots":{"index":"index","follow":"follow","max-snippet":"max-snippet:-1","max-image-preview":"max-image-preview:large","max-video-preview":"max-video-preview:-1"},"canonical":"https:\/\/antijellyfishpool.com\/fr\/produit\/ibiza-set-piscine-anti-meduse-5-x-4m-et-plateforme-gonflable-4-x-2m\/","og_locale":"fr_FR","og_type":"article","og_title":"IBIZA SET - Piscine Anti Meduse 5 x 4m et Plateforme Gonflable 4 x 2m - antijellyfishpool.com","og_description":"IBIZA SET - Piscine Anti Meduse 5 x 4m et Plateforme Gonflable 4 x 2m - antijellyfishpool.com - Cliquez ici pour voir tous nos Sets.","og_url":"https:\/\/antijellyfishpool.com\/fr\/produit\/ibiza-set-piscine-anti-meduse-5-x-4m-et-plateforme-gonflable-4-x-2m\/","og_site_name":"antijellyfishpool.com","article_modified_time":"2025-03-05T10:16:24+00:00","og_image":[{"width":800,"height":450,"url":"https:\/\/antijellyfishpool.com\/wp-content\/uploads\/2021\/01\/catalogo.jpg","type":"image\/jpeg"}],"twitter_card":"summary_large_image","twitter_misc":{"Dur\u00e9e de lecture estim\u00e9e":"1 minute"},"schema":{"@context":"https:\/\/schema.org","@graph":[{"@type":"WebPage","@id":"https:\/\/antijellyfishpool.com\/fr\/produit\/ibiza-set-piscine-anti-meduse-5-x-4m-et-plateforme-gonflable-4-x-2m\/","url":"https:\/\/antijellyfishpool.com\/fr\/produit\/ibiza-set-piscine-anti-meduse-5-x-4m-et-plateforme-gonflable-4-x-2m\/","name":"IBIZA SET - Piscine Anti Meduse 5 x 4m et Plateforme Gonflable 4 x 2m - antijellyfishpool.com","isPartOf":{"@id":"https:\/\/antijellyfishpool.com\/#website"},"primaryImageOfPage":{"@id":"https:\/\/antijellyfishpool.com\/fr\/produit\/ibiza-set-piscine-anti-meduse-5-x-4m-et-plateforme-gonflable-4-x-2m\/#primaryimage"},"image":{"@id":"https:\/\/antijellyfishpool.com\/fr\/produit\/ibiza-set-piscine-anti-meduse-5-x-4m-et-plateforme-gonflable-4-x-2m\/#primaryimage"},"thumbnailUrl":"https:\/\/antijellyfishpool.com\/wp-content\/uploads\/2021\/01\/catalogo.jpg","datePublished":"2025-02-28T17:24:35+00:00","dateModified":"2025-03-05T10:16:24+00:00","description":"IBIZA SET - Piscine Anti Meduse 5 x 4m et Plateforme Gonflable 4 x 2m - antijellyfishpool.com - Cliquez ici pour voir tous nos Sets.","breadcrumb":{"@id":"https:\/\/antijellyfishpool.com\/fr\/produit\/ibiza-set-piscine-anti-meduse-5-x-4m-et-plateforme-gonflable-4-x-2m\/#breadcrumb"},"inLanguage":"fr-FR","potentialAction":[{"@type":"ReadAction","target":["https:\/\/antijellyfishpool.com\/fr\/produit\/ibiza-set-piscine-anti-meduse-5-x-4m-et-plateforme-gonflable-4-x-2m\/"]}]},{"@type":"ImageObject","inLanguage":"fr-FR","@id":"https:\/\/antijellyfishpool.com\/fr\/produit\/ibiza-set-piscine-anti-meduse-5-x-4m-et-plateforme-gonflable-4-x-2m\/#primaryimage","url":"https:\/\/antijellyfishpool.com\/wp-content\/uploads\/2021\/01\/catalogo.jpg","contentUrl":"https:\/\/antijellyfishpool.com\/wp-content\/uploads\/2021\/01\/catalogo.jpg","width":800,"height":450,"caption":"catalogo"},{"@type":"BreadcrumbList","@id":"https:\/\/antijellyfishpool.com\/fr\/produit\/ibiza-set-piscine-anti-meduse-5-x-4m-et-plateforme-gonflable-4-x-2m\/#breadcrumb","itemListElement":[{"@type":"ListItem","position":1,"name":"Home","item":"https:\/\/antijellyfishpool.com\/"},{"@type":"ListItem","position":2,"name":"AntiJellyFishPool.com: Water Sport, Water Toys &#038; Boat Equipment","item":"https:\/\/antijellyfishpool.com\/"},{"@type":"ListItem","position":3,"name":"IBIZA SET &#8211; Piscine Anti Meduse 5 x 4m et Plateforme Gonflable 4 x 2m"}]},{"@type":"WebSite","@id":"https:\/\/antijellyfishpool.com\/#website","url":"https:\/\/antijellyfishpool.com\/","name":"antijellyfishpool.com","description":"The best jellyfish protection pool system for boats","potentialAction":[{"@type":"SearchAction","target":{"@type":"EntryPoint","urlTemplate":"https:\/\/antijellyfishpool.com\/?s={search_term_string}"},"query-input":{"@type":"PropertyValueSpecification","valueRequired":true,"valueName":"search_term_string"}}],"inLanguage":"fr-FR"}]}},"_links":{"self":[{"href":"https:\/\/antijellyfishpool.com\/fr\/wp-json\/wp\/v2\/product\/8815","targetHints":{"allow":["GET"]}}],"collection":[{"href":"https:\/\/antijellyfishpool.com\/fr\/wp-json\/wp\/v2\/product"}],"about":[{"href":"https:\/\/antijellyfishpool.com\/fr\/wp-json\/wp\/v2\/types\/product"}],"wp:featuredmedia":[{"embeddable":true,"href":"https:\/\/antijellyfishpool.com\/fr\/wp-json\/wp\/v2\/media\/8717"}],"wp:attachment":[{"href":"https:\/\/antijellyfishpool.com\/fr\/wp-json\/wp\/v2\/media?parent=8815"}],"wp:term":[{"taxonomy":"product_brand","embeddable":true,"href":"https:\/\/antijellyfishpool.com\/fr\/wp-json\/wp\/v2\/product_brand?post=8815"},{"taxonomy":"product_cat","embeddable":true,"href":"https:\/\/antijellyfishpool.com\/fr\/wp-json\/wp\/v2\/product_cat?post=8815"},{"taxonomy":"product_tag","embeddable":true,"href":"https:\/\/antijellyfishpool.com\/fr\/wp-json\/wp\/v2\/product_tag?post=8815"}],"curies":[{"name":"wp","href":"https:\/\/api.w.org\/{rel}","templated":true}]}}