{"id":8785,"date":"2019-01-08T09:40:22","date_gmt":"2025-02-28T17:10:07","guid":{"rendered":"https:\/\/antijellyfishpool.com\/?post_type=product&#038;p=8785"},"modified":"2025-02-28T17:10:07","modified_gmt":"2025-02-28T17:10:07","slug":"plateforme-gonflable-3-x-2m-menorca","status":"publish","type":"product","link":"https:\/\/antijellyfishpool.com\/fr\/produit\/plateforme-gonflable-3-x-2m-menorca\/","title":{"rendered":"Plateforme Gonflable 3 x 2m MENORCA"},"content":{"rendered":"","protected":false},"excerpt":{"rendered":"<p>Le compl\u00e9ment id\u00e9al pour la piscine anti-m\u00e9duse est ce matelas flottant qui sert de plage flottante et d&rsquo;extension de la plateforme du bateau. La surface de la plateforme est plane et solide. Le pont dispose de quatre anneaux en D qui peuvent \u00eatre utilis\u00e9s pour attacher la piscine ou la plateforme de baignade du bateau. Parfait pour la piscine MENORCA.<\/p>\n<p><strong>DIMENSIONS<\/strong> : 3 m\u00e8tres x 2 m\u00e8tres x 0,24 m = 6 m2<\/p>\n<p><strong>DIMENSIONS ENROUL\u00c9ES<\/strong> : 58 cm x 35 cm x 30 environ.<\/p>\n<p><strong>POIDS<\/strong> : 19 kg \u2013 Poids maximum support\u00e9 : 350 kg<\/p>\n<p><strong>TEMPS DE GONFLAGE \u2013 D\u00c9GONFLAGE<\/strong> : moins de 3 minutes environ avec une pompe \u00e9lectrique.<\/p>\n","protected":false},"featured_media":8786,"template":"","meta":[],"product_brand":[],"product_cat":[153,155,157],"product_tag":[],"class_list":{"0":"post-8785","1":"product","2":"type-product","3":"status-publish","4":"has-post-thumbnail","6":"product_cat-acheter-de-l-equipement-de-bateau","7":"product_cat-home-fr","8":"product_cat-plateforme-gonflable","10":"first","11":"instock","12":"sale","13":"taxable","14":"shipping-taxable","15":"purchasable","16":"product-type-simple"},"yoast_head":"<!-- This site is optimized with the Yoast SEO plugin v26.6 - https:\/\/yoast.com\/wordpress\/plugins\/seo\/ -->\n<title>Plateforme Gonflable 3 x 2m MENORCA - antijellyfishpool.com<\/title>\n<meta name=\"description\" content=\"Plateforme Gonflable 3 x 2m MENORCA - antijellyfishpool.com - Cliquez ici pour voir toutes nos plateformes gonflables pour bateaux.\" \/>\n<meta name=\"robots\" content=\"index, follow, max-snippet:-1, max-image-preview:large, max-video-preview:-1\" \/>\n<link rel=\"canonical\" href=\"https:\/\/antijellyfishpool.com\/fr\/produit\/plateforme-gonflable-3-x-2m-menorca\/\" \/>\n<meta property=\"og:locale\" content=\"fr_FR\" \/>\n<meta property=\"og:type\" content=\"article\" \/>\n<meta property=\"og:title\" content=\"Plateforme Gonflable 3 x 2m MENORCA - antijellyfishpool.com\" \/>\n<meta property=\"og:description\" content=\"Plateforme Gonflable 3 x 2m MENORCA - antijellyfishpool.com - Cliquez ici pour voir toutes nos plateformes gonflables pour bateaux.\" \/>\n<meta property=\"og:url\" content=\"https:\/\/antijellyfishpool.com\/fr\/produit\/plateforme-gonflable-3-x-2m-menorca\/\" \/>\n<meta property=\"og:site_name\" content=\"antijellyfishpool.com\" \/>\n<meta property=\"og:image\" content=\"https:\/\/antijellyfishpool.com\/wp-content\/uploads\/2024\/10\/Plataforma-Hinchable-scaled-e1729940948568.webp\" \/>\n\t<meta property=\"og:image:width\" content=\"1200\" \/>\n\t<meta property=\"og:image:height\" content=\"800\" \/>\n\t<meta property=\"og:image:type\" content=\"image\/webp\" \/>\n<meta name=\"twitter:card\" content=\"summary_large_image\" \/>\n<script type=\"application\/ld+json\" class=\"yoast-schema-graph\">{\"@context\":\"https:\/\/schema.org\",\"@graph\":[{\"@type\":\"WebPage\",\"@id\":\"https:\/\/antijellyfishpool.com\/fr\/produit\/plateforme-gonflable-3-x-2m-menorca\/\",\"url\":\"https:\/\/antijellyfishpool.com\/fr\/produit\/plateforme-gonflable-3-x-2m-menorca\/\",\"name\":\"Plateforme Gonflable 3 x 2m MENORCA - antijellyfishpool.com\",\"isPartOf\":{\"@id\":\"https:\/\/antijellyfishpool.com\/#website\"},\"primaryImageOfPage\":{\"@id\":\"https:\/\/antijellyfishpool.com\/fr\/produit\/plateforme-gonflable-3-x-2m-menorca\/#primaryimage\"},\"image\":{\"@id\":\"https:\/\/antijellyfishpool.com\/fr\/produit\/plateforme-gonflable-3-x-2m-menorca\/#primaryimage\"},\"thumbnailUrl\":\"https:\/\/antijellyfishpool.com\/wp-content\/uploads\/2024\/10\/Plataforma-Hinchable-scaled-e1729940948568.webp\",\"datePublished\":\"2025-02-28T17:10:07+00:00\",\"description\":\"Plateforme Gonflable 3 x 2m MENORCA - antijellyfishpool.com - Cliquez ici pour voir toutes nos plateformes gonflables pour bateaux.\",\"breadcrumb\":{\"@id\":\"https:\/\/antijellyfishpool.com\/fr\/produit\/plateforme-gonflable-3-x-2m-menorca\/#breadcrumb\"},\"inLanguage\":\"fr-FR\",\"potentialAction\":[{\"@type\":\"ReadAction\",\"target\":[\"https:\/\/antijellyfishpool.com\/fr\/produit\/plateforme-gonflable-3-x-2m-menorca\/\"]}]},{\"@type\":\"ImageObject\",\"inLanguage\":\"fr-FR\",\"@id\":\"https:\/\/antijellyfishpool.com\/fr\/produit\/plateforme-gonflable-3-x-2m-menorca\/#primaryimage\",\"url\":\"https:\/\/antijellyfishpool.com\/wp-content\/uploads\/2024\/10\/Plataforma-Hinchable-scaled-e1729940948568.webp\",\"contentUrl\":\"https:\/\/antijellyfishpool.com\/wp-content\/uploads\/2024\/10\/Plataforma-Hinchable-scaled-e1729940948568.webp\",\"width\":1200,\"height\":800,\"caption\":\"Plataforma Hinchable\"},{\"@type\":\"BreadcrumbList\",\"@id\":\"https:\/\/antijellyfishpool.com\/fr\/produit\/plateforme-gonflable-3-x-2m-menorca\/#breadcrumb\",\"itemListElement\":[{\"@type\":\"ListItem\",\"position\":1,\"name\":\"Home\",\"item\":\"https:\/\/antijellyfishpool.com\/\"},{\"@type\":\"ListItem\",\"position\":2,\"name\":\"AntiJellyFishPool.com: Water Sport, Water Toys &#038; Boat Equipment\",\"item\":\"https:\/\/antijellyfishpool.com\/\"},{\"@type\":\"ListItem\",\"position\":3,\"name\":\"Plateforme Gonflable 3 x 2m MENORCA\"}]},{\"@type\":\"WebSite\",\"@id\":\"https:\/\/antijellyfishpool.com\/#website\",\"url\":\"https:\/\/antijellyfishpool.com\/\",\"name\":\"antijellyfishpool.com\",\"description\":\"The best jellyfish protection pool system for boats\",\"potentialAction\":[{\"@type\":\"SearchAction\",\"target\":{\"@type\":\"EntryPoint\",\"urlTemplate\":\"https:\/\/antijellyfishpool.com\/?s={search_term_string}\"},\"query-input\":{\"@type\":\"PropertyValueSpecification\",\"valueRequired\":true,\"valueName\":\"search_term_string\"}}],\"inLanguage\":\"fr-FR\"}]}<\/script>\n<!-- \/ Yoast SEO plugin. -->","yoast_head_json":{"title":"Plateforme Gonflable 3 x 2m MENORCA - antijellyfishpool.com","description":"Plateforme Gonflable 3 x 2m MENORCA - antijellyfishpool.com - Cliquez ici pour voir toutes nos plateformes gonflables pour bateaux.","robots":{"index":"index","follow":"follow","max-snippet":"max-snippet:-1","max-image-preview":"max-image-preview:large","max-video-preview":"max-video-preview:-1"},"canonical":"https:\/\/antijellyfishpool.com\/fr\/produit\/plateforme-gonflable-3-x-2m-menorca\/","og_locale":"fr_FR","og_type":"article","og_title":"Plateforme Gonflable 3 x 2m MENORCA - antijellyfishpool.com","og_description":"Plateforme Gonflable 3 x 2m MENORCA - antijellyfishpool.com - Cliquez ici pour voir toutes nos plateformes gonflables pour bateaux.","og_url":"https:\/\/antijellyfishpool.com\/fr\/produit\/plateforme-gonflable-3-x-2m-menorca\/","og_site_name":"antijellyfishpool.com","og_image":[{"width":1200,"height":800,"url":"https:\/\/antijellyfishpool.com\/wp-content\/uploads\/2024\/10\/Plataforma-Hinchable-scaled-e1729940948568.webp","type":"image\/webp"}],"twitter_card":"summary_large_image","schema":{"@context":"https:\/\/schema.org","@graph":[{"@type":"WebPage","@id":"https:\/\/antijellyfishpool.com\/fr\/produit\/plateforme-gonflable-3-x-2m-menorca\/","url":"https:\/\/antijellyfishpool.com\/fr\/produit\/plateforme-gonflable-3-x-2m-menorca\/","name":"Plateforme Gonflable 3 x 2m MENORCA - antijellyfishpool.com","isPartOf":{"@id":"https:\/\/antijellyfishpool.com\/#website"},"primaryImageOfPage":{"@id":"https:\/\/antijellyfishpool.com\/fr\/produit\/plateforme-gonflable-3-x-2m-menorca\/#primaryimage"},"image":{"@id":"https:\/\/antijellyfishpool.com\/fr\/produit\/plateforme-gonflable-3-x-2m-menorca\/#primaryimage"},"thumbnailUrl":"https:\/\/antijellyfishpool.com\/wp-content\/uploads\/2024\/10\/Plataforma-Hinchable-scaled-e1729940948568.webp","datePublished":"2025-02-28T17:10:07+00:00","description":"Plateforme Gonflable 3 x 2m MENORCA - antijellyfishpool.com - Cliquez ici pour voir toutes nos plateformes gonflables pour bateaux.","breadcrumb":{"@id":"https:\/\/antijellyfishpool.com\/fr\/produit\/plateforme-gonflable-3-x-2m-menorca\/#breadcrumb"},"inLanguage":"fr-FR","potentialAction":[{"@type":"ReadAction","target":["https:\/\/antijellyfishpool.com\/fr\/produit\/plateforme-gonflable-3-x-2m-menorca\/"]}]},{"@type":"ImageObject","inLanguage":"fr-FR","@id":"https:\/\/antijellyfishpool.com\/fr\/produit\/plateforme-gonflable-3-x-2m-menorca\/#primaryimage","url":"https:\/\/antijellyfishpool.com\/wp-content\/uploads\/2024\/10\/Plataforma-Hinchable-scaled-e1729940948568.webp","contentUrl":"https:\/\/antijellyfishpool.com\/wp-content\/uploads\/2024\/10\/Plataforma-Hinchable-scaled-e1729940948568.webp","width":1200,"height":800,"caption":"Plataforma Hinchable"},{"@type":"BreadcrumbList","@id":"https:\/\/antijellyfishpool.com\/fr\/produit\/plateforme-gonflable-3-x-2m-menorca\/#breadcrumb","itemListElement":[{"@type":"ListItem","position":1,"name":"Home","item":"https:\/\/antijellyfishpool.com\/"},{"@type":"ListItem","position":2,"name":"AntiJellyFishPool.com: Water Sport, Water Toys &#038; Boat Equipment","item":"https:\/\/antijellyfishpool.com\/"},{"@type":"ListItem","position":3,"name":"Plateforme Gonflable 3 x 2m MENORCA"}]},{"@type":"WebSite","@id":"https:\/\/antijellyfishpool.com\/#website","url":"https:\/\/antijellyfishpool.com\/","name":"antijellyfishpool.com","description":"The best jellyfish protection pool system for boats","potentialAction":[{"@type":"SearchAction","target":{"@type":"EntryPoint","urlTemplate":"https:\/\/antijellyfishpool.com\/?s={search_term_string}"},"query-input":{"@type":"PropertyValueSpecification","valueRequired":true,"valueName":"search_term_string"}}],"inLanguage":"fr-FR"}]}},"_links":{"self":[{"href":"https:\/\/antijellyfishpool.com\/fr\/wp-json\/wp\/v2\/product\/8785","targetHints":{"allow":["GET"]}}],"collection":[{"href":"https:\/\/antijellyfishpool.com\/fr\/wp-json\/wp\/v2\/product"}],"about":[{"href":"https:\/\/antijellyfishpool.com\/fr\/wp-json\/wp\/v2\/types\/product"}],"wp:featuredmedia":[{"embeddable":true,"href":"https:\/\/antijellyfishpool.com\/fr\/wp-json\/wp\/v2\/media\/8786"}],"wp:attachment":[{"href":"https:\/\/antijellyfishpool.com\/fr\/wp-json\/wp\/v2\/media?parent=8785"}],"wp:term":[{"taxonomy":"product_brand","embeddable":true,"href":"https:\/\/antijellyfishpool.com\/fr\/wp-json\/wp\/v2\/product_brand?post=8785"},{"taxonomy":"product_cat","embeddable":true,"href":"https:\/\/antijellyfishpool.com\/fr\/wp-json\/wp\/v2\/product_cat?post=8785"},{"taxonomy":"product_tag","embeddable":true,"href":"https:\/\/antijellyfishpool.com\/fr\/wp-json\/wp\/v2\/product_tag?post=8785"}],"curies":[{"name":"wp","href":"https:\/\/api.w.org\/{rel}","templated":true}]}}