{"id":8778,"date":"2019-01-08T15:43:01","date_gmt":"2025-02-28T17:06:40","guid":{"rendered":"https:\/\/antijellyfishpool.com\/?post_type=product&#038;p=8778"},"modified":"2025-02-28T17:06:40","modified_gmt":"2025-02-28T17:06:40","slug":"piscine-anti-meduse-6-x-5m-dino","status":"publish","type":"product","link":"https:\/\/antijellyfishpool.com\/fr\/produit\/piscine-anti-meduse-6-x-5m-dino\/","title":{"rendered":"Piscine Anti Meduse 6 x 5m DINO"},"content":{"rendered":"","protected":false},"excerpt":{"rendered":"<p>Notre piscine gonflable avec protection totale contre les m\u00e9duses est le syst\u00e8me de protection contre les m\u00e9duses le plus complet, s\u00fbr et durable. Notre piscine oc\u00e9an gonflable est durable, l\u00e9g\u00e8re et portable. La piscine est une aire de jeux s\u00fbre pour les enfants et l&rsquo;endroit parfait pour se d\u00e9tendre sur le matelas flottant gonflable.<\/p>\n<p><strong>COULEUR STANDARD : ORANGE<\/strong><\/p>\n<p>DIMENSIONS : 6 m\u00e8tres x 5 m\u00e8tres, avec une superficie de 30 m2 et une profondeur de 2,20 m, adapt\u00e9e aux super yachts et yachts de plus de 28 m de longueur.<\/p>\n<p>POIDS : 18 kg<\/p>\n<p><strong>1 minute<\/strong> : Moins de 2 minutes avec gonflage \u00e0 la pompe \u00e9lectrique.<\/p>\n<p><strong>4 minutes<\/strong> : D\u00e9gonfl\u00e9e en moins de 4 minutes.<\/p>\n<p><strong>2 minutes<\/strong> : Pli\u00e9e en moins de 2 minutes.<\/p>\n<p><strong>PRODUIT BREVET\u00c9 <\/strong><br \/>\n<strong>N\u00ba : ES 1238997U<\/strong><\/p>\n<p><strong>#MadeInSpain<\/strong><\/p>\n","protected":false},"featured_media":8739,"template":"","meta":[],"product_brand":[],"product_cat":[153,155,152,169],"product_tag":[],"class_list":{"0":"post-8778","1":"product","2":"type-product","3":"status-publish","4":"has-post-thumbnail","6":"product_cat-acheter-de-l-equipement-de-bateau","7":"product_cat-home-fr","8":"product_cat-piscine-anti-meduse","9":"product_cat-superyacht-inflatables-fr","11":"first","12":"instock","13":"taxable","14":"shipping-taxable","15":"purchasable","16":"product-type-simple"},"yoast_head":"<!-- This site is optimized with the Yoast SEO plugin v26.6 - https:\/\/yoast.com\/wordpress\/plugins\/seo\/ -->\n<title>Piscine Anti Meduse 6 x 5m DINO - antijellyfishpool.com<\/title>\n<meta name=\"description\" content=\"Piscine Anti Meduse 6 x 5m DINO - antijellyfishpool.com - Cliquez ici pour voir toutes nos piscines anti-m\u00e9duse. Couleurs Orange et Blanche disponibles.\" \/>\n<meta name=\"robots\" content=\"index, follow, max-snippet:-1, max-image-preview:large, max-video-preview:-1\" \/>\n<link rel=\"canonical\" href=\"https:\/\/antijellyfishpool.com\/fr\/produit\/piscine-anti-meduse-6-x-5m-dino\/\" \/>\n<meta property=\"og:locale\" content=\"fr_FR\" \/>\n<meta property=\"og:type\" content=\"article\" \/>\n<meta property=\"og:title\" content=\"Piscine Anti Meduse 6 x 5m DINO - antijellyfishpool.com\" \/>\n<meta property=\"og:description\" content=\"Piscine Anti Meduse 6 x 5m DINO - antijellyfishpool.com - Cliquez ici pour voir toutes nos piscines anti-m\u00e9duse. Couleurs Orange et Blanche disponibles.\" \/>\n<meta property=\"og:url\" content=\"https:\/\/antijellyfishpool.com\/fr\/produit\/piscine-anti-meduse-6-x-5m-dino\/\" \/>\n<meta property=\"og:site_name\" content=\"antijellyfishpool.com\" \/>\n<meta property=\"og:image\" content=\"https:\/\/antijellyfishpool.com\/wp-content\/uploads\/2020\/04\/SEMAYA.jpg\" \/>\n\t<meta property=\"og:image:width\" content=\"800\" \/>\n\t<meta property=\"og:image:height\" content=\"449\" \/>\n\t<meta property=\"og:image:type\" content=\"image\/jpeg\" \/>\n<meta name=\"twitter:card\" content=\"summary_large_image\" \/>\n<script type=\"application\/ld+json\" class=\"yoast-schema-graph\">{\"@context\":\"https:\/\/schema.org\",\"@graph\":[{\"@type\":\"WebPage\",\"@id\":\"https:\/\/antijellyfishpool.com\/fr\/produit\/piscine-anti-meduse-6-x-5m-dino\/\",\"url\":\"https:\/\/antijellyfishpool.com\/fr\/produit\/piscine-anti-meduse-6-x-5m-dino\/\",\"name\":\"Piscine Anti Meduse 6 x 5m DINO - antijellyfishpool.com\",\"isPartOf\":{\"@id\":\"https:\/\/antijellyfishpool.com\/#website\"},\"primaryImageOfPage\":{\"@id\":\"https:\/\/antijellyfishpool.com\/fr\/produit\/piscine-anti-meduse-6-x-5m-dino\/#primaryimage\"},\"image\":{\"@id\":\"https:\/\/antijellyfishpool.com\/fr\/produit\/piscine-anti-meduse-6-x-5m-dino\/#primaryimage\"},\"thumbnailUrl\":\"https:\/\/antijellyfishpool.com\/wp-content\/uploads\/2020\/04\/SEMAYA.jpg\",\"datePublished\":\"2025-02-28T17:06:40+00:00\",\"description\":\"Piscine Anti Meduse 6 x 5m DINO - antijellyfishpool.com - Cliquez ici pour voir toutes nos piscines anti-m\u00e9duse. Couleurs Orange et Blanche disponibles.\",\"breadcrumb\":{\"@id\":\"https:\/\/antijellyfishpool.com\/fr\/produit\/piscine-anti-meduse-6-x-5m-dino\/#breadcrumb\"},\"inLanguage\":\"fr-FR\",\"potentialAction\":[{\"@type\":\"ReadAction\",\"target\":[\"https:\/\/antijellyfishpool.com\/fr\/produit\/piscine-anti-meduse-6-x-5m-dino\/\"]}]},{\"@type\":\"ImageObject\",\"inLanguage\":\"fr-FR\",\"@id\":\"https:\/\/antijellyfishpool.com\/fr\/produit\/piscine-anti-meduse-6-x-5m-dino\/#primaryimage\",\"url\":\"https:\/\/antijellyfishpool.com\/wp-content\/uploads\/2020\/04\/SEMAYA.jpg\",\"contentUrl\":\"https:\/\/antijellyfishpool.com\/wp-content\/uploads\/2020\/04\/SEMAYA.jpg\",\"width\":800,\"height\":449,\"caption\":\"SEMAYA\"},{\"@type\":\"BreadcrumbList\",\"@id\":\"https:\/\/antijellyfishpool.com\/fr\/produit\/piscine-anti-meduse-6-x-5m-dino\/#breadcrumb\",\"itemListElement\":[{\"@type\":\"ListItem\",\"position\":1,\"name\":\"Home\",\"item\":\"https:\/\/antijellyfishpool.com\/\"},{\"@type\":\"ListItem\",\"position\":2,\"name\":\"AntiJellyFishPool.com: Water Sport, Water Toys &#038; Boat Equipment\",\"item\":\"https:\/\/antijellyfishpool.com\/\"},{\"@type\":\"ListItem\",\"position\":3,\"name\":\"Piscine Anti Meduse 6 x 5m DINO\"}]},{\"@type\":\"WebSite\",\"@id\":\"https:\/\/antijellyfishpool.com\/#website\",\"url\":\"https:\/\/antijellyfishpool.com\/\",\"name\":\"antijellyfishpool.com\",\"description\":\"The best jellyfish protection pool system for boats\",\"potentialAction\":[{\"@type\":\"SearchAction\",\"target\":{\"@type\":\"EntryPoint\",\"urlTemplate\":\"https:\/\/antijellyfishpool.com\/?s={search_term_string}\"},\"query-input\":{\"@type\":\"PropertyValueSpecification\",\"valueRequired\":true,\"valueName\":\"search_term_string\"}}],\"inLanguage\":\"fr-FR\"}]}<\/script>\n<!-- \/ Yoast SEO plugin. -->","yoast_head_json":{"title":"Piscine Anti Meduse 6 x 5m DINO - antijellyfishpool.com","description":"Piscine Anti Meduse 6 x 5m DINO - antijellyfishpool.com - Cliquez ici pour voir toutes nos piscines anti-m\u00e9duse. Couleurs Orange et Blanche disponibles.","robots":{"index":"index","follow":"follow","max-snippet":"max-snippet:-1","max-image-preview":"max-image-preview:large","max-video-preview":"max-video-preview:-1"},"canonical":"https:\/\/antijellyfishpool.com\/fr\/produit\/piscine-anti-meduse-6-x-5m-dino\/","og_locale":"fr_FR","og_type":"article","og_title":"Piscine Anti Meduse 6 x 5m DINO - antijellyfishpool.com","og_description":"Piscine Anti Meduse 6 x 5m DINO - antijellyfishpool.com - Cliquez ici pour voir toutes nos piscines anti-m\u00e9duse. Couleurs Orange et Blanche disponibles.","og_url":"https:\/\/antijellyfishpool.com\/fr\/produit\/piscine-anti-meduse-6-x-5m-dino\/","og_site_name":"antijellyfishpool.com","og_image":[{"width":800,"height":449,"url":"https:\/\/antijellyfishpool.com\/wp-content\/uploads\/2020\/04\/SEMAYA.jpg","type":"image\/jpeg"}],"twitter_card":"summary_large_image","schema":{"@context":"https:\/\/schema.org","@graph":[{"@type":"WebPage","@id":"https:\/\/antijellyfishpool.com\/fr\/produit\/piscine-anti-meduse-6-x-5m-dino\/","url":"https:\/\/antijellyfishpool.com\/fr\/produit\/piscine-anti-meduse-6-x-5m-dino\/","name":"Piscine Anti Meduse 6 x 5m DINO - antijellyfishpool.com","isPartOf":{"@id":"https:\/\/antijellyfishpool.com\/#website"},"primaryImageOfPage":{"@id":"https:\/\/antijellyfishpool.com\/fr\/produit\/piscine-anti-meduse-6-x-5m-dino\/#primaryimage"},"image":{"@id":"https:\/\/antijellyfishpool.com\/fr\/produit\/piscine-anti-meduse-6-x-5m-dino\/#primaryimage"},"thumbnailUrl":"https:\/\/antijellyfishpool.com\/wp-content\/uploads\/2020\/04\/SEMAYA.jpg","datePublished":"2025-02-28T17:06:40+00:00","description":"Piscine Anti Meduse 6 x 5m DINO - antijellyfishpool.com - Cliquez ici pour voir toutes nos piscines anti-m\u00e9duse. Couleurs Orange et Blanche disponibles.","breadcrumb":{"@id":"https:\/\/antijellyfishpool.com\/fr\/produit\/piscine-anti-meduse-6-x-5m-dino\/#breadcrumb"},"inLanguage":"fr-FR","potentialAction":[{"@type":"ReadAction","target":["https:\/\/antijellyfishpool.com\/fr\/produit\/piscine-anti-meduse-6-x-5m-dino\/"]}]},{"@type":"ImageObject","inLanguage":"fr-FR","@id":"https:\/\/antijellyfishpool.com\/fr\/produit\/piscine-anti-meduse-6-x-5m-dino\/#primaryimage","url":"https:\/\/antijellyfishpool.com\/wp-content\/uploads\/2020\/04\/SEMAYA.jpg","contentUrl":"https:\/\/antijellyfishpool.com\/wp-content\/uploads\/2020\/04\/SEMAYA.jpg","width":800,"height":449,"caption":"SEMAYA"},{"@type":"BreadcrumbList","@id":"https:\/\/antijellyfishpool.com\/fr\/produit\/piscine-anti-meduse-6-x-5m-dino\/#breadcrumb","itemListElement":[{"@type":"ListItem","position":1,"name":"Home","item":"https:\/\/antijellyfishpool.com\/"},{"@type":"ListItem","position":2,"name":"AntiJellyFishPool.com: Water Sport, Water Toys &#038; Boat Equipment","item":"https:\/\/antijellyfishpool.com\/"},{"@type":"ListItem","position":3,"name":"Piscine Anti Meduse 6 x 5m DINO"}]},{"@type":"WebSite","@id":"https:\/\/antijellyfishpool.com\/#website","url":"https:\/\/antijellyfishpool.com\/","name":"antijellyfishpool.com","description":"The best jellyfish protection pool system for boats","potentialAction":[{"@type":"SearchAction","target":{"@type":"EntryPoint","urlTemplate":"https:\/\/antijellyfishpool.com\/?s={search_term_string}"},"query-input":{"@type":"PropertyValueSpecification","valueRequired":true,"valueName":"search_term_string"}}],"inLanguage":"fr-FR"}]}},"_links":{"self":[{"href":"https:\/\/antijellyfishpool.com\/fr\/wp-json\/wp\/v2\/product\/8778","targetHints":{"allow":["GET"]}}],"collection":[{"href":"https:\/\/antijellyfishpool.com\/fr\/wp-json\/wp\/v2\/product"}],"about":[{"href":"https:\/\/antijellyfishpool.com\/fr\/wp-json\/wp\/v2\/types\/product"}],"wp:featuredmedia":[{"embeddable":true,"href":"https:\/\/antijellyfishpool.com\/fr\/wp-json\/wp\/v2\/media\/8739"}],"wp:attachment":[{"href":"https:\/\/antijellyfishpool.com\/fr\/wp-json\/wp\/v2\/media?parent=8778"}],"wp:term":[{"taxonomy":"product_brand","embeddable":true,"href":"https:\/\/antijellyfishpool.com\/fr\/wp-json\/wp\/v2\/product_brand?post=8778"},{"taxonomy":"product_cat","embeddable":true,"href":"https:\/\/antijellyfishpool.com\/fr\/wp-json\/wp\/v2\/product_cat?post=8778"},{"taxonomy":"product_tag","embeddable":true,"href":"https:\/\/antijellyfishpool.com\/fr\/wp-json\/wp\/v2\/product_tag?post=8778"}],"curies":[{"name":"wp","href":"https:\/\/api.w.org\/{rel}","templated":true}]}}