{"id":8751,"date":"2019-01-11T15:43:09","date_gmt":"2025-02-28T16:57:49","guid":{"rendered":"https:\/\/antijellyfishpool.com\/?post_type=product&#038;p=8751"},"modified":"2025-08-01T08:16:47","modified_gmt":"2025-08-01T08:16:47","slug":"piscine-anti-meduse-3-x-3m-menorca","status":"publish","type":"product","link":"https:\/\/antijellyfishpool.com\/fr\/produit\/piscine-anti-meduse-3-x-3m-menorca\/","title":{"rendered":"Piscine Anti Meduse 3 x 3m MENORCA"},"content":{"rendered":"","protected":false},"excerpt":{"rendered":"<p>Notre piscine gonflable de mer avec protection totale contre les m\u00e9duses est le syst\u00e8me de protection contre les m\u00e9duses le plus complet, s\u00fbr et durable. La piscine Oc\u00e9an Gonflable est durable, l\u00e9g\u00e8re et portable. La piscine est une aire de jeux s\u00fbre pour les enfants et l&rsquo;endroit id\u00e9al pour se d\u00e9tendre sur le matelas flottant gonflable.<\/p>\n<p><strong>COULEUR : ORANGE. Inclus le TOTAL BAG<\/strong><\/p>\n<p>DIMENSIONS : 3 m\u00e8tres x 2,7 m\u00e8tres, avec une superficie de 8 m2 et une profondeur de 2 m, adapt\u00e9e aux bateaux de jusqu&rsquo;\u00e0 10 m de longueur.<\/p>\n<p>DIMENSIONS D\u00c9GONFL\u00c9ES : 30 x 30 x 60 cm.<\/p>\n<p>POIDS : 8 kg.<\/p>\n<p>TEMPS DE GONFLAGE \u2013 D\u00c9GONFLAGE<\/p>\n<p>30 secondes : Moins d&rsquo;une minute avec gonflage \u00e0 la pompe \u00e9lectrique. Pompe manuelle en moins de 3 minutes.<\/p>\n<p>2 minutes : D\u00e9gonfl\u00e9e en moins de 3 minutes.<\/p>\n<p>1 minute : Pli\u00e9e en moins d&rsquo;une minute.<\/p>\n<p><strong>PRODUIT BREVET\u00c9<\/strong><br \/>\n<strong>N\u00ba : ES 1238997U<\/strong><\/p>\n<p><strong>#MadeInSpain<\/strong><\/p>\n","protected":false},"featured_media":8752,"template":"","meta":[],"product_brand":[],"product_cat":[153,155,152],"product_tag":[],"class_list":{"0":"post-8751","1":"product","2":"type-product","3":"status-publish","4":"has-post-thumbnail","6":"product_cat-acheter-de-l-equipement-de-bateau","7":"product_cat-home-fr","8":"product_cat-piscine-anti-meduse","10":"first","11":"instock","12":"taxable","13":"shipping-taxable","14":"purchasable","15":"product-type-simple"},"yoast_head":"<!-- This site is optimized with the Yoast SEO plugin v26.6 - https:\/\/yoast.com\/wordpress\/plugins\/seo\/ -->\n<title>Piscine Anti Meduse 3 x 3m MENORCA - antijellyfishpool.com<\/title>\n<meta name=\"description\" content=\"Piscine Anti Meduse 3 x 3m MENORCA - antijellyfishpool.com - Cliquez ici pour voir toutes nos piscines anti-m\u00e9duse. Couleurs Orange et Blanche disponibles.\" \/>\n<meta name=\"robots\" content=\"index, follow, max-snippet:-1, max-image-preview:large, max-video-preview:-1\" \/>\n<link rel=\"canonical\" href=\"https:\/\/antijellyfishpool.com\/fr\/produit\/piscine-anti-meduse-3-x-3m-menorca\/\" \/>\n<meta property=\"og:locale\" content=\"fr_FR\" \/>\n<meta property=\"og:type\" content=\"article\" \/>\n<meta property=\"og:title\" content=\"Piscine Anti Meduse 3 x 3m MENORCA - antijellyfishpool.com\" \/>\n<meta property=\"og:description\" content=\"Piscine Anti Meduse 3 x 3m MENORCA - antijellyfishpool.com - Cliquez ici pour voir toutes nos piscines anti-m\u00e9duse. Couleurs Orange et Blanche disponibles.\" \/>\n<meta property=\"og:url\" content=\"https:\/\/antijellyfishpool.com\/fr\/produit\/piscine-anti-meduse-3-x-3m-menorca\/\" \/>\n<meta property=\"og:site_name\" content=\"antijellyfishpool.com\" \/>\n<meta property=\"article:modified_time\" content=\"2025-08-01T08:16:47+00:00\" \/>\n<meta property=\"og:image\" content=\"https:\/\/antijellyfishpool.com\/wp-content\/uploads\/2019\/08\/Piscina-anti-medusas-modelo-MENORCA.jpg\" \/>\n\t<meta property=\"og:image:width\" content=\"800\" \/>\n\t<meta property=\"og:image:height\" content=\"600\" \/>\n\t<meta property=\"og:image:type\" content=\"image\/jpeg\" \/>\n<meta name=\"twitter:card\" content=\"summary_large_image\" \/>\n<meta name=\"twitter:label1\" content=\"Dur\u00e9e de lecture estim\u00e9e\" \/>\n\t<meta name=\"twitter:data1\" content=\"1 minute\" \/>\n<script type=\"application\/ld+json\" class=\"yoast-schema-graph\">{\"@context\":\"https:\/\/schema.org\",\"@graph\":[{\"@type\":\"WebPage\",\"@id\":\"https:\/\/antijellyfishpool.com\/fr\/produit\/piscine-anti-meduse-3-x-3m-menorca\/\",\"url\":\"https:\/\/antijellyfishpool.com\/fr\/produit\/piscine-anti-meduse-3-x-3m-menorca\/\",\"name\":\"Piscine Anti Meduse 3 x 3m MENORCA - antijellyfishpool.com\",\"isPartOf\":{\"@id\":\"https:\/\/antijellyfishpool.com\/#website\"},\"primaryImageOfPage\":{\"@id\":\"https:\/\/antijellyfishpool.com\/fr\/produit\/piscine-anti-meduse-3-x-3m-menorca\/#primaryimage\"},\"image\":{\"@id\":\"https:\/\/antijellyfishpool.com\/fr\/produit\/piscine-anti-meduse-3-x-3m-menorca\/#primaryimage\"},\"thumbnailUrl\":\"https:\/\/antijellyfishpool.com\/wp-content\/uploads\/2019\/08\/Piscina-anti-medusas-modelo-MENORCA.jpg\",\"datePublished\":\"2025-02-28T16:57:49+00:00\",\"dateModified\":\"2025-08-01T08:16:47+00:00\",\"description\":\"Piscine Anti Meduse 3 x 3m MENORCA - antijellyfishpool.com - Cliquez ici pour voir toutes nos piscines anti-m\u00e9duse. Couleurs Orange et Blanche disponibles.\",\"breadcrumb\":{\"@id\":\"https:\/\/antijellyfishpool.com\/fr\/produit\/piscine-anti-meduse-3-x-3m-menorca\/#breadcrumb\"},\"inLanguage\":\"fr-FR\",\"potentialAction\":[{\"@type\":\"ReadAction\",\"target\":[\"https:\/\/antijellyfishpool.com\/fr\/produit\/piscine-anti-meduse-3-x-3m-menorca\/\"]}]},{\"@type\":\"ImageObject\",\"inLanguage\":\"fr-FR\",\"@id\":\"https:\/\/antijellyfishpool.com\/fr\/produit\/piscine-anti-meduse-3-x-3m-menorca\/#primaryimage\",\"url\":\"https:\/\/antijellyfishpool.com\/wp-content\/uploads\/2019\/08\/Piscina-anti-medusas-modelo-MENORCA.jpg\",\"contentUrl\":\"https:\/\/antijellyfishpool.com\/wp-content\/uploads\/2019\/08\/Piscina-anti-medusas-modelo-MENORCA.jpg\",\"width\":800,\"height\":600,\"caption\":\"Piscina anti medusas modelo MENORCA\"},{\"@type\":\"BreadcrumbList\",\"@id\":\"https:\/\/antijellyfishpool.com\/fr\/produit\/piscine-anti-meduse-3-x-3m-menorca\/#breadcrumb\",\"itemListElement\":[{\"@type\":\"ListItem\",\"position\":1,\"name\":\"Home\",\"item\":\"https:\/\/antijellyfishpool.com\/\"},{\"@type\":\"ListItem\",\"position\":2,\"name\":\"AntiJellyFishPool.com: Water Sport, Water Toys &#038; Boat Equipment\",\"item\":\"https:\/\/antijellyfishpool.com\/\"},{\"@type\":\"ListItem\",\"position\":3,\"name\":\"Piscine Anti Meduse 3 x 3m MENORCA\"}]},{\"@type\":\"WebSite\",\"@id\":\"https:\/\/antijellyfishpool.com\/#website\",\"url\":\"https:\/\/antijellyfishpool.com\/\",\"name\":\"antijellyfishpool.com\",\"description\":\"The best jellyfish protection pool system for boats\",\"potentialAction\":[{\"@type\":\"SearchAction\",\"target\":{\"@type\":\"EntryPoint\",\"urlTemplate\":\"https:\/\/antijellyfishpool.com\/?s={search_term_string}\"},\"query-input\":{\"@type\":\"PropertyValueSpecification\",\"valueRequired\":true,\"valueName\":\"search_term_string\"}}],\"inLanguage\":\"fr-FR\"}]}<\/script>\n<!-- \/ Yoast SEO plugin. -->","yoast_head_json":{"title":"Piscine Anti Meduse 3 x 3m MENORCA - antijellyfishpool.com","description":"Piscine Anti Meduse 3 x 3m MENORCA - antijellyfishpool.com - Cliquez ici pour voir toutes nos piscines anti-m\u00e9duse. Couleurs Orange et Blanche disponibles.","robots":{"index":"index","follow":"follow","max-snippet":"max-snippet:-1","max-image-preview":"max-image-preview:large","max-video-preview":"max-video-preview:-1"},"canonical":"https:\/\/antijellyfishpool.com\/fr\/produit\/piscine-anti-meduse-3-x-3m-menorca\/","og_locale":"fr_FR","og_type":"article","og_title":"Piscine Anti Meduse 3 x 3m MENORCA - antijellyfishpool.com","og_description":"Piscine Anti Meduse 3 x 3m MENORCA - antijellyfishpool.com - Cliquez ici pour voir toutes nos piscines anti-m\u00e9duse. Couleurs Orange et Blanche disponibles.","og_url":"https:\/\/antijellyfishpool.com\/fr\/produit\/piscine-anti-meduse-3-x-3m-menorca\/","og_site_name":"antijellyfishpool.com","article_modified_time":"2025-08-01T08:16:47+00:00","og_image":[{"width":800,"height":600,"url":"https:\/\/antijellyfishpool.com\/wp-content\/uploads\/2019\/08\/Piscina-anti-medusas-modelo-MENORCA.jpg","type":"image\/jpeg"}],"twitter_card":"summary_large_image","twitter_misc":{"Dur\u00e9e de lecture estim\u00e9e":"1 minute"},"schema":{"@context":"https:\/\/schema.org","@graph":[{"@type":"WebPage","@id":"https:\/\/antijellyfishpool.com\/fr\/produit\/piscine-anti-meduse-3-x-3m-menorca\/","url":"https:\/\/antijellyfishpool.com\/fr\/produit\/piscine-anti-meduse-3-x-3m-menorca\/","name":"Piscine Anti Meduse 3 x 3m MENORCA - antijellyfishpool.com","isPartOf":{"@id":"https:\/\/antijellyfishpool.com\/#website"},"primaryImageOfPage":{"@id":"https:\/\/antijellyfishpool.com\/fr\/produit\/piscine-anti-meduse-3-x-3m-menorca\/#primaryimage"},"image":{"@id":"https:\/\/antijellyfishpool.com\/fr\/produit\/piscine-anti-meduse-3-x-3m-menorca\/#primaryimage"},"thumbnailUrl":"https:\/\/antijellyfishpool.com\/wp-content\/uploads\/2019\/08\/Piscina-anti-medusas-modelo-MENORCA.jpg","datePublished":"2025-02-28T16:57:49+00:00","dateModified":"2025-08-01T08:16:47+00:00","description":"Piscine Anti Meduse 3 x 3m MENORCA - antijellyfishpool.com - Cliquez ici pour voir toutes nos piscines anti-m\u00e9duse. Couleurs Orange et Blanche disponibles.","breadcrumb":{"@id":"https:\/\/antijellyfishpool.com\/fr\/produit\/piscine-anti-meduse-3-x-3m-menorca\/#breadcrumb"},"inLanguage":"fr-FR","potentialAction":[{"@type":"ReadAction","target":["https:\/\/antijellyfishpool.com\/fr\/produit\/piscine-anti-meduse-3-x-3m-menorca\/"]}]},{"@type":"ImageObject","inLanguage":"fr-FR","@id":"https:\/\/antijellyfishpool.com\/fr\/produit\/piscine-anti-meduse-3-x-3m-menorca\/#primaryimage","url":"https:\/\/antijellyfishpool.com\/wp-content\/uploads\/2019\/08\/Piscina-anti-medusas-modelo-MENORCA.jpg","contentUrl":"https:\/\/antijellyfishpool.com\/wp-content\/uploads\/2019\/08\/Piscina-anti-medusas-modelo-MENORCA.jpg","width":800,"height":600,"caption":"Piscina anti medusas modelo MENORCA"},{"@type":"BreadcrumbList","@id":"https:\/\/antijellyfishpool.com\/fr\/produit\/piscine-anti-meduse-3-x-3m-menorca\/#breadcrumb","itemListElement":[{"@type":"ListItem","position":1,"name":"Home","item":"https:\/\/antijellyfishpool.com\/"},{"@type":"ListItem","position":2,"name":"AntiJellyFishPool.com: Water Sport, Water Toys &#038; Boat Equipment","item":"https:\/\/antijellyfishpool.com\/"},{"@type":"ListItem","position":3,"name":"Piscine Anti Meduse 3 x 3m MENORCA"}]},{"@type":"WebSite","@id":"https:\/\/antijellyfishpool.com\/#website","url":"https:\/\/antijellyfishpool.com\/","name":"antijellyfishpool.com","description":"The best jellyfish protection pool system for boats","potentialAction":[{"@type":"SearchAction","target":{"@type":"EntryPoint","urlTemplate":"https:\/\/antijellyfishpool.com\/?s={search_term_string}"},"query-input":{"@type":"PropertyValueSpecification","valueRequired":true,"valueName":"search_term_string"}}],"inLanguage":"fr-FR"}]}},"_links":{"self":[{"href":"https:\/\/antijellyfishpool.com\/fr\/wp-json\/wp\/v2\/product\/8751","targetHints":{"allow":["GET"]}}],"collection":[{"href":"https:\/\/antijellyfishpool.com\/fr\/wp-json\/wp\/v2\/product"}],"about":[{"href":"https:\/\/antijellyfishpool.com\/fr\/wp-json\/wp\/v2\/types\/product"}],"wp:featuredmedia":[{"embeddable":true,"href":"https:\/\/antijellyfishpool.com\/fr\/wp-json\/wp\/v2\/media\/8752"}],"wp:attachment":[{"href":"https:\/\/antijellyfishpool.com\/fr\/wp-json\/wp\/v2\/media?parent=8751"}],"wp:term":[{"taxonomy":"product_brand","embeddable":true,"href":"https:\/\/antijellyfishpool.com\/fr\/wp-json\/wp\/v2\/product_brand?post=8751"},{"taxonomy":"product_cat","embeddable":true,"href":"https:\/\/antijellyfishpool.com\/fr\/wp-json\/wp\/v2\/product_cat?post=8751"},{"taxonomy":"product_tag","embeddable":true,"href":"https:\/\/antijellyfishpool.com\/fr\/wp-json\/wp\/v2\/product_tag?post=8751"}],"curies":[{"name":"wp","href":"https:\/\/api.w.org\/{rel}","templated":true}]}}