{"id":8735,"date":"2020-01-05T19:53:56","date_gmt":"2025-02-28T16:48:10","guid":{"rendered":"https:\/\/antijellyfishpool.com\/?post_type=product&#038;p=8735"},"modified":"2025-02-28T16:48:10","modified_gmt":"2025-02-28T16:48:10","slug":"personnalisez-votre-piscine-avec-le-nom-du-bateau","status":"publish","type":"product","link":"https:\/\/antijellyfishpool.com\/fr\/produit\/personnalisez-votre-piscine-avec-le-nom-du-bateau\/","title":{"rendered":"PERSONNALISEZ VOTRE PISCINE AVEC LE NOM DU BATEAU"},"content":{"rendered":"","protected":false},"excerpt":{"rendered":"<p>Nous offrons \u00e9galement la possibilit\u00e9 d&rsquo;inscrire le nom du bateau sur les c\u00f4t\u00e9s de la piscine. Une fois que nous aurons re\u00e7u votre commande, nous vous contacterons pour v\u00e9rifier le nom choisi. Le d\u00e9lai de livraison pour les personnalisations est d&rsquo;environ 3 semaines.<\/p>\n","protected":false},"featured_media":8738,"template":"","meta":[],"product_brand":[],"product_cat":[151],"product_tag":[],"class_list":{"0":"post-8735","1":"product","2":"type-product","3":"status-publish","4":"has-post-thumbnail","6":"product_cat-accessoires-de-piscine","8":"first","9":"instock","10":"taxable","11":"shipping-taxable","12":"purchasable","13":"product-type-simple"},"yoast_head":"<!-- This site is optimized with the Yoast SEO plugin v26.6 - https:\/\/yoast.com\/wordpress\/plugins\/seo\/ -->\n<title>PERSONNALISEZ VOTRE PISCINE AVEC LE NOM DU BATEAU - antijellyfishpool.com<\/title>\n<meta name=\"description\" content=\"PERSONNALISEZ VOTRE PISCINE AVEC LE NOM DU BATEAU - antijellyfishpool.com - Cliquez ici pour voir tous nos accessoires pour nos gonflables.\" \/>\n<meta name=\"robots\" content=\"index, follow, max-snippet:-1, max-image-preview:large, max-video-preview:-1\" \/>\n<link rel=\"canonical\" href=\"https:\/\/antijellyfishpool.com\/fr\/produit\/personnalisez-votre-piscine-avec-le-nom-du-bateau\/\" \/>\n<meta property=\"og:locale\" content=\"fr_FR\" \/>\n<meta property=\"og:type\" content=\"article\" \/>\n<meta property=\"og:title\" content=\"PERSONNALISEZ VOTRE PISCINE AVEC LE NOM DU BATEAU - antijellyfishpool.com\" \/>\n<meta property=\"og:description\" content=\"PERSONNALISEZ VOTRE PISCINE AVEC LE NOM DU BATEAU - antijellyfishpool.com - Cliquez ici pour voir tous nos accessoires pour nos gonflables.\" \/>\n<meta property=\"og:url\" content=\"https:\/\/antijellyfishpool.com\/fr\/produit\/personnalisez-votre-piscine-avec-le-nom-du-bateau\/\" \/>\n<meta property=\"og:site_name\" content=\"antijellyfishpool.com\" \/>\n<meta property=\"og:image\" content=\"https:\/\/antijellyfishpool.com\/wp-content\/uploads\/2020\/01\/OKCG6516.jpg\" \/>\n\t<meta property=\"og:image:width\" content=\"600\" \/>\n\t<meta property=\"og:image:height\" content=\"800\" \/>\n\t<meta property=\"og:image:type\" content=\"image\/jpeg\" \/>\n<meta name=\"twitter:card\" content=\"summary_large_image\" \/>\n<script type=\"application\/ld+json\" class=\"yoast-schema-graph\">{\"@context\":\"https:\/\/schema.org\",\"@graph\":[{\"@type\":\"WebPage\",\"@id\":\"https:\/\/antijellyfishpool.com\/fr\/produit\/personnalisez-votre-piscine-avec-le-nom-du-bateau\/\",\"url\":\"https:\/\/antijellyfishpool.com\/fr\/produit\/personnalisez-votre-piscine-avec-le-nom-du-bateau\/\",\"name\":\"PERSONNALISEZ VOTRE PISCINE AVEC LE NOM DU BATEAU - antijellyfishpool.com\",\"isPartOf\":{\"@id\":\"https:\/\/antijellyfishpool.com\/#website\"},\"primaryImageOfPage\":{\"@id\":\"https:\/\/antijellyfishpool.com\/fr\/produit\/personnalisez-votre-piscine-avec-le-nom-du-bateau\/#primaryimage\"},\"image\":{\"@id\":\"https:\/\/antijellyfishpool.com\/fr\/produit\/personnalisez-votre-piscine-avec-le-nom-du-bateau\/#primaryimage\"},\"thumbnailUrl\":\"https:\/\/antijellyfishpool.com\/wp-content\/uploads\/2020\/01\/OKCG6516.jpg\",\"datePublished\":\"2025-02-28T16:48:10+00:00\",\"description\":\"PERSONNALISEZ VOTRE PISCINE AVEC LE NOM DU BATEAU - antijellyfishpool.com - Cliquez ici pour voir tous nos accessoires pour nos gonflables.\",\"breadcrumb\":{\"@id\":\"https:\/\/antijellyfishpool.com\/fr\/produit\/personnalisez-votre-piscine-avec-le-nom-du-bateau\/#breadcrumb\"},\"inLanguage\":\"fr-FR\",\"potentialAction\":[{\"@type\":\"ReadAction\",\"target\":[\"https:\/\/antijellyfishpool.com\/fr\/produit\/personnalisez-votre-piscine-avec-le-nom-du-bateau\/\"]}]},{\"@type\":\"ImageObject\",\"inLanguage\":\"fr-FR\",\"@id\":\"https:\/\/antijellyfishpool.com\/fr\/produit\/personnalisez-votre-piscine-avec-le-nom-du-bateau\/#primaryimage\",\"url\":\"https:\/\/antijellyfishpool.com\/wp-content\/uploads\/2020\/01\/OKCG6516.jpg\",\"contentUrl\":\"https:\/\/antijellyfishpool.com\/wp-content\/uploads\/2020\/01\/OKCG6516.jpg\",\"width\":600,\"height\":800,\"caption\":\"OKCG6516\"},{\"@type\":\"BreadcrumbList\",\"@id\":\"https:\/\/antijellyfishpool.com\/fr\/produit\/personnalisez-votre-piscine-avec-le-nom-du-bateau\/#breadcrumb\",\"itemListElement\":[{\"@type\":\"ListItem\",\"position\":1,\"name\":\"Home\",\"item\":\"https:\/\/antijellyfishpool.com\/\"},{\"@type\":\"ListItem\",\"position\":2,\"name\":\"AntiJellyFishPool.com: Water Sport, Water Toys &#038; Boat Equipment\",\"item\":\"https:\/\/antijellyfishpool.com\/\"},{\"@type\":\"ListItem\",\"position\":3,\"name\":\"PERSONNALISEZ VOTRE PISCINE AVEC LE NOM DU BATEAU\"}]},{\"@type\":\"WebSite\",\"@id\":\"https:\/\/antijellyfishpool.com\/#website\",\"url\":\"https:\/\/antijellyfishpool.com\/\",\"name\":\"antijellyfishpool.com\",\"description\":\"The best jellyfish protection pool system for boats\",\"potentialAction\":[{\"@type\":\"SearchAction\",\"target\":{\"@type\":\"EntryPoint\",\"urlTemplate\":\"https:\/\/antijellyfishpool.com\/?s={search_term_string}\"},\"query-input\":{\"@type\":\"PropertyValueSpecification\",\"valueRequired\":true,\"valueName\":\"search_term_string\"}}],\"inLanguage\":\"fr-FR\"}]}<\/script>\n<!-- \/ Yoast SEO plugin. -->","yoast_head_json":{"title":"PERSONNALISEZ VOTRE PISCINE AVEC LE NOM DU BATEAU - antijellyfishpool.com","description":"PERSONNALISEZ VOTRE PISCINE AVEC LE NOM DU BATEAU - antijellyfishpool.com - Cliquez ici pour voir tous nos accessoires pour nos gonflables.","robots":{"index":"index","follow":"follow","max-snippet":"max-snippet:-1","max-image-preview":"max-image-preview:large","max-video-preview":"max-video-preview:-1"},"canonical":"https:\/\/antijellyfishpool.com\/fr\/produit\/personnalisez-votre-piscine-avec-le-nom-du-bateau\/","og_locale":"fr_FR","og_type":"article","og_title":"PERSONNALISEZ VOTRE PISCINE AVEC LE NOM DU BATEAU - antijellyfishpool.com","og_description":"PERSONNALISEZ VOTRE PISCINE AVEC LE NOM DU BATEAU - antijellyfishpool.com - Cliquez ici pour voir tous nos accessoires pour nos gonflables.","og_url":"https:\/\/antijellyfishpool.com\/fr\/produit\/personnalisez-votre-piscine-avec-le-nom-du-bateau\/","og_site_name":"antijellyfishpool.com","og_image":[{"width":600,"height":800,"url":"https:\/\/antijellyfishpool.com\/wp-content\/uploads\/2020\/01\/OKCG6516.jpg","type":"image\/jpeg"}],"twitter_card":"summary_large_image","schema":{"@context":"https:\/\/schema.org","@graph":[{"@type":"WebPage","@id":"https:\/\/antijellyfishpool.com\/fr\/produit\/personnalisez-votre-piscine-avec-le-nom-du-bateau\/","url":"https:\/\/antijellyfishpool.com\/fr\/produit\/personnalisez-votre-piscine-avec-le-nom-du-bateau\/","name":"PERSONNALISEZ VOTRE PISCINE AVEC LE NOM DU BATEAU - antijellyfishpool.com","isPartOf":{"@id":"https:\/\/antijellyfishpool.com\/#website"},"primaryImageOfPage":{"@id":"https:\/\/antijellyfishpool.com\/fr\/produit\/personnalisez-votre-piscine-avec-le-nom-du-bateau\/#primaryimage"},"image":{"@id":"https:\/\/antijellyfishpool.com\/fr\/produit\/personnalisez-votre-piscine-avec-le-nom-du-bateau\/#primaryimage"},"thumbnailUrl":"https:\/\/antijellyfishpool.com\/wp-content\/uploads\/2020\/01\/OKCG6516.jpg","datePublished":"2025-02-28T16:48:10+00:00","description":"PERSONNALISEZ VOTRE PISCINE AVEC LE NOM DU BATEAU - antijellyfishpool.com - Cliquez ici pour voir tous nos accessoires pour nos gonflables.","breadcrumb":{"@id":"https:\/\/antijellyfishpool.com\/fr\/produit\/personnalisez-votre-piscine-avec-le-nom-du-bateau\/#breadcrumb"},"inLanguage":"fr-FR","potentialAction":[{"@type":"ReadAction","target":["https:\/\/antijellyfishpool.com\/fr\/produit\/personnalisez-votre-piscine-avec-le-nom-du-bateau\/"]}]},{"@type":"ImageObject","inLanguage":"fr-FR","@id":"https:\/\/antijellyfishpool.com\/fr\/produit\/personnalisez-votre-piscine-avec-le-nom-du-bateau\/#primaryimage","url":"https:\/\/antijellyfishpool.com\/wp-content\/uploads\/2020\/01\/OKCG6516.jpg","contentUrl":"https:\/\/antijellyfishpool.com\/wp-content\/uploads\/2020\/01\/OKCG6516.jpg","width":600,"height":800,"caption":"OKCG6516"},{"@type":"BreadcrumbList","@id":"https:\/\/antijellyfishpool.com\/fr\/produit\/personnalisez-votre-piscine-avec-le-nom-du-bateau\/#breadcrumb","itemListElement":[{"@type":"ListItem","position":1,"name":"Home","item":"https:\/\/antijellyfishpool.com\/"},{"@type":"ListItem","position":2,"name":"AntiJellyFishPool.com: Water Sport, Water Toys &#038; Boat Equipment","item":"https:\/\/antijellyfishpool.com\/"},{"@type":"ListItem","position":3,"name":"PERSONNALISEZ VOTRE PISCINE AVEC LE NOM DU BATEAU"}]},{"@type":"WebSite","@id":"https:\/\/antijellyfishpool.com\/#website","url":"https:\/\/antijellyfishpool.com\/","name":"antijellyfishpool.com","description":"The best jellyfish protection pool system for boats","potentialAction":[{"@type":"SearchAction","target":{"@type":"EntryPoint","urlTemplate":"https:\/\/antijellyfishpool.com\/?s={search_term_string}"},"query-input":{"@type":"PropertyValueSpecification","valueRequired":true,"valueName":"search_term_string"}}],"inLanguage":"fr-FR"}]}},"_links":{"self":[{"href":"https:\/\/antijellyfishpool.com\/fr\/wp-json\/wp\/v2\/product\/8735","targetHints":{"allow":["GET"]}}],"collection":[{"href":"https:\/\/antijellyfishpool.com\/fr\/wp-json\/wp\/v2\/product"}],"about":[{"href":"https:\/\/antijellyfishpool.com\/fr\/wp-json\/wp\/v2\/types\/product"}],"wp:featuredmedia":[{"embeddable":true,"href":"https:\/\/antijellyfishpool.com\/fr\/wp-json\/wp\/v2\/media\/8738"}],"wp:attachment":[{"href":"https:\/\/antijellyfishpool.com\/fr\/wp-json\/wp\/v2\/media?parent=8735"}],"wp:term":[{"taxonomy":"product_brand","embeddable":true,"href":"https:\/\/antijellyfishpool.com\/fr\/wp-json\/wp\/v2\/product_brand?post=8735"},{"taxonomy":"product_cat","embeddable":true,"href":"https:\/\/antijellyfishpool.com\/fr\/wp-json\/wp\/v2\/product_cat?post=8735"},{"taxonomy":"product_tag","embeddable":true,"href":"https:\/\/antijellyfishpool.com\/fr\/wp-json\/wp\/v2\/product_tag?post=8735"}],"curies":[{"name":"wp","href":"https:\/\/api.w.org\/{rel}","templated":true}]}}