{"id":8732,"date":"2020-04-19T15:39:34","date_gmt":"2025-02-28T16:43:59","guid":{"rendered":"https:\/\/antijellyfishpool.com\/?post_type=product&#038;p=8732"},"modified":"2025-02-28T16:43:59","modified_gmt":"2025-02-28T16:43:59","slug":"pompe-a-air-electrique-pour-gonflables-avec-deflation","status":"publish","type":"product","link":"https:\/\/antijellyfishpool.com\/fr\/produit\/pompe-a-air-electrique-pour-gonflables-avec-deflation\/","title":{"rendered":"POMPE \u00c0 AIR \u00c9LECTRIQUE pour gonflables avec D\u00c9FLATION"},"content":{"rendered":"","protected":false},"excerpt":{"rendered":"<p>La pompe \u00e0 air \u00e9lectrique convient \u00e0 toutes les piscines anti-m\u00e9duse pour bateaux et autres gonflables. 3 autres buses sont incluses, elles conviennent \u00e0 la plupart des types de gonflables. Utilisez l&rsquo;adaptateur appropri\u00e9 en fonction de la taille de l&rsquo;article gonflable.<\/p>\n<p>Tension : 220-240V. Puissance : 500W.<\/p>\n<p>TEMPS DE GONFLAGE<\/p>\n<p>Temps de gonflage de la DINO POOL : 2 minutes.<\/p>\n<p>Temps de gonflage de l&rsquo;IBIZA POOL : Moins de 2 minutes.<\/p>\n<p>Temps de gonflage de la MALLORCA POOL : 1 minute.<\/p>\n<p>Temps de gonflage de la MENORCA POOL : Moins de 1 minute.<\/p>\n<p>Il ne faut que moins de 1 ou 2 minutes pour gonfler ou d\u00e9gonfler la piscine, c&rsquo;est plus rapide et puissant qu&rsquo;une pompe manuelle.<\/p>\n<p>Contenu du paquet : 1 x Pompe \u00e0 air \u00e9lectrique.<\/p>\n","protected":false},"featured_media":8733,"template":"","meta":[],"product_brand":[],"product_cat":[151],"product_tag":[],"class_list":{"0":"post-8732","1":"product","2":"type-product","3":"status-publish","4":"has-post-thumbnail","6":"product_cat-accessoires-de-piscine","8":"first","9":"instock","10":"taxable","11":"shipping-taxable","12":"purchasable","13":"product-type-simple"},"yoast_head":"<!-- This site is optimized with the Yoast SEO plugin v26.6 - https:\/\/yoast.com\/wordpress\/plugins\/seo\/ -->\n<title>POMPE \u00c0 AIR \u00c9LECTRIQUE pour gonflables avec D\u00c9FLATION - antijellyfishpool.com<\/title>\n<meta name=\"robots\" content=\"index, follow, max-snippet:-1, max-image-preview:large, max-video-preview:-1\" \/>\n<link rel=\"canonical\" href=\"https:\/\/antijellyfishpool.com\/fr\/produit\/pompe-a-air-electrique-pour-gonflables-avec-deflation\/\" \/>\n<meta property=\"og:locale\" content=\"fr_FR\" \/>\n<meta property=\"og:type\" content=\"article\" \/>\n<meta property=\"og:title\" content=\"POMPE \u00c0 AIR \u00c9LECTRIQUE pour gonflables avec D\u00c9FLATION - antijellyfishpool.com\" \/>\n<meta property=\"og:description\" content=\"La pompe \u00e0 air \u00e9lectrique convient \u00e0 toutes les piscines anti-m\u00e9duse pour bateaux et autres gonflables. 3 autres buses sont incluses, elles conviennent \u00e0 la plupart des types de gonflables. Utilisez l&#039;adaptateur appropri\u00e9 en fonction de la taille de l&#039;article gonflable.  Tension : 220-240V. Puissance : 500W.  TEMPS DE GONFLAGE  Temps de gonflage de la DINO POOL : 2 minutes.  Temps de gonflage de l&#039;IBIZA POOL : Moins de 2 minutes.  Temps de gonflage de la MALLORCA POOL : 1 minute.  Temps de gonflage de la MENORCA POOL : Moins de 1 minute.  Il ne faut que moins de 1 ou 2 minutes pour gonfler ou d\u00e9gonfler la piscine, c&#039;est plus rapide et puissant qu&#039;une pompe manuelle.  Contenu du paquet : 1 x Pompe \u00e0 air \u00e9lectrique.\" \/>\n<meta property=\"og:url\" content=\"https:\/\/antijellyfishpool.com\/fr\/produit\/pompe-a-air-electrique-pour-gonflables-avec-deflation\/\" \/>\n<meta property=\"og:site_name\" content=\"antijellyfishpool.com\" \/>\n<meta property=\"og:image\" content=\"https:\/\/antijellyfishpool.com\/wp-content\/uploads\/2020\/04\/Package-pump-220V-Oceandreams-1.jpg\" \/>\n\t<meta property=\"og:image:width\" content=\"800\" \/>\n\t<meta property=\"og:image:height\" content=\"600\" \/>\n\t<meta property=\"og:image:type\" content=\"image\/jpeg\" \/>\n<meta name=\"twitter:card\" content=\"summary_large_image\" \/>\n<script type=\"application\/ld+json\" class=\"yoast-schema-graph\">{\"@context\":\"https:\/\/schema.org\",\"@graph\":[{\"@type\":\"WebPage\",\"@id\":\"https:\/\/antijellyfishpool.com\/fr\/produit\/pompe-a-air-electrique-pour-gonflables-avec-deflation\/\",\"url\":\"https:\/\/antijellyfishpool.com\/fr\/produit\/pompe-a-air-electrique-pour-gonflables-avec-deflation\/\",\"name\":\"POMPE \u00c0 AIR \u00c9LECTRIQUE pour gonflables avec D\u00c9FLATION - antijellyfishpool.com\",\"isPartOf\":{\"@id\":\"https:\/\/antijellyfishpool.com\/#website\"},\"primaryImageOfPage\":{\"@id\":\"https:\/\/antijellyfishpool.com\/fr\/produit\/pompe-a-air-electrique-pour-gonflables-avec-deflation\/#primaryimage\"},\"image\":{\"@id\":\"https:\/\/antijellyfishpool.com\/fr\/produit\/pompe-a-air-electrique-pour-gonflables-avec-deflation\/#primaryimage\"},\"thumbnailUrl\":\"https:\/\/antijellyfishpool.com\/wp-content\/uploads\/2020\/04\/Package-pump-220V-Oceandreams-1.jpg\",\"datePublished\":\"2025-02-28T16:43:59+00:00\",\"breadcrumb\":{\"@id\":\"https:\/\/antijellyfishpool.com\/fr\/produit\/pompe-a-air-electrique-pour-gonflables-avec-deflation\/#breadcrumb\"},\"inLanguage\":\"fr-FR\",\"potentialAction\":[{\"@type\":\"ReadAction\",\"target\":[\"https:\/\/antijellyfishpool.com\/fr\/produit\/pompe-a-air-electrique-pour-gonflables-avec-deflation\/\"]}]},{\"@type\":\"ImageObject\",\"inLanguage\":\"fr-FR\",\"@id\":\"https:\/\/antijellyfishpool.com\/fr\/produit\/pompe-a-air-electrique-pour-gonflables-avec-deflation\/#primaryimage\",\"url\":\"https:\/\/antijellyfishpool.com\/wp-content\/uploads\/2020\/04\/Package-pump-220V-Oceandreams-1.jpg\",\"contentUrl\":\"https:\/\/antijellyfishpool.com\/wp-content\/uploads\/2020\/04\/Package-pump-220V-Oceandreams-1.jpg\",\"width\":800,\"height\":600,\"caption\":\"Package pump 220V Oceandreams 1\"},{\"@type\":\"BreadcrumbList\",\"@id\":\"https:\/\/antijellyfishpool.com\/fr\/produit\/pompe-a-air-electrique-pour-gonflables-avec-deflation\/#breadcrumb\",\"itemListElement\":[{\"@type\":\"ListItem\",\"position\":1,\"name\":\"Home\",\"item\":\"https:\/\/antijellyfishpool.com\/\"},{\"@type\":\"ListItem\",\"position\":2,\"name\":\"AntiJellyFishPool.com: Water Sport, Water Toys &#038; Boat Equipment\",\"item\":\"https:\/\/antijellyfishpool.com\/\"},{\"@type\":\"ListItem\",\"position\":3,\"name\":\"POMPE \u00c0 AIR \u00c9LECTRIQUE pour gonflables avec D\u00c9FLATION\"}]},{\"@type\":\"WebSite\",\"@id\":\"https:\/\/antijellyfishpool.com\/#website\",\"url\":\"https:\/\/antijellyfishpool.com\/\",\"name\":\"antijellyfishpool.com\",\"description\":\"The best jellyfish protection pool system for boats\",\"potentialAction\":[{\"@type\":\"SearchAction\",\"target\":{\"@type\":\"EntryPoint\",\"urlTemplate\":\"https:\/\/antijellyfishpool.com\/?s={search_term_string}\"},\"query-input\":{\"@type\":\"PropertyValueSpecification\",\"valueRequired\":true,\"valueName\":\"search_term_string\"}}],\"inLanguage\":\"fr-FR\"}]}<\/script>\n<!-- \/ Yoast SEO plugin. -->","yoast_head_json":{"title":"POMPE \u00c0 AIR \u00c9LECTRIQUE pour gonflables avec D\u00c9FLATION - antijellyfishpool.com","robots":{"index":"index","follow":"follow","max-snippet":"max-snippet:-1","max-image-preview":"max-image-preview:large","max-video-preview":"max-video-preview:-1"},"canonical":"https:\/\/antijellyfishpool.com\/fr\/produit\/pompe-a-air-electrique-pour-gonflables-avec-deflation\/","og_locale":"fr_FR","og_type":"article","og_title":"POMPE \u00c0 AIR \u00c9LECTRIQUE pour gonflables avec D\u00c9FLATION - antijellyfishpool.com","og_description":"La pompe \u00e0 air \u00e9lectrique convient \u00e0 toutes les piscines anti-m\u00e9duse pour bateaux et autres gonflables. 3 autres buses sont incluses, elles conviennent \u00e0 la plupart des types de gonflables. Utilisez l'adaptateur appropri\u00e9 en fonction de la taille de l'article gonflable.  Tension : 220-240V. Puissance : 500W.  TEMPS DE GONFLAGE  Temps de gonflage de la DINO POOL : 2 minutes.  Temps de gonflage de l'IBIZA POOL : Moins de 2 minutes.  Temps de gonflage de la MALLORCA POOL : 1 minute.  Temps de gonflage de la MENORCA POOL : Moins de 1 minute.  Il ne faut que moins de 1 ou 2 minutes pour gonfler ou d\u00e9gonfler la piscine, c'est plus rapide et puissant qu'une pompe manuelle.  Contenu du paquet : 1 x Pompe \u00e0 air \u00e9lectrique.","og_url":"https:\/\/antijellyfishpool.com\/fr\/produit\/pompe-a-air-electrique-pour-gonflables-avec-deflation\/","og_site_name":"antijellyfishpool.com","og_image":[{"width":800,"height":600,"url":"https:\/\/antijellyfishpool.com\/wp-content\/uploads\/2020\/04\/Package-pump-220V-Oceandreams-1.jpg","type":"image\/jpeg"}],"twitter_card":"summary_large_image","schema":{"@context":"https:\/\/schema.org","@graph":[{"@type":"WebPage","@id":"https:\/\/antijellyfishpool.com\/fr\/produit\/pompe-a-air-electrique-pour-gonflables-avec-deflation\/","url":"https:\/\/antijellyfishpool.com\/fr\/produit\/pompe-a-air-electrique-pour-gonflables-avec-deflation\/","name":"POMPE \u00c0 AIR \u00c9LECTRIQUE pour gonflables avec D\u00c9FLATION - antijellyfishpool.com","isPartOf":{"@id":"https:\/\/antijellyfishpool.com\/#website"},"primaryImageOfPage":{"@id":"https:\/\/antijellyfishpool.com\/fr\/produit\/pompe-a-air-electrique-pour-gonflables-avec-deflation\/#primaryimage"},"image":{"@id":"https:\/\/antijellyfishpool.com\/fr\/produit\/pompe-a-air-electrique-pour-gonflables-avec-deflation\/#primaryimage"},"thumbnailUrl":"https:\/\/antijellyfishpool.com\/wp-content\/uploads\/2020\/04\/Package-pump-220V-Oceandreams-1.jpg","datePublished":"2025-02-28T16:43:59+00:00","breadcrumb":{"@id":"https:\/\/antijellyfishpool.com\/fr\/produit\/pompe-a-air-electrique-pour-gonflables-avec-deflation\/#breadcrumb"},"inLanguage":"fr-FR","potentialAction":[{"@type":"ReadAction","target":["https:\/\/antijellyfishpool.com\/fr\/produit\/pompe-a-air-electrique-pour-gonflables-avec-deflation\/"]}]},{"@type":"ImageObject","inLanguage":"fr-FR","@id":"https:\/\/antijellyfishpool.com\/fr\/produit\/pompe-a-air-electrique-pour-gonflables-avec-deflation\/#primaryimage","url":"https:\/\/antijellyfishpool.com\/wp-content\/uploads\/2020\/04\/Package-pump-220V-Oceandreams-1.jpg","contentUrl":"https:\/\/antijellyfishpool.com\/wp-content\/uploads\/2020\/04\/Package-pump-220V-Oceandreams-1.jpg","width":800,"height":600,"caption":"Package pump 220V Oceandreams 1"},{"@type":"BreadcrumbList","@id":"https:\/\/antijellyfishpool.com\/fr\/produit\/pompe-a-air-electrique-pour-gonflables-avec-deflation\/#breadcrumb","itemListElement":[{"@type":"ListItem","position":1,"name":"Home","item":"https:\/\/antijellyfishpool.com\/"},{"@type":"ListItem","position":2,"name":"AntiJellyFishPool.com: Water Sport, Water Toys &#038; Boat Equipment","item":"https:\/\/antijellyfishpool.com\/"},{"@type":"ListItem","position":3,"name":"POMPE \u00c0 AIR \u00c9LECTRIQUE pour gonflables avec D\u00c9FLATION"}]},{"@type":"WebSite","@id":"https:\/\/antijellyfishpool.com\/#website","url":"https:\/\/antijellyfishpool.com\/","name":"antijellyfishpool.com","description":"The best jellyfish protection pool system for boats","potentialAction":[{"@type":"SearchAction","target":{"@type":"EntryPoint","urlTemplate":"https:\/\/antijellyfishpool.com\/?s={search_term_string}"},"query-input":{"@type":"PropertyValueSpecification","valueRequired":true,"valueName":"search_term_string"}}],"inLanguage":"fr-FR"}]}},"_links":{"self":[{"href":"https:\/\/antijellyfishpool.com\/fr\/wp-json\/wp\/v2\/product\/8732","targetHints":{"allow":["GET"]}}],"collection":[{"href":"https:\/\/antijellyfishpool.com\/fr\/wp-json\/wp\/v2\/product"}],"about":[{"href":"https:\/\/antijellyfishpool.com\/fr\/wp-json\/wp\/v2\/types\/product"}],"wp:featuredmedia":[{"embeddable":true,"href":"https:\/\/antijellyfishpool.com\/fr\/wp-json\/wp\/v2\/media\/8733"}],"wp:attachment":[{"href":"https:\/\/antijellyfishpool.com\/fr\/wp-json\/wp\/v2\/media?parent=8732"}],"wp:term":[{"taxonomy":"product_brand","embeddable":true,"href":"https:\/\/antijellyfishpool.com\/fr\/wp-json\/wp\/v2\/product_brand?post=8732"},{"taxonomy":"product_cat","embeddable":true,"href":"https:\/\/antijellyfishpool.com\/fr\/wp-json\/wp\/v2\/product_cat?post=8732"},{"taxonomy":"product_tag","embeddable":true,"href":"https:\/\/antijellyfishpool.com\/fr\/wp-json\/wp\/v2\/product_tag?post=8732"}],"curies":[{"name":"wp","href":"https:\/\/api.w.org\/{rel}","templated":true}]}}