{"id":8714,"date":"2024-06-19T16:18:55","date_gmt":"2025-02-28T15:47:02","guid":{"rendered":"https:\/\/antijellyfishpool.com\/?post_type=product&#038;p=8714"},"modified":"2025-02-28T15:47:02","modified_gmt":"2025-02-28T15:47:02","slug":"louez-une-piscine-anti-meduse","status":"publish","type":"product","link":"https:\/\/antijellyfishpool.com\/fr\/produit\/louez-une-piscine-anti-meduse\/","title":{"rendered":"Louez une Piscine Anti Meduse. Uniquement \u00e0 Majorque"},"content":{"rendered":"","protected":false},"excerpt":{"rendered":"<p>Pour les entreprises de location bas\u00e9es \u00e0 Majorque et pour un usage priv\u00e9, il est possible de louer une piscine anti-m\u00e9duse sur l&rsquo;\u00eele de Majorque. Selon la disponibilit\u00e9, toutes les tailles sont disponibles. <strong>Si vous souhaitez en louer une, veuillez nous contacter, il n&rsquo;est pas possible de le faire en ligne via le site web.<\/strong><\/p>\n","protected":false},"featured_media":8715,"template":"","meta":[],"product_brand":[],"product_cat":[158],"product_tag":[],"class_list":{"0":"post-8714","1":"product","2":"type-product","3":"status-publish","4":"has-post-thumbnail","6":"product_cat-equipement-de-bateau-occasion-utilise","8":"first","9":"instock","10":"taxable","11":"shipping-taxable","12":"purchasable","13":"product-type-simple"},"yoast_head":"<!-- This site is optimized with the Yoast SEO plugin v26.6 - https:\/\/yoast.com\/wordpress\/plugins\/seo\/ -->\n<title>Louez une Piscine Anti Meduse. Uniquement \u00e0 Majorque - antijellyfishpool.com<\/title>\n<meta name=\"description\" content=\"Louez une Piscine Anti Meduse. Uniquement \u00e0 Majorque - antijellyfishpool.com - Cliquez ici pour voir tous nos produits d&#039;occasion et en location.\" \/>\n<meta name=\"robots\" content=\"index, follow, max-snippet:-1, max-image-preview:large, max-video-preview:-1\" \/>\n<link rel=\"canonical\" href=\"https:\/\/antijellyfishpool.com\/fr\/produit\/louez-une-piscine-anti-meduse\/\" \/>\n<meta property=\"og:locale\" content=\"fr_FR\" \/>\n<meta property=\"og:type\" content=\"article\" \/>\n<meta property=\"og:title\" content=\"Louez une Piscine Anti Meduse. Uniquement \u00e0 Majorque - antijellyfishpool.com\" \/>\n<meta property=\"og:description\" content=\"Louez une Piscine Anti Meduse. Uniquement \u00e0 Majorque - antijellyfishpool.com - Cliquez ici pour voir tous nos produits d&#039;occasion et en location.\" \/>\n<meta property=\"og:url\" content=\"https:\/\/antijellyfishpool.com\/fr\/produit\/louez-une-piscine-anti-meduse\/\" \/>\n<meta property=\"og:site_name\" content=\"antijellyfishpool.com\" \/>\n<meta property=\"og:image\" content=\"https:\/\/antijellyfishpool.com\/wp-content\/uploads\/2017\/05\/BIXU9585.jpg\" \/>\n\t<meta property=\"og:image:width\" content=\"768\" \/>\n\t<meta property=\"og:image:height\" content=\"1024\" \/>\n\t<meta property=\"og:image:type\" content=\"image\/jpeg\" \/>\n<meta name=\"twitter:card\" content=\"summary_large_image\" \/>\n<script type=\"application\/ld+json\" class=\"yoast-schema-graph\">{\"@context\":\"https:\/\/schema.org\",\"@graph\":[{\"@type\":\"WebPage\",\"@id\":\"https:\/\/antijellyfishpool.com\/fr\/produit\/louez-une-piscine-anti-meduse\/\",\"url\":\"https:\/\/antijellyfishpool.com\/fr\/produit\/louez-une-piscine-anti-meduse\/\",\"name\":\"Louez une Piscine Anti Meduse. Uniquement \u00e0 Majorque - antijellyfishpool.com\",\"isPartOf\":{\"@id\":\"https:\/\/antijellyfishpool.com\/#website\"},\"primaryImageOfPage\":{\"@id\":\"https:\/\/antijellyfishpool.com\/fr\/produit\/louez-une-piscine-anti-meduse\/#primaryimage\"},\"image\":{\"@id\":\"https:\/\/antijellyfishpool.com\/fr\/produit\/louez-une-piscine-anti-meduse\/#primaryimage\"},\"thumbnailUrl\":\"https:\/\/antijellyfishpool.com\/wp-content\/uploads\/2017\/05\/BIXU9585.jpg\",\"datePublished\":\"2025-02-28T15:47:02+00:00\",\"description\":\"Louez une Piscine Anti Meduse. Uniquement \u00e0 Majorque - antijellyfishpool.com - Cliquez ici pour voir tous nos produits d'occasion et en location.\",\"breadcrumb\":{\"@id\":\"https:\/\/antijellyfishpool.com\/fr\/produit\/louez-une-piscine-anti-meduse\/#breadcrumb\"},\"inLanguage\":\"fr-FR\",\"potentialAction\":[{\"@type\":\"ReadAction\",\"target\":[\"https:\/\/antijellyfishpool.com\/fr\/produit\/louez-une-piscine-anti-meduse\/\"]}]},{\"@type\":\"ImageObject\",\"inLanguage\":\"fr-FR\",\"@id\":\"https:\/\/antijellyfishpool.com\/fr\/produit\/louez-une-piscine-anti-meduse\/#primaryimage\",\"url\":\"https:\/\/antijellyfishpool.com\/wp-content\/uploads\/2017\/05\/BIXU9585.jpg\",\"contentUrl\":\"https:\/\/antijellyfishpool.com\/wp-content\/uploads\/2017\/05\/BIXU9585.jpg\",\"width\":768,\"height\":1024,\"caption\":\"BIXU9585\"},{\"@type\":\"BreadcrumbList\",\"@id\":\"https:\/\/antijellyfishpool.com\/fr\/produit\/louez-une-piscine-anti-meduse\/#breadcrumb\",\"itemListElement\":[{\"@type\":\"ListItem\",\"position\":1,\"name\":\"Home\",\"item\":\"https:\/\/antijellyfishpool.com\/\"},{\"@type\":\"ListItem\",\"position\":2,\"name\":\"AntiJellyFishPool.com: Water Sport, Water Toys &#038; Boat Equipment\",\"item\":\"https:\/\/antijellyfishpool.com\/\"},{\"@type\":\"ListItem\",\"position\":3,\"name\":\"Louez une Piscine Anti Meduse. Uniquement \u00e0 Majorque\"}]},{\"@type\":\"WebSite\",\"@id\":\"https:\/\/antijellyfishpool.com\/#website\",\"url\":\"https:\/\/antijellyfishpool.com\/\",\"name\":\"antijellyfishpool.com\",\"description\":\"The best jellyfish protection pool system for boats\",\"potentialAction\":[{\"@type\":\"SearchAction\",\"target\":{\"@type\":\"EntryPoint\",\"urlTemplate\":\"https:\/\/antijellyfishpool.com\/?s={search_term_string}\"},\"query-input\":{\"@type\":\"PropertyValueSpecification\",\"valueRequired\":true,\"valueName\":\"search_term_string\"}}],\"inLanguage\":\"fr-FR\"}]}<\/script>\n<!-- \/ Yoast SEO plugin. -->","yoast_head_json":{"title":"Louez une Piscine Anti Meduse. Uniquement \u00e0 Majorque - antijellyfishpool.com","description":"Louez une Piscine Anti Meduse. Uniquement \u00e0 Majorque - antijellyfishpool.com - Cliquez ici pour voir tous nos produits d'occasion et en location.","robots":{"index":"index","follow":"follow","max-snippet":"max-snippet:-1","max-image-preview":"max-image-preview:large","max-video-preview":"max-video-preview:-1"},"canonical":"https:\/\/antijellyfishpool.com\/fr\/produit\/louez-une-piscine-anti-meduse\/","og_locale":"fr_FR","og_type":"article","og_title":"Louez une Piscine Anti Meduse. Uniquement \u00e0 Majorque - antijellyfishpool.com","og_description":"Louez une Piscine Anti Meduse. Uniquement \u00e0 Majorque - antijellyfishpool.com - Cliquez ici pour voir tous nos produits d'occasion et en location.","og_url":"https:\/\/antijellyfishpool.com\/fr\/produit\/louez-une-piscine-anti-meduse\/","og_site_name":"antijellyfishpool.com","og_image":[{"width":768,"height":1024,"url":"https:\/\/antijellyfishpool.com\/wp-content\/uploads\/2017\/05\/BIXU9585.jpg","type":"image\/jpeg"}],"twitter_card":"summary_large_image","schema":{"@context":"https:\/\/schema.org","@graph":[{"@type":"WebPage","@id":"https:\/\/antijellyfishpool.com\/fr\/produit\/louez-une-piscine-anti-meduse\/","url":"https:\/\/antijellyfishpool.com\/fr\/produit\/louez-une-piscine-anti-meduse\/","name":"Louez une Piscine Anti Meduse. Uniquement \u00e0 Majorque - antijellyfishpool.com","isPartOf":{"@id":"https:\/\/antijellyfishpool.com\/#website"},"primaryImageOfPage":{"@id":"https:\/\/antijellyfishpool.com\/fr\/produit\/louez-une-piscine-anti-meduse\/#primaryimage"},"image":{"@id":"https:\/\/antijellyfishpool.com\/fr\/produit\/louez-une-piscine-anti-meduse\/#primaryimage"},"thumbnailUrl":"https:\/\/antijellyfishpool.com\/wp-content\/uploads\/2017\/05\/BIXU9585.jpg","datePublished":"2025-02-28T15:47:02+00:00","description":"Louez une Piscine Anti Meduse. Uniquement \u00e0 Majorque - antijellyfishpool.com - Cliquez ici pour voir tous nos produits d'occasion et en location.","breadcrumb":{"@id":"https:\/\/antijellyfishpool.com\/fr\/produit\/louez-une-piscine-anti-meduse\/#breadcrumb"},"inLanguage":"fr-FR","potentialAction":[{"@type":"ReadAction","target":["https:\/\/antijellyfishpool.com\/fr\/produit\/louez-une-piscine-anti-meduse\/"]}]},{"@type":"ImageObject","inLanguage":"fr-FR","@id":"https:\/\/antijellyfishpool.com\/fr\/produit\/louez-une-piscine-anti-meduse\/#primaryimage","url":"https:\/\/antijellyfishpool.com\/wp-content\/uploads\/2017\/05\/BIXU9585.jpg","contentUrl":"https:\/\/antijellyfishpool.com\/wp-content\/uploads\/2017\/05\/BIXU9585.jpg","width":768,"height":1024,"caption":"BIXU9585"},{"@type":"BreadcrumbList","@id":"https:\/\/antijellyfishpool.com\/fr\/produit\/louez-une-piscine-anti-meduse\/#breadcrumb","itemListElement":[{"@type":"ListItem","position":1,"name":"Home","item":"https:\/\/antijellyfishpool.com\/"},{"@type":"ListItem","position":2,"name":"AntiJellyFishPool.com: Water Sport, Water Toys &#038; Boat Equipment","item":"https:\/\/antijellyfishpool.com\/"},{"@type":"ListItem","position":3,"name":"Louez une Piscine Anti Meduse. Uniquement \u00e0 Majorque"}]},{"@type":"WebSite","@id":"https:\/\/antijellyfishpool.com\/#website","url":"https:\/\/antijellyfishpool.com\/","name":"antijellyfishpool.com","description":"The best jellyfish protection pool system for boats","potentialAction":[{"@type":"SearchAction","target":{"@type":"EntryPoint","urlTemplate":"https:\/\/antijellyfishpool.com\/?s={search_term_string}"},"query-input":{"@type":"PropertyValueSpecification","valueRequired":true,"valueName":"search_term_string"}}],"inLanguage":"fr-FR"}]}},"_links":{"self":[{"href":"https:\/\/antijellyfishpool.com\/fr\/wp-json\/wp\/v2\/product\/8714","targetHints":{"allow":["GET"]}}],"collection":[{"href":"https:\/\/antijellyfishpool.com\/fr\/wp-json\/wp\/v2\/product"}],"about":[{"href":"https:\/\/antijellyfishpool.com\/fr\/wp-json\/wp\/v2\/types\/product"}],"wp:featuredmedia":[{"embeddable":true,"href":"https:\/\/antijellyfishpool.com\/fr\/wp-json\/wp\/v2\/media\/8715"}],"wp:attachment":[{"href":"https:\/\/antijellyfishpool.com\/fr\/wp-json\/wp\/v2\/media?parent=8714"}],"wp:term":[{"taxonomy":"product_brand","embeddable":true,"href":"https:\/\/antijellyfishpool.com\/fr\/wp-json\/wp\/v2\/product_brand?post=8714"},{"taxonomy":"product_cat","embeddable":true,"href":"https:\/\/antijellyfishpool.com\/fr\/wp-json\/wp\/v2\/product_cat?post=8714"},{"taxonomy":"product_tag","embeddable":true,"href":"https:\/\/antijellyfishpool.com\/fr\/wp-json\/wp\/v2\/product_tag?post=8714"}],"curies":[{"name":"wp","href":"https:\/\/api.w.org\/{rel}","templated":true}]}}