{"id":8970,"date":"2025-02-28T22:43:49","date_gmt":"2025-02-28T22:43:49","guid":{"rendered":"https:\/\/antijellyfishpool.com\/politique-de-cookies\/"},"modified":"2025-02-28T22:43:49","modified_gmt":"2025-02-28T22:43:49","slug":"politique-de-cookies","status":"publish","type":"page","link":"https:\/\/antijellyfishpool.com\/fr\/politique-de-cookies\/","title":{"rendered":"Politique de Cookies"},"content":{"rendered":"<p><strong>Politique de cookies<\/strong><\/p>\n<p>Ce document a \u00e9t\u00e9 modifi\u00e9 pour la derni\u00e8re fois le 10 avril 2016.<br \/>\nUn cookie est un fichier qui est t\u00e9l\u00e9charg\u00e9 sur votre ordinateur lorsque vous acc\u00e9dez \u00e0 certaines pages web. Les cookies permettent \u00e0 une page web, entre autres, de stocker et r\u00e9cup\u00e9rer des informations sur les habitudes de navigation d&rsquo;un utilisateur ou de son \u00e9quipement et, en fonction des informations qu&rsquo;ils contiennent et de la mani\u00e8re dont ils utilisent leur \u00e9quipement, ils peuvent \u00eatre utilis\u00e9s pour reconna\u00eetre l&rsquo;utilisateur. Le navigateur de l&rsquo;utilisateur m\u00e9morise les cookies sur le disque dur uniquement pendant la session en cours, occupant un espace m\u00e9moire minimal et ne nuisant pas \u00e0 l&rsquo;ordinateur. Les cookies ne contiennent aucune information personnelle sp\u00e9cifique, et la plupart d&rsquo;entre eux sont supprim\u00e9s du disque dur \u00e0 la fin de la session du navigateur (les cookies dits de session).<\/p>\n<p>La plupart des navigateurs acceptent les cookies par d\u00e9faut et, ind\u00e9pendamment de cela, permettent ou emp\u00eachent les cookies temporaires ou stock\u00e9s dans les param\u00e8tres de s\u00e9curit\u00e9.<\/p>\n<p>Sans votre consentement expr\u00e8s (en activant les cookies dans votre navigateur), les donn\u00e9es stock\u00e9es ne seront pas li\u00e9es aux cookies avec vos donn\u00e9es personnelles fournies lors de l&rsquo;inscription ou de l&rsquo;achat.<\/p>\n<p><strong>Types de cookies<\/strong><\/p>\n<p>Cookies techniques : Ce sont ceux qui permettent \u00e0 l&rsquo;utilisateur de naviguer sur une page web, une plateforme ou une application et d&rsquo;utiliser diff\u00e9rentes options ou services qui y existent, par exemple, contr\u00f4ler le trafic et la communication des donn\u00e9es, identifier la session, acc\u00e9der aux parties \u00e0 acc\u00e8s restreint, se souvenir des \u00e9l\u00e9ments qui composent une commande, r\u00e9aliser le processus d&rsquo;achat d&rsquo;une commande, faire une demande d&rsquo;inscription ou de participation \u00e0 un \u00e9v\u00e9nement, utiliser des \u00e9l\u00e9ments de s\u00e9curit\u00e9 pendant la navigation, stocker des contenus pour la diffusion de vid\u00e9os ou de sons, ou partager des contenus via des r\u00e9seaux sociaux.<\/p>\n<p>Cookies de personnalisation : Ce sont ceux qui permettent \u00e0 l&rsquo;utilisateur d&rsquo;acc\u00e9der au service avec certaines caract\u00e9ristiques g\u00e9n\u00e9rales, pr\u00e9d\u00e9finies en fonction d&rsquo;une s\u00e9rie de crit\u00e8res dans le terminal de l&rsquo;utilisateur, comme, par exemple, la langue, le type de navigateur par lequel l&rsquo;acc\u00e8s au service se fait, la configuration r\u00e9gionale depuis laquelle vous acc\u00e9dez au service, etc.<\/p>\n<p>Cookies d&rsquo;analyse : Ce sont ceux qui, bien trait\u00e9s par nous ou par des tiers, nous permettent de quantifier le nombre d&rsquo;utilisateurs et ainsi d&rsquo;effectuer la mesure et l&rsquo;analyse statistique de l&rsquo;utilisation faite par les utilisateurs du service offert. Pour ce faire, nous analysons votre navigation sur notre site Web afin d&rsquo;am\u00e9liorer l&rsquo;offre de produits ou de services que nous vous proposons.<\/p>\n<p>Cookies publicitaires : Ce sont ceux qui, bien trait\u00e9s par nous ou par des tiers, nous permettent de g\u00e9rer de mani\u00e8re la plus efficace possible l&rsquo;offre des espaces publicitaires pr\u00e9sents sur le site Web, en adaptant le contenu de la publicit\u00e9 \u00e0 celui du service demand\u00e9 ou \u00e0 l&rsquo;utilisation que vous faites de notre site Web. \u00c0 cette fin, nous pouvons analyser vos habitudes de navigation sur Internet et vous afficher des publicit\u00e9s li\u00e9es \u00e0 votre profil de navigation.<\/p>\n<p>Cookies de publicit\u00e9 comportementale : Ce sont ceux qui permettent la gestion, de mani\u00e8re la plus efficace possible, des espaces publicitaires que l&rsquo;\u00e9diteur a inclus, le cas \u00e9ch\u00e9ant, dans une page Web, une application ou une plateforme \u00e0 partir de laquelle le service demand\u00e9 est fourni. Ces cookies stockent des informations sur le comportement des utilisateurs obtenues gr\u00e2ce \u00e0 l&rsquo;observation continue de leurs habitudes de navigation, ce qui permet l&rsquo;\u00e9laboration d&rsquo;un profil sp\u00e9cifique pour afficher des publicit\u00e9s en fonction de celui-ci.<\/p>\n<p>Cookies tiers : Le site Web peut utiliser des services tiers qui, au nom de ce site, recueillent des informations \u00e0 des fins statistiques sur l&rsquo;utilisation du site par l&rsquo;utilisateur et pour la fourniture d&rsquo;autres services li\u00e9s \u00e0 l&rsquo;activit\u00e9 de ce site et \u00e0 d&rsquo;autres services Internet.<\/p>\n<p><strong>Cookies tiers utilis\u00e9s<\/strong><br \/>\nEn particulier, ce site Web utilise Google Analytics, un service d&rsquo;analyse Web fourni par Google, Inc., domicili\u00e9e aux \u00c9tats-Unis, avec son si\u00e8ge \u00e0 1600 Amphitheater Parkway, Mountain View, 94043, Californie. Pour la fourniture de ces services, ils utilisent des cookies qui collectent des informations, y compris l&rsquo;adresse IP de l&rsquo;utilisateur, qui sera transmise, trait\u00e9e et stock\u00e9e par Google selon les termes d\u00e9finis sur son site Web, y compris la possible transmission de ces informations \u00e0 des tiers pour des raisons l\u00e9gales ou lorsque ces tiers traitent l&rsquo;information au nom de Google.<\/p>\n<p><strong>Consentement<\/strong><br \/>\nL&rsquo;utilisateur accepte express\u00e9ment, pour l&rsquo;utilisation de ce site, le traitement des informations collect\u00e9es de la mani\u00e8re et aux fins mentionn\u00e9es ci-dessus. De m\u00eame, il reconna\u00eet conna\u00eetre la possibilit\u00e9 de refuser le traitement de ces donn\u00e9es ou informations en refusant l&rsquo;utilisation des cookies en s\u00e9lectionnant la configuration appropri\u00e9e \u00e0 cet effet dans son navigateur, bien que cette option de bloquer les cookies dans votre navigateur puisse<\/p>\n","protected":false},"excerpt":{"rendered":"<p>Politique de cookies Ce document a \u00e9t\u00e9 modifi\u00e9 pour la derni\u00e8re fois le 10 avril 2016. Un cookie est un fichier qui est t\u00e9l\u00e9charg\u00e9 sur&#8230;<\/p>\n","protected":false},"author":1,"featured_media":0,"parent":0,"menu_order":0,"comment_status":"closed","ping_status":"closed","template":"","meta":{"footnotes":""},"class_list":["post-8970","page","type-page","status-publish"],"yoast_head":"<!-- This site is optimized with the Yoast SEO plugin v26.6 - https:\/\/yoast.com\/wordpress\/plugins\/seo\/ -->\n<title>Politique de Cookies - antijellyfishpool.com<\/title>\n<meta name=\"robots\" content=\"index, follow, max-snippet:-1, max-image-preview:large, max-video-preview:-1\" \/>\n<link rel=\"canonical\" href=\"https:\/\/antijellyfishpool.com\/politique-de-cookies\/\" \/>\n<meta property=\"og:locale\" content=\"fr_FR\" \/>\n<meta property=\"og:type\" content=\"article\" \/>\n<meta property=\"og:title\" content=\"Politique de Cookies - antijellyfishpool.com\" \/>\n<meta property=\"og:description\" content=\"Politique de cookies Ce document a \u00e9t\u00e9 modifi\u00e9 pour la derni\u00e8re fois le 10 avril 2016. Un cookie est un fichier qui est t\u00e9l\u00e9charg\u00e9 sur...\" \/>\n<meta property=\"og:url\" content=\"https:\/\/antijellyfishpool.com\/politique-de-cookies\/\" \/>\n<meta property=\"og:site_name\" content=\"antijellyfishpool.com\" \/>\n<meta name=\"twitter:card\" content=\"summary_large_image\" \/>\n<meta name=\"twitter:label1\" content=\"Dur\u00e9e de lecture estim\u00e9e\" \/>\n\t<meta name=\"twitter:data1\" content=\"4 minutes\" \/>\n<script type=\"application\/ld+json\" class=\"yoast-schema-graph\">{\"@context\":\"https:\/\/schema.org\",\"@graph\":[{\"@type\":\"WebPage\",\"@id\":\"https:\/\/antijellyfishpool.com\/politique-de-cookies\/\",\"url\":\"https:\/\/antijellyfishpool.com\/politique-de-cookies\/\",\"name\":\"Politique de Cookies - antijellyfishpool.com\",\"isPartOf\":{\"@id\":\"https:\/\/antijellyfishpool.com\/#website\"},\"datePublished\":\"2025-02-28T22:43:49+00:00\",\"breadcrumb\":{\"@id\":\"https:\/\/antijellyfishpool.com\/politique-de-cookies\/#breadcrumb\"},\"inLanguage\":\"fr-FR\",\"potentialAction\":[{\"@type\":\"ReadAction\",\"target\":[\"https:\/\/antijellyfishpool.com\/politique-de-cookies\/\"]}]},{\"@type\":\"BreadcrumbList\",\"@id\":\"https:\/\/antijellyfishpool.com\/politique-de-cookies\/#breadcrumb\",\"itemListElement\":[{\"@type\":\"ListItem\",\"position\":1,\"name\":\"Home\",\"item\":\"https:\/\/antijellyfishpool.com\/\"},{\"@type\":\"ListItem\",\"position\":2,\"name\":\"Politique de Cookies\"}]},{\"@type\":\"WebSite\",\"@id\":\"https:\/\/antijellyfishpool.com\/#website\",\"url\":\"https:\/\/antijellyfishpool.com\/\",\"name\":\"antijellyfishpool.com\",\"description\":\"The best jellyfish protection pool system for boats\",\"potentialAction\":[{\"@type\":\"SearchAction\",\"target\":{\"@type\":\"EntryPoint\",\"urlTemplate\":\"https:\/\/antijellyfishpool.com\/?s={search_term_string}\"},\"query-input\":{\"@type\":\"PropertyValueSpecification\",\"valueRequired\":true,\"valueName\":\"search_term_string\"}}],\"inLanguage\":\"fr-FR\"}]}<\/script>\n<!-- \/ Yoast SEO plugin. -->","yoast_head_json":{"title":"Politique de Cookies - antijellyfishpool.com","robots":{"index":"index","follow":"follow","max-snippet":"max-snippet:-1","max-image-preview":"max-image-preview:large","max-video-preview":"max-video-preview:-1"},"canonical":"https:\/\/antijellyfishpool.com\/politique-de-cookies\/","og_locale":"fr_FR","og_type":"article","og_title":"Politique de Cookies - antijellyfishpool.com","og_description":"Politique de cookies Ce document a \u00e9t\u00e9 modifi\u00e9 pour la derni\u00e8re fois le 10 avril 2016. Un cookie est un fichier qui est t\u00e9l\u00e9charg\u00e9 sur...","og_url":"https:\/\/antijellyfishpool.com\/politique-de-cookies\/","og_site_name":"antijellyfishpool.com","twitter_card":"summary_large_image","twitter_misc":{"Dur\u00e9e de lecture estim\u00e9e":"4 minutes"},"schema":{"@context":"https:\/\/schema.org","@graph":[{"@type":"WebPage","@id":"https:\/\/antijellyfishpool.com\/politique-de-cookies\/","url":"https:\/\/antijellyfishpool.com\/politique-de-cookies\/","name":"Politique de Cookies - antijellyfishpool.com","isPartOf":{"@id":"https:\/\/antijellyfishpool.com\/#website"},"datePublished":"2025-02-28T22:43:49+00:00","breadcrumb":{"@id":"https:\/\/antijellyfishpool.com\/politique-de-cookies\/#breadcrumb"},"inLanguage":"fr-FR","potentialAction":[{"@type":"ReadAction","target":["https:\/\/antijellyfishpool.com\/politique-de-cookies\/"]}]},{"@type":"BreadcrumbList","@id":"https:\/\/antijellyfishpool.com\/politique-de-cookies\/#breadcrumb","itemListElement":[{"@type":"ListItem","position":1,"name":"Home","item":"https:\/\/antijellyfishpool.com\/"},{"@type":"ListItem","position":2,"name":"Politique de Cookies"}]},{"@type":"WebSite","@id":"https:\/\/antijellyfishpool.com\/#website","url":"https:\/\/antijellyfishpool.com\/","name":"antijellyfishpool.com","description":"The best jellyfish protection pool system for boats","potentialAction":[{"@type":"SearchAction","target":{"@type":"EntryPoint","urlTemplate":"https:\/\/antijellyfishpool.com\/?s={search_term_string}"},"query-input":{"@type":"PropertyValueSpecification","valueRequired":true,"valueName":"search_term_string"}}],"inLanguage":"fr-FR"}]}},"_links":{"self":[{"href":"https:\/\/antijellyfishpool.com\/fr\/wp-json\/wp\/v2\/pages\/8970","targetHints":{"allow":["GET"]}}],"collection":[{"href":"https:\/\/antijellyfishpool.com\/fr\/wp-json\/wp\/v2\/pages"}],"about":[{"href":"https:\/\/antijellyfishpool.com\/fr\/wp-json\/wp\/v2\/types\/page"}],"author":[{"embeddable":true,"href":"https:\/\/antijellyfishpool.com\/fr\/wp-json\/wp\/v2\/users\/1"}],"replies":[{"embeddable":true,"href":"https:\/\/antijellyfishpool.com\/fr\/wp-json\/wp\/v2\/comments?post=8970"}],"version-history":[{"count":0,"href":"https:\/\/antijellyfishpool.com\/fr\/wp-json\/wp\/v2\/pages\/8970\/revisions"}],"wp:attachment":[{"href":"https:\/\/antijellyfishpool.com\/fr\/wp-json\/wp\/v2\/media?parent=8970"}],"curies":[{"name":"wp","href":"https:\/\/api.w.org\/{rel}","templated":true}]}}