{"id":8969,"date":"2025-02-28T22:42:26","date_gmt":"2025-02-28T22:42:26","guid":{"rendered":"https:\/\/antijellyfishpool.com\/politiques-de-livraison\/"},"modified":"2025-02-28T22:42:26","modified_gmt":"2025-02-28T22:42:26","slug":"politiques-de-livraison","status":"publish","type":"page","link":"https:\/\/antijellyfishpool.com\/fr\/politiques-de-livraison\/","title":{"rendered":"Politiques de Livraison"},"content":{"rendered":"<p>Toutes les exp\u00e9ditions sont effectu\u00e9es par SEUR ou FEDEX.<\/p>\n<p><strong>Prix d&rsquo;exp\u00e9dition :<\/strong><\/p>\n<p><strong>ESPAGNE<\/strong> : 55 \u20ac par unit\u00e9 de colis<br \/>\n<strong>EUROPE<\/strong> : 157,02 \u20ac par unit\u00e9 de colis<br \/>\n<strong>RESTE DU MONDE<\/strong> : 290 \u20ac par unit\u00e9 de colis<\/p>\n<p>Les d\u00e9lais de livraison indiqu\u00e9s peuvent varier. Bien que nous fassions de notre mieux pour respecter ces d\u00e9lais, tout retard ne donnera pas lieu \u00e0 l&rsquo;annulation de la commande, ni OCEANDREAMS Mediterraneo SL ne sera responsable de toute compensation envers le client.<br \/>\nNotre engagement \u00e0 vendre et \u00e0 livrer les biens propos\u00e9s est soumis \u00e0 l&rsquo;\u00e9puisement des stocks du produit annonc\u00e9. Par cons\u00e9quent, dans un souci de qualit\u00e9 et de service client, nous ferons toujours de notre mieux pour rendre les produits annonc\u00e9s disponibles. Cependant, des circonstances exceptionnelles peuvent survenir, entra\u00eenant l&rsquo;\u00e9puisement des stocks du produit. En cons\u00e9quence, la commande et le contrat sign\u00e9 entre les parties deviendront caducs en vertu de cette clause r\u00e9solutoire, et le client sera int\u00e9gralement rembours\u00e9, en cas de paiement pr\u00e9alable, des sommes vers\u00e9es pour la commande, sans qu&rsquo;aucune indemnit\u00e9 ne soit due au client pour rupture de contrat, dommages indirects ou pertes de profits.<\/p>\n<p>L&rsquo;option d&rsquo;exp\u00e9dition (transport) sera choisie par le client, et le co\u00fbt de celle-ci (fret) d\u00e9pendra de l&rsquo;entreprise d\u00e9sign\u00e9e et du service choisi par le client. Ce service sera factur\u00e9 directement par l&rsquo;entreprise qui fournit le service, et OCEANDREAMS Mediterraneo SL ne sera pas responsable de cette proc\u00e9dure. Cependant, il convient de noter que nous avons cherch\u00e9 \u00e0 associer les entreprises de transport les plus efficaces et reconnues dans le pays \u00e0 ce service.<\/p>\n<p>OCEANDREAMS Mediterraneo SL ne sera responsable de la marchandise que jusqu&rsquo;\u00e0 ce qu&rsquo;elle ait \u00e9t\u00e9 remise \u00e0 l&rsquo;agence de transport choisie par le client, ou, \u00e0 d\u00e9faut, par nous. \u00c0 partir de ce moment, le risque est assum\u00e9 par l&rsquo;acheteur, qui a choisi l&rsquo;agence de transport et d\u00e9cid\u00e9 du co\u00fbt de l&rsquo;assurance. Par cons\u00e9quent, nous ne sommes pas responsables des retards de livraison du transporteur.<br \/>\nAucune commande ne sera exp\u00e9di\u00e9e tant qu&rsquo;il n&rsquo;aura pas \u00e9t\u00e9 v\u00e9rifi\u00e9 que le paiement a \u00e9t\u00e9 effectu\u00e9.<br \/>\nLes samedis, dimanches et jours f\u00e9ri\u00e9s, il n&rsquo;y a pas de service de livraison et ces jours seront consid\u00e9r\u00e9s comme des jours non ouvrables.<br \/>\nLa commande sera livr\u00e9e \u00e0 l&rsquo;adresse d\u00e9sign\u00e9e par le client au moment de l&rsquo;achat. Toute modification ult\u00e9rieure du lieu de livraison demand\u00e9e par le client pourrait entra\u00eener des co\u00fbts suppl\u00e9mentaires sur le prix de vente.<\/p>\n<p>Le client est responsable de v\u00e9rifier le contenu et l&rsquo;\u00e9tat des marchandises au moment de la livraison. Une fois accept\u00e9e et sa signature consign\u00e9e sur la copie du bon de transport de la soci\u00e9t\u00e9 de transport, il exprime son accord sur les articles re\u00e7us et renonce \u00e0 toute r\u00e9clamation ult\u00e9rieure concernant la conformit\u00e9 et l&rsquo;identit\u00e9 des biens demand\u00e9s et re\u00e7us. En cas de constatation d&rsquo;erreurs dans les biens re\u00e7us ou de dommages visibles lors de la livraison, le client doit mentionner ces circonstances dans le bon de transport du transporteur et signaler ces faits \u00e0 OCEANDREAMS Mediterraneo SL dans les 24 heures, par r\u00e9clamation \u00e9crite \u00e0 l&#8217;email <a href=\"mailto:comercial@antijellyfishpool.com\">comercial@antijellyfishpool.com<\/a>.<\/p>\n<p><strong>OPTIONS D&rsquo;EXP\u00c9DITION<\/strong><br \/>\nLes commandes de produits en stock sont exp\u00e9di\u00e9es le m\u00eame jour pour les paiements effectu\u00e9s avant 14h30. Dans le cas contraire, elles sont exp\u00e9di\u00e9es le jour ouvrable suivant. Les commandes de produits en rupture de stock sont exp\u00e9di\u00e9es dans un maximum de 15 jours ouvrables, selon un accord pr\u00e9alable avec l&rsquo;acheteur.<br \/>\nNous travaillons avec les entreprises de transport suivantes : SEUR et FEDEX. Les co\u00fbts et les d\u00e9lais d&rsquo;exp\u00e9dition d\u00e9pendent de l&rsquo;entreprise choisie.<br \/>\nLes frais d&rsquo;exp\u00e9dition sont \u00e0 la charge de l&rsquo;acheteur.<\/p>\n","protected":false},"excerpt":{"rendered":"<p>Toutes les exp\u00e9ditions sont effectu\u00e9es par SEUR ou FEDEX. Prix d&rsquo;exp\u00e9dition : ESPAGNE : 55 \u20ac par unit\u00e9 de colis EUROPE : 157,02 \u20ac par&#8230;<\/p>\n","protected":false},"author":1,"featured_media":0,"parent":0,"menu_order":0,"comment_status":"closed","ping_status":"closed","template":"","meta":{"footnotes":""},"class_list":["post-8969","page","type-page","status-publish"],"yoast_head":"<!-- This site is optimized with the Yoast SEO plugin v26.6 - https:\/\/yoast.com\/wordpress\/plugins\/seo\/ -->\n<title>Politiques de Livraison - antijellyfishpool.com<\/title>\n<meta name=\"robots\" content=\"index, follow, max-snippet:-1, max-image-preview:large, max-video-preview:-1\" \/>\n<link rel=\"canonical\" href=\"https:\/\/antijellyfishpool.com\/politiques-de-livraison\/\" \/>\n<meta property=\"og:locale\" content=\"fr_FR\" \/>\n<meta property=\"og:type\" content=\"article\" \/>\n<meta property=\"og:title\" content=\"Politiques de Livraison - antijellyfishpool.com\" \/>\n<meta property=\"og:description\" content=\"Toutes les exp\u00e9ditions sont effectu\u00e9es par SEUR ou FEDEX. Prix d&rsquo;exp\u00e9dition : ESPAGNE : 55 \u20ac par unit\u00e9 de colis EUROPE : 157,02 \u20ac par...\" \/>\n<meta property=\"og:url\" content=\"https:\/\/antijellyfishpool.com\/politiques-de-livraison\/\" \/>\n<meta property=\"og:site_name\" content=\"antijellyfishpool.com\" \/>\n<meta name=\"twitter:card\" content=\"summary_large_image\" \/>\n<meta name=\"twitter:label1\" content=\"Dur\u00e9e de lecture estim\u00e9e\" \/>\n\t<meta name=\"twitter:data1\" content=\"3 minutes\" \/>\n<script type=\"application\/ld+json\" class=\"yoast-schema-graph\">{\"@context\":\"https:\/\/schema.org\",\"@graph\":[{\"@type\":\"WebPage\",\"@id\":\"https:\/\/antijellyfishpool.com\/politiques-de-livraison\/\",\"url\":\"https:\/\/antijellyfishpool.com\/politiques-de-livraison\/\",\"name\":\"Politiques de Livraison - antijellyfishpool.com\",\"isPartOf\":{\"@id\":\"https:\/\/antijellyfishpool.com\/#website\"},\"datePublished\":\"2025-02-28T22:42:26+00:00\",\"breadcrumb\":{\"@id\":\"https:\/\/antijellyfishpool.com\/politiques-de-livraison\/#breadcrumb\"},\"inLanguage\":\"fr-FR\",\"potentialAction\":[{\"@type\":\"ReadAction\",\"target\":[\"https:\/\/antijellyfishpool.com\/politiques-de-livraison\/\"]}]},{\"@type\":\"BreadcrumbList\",\"@id\":\"https:\/\/antijellyfishpool.com\/politiques-de-livraison\/#breadcrumb\",\"itemListElement\":[{\"@type\":\"ListItem\",\"position\":1,\"name\":\"Home\",\"item\":\"https:\/\/antijellyfishpool.com\/\"},{\"@type\":\"ListItem\",\"position\":2,\"name\":\"Politiques de Livraison\"}]},{\"@type\":\"WebSite\",\"@id\":\"https:\/\/antijellyfishpool.com\/#website\",\"url\":\"https:\/\/antijellyfishpool.com\/\",\"name\":\"antijellyfishpool.com\",\"description\":\"The best jellyfish protection pool system for boats\",\"potentialAction\":[{\"@type\":\"SearchAction\",\"target\":{\"@type\":\"EntryPoint\",\"urlTemplate\":\"https:\/\/antijellyfishpool.com\/?s={search_term_string}\"},\"query-input\":{\"@type\":\"PropertyValueSpecification\",\"valueRequired\":true,\"valueName\":\"search_term_string\"}}],\"inLanguage\":\"fr-FR\"}]}<\/script>\n<!-- \/ Yoast SEO plugin. -->","yoast_head_json":{"title":"Politiques de Livraison - antijellyfishpool.com","robots":{"index":"index","follow":"follow","max-snippet":"max-snippet:-1","max-image-preview":"max-image-preview:large","max-video-preview":"max-video-preview:-1"},"canonical":"https:\/\/antijellyfishpool.com\/politiques-de-livraison\/","og_locale":"fr_FR","og_type":"article","og_title":"Politiques de Livraison - antijellyfishpool.com","og_description":"Toutes les exp\u00e9ditions sont effectu\u00e9es par SEUR ou FEDEX. Prix d&rsquo;exp\u00e9dition : ESPAGNE : 55 \u20ac par unit\u00e9 de colis EUROPE : 157,02 \u20ac par...","og_url":"https:\/\/antijellyfishpool.com\/politiques-de-livraison\/","og_site_name":"antijellyfishpool.com","twitter_card":"summary_large_image","twitter_misc":{"Dur\u00e9e de lecture estim\u00e9e":"3 minutes"},"schema":{"@context":"https:\/\/schema.org","@graph":[{"@type":"WebPage","@id":"https:\/\/antijellyfishpool.com\/politiques-de-livraison\/","url":"https:\/\/antijellyfishpool.com\/politiques-de-livraison\/","name":"Politiques de Livraison - antijellyfishpool.com","isPartOf":{"@id":"https:\/\/antijellyfishpool.com\/#website"},"datePublished":"2025-02-28T22:42:26+00:00","breadcrumb":{"@id":"https:\/\/antijellyfishpool.com\/politiques-de-livraison\/#breadcrumb"},"inLanguage":"fr-FR","potentialAction":[{"@type":"ReadAction","target":["https:\/\/antijellyfishpool.com\/politiques-de-livraison\/"]}]},{"@type":"BreadcrumbList","@id":"https:\/\/antijellyfishpool.com\/politiques-de-livraison\/#breadcrumb","itemListElement":[{"@type":"ListItem","position":1,"name":"Home","item":"https:\/\/antijellyfishpool.com\/"},{"@type":"ListItem","position":2,"name":"Politiques de Livraison"}]},{"@type":"WebSite","@id":"https:\/\/antijellyfishpool.com\/#website","url":"https:\/\/antijellyfishpool.com\/","name":"antijellyfishpool.com","description":"The best jellyfish protection pool system for boats","potentialAction":[{"@type":"SearchAction","target":{"@type":"EntryPoint","urlTemplate":"https:\/\/antijellyfishpool.com\/?s={search_term_string}"},"query-input":{"@type":"PropertyValueSpecification","valueRequired":true,"valueName":"search_term_string"}}],"inLanguage":"fr-FR"}]}},"_links":{"self":[{"href":"https:\/\/antijellyfishpool.com\/fr\/wp-json\/wp\/v2\/pages\/8969","targetHints":{"allow":["GET"]}}],"collection":[{"href":"https:\/\/antijellyfishpool.com\/fr\/wp-json\/wp\/v2\/pages"}],"about":[{"href":"https:\/\/antijellyfishpool.com\/fr\/wp-json\/wp\/v2\/types\/page"}],"author":[{"embeddable":true,"href":"https:\/\/antijellyfishpool.com\/fr\/wp-json\/wp\/v2\/users\/1"}],"replies":[{"embeddable":true,"href":"https:\/\/antijellyfishpool.com\/fr\/wp-json\/wp\/v2\/comments?post=8969"}],"version-history":[{"count":0,"href":"https:\/\/antijellyfishpool.com\/fr\/wp-json\/wp\/v2\/pages\/8969\/revisions"}],"wp:attachment":[{"href":"https:\/\/antijellyfishpool.com\/fr\/wp-json\/wp\/v2\/media?parent=8969"}],"curies":[{"name":"wp","href":"https:\/\/api.w.org\/{rel}","templated":true}]}}