{"id":8968,"date":"2025-02-28T22:41:09","date_gmt":"2025-02-28T22:41:09","guid":{"rendered":"https:\/\/antijellyfishpool.com\/garantie\/"},"modified":"2025-02-28T22:41:09","modified_gmt":"2025-02-28T22:41:09","slug":"garantie","status":"publish","type":"page","link":"https:\/\/antijellyfishpool.com\/fr\/garantie\/","title":{"rendered":"Garantie"},"content":{"rendered":"<p>La piscine OCEANDREAMS b\u00e9n\u00e9ficie d&rsquo;une garantie limit\u00e9e de deux ans contre les d\u00e9fauts de mat\u00e9riau et de fabrication \u00e0 partir de la date d&rsquo;achat. Elle n&rsquo;est pas garantie contre les perforations, les d\u00e9chirures, la d\u00e9coloration du mat\u00e9riau ou les d\u00e9faillances dues \u00e0 une surpression. Cette garantie ne couvre pas les dommages accessoires ou indirects li\u00e9s \u00e0 l&rsquo;utilisation de la piscine.<\/p>\n<p>Toutes les ventes sont finales, sauf dans le cas o\u00f9 le produit est jug\u00e9 d\u00e9fectueux. Si un client a une r\u00e9clamation concernant un produit d\u00e9fectueux, celui-ci peut \u00eatre retourn\u00e9 \u00e0 OCEANDREAMS MED pour \u00e9valuation. Si OCEANDREAMS MED convient que le produit est d\u00e9fectueux, une piscine de remplacement sera fournie.<\/p>\n<p><strong>COMMENT UTILISER<\/strong><\/p>\n<p><strong>POOL OUT! &#8230;.<\/strong><\/p>\n<p>Nous sortons la piscine de son sac et l&rsquo;\u00e9tendons sur le solarium ou la plateforme arri\u00e8re de baignade.<\/p>\n<p>\u00c0 partir de l&rsquo;un des 2 coins du flotteur, localisez les vannes de gonflage et recherchez la sangle d&rsquo;amarrage et fixez temporairement un point d&rsquo;attache pendant que nous gonflons. Une fois gonfl\u00e9e, nous la fixons d\u00e9finitivement au bateau pendant que nous l&rsquo;utilisons.<\/p>\n<p>Pour gonfler la piscine, mettez les vannes d&rsquo;air en position ferm\u00e9e et commencez \u00e0 pomper avec la pompe \u00e0 pied. Pendant qu&rsquo;elle se gonfle, rel\u00e2chez progressivement la piscine dans l&rsquo;eau. Nous recommandons de placer le c\u00f4t\u00e9 avec les vannes de gonflage, qu&rsquo;il soit le plus proche du bateau.<\/p>\n<p>Il est recommand\u00e9 de ne pas installer la piscine \u00e0 une profondeur inf\u00e9rieure \u00e0 3 m\u00e8tres, car la piscine a un tirant d&rsquo;eau de 2,5 m et si le fond est rocheux, en raison des vagues ou des mar\u00e9es, le filet pourrait se coincer dans les rochers et se d\u00e9chirer.<\/p>\n<p>Une fois que la piscine est compl\u00e8tement gonfl\u00e9e, retirez la pompe \u00e0 pied et placez les bouchons de protection des vannes. Mettez votre \u00e9chelle de baignade dans la piscine et attachez la corde \u00e0 l&rsquo;\u00e9chelle de bain. C&rsquo;est pr\u00eat!<\/p>\n<p><strong>NOUS PARTONS, POOL ON!<\/strong><\/p>\n<p>Pour ranger la piscine, commencez par retirer la ligne d&rsquo;amarrage de l&rsquo;\u00e9chelle de bain. Nous retirons l&rsquo;\u00e9chelle de bain de la piscine.<\/p>\n<p>Nous retirons les bouchons de protection des vannes d&rsquo;air et mettons les vannes en position ouverte. La piscine commence \u00e0 se d\u00e9gonfler.<\/p>\n<p>\u00c9tape par \u00e9tape, nous sortons la piscine de l&rsquo;eau et permettons \u00e0 l&rsquo;eau dans le filet de s&rsquo;\u00e9couler.<\/p>\n<p>Il est toujours pr\u00e9f\u00e9rable de laisser la piscine OCEANDREAMS \u00e0 l&rsquo;ext\u00e9rieur au soleil pour la s\u00e9cher pendant environ 15 minutes, puis de la ranger jusqu&rsquo;\u00e0 la prochaine utilisation. Une fois amarr\u00e9e, vous devez rincer le sel \u00e0 l&rsquo;aide d&rsquo;un bon jet d&rsquo;eau douce.<\/p>\n<p><strong>ENTRETIEN DE LA PISCINE<\/strong><\/p>\n<p>Avant de ranger votre piscine, rincez abondamment \u00e0 l&rsquo;eau douce et laissez-la s\u00e9cher compl\u00e8tement au soleil.<\/p>\n<p>Pour la plier, placez la piscine sur une surface d\u00e9gag\u00e9e, ouvrez les vannes et commencez \u00e0 enrouler la piscine sur les c\u00f4t\u00e9s longs, en laissant le c\u00f4t\u00e9 avec les vannes libre pour \u00e9vacuer l&rsquo;air restant dans le flotteur. Prenez le filet de temps en temps pour continuer \u00e0 rouler.<\/p>\n<p>Une fois termin\u00e9 et compl\u00e8tement enroul\u00e9, remettez les vannes d&rsquo;air en position ferm\u00e9e pour le rangement, puis mettez les bouchons de protection des vannes.<\/p>\n<p>Pliez le filet sur les vannes pour les prot\u00e9ger et rangez la piscine dans son sac.<\/p>\n<p>Elle est pr\u00eate \u00e0 \u00eatre rang\u00e9e!<\/p>\n<p><strong>GARANTIE, AVERTISSEMENTS ET INFORMATIONS IMPORTANTES<\/strong><\/p>\n<p><strong>AVERTISSEMENT :<\/strong><\/p>\n<p>La piscine OCEANDREAMS doit \u00eatre utilis\u00e9e de mani\u00e8re responsable, car des blessures pourraient survenir si les pr\u00e9cautions n\u00e9cessaires ne sont pas prises. Le capitaine du bateau doit avertir l&rsquo;\u00e9quipage et les invit\u00e9s, en particulier les enfants, qu&rsquo;en aucun cas ils ne doivent plonger ou sauter dans la piscine. En particulier, utilisez toujours une \u00e9chelle de baignade, ne sautez jamais du bateau vers la piscine, car il est tr\u00e8s facile de glisser, de heurter ou de tomber sur une autre personne, voire de toucher le fond marin. Les piscines ne sont pas s\u00fbres pour plonger et si le fond des mar\u00e9es varie trop en profondeur, des blessures graves peuvent en r\u00e9sulter.<\/p>\n<p><strong>AVERTISSEMENT :<\/strong><\/p>\n<p>En aucun cas les moteurs du bateau ne doivent \u00eatre en marche lorsque la piscine est dans l&rsquo;eau. Le filet pourrait se coincer dans l&rsquo;h\u00e9lice, se d\u00e9truire et causer des blessures aux nageurs.<\/p>\n<p><strong>AVERTISSEMENT :<\/strong><\/p>\n<p>Les piscines n&rsquo;ont besoin que de 3 \u00e0 4 psi pour rester bien gonfl\u00e9es. Elles doivent \u00eatre gonfl\u00e9es avec un gonfleur debout.<\/p>\n<p>Il est facile de d\u00e9passer cette pression si nous soufflons avec un compresseur. L&rsquo;utilisation d&rsquo;un compresseur annulera la garantie de la piscine.<\/p>\n<p>\u00d8 Ce produit ne doit jamais \u00eatre utilis\u00e9 par des enfants, sauf sous la supervision d&rsquo;un adulte<\/p>\n<p>\u00d8 Ce produit n&rsquo;est pas un dispositif de flottabilit\u00e9 personnel (PFD)<\/p>\n<p>\u00d8 Les personnes qui doivent utiliser un dispositif de flottabilit\u00e9 personnel (PFD) pour nager doivent porter un PFD dans la piscine<\/p>\n<p>\u00d8 Ramassez toujours la piscine avant toute temp\u00eate<\/p>\n<p>\u00d8 Lisez ces instructions avant utilisation<\/p>\n<p>\u00c9tant donn\u00e9 que le filet n&rsquo;est pas une barri\u00e8re imperm\u00e9able, il est th\u00e9oriquement possible que certains tentacules de m\u00e9duses passent \u00e0 travers le filet s&rsquo;il y a un contact direct avec une m\u00e9duse ou ses tentacules urticants. Il n&rsquo;y a aucune garantie qu&rsquo;un utilisateur ne puisse pas \u00eatre piqu\u00e9 \u00e0 travers le filet de la piscine. En raison de la faible possibilit\u00e9 que quelqu&rsquo;un soit piqu\u00e9 \u00e0 travers le filet, nous ne recommandons pas l&rsquo;utilisation par des personnes qui, pour des raisons physiques ou \u00e9motionnelles, ne peuvent pas tol\u00e9rer le risque d&rsquo;une piq\u00fbre de m\u00e9duse. Le filet de la piscine est poreux pour permettre \u00e0 l&rsquo;eau de circuler.<\/p>\n<p><strong>GARANTIE LIMIT\u00c9E<\/strong><\/p>\n<p>La piscine b\u00e9n\u00e9ficie d&rsquo;une garantie limit\u00e9e d&rsquo;un an contre les d\u00e9fauts de mat\u00e9riau et de fabrication. Elle n&rsquo;est pas garantie contre les perforations, les cassures, le mat\u00e9riau fondu ou les dommages dus \u00e0 une surpression. Cette garantie ne couvre pas l&rsquo;utilisation incorrecte de ce produit. Le vendeur et le fabricant ne seront pas responsables des dommages accidentels ou dus \u00e0 une mauvaise utilisation de la piscine.<\/p>\n","protected":false},"excerpt":{"rendered":"<p>La piscine OCEANDREAMS b\u00e9n\u00e9ficie d&rsquo;une garantie limit\u00e9e de deux ans contre les d\u00e9fauts de mat\u00e9riau et de fabrication \u00e0 partir de la date d&rsquo;achat. Elle&#8230;<\/p>\n","protected":false},"author":1,"featured_media":0,"parent":0,"menu_order":0,"comment_status":"closed","ping_status":"closed","template":"","meta":{"footnotes":""},"class_list":["post-8968","page","type-page","status-publish"],"yoast_head":"<!-- This site is optimized with the Yoast SEO plugin v26.6 - https:\/\/yoast.com\/wordpress\/plugins\/seo\/ -->\n<title>Garantie - antijellyfishpool.com<\/title>\n<meta name=\"robots\" content=\"index, follow, max-snippet:-1, max-image-preview:large, max-video-preview:-1\" \/>\n<link rel=\"canonical\" href=\"https:\/\/antijellyfishpool.com\/garantie\/\" \/>\n<meta property=\"og:locale\" content=\"fr_FR\" \/>\n<meta property=\"og:type\" content=\"article\" \/>\n<meta property=\"og:title\" content=\"Garantie - antijellyfishpool.com\" \/>\n<meta property=\"og:description\" content=\"La piscine OCEANDREAMS b\u00e9n\u00e9ficie d&rsquo;une garantie limit\u00e9e de deux ans contre les d\u00e9fauts de mat\u00e9riau et de fabrication \u00e0 partir de la date d&rsquo;achat. Elle...\" \/>\n<meta property=\"og:url\" content=\"https:\/\/antijellyfishpool.com\/garantie\/\" \/>\n<meta property=\"og:site_name\" content=\"antijellyfishpool.com\" \/>\n<meta name=\"twitter:card\" content=\"summary_large_image\" \/>\n<meta name=\"twitter:label1\" content=\"Dur\u00e9e de lecture estim\u00e9e\" \/>\n\t<meta name=\"twitter:data1\" content=\"5 minutes\" \/>\n<script type=\"application\/ld+json\" class=\"yoast-schema-graph\">{\"@context\":\"https:\/\/schema.org\",\"@graph\":[{\"@type\":\"WebPage\",\"@id\":\"https:\/\/antijellyfishpool.com\/garantie\/\",\"url\":\"https:\/\/antijellyfishpool.com\/garantie\/\",\"name\":\"Garantie - antijellyfishpool.com\",\"isPartOf\":{\"@id\":\"https:\/\/antijellyfishpool.com\/#website\"},\"datePublished\":\"2025-02-28T22:41:09+00:00\",\"breadcrumb\":{\"@id\":\"https:\/\/antijellyfishpool.com\/garantie\/#breadcrumb\"},\"inLanguage\":\"fr-FR\",\"potentialAction\":[{\"@type\":\"ReadAction\",\"target\":[\"https:\/\/antijellyfishpool.com\/garantie\/\"]}]},{\"@type\":\"BreadcrumbList\",\"@id\":\"https:\/\/antijellyfishpool.com\/garantie\/#breadcrumb\",\"itemListElement\":[{\"@type\":\"ListItem\",\"position\":1,\"name\":\"Home\",\"item\":\"https:\/\/antijellyfishpool.com\/\"},{\"@type\":\"ListItem\",\"position\":2,\"name\":\"Garantie\"}]},{\"@type\":\"WebSite\",\"@id\":\"https:\/\/antijellyfishpool.com\/#website\",\"url\":\"https:\/\/antijellyfishpool.com\/\",\"name\":\"antijellyfishpool.com\",\"description\":\"The best jellyfish protection pool system for boats\",\"potentialAction\":[{\"@type\":\"SearchAction\",\"target\":{\"@type\":\"EntryPoint\",\"urlTemplate\":\"https:\/\/antijellyfishpool.com\/?s={search_term_string}\"},\"query-input\":{\"@type\":\"PropertyValueSpecification\",\"valueRequired\":true,\"valueName\":\"search_term_string\"}}],\"inLanguage\":\"fr-FR\"}]}<\/script>\n<!-- \/ Yoast SEO plugin. -->","yoast_head_json":{"title":"Garantie - antijellyfishpool.com","robots":{"index":"index","follow":"follow","max-snippet":"max-snippet:-1","max-image-preview":"max-image-preview:large","max-video-preview":"max-video-preview:-1"},"canonical":"https:\/\/antijellyfishpool.com\/garantie\/","og_locale":"fr_FR","og_type":"article","og_title":"Garantie - antijellyfishpool.com","og_description":"La piscine OCEANDREAMS b\u00e9n\u00e9ficie d&rsquo;une garantie limit\u00e9e de deux ans contre les d\u00e9fauts de mat\u00e9riau et de fabrication \u00e0 partir de la date d&rsquo;achat. Elle...","og_url":"https:\/\/antijellyfishpool.com\/garantie\/","og_site_name":"antijellyfishpool.com","twitter_card":"summary_large_image","twitter_misc":{"Dur\u00e9e de lecture estim\u00e9e":"5 minutes"},"schema":{"@context":"https:\/\/schema.org","@graph":[{"@type":"WebPage","@id":"https:\/\/antijellyfishpool.com\/garantie\/","url":"https:\/\/antijellyfishpool.com\/garantie\/","name":"Garantie - antijellyfishpool.com","isPartOf":{"@id":"https:\/\/antijellyfishpool.com\/#website"},"datePublished":"2025-02-28T22:41:09+00:00","breadcrumb":{"@id":"https:\/\/antijellyfishpool.com\/garantie\/#breadcrumb"},"inLanguage":"fr-FR","potentialAction":[{"@type":"ReadAction","target":["https:\/\/antijellyfishpool.com\/garantie\/"]}]},{"@type":"BreadcrumbList","@id":"https:\/\/antijellyfishpool.com\/garantie\/#breadcrumb","itemListElement":[{"@type":"ListItem","position":1,"name":"Home","item":"https:\/\/antijellyfishpool.com\/"},{"@type":"ListItem","position":2,"name":"Garantie"}]},{"@type":"WebSite","@id":"https:\/\/antijellyfishpool.com\/#website","url":"https:\/\/antijellyfishpool.com\/","name":"antijellyfishpool.com","description":"The best jellyfish protection pool system for boats","potentialAction":[{"@type":"SearchAction","target":{"@type":"EntryPoint","urlTemplate":"https:\/\/antijellyfishpool.com\/?s={search_term_string}"},"query-input":{"@type":"PropertyValueSpecification","valueRequired":true,"valueName":"search_term_string"}}],"inLanguage":"fr-FR"}]}},"_links":{"self":[{"href":"https:\/\/antijellyfishpool.com\/fr\/wp-json\/wp\/v2\/pages\/8968","targetHints":{"allow":["GET"]}}],"collection":[{"href":"https:\/\/antijellyfishpool.com\/fr\/wp-json\/wp\/v2\/pages"}],"about":[{"href":"https:\/\/antijellyfishpool.com\/fr\/wp-json\/wp\/v2\/types\/page"}],"author":[{"embeddable":true,"href":"https:\/\/antijellyfishpool.com\/fr\/wp-json\/wp\/v2\/users\/1"}],"replies":[{"embeddable":true,"href":"https:\/\/antijellyfishpool.com\/fr\/wp-json\/wp\/v2\/comments?post=8968"}],"version-history":[{"count":0,"href":"https:\/\/antijellyfishpool.com\/fr\/wp-json\/wp\/v2\/pages\/8968\/revisions"}],"wp:attachment":[{"href":"https:\/\/antijellyfishpool.com\/fr\/wp-json\/wp\/v2\/media?parent=8968"}],"curies":[{"name":"wp","href":"https:\/\/api.w.org\/{rel}","templated":true}]}}