{"id":8967,"date":"2025-02-28T22:39:43","date_gmt":"2025-02-28T22:39:43","guid":{"rendered":"https:\/\/antijellyfishpool.com\/politique-de-retour\/"},"modified":"2025-02-28T22:39:43","modified_gmt":"2025-02-28T22:39:43","slug":"politique-de-retour","status":"publish","type":"page","link":"https:\/\/antijellyfishpool.com\/fr\/politique-de-retour\/","title":{"rendered":"Politique de retour"},"content":{"rendered":"<p>GUIDES G\u00c9N\u00c9RAUX DE RETOUR<\/p>\n<p>Voici les lignes directrices g\u00e9n\u00e9rales de retour de OCEANDREAMS Mediterraneo SL qui s&rsquo;appliquent uniquement aux produits que vous achetez directement chez nous. Si vous achetez des produits par des canaux hors ligne, contactez le fournisseur final qui vous a vendu les produits pour conna\u00eetre leur politique de retour. Pour demander un remboursement ou un \u00e9change, vous devez respecter toutes les lignes directrices g\u00e9n\u00e9rales.<\/p>\n<p>\u2022 Tous les retours de produits n\u00e9cessitent un num\u00e9ro d&rsquo;autorisation de retour de marchandise (RMA). Vous pouvez nous contacter pour obtenir un num\u00e9ro RMA.<br \/>\n\u2022 Si vous retournez des produits dans lesquels vous avez stock\u00e9 des informations personnelles, vous devez supprimer compl\u00e8tement ces informations avant de nous envoyer le(s) produit(s).<br \/>\n\u2022 Les frais d&rsquo;envoi du retour sont \u00e0 votre charge, assurez-vous que l&rsquo;incident sur l&rsquo;article n&rsquo;est pas de votre responsabilit\u00e9. Ces frais peuvent varier en fonction de la taille et du poids du produit.<br \/>\n\u2022 Pour l&rsquo;achat d&rsquo;articles volumineux (par exemple, piscines, Seascooter), conservez l&#8217;emballage d&rsquo;origine pendant au moins 15 jours, dans la p\u00e9riode de la politique de retour, pour l&rsquo;utiliser en cas de demande de retour ou de remplacement de l&rsquo;unit\u00e9.<\/p>\n<p>Les produits que nous recevons dans l&rsquo;une des conditions suivantes ne sont pas \u00e9ligibles pour un retour et seront rejet\u00e9s :<br \/>\n\u2022 Tout produit non achet\u00e9 aupr\u00e8s de OCEANDREAMS Mediterraneo SL<br \/>\n\u2022 Tout produit retourn\u00e9 sans l&#8217;emballage d&rsquo;origine et les accessoires, y compris la bo\u00eete et tous les autres \u00e9l\u00e9ments initialement inclus avec le produit.<br \/>\n\u2022 Tout produit pr\u00e9sentant des dommages physiques.<br \/>\n\u2022 Tout produit qui semble avoir \u00e9t\u00e9 manipul\u00e9, personnalis\u00e9 ou modifi\u00e9 de quelque mani\u00e8re que ce soit.<\/p>\n<p>POLITIQUE DE RETOUR STANDARD<\/p>\n<p>\u2022 Remboursement pour remboursement : dans les 15 premiers jours civils \u00e0 compter de la date de la facture ou de la date de livraison, selon la derni\u00e8re de ces deux dates.<br \/>\n\u2022 Remboursement pour remplacement : dans les 15 premiers jours civils \u00e0 compter de la date de la facture ou de la date de livraison, selon la derni\u00e8re de ces deux dates.<br \/>\n\u2022 Nous vous offrirons la possibilit\u00e9 de retourner le produit via un service de transport pr\u00e9pay\u00e9. Vous pouvez obtenir un num\u00e9ro de commande de ramassage par e-mail, apr\u00e8s avoir cr\u00e9\u00e9 le RMA dans le centre de service client.<br \/>\n\u2022 Le co\u00fbt du transport de votre retour ou du remplacement de produit sera d\u00e9duit de votre remboursement, sauf si votre article r\u00e9pond aux crit\u00e8res d&rsquo;un retour gratuit.<\/p>\n<p>RETURNS D&rsquo;EXP\u00c9DITION<\/p>\n<p>OCEANDREAMS Mediterraneo SL ne paiera les frais d&rsquo;exp\u00e9dition du retour que si le produit est d\u00e9fectueux en raison de la responsabilit\u00e9 du fabricant (pas la faute du client). L&rsquo;article doit \u00eatre dans la p\u00e9riode de politique de retour de OCEANDREAMS Mediterraneo SL. Un num\u00e9ro de commande de ramassage peut \u00eatre obtenu par e-mail apr\u00e8s la cr\u00e9ation du RMA.<br \/>\n\u2022 Les frais d&rsquo;exp\u00e9dition de retour peuvent \u00eatre d\u00e9duits de votre remboursement en fonction du motif du retour.<\/p>\n<p>\u2022 Pour l&rsquo;achat d&rsquo;articles volumineux (par exemple, Seascooter, piscines), conservez l&#8217;emballage d&rsquo;origine pendant au moins 15 jours, dans la p\u00e9riode de la politique de retour, en cas de demande de retour ou de remplacement de l&rsquo;unit\u00e9.<\/p>\n<p>\u2022 Les frais d&rsquo;exp\u00e9dition de retour peuvent varier en fonction de la taille et du poids du produit, selon les d\u00e9tails ci-dessous.<\/p>\n<p>Frais d&rsquo;exp\u00e9dition de retour selon la port\u00e9e<br \/>\nPISCINES ANTI-M\u00c9DUSE et SEASCOOTER 50 \u20ac P\u00e9ninsule espagnole<br \/>\nPISCINES ANTI-M\u00c9DUSE et SEASCOOTER 78 \u20ac Ibiza \/ Minorque<\/p>\n<p>INFORMATIONS SUPPL\u00c9MENTAIRES SUR LES RETOURS<br \/>\nARTICLE EN RUPTURE DE STOCK (EN ATTENTE)<\/p>\n<p>Si OCEANDREAMS Mediterraneo SL a arr\u00eat\u00e9 un article qui est envoy\u00e9 pour remplacement, ou si cet article est tout simplement en rupture de stock, OCEANDREAMS Mediterraneo SL proc\u00e9dera \u00e0 un remboursement.<\/p>\n","protected":false},"excerpt":{"rendered":"<p>GUIDES G\u00c9N\u00c9RAUX DE RETOUR Voici les lignes directrices g\u00e9n\u00e9rales de retour de OCEANDREAMS Mediterraneo SL qui s&rsquo;appliquent uniquement aux produits que vous achetez directement chez&#8230;<\/p>\n","protected":false},"author":1,"featured_media":0,"parent":0,"menu_order":0,"comment_status":"closed","ping_status":"closed","template":"","meta":{"footnotes":""},"class_list":["post-8967","page","type-page","status-publish"],"yoast_head":"<!-- This site is optimized with the Yoast SEO plugin v26.6 - https:\/\/yoast.com\/wordpress\/plugins\/seo\/ -->\n<title>Politique de retour - antijellyfishpool.com<\/title>\n<meta name=\"robots\" content=\"index, follow, max-snippet:-1, max-image-preview:large, max-video-preview:-1\" \/>\n<link rel=\"canonical\" href=\"https:\/\/antijellyfishpool.com\/politique-de-retour\/\" \/>\n<meta property=\"og:locale\" content=\"fr_FR\" \/>\n<meta property=\"og:type\" content=\"article\" \/>\n<meta property=\"og:title\" content=\"Politique de retour - antijellyfishpool.com\" \/>\n<meta property=\"og:description\" content=\"GUIDES G\u00c9N\u00c9RAUX DE RETOUR Voici les lignes directrices g\u00e9n\u00e9rales de retour de OCEANDREAMS Mediterraneo SL qui s&rsquo;appliquent uniquement aux produits que vous achetez directement chez...\" \/>\n<meta property=\"og:url\" content=\"https:\/\/antijellyfishpool.com\/politique-de-retour\/\" \/>\n<meta property=\"og:site_name\" content=\"antijellyfishpool.com\" \/>\n<meta name=\"twitter:card\" content=\"summary_large_image\" \/>\n<meta name=\"twitter:label1\" content=\"Dur\u00e9e de lecture estim\u00e9e\" \/>\n\t<meta name=\"twitter:data1\" content=\"3 minutes\" \/>\n<script type=\"application\/ld+json\" class=\"yoast-schema-graph\">{\"@context\":\"https:\/\/schema.org\",\"@graph\":[{\"@type\":\"WebPage\",\"@id\":\"https:\/\/antijellyfishpool.com\/politique-de-retour\/\",\"url\":\"https:\/\/antijellyfishpool.com\/politique-de-retour\/\",\"name\":\"Politique de retour - antijellyfishpool.com\",\"isPartOf\":{\"@id\":\"https:\/\/antijellyfishpool.com\/#website\"},\"datePublished\":\"2025-02-28T22:39:43+00:00\",\"breadcrumb\":{\"@id\":\"https:\/\/antijellyfishpool.com\/politique-de-retour\/#breadcrumb\"},\"inLanguage\":\"fr-FR\",\"potentialAction\":[{\"@type\":\"ReadAction\",\"target\":[\"https:\/\/antijellyfishpool.com\/politique-de-retour\/\"]}]},{\"@type\":\"BreadcrumbList\",\"@id\":\"https:\/\/antijellyfishpool.com\/politique-de-retour\/#breadcrumb\",\"itemListElement\":[{\"@type\":\"ListItem\",\"position\":1,\"name\":\"Home\",\"item\":\"https:\/\/antijellyfishpool.com\/\"},{\"@type\":\"ListItem\",\"position\":2,\"name\":\"Politique de retour\"}]},{\"@type\":\"WebSite\",\"@id\":\"https:\/\/antijellyfishpool.com\/#website\",\"url\":\"https:\/\/antijellyfishpool.com\/\",\"name\":\"antijellyfishpool.com\",\"description\":\"The best jellyfish protection pool system for boats\",\"potentialAction\":[{\"@type\":\"SearchAction\",\"target\":{\"@type\":\"EntryPoint\",\"urlTemplate\":\"https:\/\/antijellyfishpool.com\/?s={search_term_string}\"},\"query-input\":{\"@type\":\"PropertyValueSpecification\",\"valueRequired\":true,\"valueName\":\"search_term_string\"}}],\"inLanguage\":\"fr-FR\"}]}<\/script>\n<!-- \/ Yoast SEO plugin. -->","yoast_head_json":{"title":"Politique de retour - antijellyfishpool.com","robots":{"index":"index","follow":"follow","max-snippet":"max-snippet:-1","max-image-preview":"max-image-preview:large","max-video-preview":"max-video-preview:-1"},"canonical":"https:\/\/antijellyfishpool.com\/politique-de-retour\/","og_locale":"fr_FR","og_type":"article","og_title":"Politique de retour - antijellyfishpool.com","og_description":"GUIDES G\u00c9N\u00c9RAUX DE RETOUR Voici les lignes directrices g\u00e9n\u00e9rales de retour de OCEANDREAMS Mediterraneo SL qui s&rsquo;appliquent uniquement aux produits que vous achetez directement chez...","og_url":"https:\/\/antijellyfishpool.com\/politique-de-retour\/","og_site_name":"antijellyfishpool.com","twitter_card":"summary_large_image","twitter_misc":{"Dur\u00e9e de lecture estim\u00e9e":"3 minutes"},"schema":{"@context":"https:\/\/schema.org","@graph":[{"@type":"WebPage","@id":"https:\/\/antijellyfishpool.com\/politique-de-retour\/","url":"https:\/\/antijellyfishpool.com\/politique-de-retour\/","name":"Politique de retour - antijellyfishpool.com","isPartOf":{"@id":"https:\/\/antijellyfishpool.com\/#website"},"datePublished":"2025-02-28T22:39:43+00:00","breadcrumb":{"@id":"https:\/\/antijellyfishpool.com\/politique-de-retour\/#breadcrumb"},"inLanguage":"fr-FR","potentialAction":[{"@type":"ReadAction","target":["https:\/\/antijellyfishpool.com\/politique-de-retour\/"]}]},{"@type":"BreadcrumbList","@id":"https:\/\/antijellyfishpool.com\/politique-de-retour\/#breadcrumb","itemListElement":[{"@type":"ListItem","position":1,"name":"Home","item":"https:\/\/antijellyfishpool.com\/"},{"@type":"ListItem","position":2,"name":"Politique de retour"}]},{"@type":"WebSite","@id":"https:\/\/antijellyfishpool.com\/#website","url":"https:\/\/antijellyfishpool.com\/","name":"antijellyfishpool.com","description":"The best jellyfish protection pool system for boats","potentialAction":[{"@type":"SearchAction","target":{"@type":"EntryPoint","urlTemplate":"https:\/\/antijellyfishpool.com\/?s={search_term_string}"},"query-input":{"@type":"PropertyValueSpecification","valueRequired":true,"valueName":"search_term_string"}}],"inLanguage":"fr-FR"}]}},"_links":{"self":[{"href":"https:\/\/antijellyfishpool.com\/fr\/wp-json\/wp\/v2\/pages\/8967","targetHints":{"allow":["GET"]}}],"collection":[{"href":"https:\/\/antijellyfishpool.com\/fr\/wp-json\/wp\/v2\/pages"}],"about":[{"href":"https:\/\/antijellyfishpool.com\/fr\/wp-json\/wp\/v2\/types\/page"}],"author":[{"embeddable":true,"href":"https:\/\/antijellyfishpool.com\/fr\/wp-json\/wp\/v2\/users\/1"}],"replies":[{"embeddable":true,"href":"https:\/\/antijellyfishpool.com\/fr\/wp-json\/wp\/v2\/comments?post=8967"}],"version-history":[{"count":0,"href":"https:\/\/antijellyfishpool.com\/fr\/wp-json\/wp\/v2\/pages\/8967\/revisions"}],"wp:attachment":[{"href":"https:\/\/antijellyfishpool.com\/fr\/wp-json\/wp\/v2\/media?parent=8967"}],"curies":[{"name":"wp","href":"https:\/\/api.w.org\/{rel}","templated":true}]}}