{"id":8964,"date":"2025-02-28T22:38:36","date_gmt":"2025-02-28T22:38:36","guid":{"rendered":"https:\/\/antijellyfishpool.com\/politique-de-confidentialite\/"},"modified":"2025-02-28T22:38:36","modified_gmt":"2025-02-28T22:38:36","slug":"politique-de-confidentialite","status":"publish","type":"page","link":"https:\/\/antijellyfishpool.com\/fr\/politique-de-confidentialite\/","title":{"rendered":"Politique de confidentialit\u00e9"},"content":{"rendered":"[vc_row type=\u00a0\u00bbin_container\u00a0\u00bb full_screen_row_position=\u00a0\u00bbmiddle\u00a0\u00bb scene_position=\u00a0\u00bbcenter\u00a0\u00bb text_color=\u00a0\u00bbdark\u00a0\u00bb text_align=\u00a0\u00bbleft\u00a0\u00bb overlay_strength=\u00a0\u00bb0.3&Prime; shape_divider_position=\u00a0\u00bbbottom\u00a0\u00bb bg_image_animation=\u00a0\u00bbnone\u00a0\u00bb][vc_column column_padding=\u00a0\u00bbno-extra-padding\u00a0\u00bb column_padding_position=\u00a0\u00bball\u00a0\u00bb background_color_opacity=\u00a0\u00bb1&Prime; background_hover_color_opacity=\u00a0\u00bb1&Prime; column_link_target=\u00a0\u00bb_self\u00a0\u00bb column_shadow=\u00a0\u00bbnone\u00a0\u00bb column_border_radius=\u00a0\u00bbnone\u00a0\u00bb width=\u00a0\u00bb1\/1&Prime; tablet_width_inherit=\u00a0\u00bbdefault\u00a0\u00bb tablet_text_alignment=\u00a0\u00bbdefault\u00a0\u00bb phone_text_alignment=\u00a0\u00bbdefault\u00a0\u00bb column_border_width=\u00a0\u00bbnone\u00a0\u00bb column_border_style=\u00a0\u00bbsolid\u00a0\u00bb bg_image_animation=\u00a0\u00bbnone\u00a0\u00bb][vc_column_text]1.- Propri\u00e9taire du site web<\/p>\n<p>Raison sociale : OCEAN DREAMS Mediterraneo SL<br \/>C.I.F : B-57940728<br \/>Adresse du si\u00e8ge social : Gran V\u00eda 22, Port Adriano Village, E-07180, El Toro<br \/>E-mail : <a href=\"mailto:info@oceandreamscharter.com\">info@oceandreamscharter.com<\/a><br \/>T\u00e9l\u00e9phone : +34 971 404 588<\/p>\n<p>2.- Politique de confidentialit\u00e9 et protection des donn\u00e9es personnelles<\/p>\n<p>2.1.- Exercice des droits de protection des donn\u00e9es<\/p>\n<p>Les utilisateurs peuvent envoyer une communication \u00e9crite \u00e0 l&rsquo;adresse d&rsquo;Ocean ou \u00e0 l&rsquo;adresse e-mail indiqu\u00e9e dans l&rsquo;en-t\u00eate de cet avis l\u00e9gal, en incluant dans les deux cas une photocopie de leur pi\u00e8ce d&rsquo;identit\u00e9 ou d&rsquo;un autre document d&rsquo;identification similaire, pour demander l&rsquo;exercice des droits d&rsquo;acc\u00e8s, de rectification, de suppression et d&rsquo;opposition.<\/p>\n<p>2.2.- Moyens par lesquels les donn\u00e9es personnelles sont collect\u00e9es. Objectif du traitement<\/p>\n<p>L&rsquo;utilisateur peut envoyer des donn\u00e9es personnelles non crypt\u00e9es via des formulaires de contact standard. Les donn\u00e9es personnelles collect\u00e9es seront trait\u00e9es automatiquement et int\u00e9gr\u00e9es dans les fichiers correspondants appartenant \u00e0 Ocean. De m\u00eame, vous pouvez nous fournir vos donn\u00e9es par t\u00e9l\u00e9phone, e-mail et autres moyens de communication indiqu\u00e9s dans la section de contact. L&rsquo;objectif du traitement de ces donn\u00e9es sera uniquement de fournir les informations ou services demand\u00e9s.<\/p>\n<p>2.3.- R\u00e9seaux sociaux<\/p>\n<p>Ocean dispose d&rsquo;un profil sur les principaux r\u00e9seaux sociaux professionnels d&rsquo;Internet (Facebook, Twitter), et reconna\u00eet dans tous les cas la responsabilit\u00e9 du traitement des donn\u00e9es de ses abonn\u00e9s, fans, abonn\u00e9s, commentateurs et autres profils d&rsquo;utilisateurs (ci-apr\u00e8s, les abonn\u00e9s). Le traitement qu&rsquo;Ocean effectuera avec ces donn\u00e9es sera, au maximum, celui autoris\u00e9 par le r\u00e9seau social pour les profils d&rsquo;entreprise. Ainsi, Ocean pourra informer ses abonn\u00e9s, par tous les moyens que le r\u00e9seau social permet, de ses activit\u00e9s, pr\u00e9sentations, offres, ainsi que fournir un service client personnalis\u00e9. En aucun cas, Ocean n&rsquo;extraira de donn\u00e9es des r\u00e9seaux sociaux, \u00e0 moins que le consentement express et explicite de l&rsquo;utilisateur ne soit obtenu \u00e0 cet effet. Lorsque, en raison de la nature m\u00eame des r\u00e9seaux sociaux, l&rsquo;exercice effectif des droits de l&rsquo;abonn\u00e9 est soumis \u00e0 la modification de son profil personnel, Ocean l&rsquo;aidera et le conseillera dans ce sens dans la mesure de ses possibilit\u00e9s.<\/p>\n<p>3.- Responsabilit\u00e9 concernant le contenu du site web et du blog<\/p>\n<p>Le site web et le blog contiennent des textes pr\u00e9par\u00e9s \u00e0 des fins informatives qui peuvent ne pas refl\u00e9ter l&rsquo;\u00e9tat actuel de la l\u00e9gislation ou de la jurisprudence et font r\u00e9f\u00e9rence \u00e0 des situations g\u00e9n\u00e9rales, de sorte que leur contenu ne peut en aucun cas \u00eatre appliqu\u00e9 par l&rsquo;utilisateur \u00e0 des cas concrets. Les opinions exprim\u00e9es ne refl\u00e8tent pas n\u00e9cessairement les vues d&rsquo;Ocean. Le contenu des articles publi\u00e9s sur ce site web et le blog ne peut en aucun cas \u00eatre consid\u00e9r\u00e9 comme un substitut aux conseils juridiques. L&rsquo;utilisateur ne doit pas agir sur la base des informations contenues dans ce site web ou ce blog sans d&rsquo;abord recourir aux conseils professionnels correspondants.<\/p>\n<p>Ocean veillera, autant que possible, au bon fonctionnement du site web et du blog, \u00e0 la correction de leur contenu et \u00e0 l&rsquo;exactitude de ce qui y est publi\u00e9. Toutefois, Ocean ne peut \u00eatre tenue responsable des erreurs ou omissions pouvant affecter le contenu du site web, du blog ou d&rsquo;autres contenus accessibles par leur interm\u00e9diaire. De m\u00eame, l&rsquo;utilisateur d\u00e9charge Ocean de toute responsabilit\u00e9 pour l&rsquo;utilisation qu&rsquo;il pourrait faire des contenus du site web sans avoir d&rsquo;abord re\u00e7u les conseils juridiques n\u00e9cessaires de la part d&rsquo;Ocean.<\/p>\n<p>Ocean veillera, autant que possible, \u00e0 la s\u00e9curit\u00e9 informatique des supports techniques utilis\u00e9s par l&rsquo;utilisateur lors de la navigation sur les pages du site web et du blog. Cependant, \u00e9tant donn\u00e9 que l&rsquo;Internet ne peut \u00eatre consid\u00e9r\u00e9 comme un moyen s\u00fbr, Ocean ne peut garantir l&rsquo;absence de virus ou d&rsquo;autres \u00e9l\u00e9ments nuisibles introduits par des tiers susceptibles de causer des dommages ou des alt\u00e9rations au syst\u00e8me informatique, aux documents \u00e9lectroniques ou aux fichiers de l&rsquo;utilisateur qui visite ce site web et le blog. Par cons\u00e9quent, Ocean ne pourra \u00eatre tenue responsable des dommages que ces \u00e9l\u00e9ments pourraient causer \u00e0 l&rsquo;utilisateur ou \u00e0 des tiers.<\/p>\n<p>Les liens que le site web et le blog peuvent contenir peuvent amener l&rsquo;utilisateur vers d&rsquo;autres sites web et pages g\u00e9r\u00e9s par des tiers, sur lesquels Ocean n&rsquo;a aucune responsabilit\u00e9. Ocean ne r\u00e9pond pas du contenu ni de l&rsquo;\u00e9tat de ces sites web et pages, et l&rsquo;acc\u00e8s \u00e0 ceux-ci via ce site web ou le blog n&rsquo;implique pas qu&rsquo;Ocean recommande ou approuve leur contenu.<\/p>\n<p>4.- R\u00e8glementations et Juridiction<\/p>\n<p>Ces Conditions d&rsquo;Utilisation du site web sont r\u00e9gies dans tous leurs aspects par le droit espagnol. La langue de r\u00e9daction et d&rsquo;interpr\u00e9tation de cet avis l\u00e9gal est l&rsquo;espagnol. Cet avis l\u00e9gal ne sera pas archiv\u00e9 individuellement pour chaque utilisateur, mais restera accessible de mani\u00e8re permanente sur Internet via ce site web.<\/p>\n<p>Les utilisateurs peuvent soumettre au Syst\u00e8me d&rsquo;Arbitrage des Consommateurs pour r\u00e9soudre tout litige, conflit ou r\u00e9clamation d\u00e9coulant de ce texte ou de toute activit\u00e9 d&rsquo;Ocean. \u00c0 condition que l&rsquo;utilisateur ne soit pas un \u00ab\u00a0consommateur ou utilisateur\u00a0\u00bb tel que d\u00e9fini par la r\u00e9glementation espagnole, les parties conviennent de se soumettre aux juridictions des Tribunaux de Palma de Mallorca, \u00e9tant donn\u00e9 que c&rsquo;est le lieu o\u00f9 le contrat a \u00e9t\u00e9 conclu, renon\u00e7ant express\u00e9ment \u00e0 toute autre juridiction qui pourrait leur \u00eatre applicable.[\/vc_column_text][\/vc_column][\/vc_row]\n","protected":false},"excerpt":{"rendered":"<p>[vc_row type=\u00a0\u00bbin_container\u00a0\u00bb full_screen_row_position=\u00a0\u00bbmiddle\u00a0\u00bb scene_position=\u00a0\u00bbcenter\u00a0\u00bb text_color=\u00a0\u00bbdark\u00a0\u00bb text_align=\u00a0\u00bbleft\u00a0\u00bb overlay_strength=\u00a0\u00bb0.3&Prime; shape_divider_position=\u00a0\u00bbbottom\u00a0\u00bb bg_image_animation=\u00a0\u00bbnone\u00a0\u00bb][vc_column column_padding=\u00a0\u00bbno-extra-padding\u00a0\u00bb column_padding_position=\u00a0\u00bball\u00a0\u00bb background_color_opacity=\u00a0\u00bb1&Prime; background_hover_color_opacity=\u00a0\u00bb1&Prime; column_link_target=\u00a0\u00bb_self\u00a0\u00bb column_shadow=\u00a0\u00bbnone\u00a0\u00bb column_border_radius=\u00a0\u00bbnone\u00a0\u00bb width=\u00a0\u00bb1\/1&Prime; tablet_width_inherit=\u00a0\u00bbdefault\u00a0\u00bb tablet_text_alignment=\u00a0\u00bbdefault\u00a0\u00bb phone_text_alignment=\u00a0\u00bbdefault\u00a0\u00bb column_border_width=\u00a0\u00bbnone\u00a0\u00bb column_border_style=\u00a0\u00bbsolid\u00a0\u00bb bg_image_animation=\u00a0\u00bbnone\u00a0\u00bb][vc_column_text]1.- Propri\u00e9taire du&#8230;<\/p>\n","protected":false},"author":1,"featured_media":0,"parent":0,"menu_order":0,"comment_status":"closed","ping_status":"closed","template":"","meta":{"footnotes":""},"class_list":["post-8964","page","type-page","status-publish"],"yoast_head":"<!-- This site is optimized with the Yoast SEO plugin v26.6 - https:\/\/yoast.com\/wordpress\/plugins\/seo\/ -->\n<title>Politique de confidentialit\u00e9 - antijellyfishpool.com<\/title>\n<meta name=\"robots\" content=\"index, follow, max-snippet:-1, max-image-preview:large, max-video-preview:-1\" \/>\n<link rel=\"canonical\" href=\"https:\/\/antijellyfishpool.com\/privacy-policy\/\" \/>\n<meta property=\"og:locale\" content=\"fr_FR\" \/>\n<meta property=\"og:type\" content=\"article\" \/>\n<meta property=\"og:title\" content=\"Politique de confidentialit\u00e9 - antijellyfishpool.com\" \/>\n<meta property=\"og:description\" content=\"[vc_row type=\u00a0\u00bbin_container\u00a0\u00bb full_screen_row_position=\u00a0\u00bbmiddle\u00a0\u00bb scene_position=\u00a0\u00bbcenter\u00a0\u00bb text_color=\u00a0\u00bbdark\u00a0\u00bb text_align=\u00a0\u00bbleft\u00a0\u00bb overlay_strength=\u00a0\u00bb0.3&Prime; shape_divider_position=\u00a0\u00bbbottom\u00a0\u00bb bg_image_animation=\u00a0\u00bbnone\u00a0\u00bb][vc_column column_padding=\u00a0\u00bbno-extra-padding\u00a0\u00bb column_padding_position=\u00a0\u00bball\u00a0\u00bb background_color_opacity=\u00a0\u00bb1&Prime; background_hover_color_opacity=\u00a0\u00bb1&Prime; column_link_target=\u00a0\u00bb_self\u00a0\u00bb column_shadow=\u00a0\u00bbnone\u00a0\u00bb column_border_radius=\u00a0\u00bbnone\u00a0\u00bb width=\u00a0\u00bb1\/1&Prime; tablet_width_inherit=\u00a0\u00bbdefault\u00a0\u00bb tablet_text_alignment=\u00a0\u00bbdefault\u00a0\u00bb phone_text_alignment=\u00a0\u00bbdefault\u00a0\u00bb column_border_width=\u00a0\u00bbnone\u00a0\u00bb column_border_style=\u00a0\u00bbsolid\u00a0\u00bb bg_image_animation=\u00a0\u00bbnone\u00a0\u00bb][vc_column_text]1.- Propri\u00e9taire du...\" \/>\n<meta property=\"og:url\" content=\"https:\/\/antijellyfishpool.com\/privacy-policy\/\" \/>\n<meta property=\"og:site_name\" content=\"antijellyfishpool.com\" \/>\n<meta name=\"twitter:card\" content=\"summary_large_image\" \/>\n<meta name=\"twitter:label1\" content=\"Dur\u00e9e de lecture estim\u00e9e\" \/>\n\t<meta name=\"twitter:data1\" content=\"5 minutes\" \/>\n<script type=\"application\/ld+json\" class=\"yoast-schema-graph\">{\"@context\":\"https:\/\/schema.org\",\"@graph\":[{\"@type\":\"WebPage\",\"@id\":\"https:\/\/antijellyfishpool.com\/privacy-policy\/\",\"url\":\"https:\/\/antijellyfishpool.com\/privacy-policy\/\",\"name\":\"Politique de confidentialit\u00e9 - antijellyfishpool.com\",\"isPartOf\":{\"@id\":\"https:\/\/antijellyfishpool.com\/#website\"},\"datePublished\":\"2025-02-28T22:38:36+00:00\",\"breadcrumb\":{\"@id\":\"https:\/\/antijellyfishpool.com\/privacy-policy\/#breadcrumb\"},\"inLanguage\":\"fr-FR\",\"potentialAction\":[{\"@type\":\"ReadAction\",\"target\":[\"https:\/\/antijellyfishpool.com\/privacy-policy\/\"]}]},{\"@type\":\"BreadcrumbList\",\"@id\":\"https:\/\/antijellyfishpool.com\/privacy-policy\/#breadcrumb\",\"itemListElement\":[{\"@type\":\"ListItem\",\"position\":1,\"name\":\"Home\",\"item\":\"https:\/\/antijellyfishpool.com\/\"},{\"@type\":\"ListItem\",\"position\":2,\"name\":\"Politique de confidentialit\u00e9\"}]},{\"@type\":\"WebSite\",\"@id\":\"https:\/\/antijellyfishpool.com\/#website\",\"url\":\"https:\/\/antijellyfishpool.com\/\",\"name\":\"antijellyfishpool.com\",\"description\":\"The best jellyfish protection pool system for boats\",\"potentialAction\":[{\"@type\":\"SearchAction\",\"target\":{\"@type\":\"EntryPoint\",\"urlTemplate\":\"https:\/\/antijellyfishpool.com\/?s={search_term_string}\"},\"query-input\":{\"@type\":\"PropertyValueSpecification\",\"valueRequired\":true,\"valueName\":\"search_term_string\"}}],\"inLanguage\":\"fr-FR\"}]}<\/script>\n<!-- \/ Yoast SEO plugin. -->","yoast_head_json":{"title":"Politique de confidentialit\u00e9 - antijellyfishpool.com","robots":{"index":"index","follow":"follow","max-snippet":"max-snippet:-1","max-image-preview":"max-image-preview:large","max-video-preview":"max-video-preview:-1"},"canonical":"https:\/\/antijellyfishpool.com\/privacy-policy\/","og_locale":"fr_FR","og_type":"article","og_title":"Politique de confidentialit\u00e9 - antijellyfishpool.com","og_description":"[vc_row type=\u00a0\u00bbin_container\u00a0\u00bb full_screen_row_position=\u00a0\u00bbmiddle\u00a0\u00bb scene_position=\u00a0\u00bbcenter\u00a0\u00bb text_color=\u00a0\u00bbdark\u00a0\u00bb text_align=\u00a0\u00bbleft\u00a0\u00bb overlay_strength=\u00a0\u00bb0.3&Prime; shape_divider_position=\u00a0\u00bbbottom\u00a0\u00bb bg_image_animation=\u00a0\u00bbnone\u00a0\u00bb][vc_column column_padding=\u00a0\u00bbno-extra-padding\u00a0\u00bb column_padding_position=\u00a0\u00bball\u00a0\u00bb background_color_opacity=\u00a0\u00bb1&Prime; background_hover_color_opacity=\u00a0\u00bb1&Prime; column_link_target=\u00a0\u00bb_self\u00a0\u00bb column_shadow=\u00a0\u00bbnone\u00a0\u00bb column_border_radius=\u00a0\u00bbnone\u00a0\u00bb width=\u00a0\u00bb1\/1&Prime; tablet_width_inherit=\u00a0\u00bbdefault\u00a0\u00bb tablet_text_alignment=\u00a0\u00bbdefault\u00a0\u00bb phone_text_alignment=\u00a0\u00bbdefault\u00a0\u00bb column_border_width=\u00a0\u00bbnone\u00a0\u00bb column_border_style=\u00a0\u00bbsolid\u00a0\u00bb bg_image_animation=\u00a0\u00bbnone\u00a0\u00bb][vc_column_text]1.- Propri\u00e9taire du...","og_url":"https:\/\/antijellyfishpool.com\/privacy-policy\/","og_site_name":"antijellyfishpool.com","twitter_card":"summary_large_image","twitter_misc":{"Dur\u00e9e de lecture estim\u00e9e":"5 minutes"},"schema":{"@context":"https:\/\/schema.org","@graph":[{"@type":"WebPage","@id":"https:\/\/antijellyfishpool.com\/privacy-policy\/","url":"https:\/\/antijellyfishpool.com\/privacy-policy\/","name":"Politique de confidentialit\u00e9 - antijellyfishpool.com","isPartOf":{"@id":"https:\/\/antijellyfishpool.com\/#website"},"datePublished":"2025-02-28T22:38:36+00:00","breadcrumb":{"@id":"https:\/\/antijellyfishpool.com\/privacy-policy\/#breadcrumb"},"inLanguage":"fr-FR","potentialAction":[{"@type":"ReadAction","target":["https:\/\/antijellyfishpool.com\/privacy-policy\/"]}]},{"@type":"BreadcrumbList","@id":"https:\/\/antijellyfishpool.com\/privacy-policy\/#breadcrumb","itemListElement":[{"@type":"ListItem","position":1,"name":"Home","item":"https:\/\/antijellyfishpool.com\/"},{"@type":"ListItem","position":2,"name":"Politique de confidentialit\u00e9"}]},{"@type":"WebSite","@id":"https:\/\/antijellyfishpool.com\/#website","url":"https:\/\/antijellyfishpool.com\/","name":"antijellyfishpool.com","description":"The best jellyfish protection pool system for boats","potentialAction":[{"@type":"SearchAction","target":{"@type":"EntryPoint","urlTemplate":"https:\/\/antijellyfishpool.com\/?s={search_term_string}"},"query-input":{"@type":"PropertyValueSpecification","valueRequired":true,"valueName":"search_term_string"}}],"inLanguage":"fr-FR"}]}},"_links":{"self":[{"href":"https:\/\/antijellyfishpool.com\/fr\/wp-json\/wp\/v2\/pages\/8964","targetHints":{"allow":["GET"]}}],"collection":[{"href":"https:\/\/antijellyfishpool.com\/fr\/wp-json\/wp\/v2\/pages"}],"about":[{"href":"https:\/\/antijellyfishpool.com\/fr\/wp-json\/wp\/v2\/types\/page"}],"author":[{"embeddable":true,"href":"https:\/\/antijellyfishpool.com\/fr\/wp-json\/wp\/v2\/users\/1"}],"replies":[{"embeddable":true,"href":"https:\/\/antijellyfishpool.com\/fr\/wp-json\/wp\/v2\/comments?post=8964"}],"version-history":[{"count":2,"href":"https:\/\/antijellyfishpool.com\/fr\/wp-json\/wp\/v2\/pages\/8964\/revisions"}],"predecessor-version":[{"id":8966,"href":"https:\/\/antijellyfishpool.com\/fr\/wp-json\/wp\/v2\/pages\/8964\/revisions\/8966"}],"wp:attachment":[{"href":"https:\/\/antijellyfishpool.com\/fr\/wp-json\/wp\/v2\/media?parent=8964"}],"curies":[{"name":"wp","href":"https:\/\/api.w.org\/{rel}","templated":true}]}}