{"id":9200,"date":"2018-03-05T12:09:15","date_gmt":"2025-03-07T12:11:45","guid":{"rendered":"https:\/\/antijellyfishpool.com\/?post_type=product&#038;p=9200"},"modified":"2025-03-07T12:11:45","modified_gmt":"2025-03-07T12:11:45","slug":"rampa-inflable-para-perros","status":"publish","type":"product","link":"https:\/\/antijellyfishpool.com\/es\/producto\/rampa-inflable-para-perros\/","title":{"rendered":"Rampa Inflable para Perros"},"content":{"rendered":"","protected":false},"excerpt":{"rendered":"<p>Creado para facilidad y practicidad, incluye una v\u00e1lvula \u00fanica para una r\u00e1pida inflaci\u00f3n y dos asas resistentes para un seguro anclaje a tu bote. Viene en un solo tama\u00f1o y pesa <strong>4 kg<\/strong>.<br \/>\nLas dimensiones infladas son:<strong> 120 cm x 80 cm x 15 cm<\/strong>.<br \/>\nLas dimensiones desinfladas son:<strong> 60 cm x 30 cm x 20 cm<\/strong>.<br \/>\n<strong>Inflado<\/strong>: Menos de 1 minuto.<br \/>\n<strong>Desinflado<\/strong>: Menos de 1 minuto.<br \/>\n<strong>Almacenaje<\/strong>: Menos de 1 minuto.<\/p>\n","protected":false},"featured_media":9327,"template":"","meta":[],"product_brand":[],"product_cat":[173,167],"product_tag":[],"class_list":{"0":"post-9200","1":"product","2":"type-product","3":"status-publish","4":"has-post-thumbnail","6":"product_cat-muelle-inflable","7":"product_cat-superyacht-inflatables-es","9":"first","10":"instock","11":"taxable","12":"shipping-taxable","13":"purchasable","14":"product-type-simple"},"yoast_head":"<!-- This site is optimized with the Yoast SEO plugin v26.6 - https:\/\/yoast.com\/wordpress\/plugins\/seo\/ -->\n<title>Rampa Inflable para Perros - antijellyfishpool.com<\/title>\n<meta name=\"description\" content=\"Rampa Inflable para Perros - antijellyfishpool.com - Clica aqu\u00ed ahora para ver todos nuestros inflables para barcos y superyates.\" \/>\n<meta name=\"robots\" content=\"index, follow, max-snippet:-1, max-image-preview:large, max-video-preview:-1\" \/>\n<link rel=\"canonical\" href=\"https:\/\/antijellyfishpool.com\/es\/producto\/rampa-inflable-para-perros\/\" \/>\n<meta property=\"og:locale\" content=\"es_ES\" \/>\n<meta property=\"og:type\" content=\"article\" \/>\n<meta property=\"og:title\" content=\"Rampa Inflable para Perros - antijellyfishpool.com\" \/>\n<meta property=\"og:description\" content=\"Rampa Inflable para Perros - antijellyfishpool.com - Clica aqu\u00ed ahora para ver todos nuestros inflables para barcos y superyates.\" \/>\n<meta property=\"og:url\" content=\"https:\/\/antijellyfishpool.com\/es\/producto\/rampa-inflable-para-perros\/\" \/>\n<meta property=\"og:site_name\" content=\"antijellyfishpool.com\" \/>\n<meta property=\"og:image\" content=\"https:\/\/antijellyfishpool.com\/wp-content\/uploads\/2025\/03\/dog-ramp-boat.webp\" \/>\n\t<meta property=\"og:image:width\" content=\"800\" \/>\n\t<meta property=\"og:image:height\" content=\"533\" \/>\n\t<meta property=\"og:image:type\" content=\"image\/webp\" \/>\n<meta name=\"twitter:card\" content=\"summary_large_image\" \/>\n<script type=\"application\/ld+json\" class=\"yoast-schema-graph\">{\"@context\":\"https:\/\/schema.org\",\"@graph\":[{\"@type\":\"WebPage\",\"@id\":\"https:\/\/antijellyfishpool.com\/es\/producto\/rampa-inflable-para-perros\/\",\"url\":\"https:\/\/antijellyfishpool.com\/es\/producto\/rampa-inflable-para-perros\/\",\"name\":\"Rampa Inflable para Perros - antijellyfishpool.com\",\"isPartOf\":{\"@id\":\"https:\/\/antijellyfishpool.com\/#website\"},\"primaryImageOfPage\":{\"@id\":\"https:\/\/antijellyfishpool.com\/es\/producto\/rampa-inflable-para-perros\/#primaryimage\"},\"image\":{\"@id\":\"https:\/\/antijellyfishpool.com\/es\/producto\/rampa-inflable-para-perros\/#primaryimage\"},\"thumbnailUrl\":\"https:\/\/antijellyfishpool.com\/wp-content\/uploads\/2025\/03\/inflatable-dog-ramp-boat.webp\",\"datePublished\":\"2025-03-07T12:11:45+00:00\",\"description\":\"Rampa Inflable para Perros - antijellyfishpool.com - Clica aqu\u00ed ahora para ver todos nuestros inflables para barcos y superyates.\",\"breadcrumb\":{\"@id\":\"https:\/\/antijellyfishpool.com\/es\/producto\/rampa-inflable-para-perros\/#breadcrumb\"},\"inLanguage\":\"es\",\"potentialAction\":[{\"@type\":\"ReadAction\",\"target\":[\"https:\/\/antijellyfishpool.com\/es\/producto\/rampa-inflable-para-perros\/\"]}]},{\"@type\":\"ImageObject\",\"inLanguage\":\"es\",\"@id\":\"https:\/\/antijellyfishpool.com\/es\/producto\/rampa-inflable-para-perros\/#primaryimage\",\"url\":\"https:\/\/antijellyfishpool.com\/wp-content\/uploads\/2025\/03\/inflatable-dog-ramp-boat.webp\",\"contentUrl\":\"https:\/\/antijellyfishpool.com\/wp-content\/uploads\/2025\/03\/inflatable-dog-ramp-boat.webp\",\"width\":800,\"height\":800},{\"@type\":\"BreadcrumbList\",\"@id\":\"https:\/\/antijellyfishpool.com\/es\/producto\/rampa-inflable-para-perros\/#breadcrumb\",\"itemListElement\":[{\"@type\":\"ListItem\",\"position\":1,\"name\":\"Home\",\"item\":\"https:\/\/antijellyfishpool.com\/es\/\"},{\"@type\":\"ListItem\",\"position\":2,\"name\":\"Tienda\",\"item\":\"https:\/\/antijellyfishpool.com\/shop\/\"},{\"@type\":\"ListItem\",\"position\":3,\"name\":\"Rampa Inflable para Perros\"}]},{\"@type\":\"WebSite\",\"@id\":\"https:\/\/antijellyfishpool.com\/#website\",\"url\":\"https:\/\/antijellyfishpool.com\/\",\"name\":\"antijellyfishpool.com\",\"description\":\"The best jellyfish protection pool system for boats\",\"potentialAction\":[{\"@type\":\"SearchAction\",\"target\":{\"@type\":\"EntryPoint\",\"urlTemplate\":\"https:\/\/antijellyfishpool.com\/?s={search_term_string}\"},\"query-input\":{\"@type\":\"PropertyValueSpecification\",\"valueRequired\":true,\"valueName\":\"search_term_string\"}}],\"inLanguage\":\"es\"}]}<\/script>\n<!-- \/ Yoast SEO plugin. -->","yoast_head_json":{"title":"Rampa Inflable para Perros - antijellyfishpool.com","description":"Rampa Inflable para Perros - antijellyfishpool.com - Clica aqu\u00ed ahora para ver todos nuestros inflables para barcos y superyates.","robots":{"index":"index","follow":"follow","max-snippet":"max-snippet:-1","max-image-preview":"max-image-preview:large","max-video-preview":"max-video-preview:-1"},"canonical":"https:\/\/antijellyfishpool.com\/es\/producto\/rampa-inflable-para-perros\/","og_locale":"es_ES","og_type":"article","og_title":"Rampa Inflable para Perros - antijellyfishpool.com","og_description":"Rampa Inflable para Perros - antijellyfishpool.com - Clica aqu\u00ed ahora para ver todos nuestros inflables para barcos y superyates.","og_url":"https:\/\/antijellyfishpool.com\/es\/producto\/rampa-inflable-para-perros\/","og_site_name":"antijellyfishpool.com","og_image":[{"width":800,"height":533,"url":"https:\/\/antijellyfishpool.com\/wp-content\/uploads\/2025\/03\/dog-ramp-boat.webp","type":"image\/webp"}],"twitter_card":"summary_large_image","schema":{"@context":"https:\/\/schema.org","@graph":[{"@type":"WebPage","@id":"https:\/\/antijellyfishpool.com\/es\/producto\/rampa-inflable-para-perros\/","url":"https:\/\/antijellyfishpool.com\/es\/producto\/rampa-inflable-para-perros\/","name":"Rampa Inflable para Perros - antijellyfishpool.com","isPartOf":{"@id":"https:\/\/antijellyfishpool.com\/#website"},"primaryImageOfPage":{"@id":"https:\/\/antijellyfishpool.com\/es\/producto\/rampa-inflable-para-perros\/#primaryimage"},"image":{"@id":"https:\/\/antijellyfishpool.com\/es\/producto\/rampa-inflable-para-perros\/#primaryimage"},"thumbnailUrl":"https:\/\/antijellyfishpool.com\/wp-content\/uploads\/2025\/03\/inflatable-dog-ramp-boat.webp","datePublished":"2025-03-07T12:11:45+00:00","description":"Rampa Inflable para Perros - antijellyfishpool.com - Clica aqu\u00ed ahora para ver todos nuestros inflables para barcos y superyates.","breadcrumb":{"@id":"https:\/\/antijellyfishpool.com\/es\/producto\/rampa-inflable-para-perros\/#breadcrumb"},"inLanguage":"es","potentialAction":[{"@type":"ReadAction","target":["https:\/\/antijellyfishpool.com\/es\/producto\/rampa-inflable-para-perros\/"]}]},{"@type":"ImageObject","inLanguage":"es","@id":"https:\/\/antijellyfishpool.com\/es\/producto\/rampa-inflable-para-perros\/#primaryimage","url":"https:\/\/antijellyfishpool.com\/wp-content\/uploads\/2025\/03\/inflatable-dog-ramp-boat.webp","contentUrl":"https:\/\/antijellyfishpool.com\/wp-content\/uploads\/2025\/03\/inflatable-dog-ramp-boat.webp","width":800,"height":800},{"@type":"BreadcrumbList","@id":"https:\/\/antijellyfishpool.com\/es\/producto\/rampa-inflable-para-perros\/#breadcrumb","itemListElement":[{"@type":"ListItem","position":1,"name":"Home","item":"https:\/\/antijellyfishpool.com\/es\/"},{"@type":"ListItem","position":2,"name":"Tienda","item":"https:\/\/antijellyfishpool.com\/shop\/"},{"@type":"ListItem","position":3,"name":"Rampa Inflable para Perros"}]},{"@type":"WebSite","@id":"https:\/\/antijellyfishpool.com\/#website","url":"https:\/\/antijellyfishpool.com\/","name":"antijellyfishpool.com","description":"The best jellyfish protection pool system for boats","potentialAction":[{"@type":"SearchAction","target":{"@type":"EntryPoint","urlTemplate":"https:\/\/antijellyfishpool.com\/?s={search_term_string}"},"query-input":{"@type":"PropertyValueSpecification","valueRequired":true,"valueName":"search_term_string"}}],"inLanguage":"es"}]}},"_links":{"self":[{"href":"https:\/\/antijellyfishpool.com\/es\/wp-json\/wp\/v2\/product\/9200","targetHints":{"allow":["GET"]}}],"collection":[{"href":"https:\/\/antijellyfishpool.com\/es\/wp-json\/wp\/v2\/product"}],"about":[{"href":"https:\/\/antijellyfishpool.com\/es\/wp-json\/wp\/v2\/types\/product"}],"wp:featuredmedia":[{"embeddable":true,"href":"https:\/\/antijellyfishpool.com\/es\/wp-json\/wp\/v2\/media\/9327"}],"wp:attachment":[{"href":"https:\/\/antijellyfishpool.com\/es\/wp-json\/wp\/v2\/media?parent=9200"}],"wp:term":[{"taxonomy":"product_brand","embeddable":true,"href":"https:\/\/antijellyfishpool.com\/es\/wp-json\/wp\/v2\/product_brand?post=9200"},{"taxonomy":"product_cat","embeddable":true,"href":"https:\/\/antijellyfishpool.com\/es\/wp-json\/wp\/v2\/product_cat?post=9200"},{"taxonomy":"product_tag","embeddable":true,"href":"https:\/\/antijellyfishpool.com\/es\/wp-json\/wp\/v2\/product_tag?post=9200"}],"curies":[{"name":"wp","href":"https:\/\/api.w.org\/{rel}","templated":true}]}}