{"id":9160,"date":"2018-03-07T11:38:04","date_gmt":"2025-03-07T11:40:45","guid":{"rendered":"https:\/\/antijellyfishpool.com\/?post_type=product&#038;p=9160"},"modified":"2025-03-07T11:40:45","modified_gmt":"2025-03-07T11:40:45","slug":"piscina-para-barco-5-x-4-metros","status":"publish","type":"product","link":"https:\/\/antijellyfishpool.com\/es\/producto\/piscina-para-barco-5-x-4-metros\/","title":{"rendered":"Piscina para Barco 5 x 4 metros"},"content":{"rendered":"","protected":false},"excerpt":{"rendered":"<p>Nuestra piscina inflable para yates de alta calidad EVA teca ofrece una f\u00e1cil <strong>inflaci\u00f3n<\/strong> en solo 2 minutos y una r\u00e1pida desinflaci\u00f3n en 2 minutos.<br data-start=\"945\" data-end=\"948\" \/>Con dimensiones de <strong>5 x 4 metros<\/strong>, esta piscina duradera y elegante es perfecta para inflables de Super Yate.<br data-start=\"1055\" data-end=\"1058\" \/>Con un peso de <strong>42 kg<\/strong>, esta piscina inflable para yates est\u00e1 dise\u00f1ada para proporcionar un espacio seguro y c\u00f3modo en el agua, protegi\u00e9ndote de las medusas, lo que la hace ideal para experiencias de lujo en el agua.<br data-start=\"1276\" data-end=\"1279\" \/>Cuando est\u00e1 enrollada, mide <strong>122 x 54 x 45 cm<\/strong>, lo que la hace compacta para almacenarla.<br data-start=\"1366\" data-end=\"1369\" \/>Mejora tu experiencia en el Super Yate con esta piscina inflable para yates premium, f\u00e1cil de usar, dise\u00f1ada para lujo, comodidad y protecci\u00f3n en el agua. \u00a1Ideal para inflables de Super Yates y para aquellos que buscan un espacio c\u00f3modo y seguro para relajarse en el agua!<\/p>\n","protected":false},"featured_media":9449,"template":"","meta":[],"product_brand":[],"product_cat":[124,167],"product_tag":[],"class_list":{"0":"post-9160","1":"product","2":"type-product","3":"status-publish","4":"has-post-thumbnail","6":"product_cat-piscina-anti-medusa","7":"product_cat-superyacht-inflatables-es","9":"first","10":"instock","11":"taxable","12":"shipping-taxable","13":"purchasable","14":"product-type-simple"},"yoast_head":"<!-- This site is optimized with the Yoast SEO plugin v26.6 - https:\/\/yoast.com\/wordpress\/plugins\/seo\/ -->\n<title>Piscina para Barco 5 x 4 metros - antijellyfishpool.com<\/title>\n<meta name=\"description\" content=\"Piscina para Barco 5 x 4 metros - antijellyfishpool.com - Clica aqu\u00ed ahora para ver todos nuestros inflables para Superyates.\" \/>\n<meta name=\"robots\" content=\"index, follow, max-snippet:-1, max-image-preview:large, max-video-preview:-1\" \/>\n<link rel=\"canonical\" href=\"https:\/\/antijellyfishpool.com\/es\/producto\/piscina-para-barco-5-x-4-metros\/\" \/>\n<meta property=\"og:locale\" content=\"es_ES\" \/>\n<meta property=\"og:type\" content=\"article\" \/>\n<meta property=\"og:title\" content=\"Piscina para Barco 5 x 4 metros - antijellyfishpool.com\" \/>\n<meta property=\"og:description\" content=\"Piscina para Barco 5 x 4 metros - antijellyfishpool.com - Clica aqu\u00ed ahora para ver todos nuestros inflables para Superyates.\" \/>\n<meta property=\"og:url\" content=\"https:\/\/antijellyfishpool.com\/es\/producto\/piscina-para-barco-5-x-4-metros\/\" \/>\n<meta property=\"og:site_name\" content=\"antijellyfishpool.com\" \/>\n<meta property=\"og:image\" content=\"https:\/\/antijellyfishpool.com\/wp-content\/uploads\/2018\/03\/Yacht-Pool-5-x-4m-1.jpg\" \/>\n\t<meta property=\"og:image:width\" content=\"900\" \/>\n\t<meta property=\"og:image:height\" content=\"900\" \/>\n\t<meta property=\"og:image:type\" content=\"image\/jpeg\" \/>\n<meta name=\"twitter:card\" content=\"summary_large_image\" \/>\n<script type=\"application\/ld+json\" class=\"yoast-schema-graph\">{\"@context\":\"https:\/\/schema.org\",\"@graph\":[{\"@type\":\"WebPage\",\"@id\":\"https:\/\/antijellyfishpool.com\/es\/producto\/piscina-para-barco-5-x-4-metros\/\",\"url\":\"https:\/\/antijellyfishpool.com\/es\/producto\/piscina-para-barco-5-x-4-metros\/\",\"name\":\"Piscina para Barco 5 x 4 metros - antijellyfishpool.com\",\"isPartOf\":{\"@id\":\"https:\/\/antijellyfishpool.com\/#website\"},\"primaryImageOfPage\":{\"@id\":\"https:\/\/antijellyfishpool.com\/es\/producto\/piscina-para-barco-5-x-4-metros\/#primaryimage\"},\"image\":{\"@id\":\"https:\/\/antijellyfishpool.com\/es\/producto\/piscina-para-barco-5-x-4-metros\/#primaryimage\"},\"thumbnailUrl\":\"https:\/\/antijellyfishpool.com\/wp-content\/uploads\/2018\/03\/Yacht-Pool-5-x-4m-1.jpg\",\"datePublished\":\"2025-03-07T11:40:45+00:00\",\"description\":\"Piscina para Barco 5 x 4 metros - antijellyfishpool.com - Clica aqu\u00ed ahora para ver todos nuestros inflables para Superyates.\",\"breadcrumb\":{\"@id\":\"https:\/\/antijellyfishpool.com\/es\/producto\/piscina-para-barco-5-x-4-metros\/#breadcrumb\"},\"inLanguage\":\"es\",\"potentialAction\":[{\"@type\":\"ReadAction\",\"target\":[\"https:\/\/antijellyfishpool.com\/es\/producto\/piscina-para-barco-5-x-4-metros\/\"]}]},{\"@type\":\"ImageObject\",\"inLanguage\":\"es\",\"@id\":\"https:\/\/antijellyfishpool.com\/es\/producto\/piscina-para-barco-5-x-4-metros\/#primaryimage\",\"url\":\"https:\/\/antijellyfishpool.com\/wp-content\/uploads\/2018\/03\/Yacht-Pool-5-x-4m-1.jpg\",\"contentUrl\":\"https:\/\/antijellyfishpool.com\/wp-content\/uploads\/2018\/03\/Yacht-Pool-5-x-4m-1.jpg\",\"width\":900,\"height\":900},{\"@type\":\"BreadcrumbList\",\"@id\":\"https:\/\/antijellyfishpool.com\/es\/producto\/piscina-para-barco-5-x-4-metros\/#breadcrumb\",\"itemListElement\":[{\"@type\":\"ListItem\",\"position\":1,\"name\":\"Home\",\"item\":\"https:\/\/antijellyfishpool.com\/es\/\"},{\"@type\":\"ListItem\",\"position\":2,\"name\":\"Tienda\",\"item\":\"https:\/\/antijellyfishpool.com\/shop\/\"},{\"@type\":\"ListItem\",\"position\":3,\"name\":\"Piscina para Barco 5 x 4 metros\"}]},{\"@type\":\"WebSite\",\"@id\":\"https:\/\/antijellyfishpool.com\/#website\",\"url\":\"https:\/\/antijellyfishpool.com\/\",\"name\":\"antijellyfishpool.com\",\"description\":\"The best jellyfish protection pool system for boats\",\"potentialAction\":[{\"@type\":\"SearchAction\",\"target\":{\"@type\":\"EntryPoint\",\"urlTemplate\":\"https:\/\/antijellyfishpool.com\/?s={search_term_string}\"},\"query-input\":{\"@type\":\"PropertyValueSpecification\",\"valueRequired\":true,\"valueName\":\"search_term_string\"}}],\"inLanguage\":\"es\"}]}<\/script>\n<!-- \/ Yoast SEO plugin. -->","yoast_head_json":{"title":"Piscina para Barco 5 x 4 metros - antijellyfishpool.com","description":"Piscina para Barco 5 x 4 metros - antijellyfishpool.com - Clica aqu\u00ed ahora para ver todos nuestros inflables para Superyates.","robots":{"index":"index","follow":"follow","max-snippet":"max-snippet:-1","max-image-preview":"max-image-preview:large","max-video-preview":"max-video-preview:-1"},"canonical":"https:\/\/antijellyfishpool.com\/es\/producto\/piscina-para-barco-5-x-4-metros\/","og_locale":"es_ES","og_type":"article","og_title":"Piscina para Barco 5 x 4 metros - antijellyfishpool.com","og_description":"Piscina para Barco 5 x 4 metros - antijellyfishpool.com - Clica aqu\u00ed ahora para ver todos nuestros inflables para Superyates.","og_url":"https:\/\/antijellyfishpool.com\/es\/producto\/piscina-para-barco-5-x-4-metros\/","og_site_name":"antijellyfishpool.com","og_image":[{"width":900,"height":900,"url":"https:\/\/antijellyfishpool.com\/wp-content\/uploads\/2018\/03\/Yacht-Pool-5-x-4m-1.jpg","type":"image\/jpeg"}],"twitter_card":"summary_large_image","schema":{"@context":"https:\/\/schema.org","@graph":[{"@type":"WebPage","@id":"https:\/\/antijellyfishpool.com\/es\/producto\/piscina-para-barco-5-x-4-metros\/","url":"https:\/\/antijellyfishpool.com\/es\/producto\/piscina-para-barco-5-x-4-metros\/","name":"Piscina para Barco 5 x 4 metros - antijellyfishpool.com","isPartOf":{"@id":"https:\/\/antijellyfishpool.com\/#website"},"primaryImageOfPage":{"@id":"https:\/\/antijellyfishpool.com\/es\/producto\/piscina-para-barco-5-x-4-metros\/#primaryimage"},"image":{"@id":"https:\/\/antijellyfishpool.com\/es\/producto\/piscina-para-barco-5-x-4-metros\/#primaryimage"},"thumbnailUrl":"https:\/\/antijellyfishpool.com\/wp-content\/uploads\/2018\/03\/Yacht-Pool-5-x-4m-1.jpg","datePublished":"2025-03-07T11:40:45+00:00","description":"Piscina para Barco 5 x 4 metros - antijellyfishpool.com - Clica aqu\u00ed ahora para ver todos nuestros inflables para Superyates.","breadcrumb":{"@id":"https:\/\/antijellyfishpool.com\/es\/producto\/piscina-para-barco-5-x-4-metros\/#breadcrumb"},"inLanguage":"es","potentialAction":[{"@type":"ReadAction","target":["https:\/\/antijellyfishpool.com\/es\/producto\/piscina-para-barco-5-x-4-metros\/"]}]},{"@type":"ImageObject","inLanguage":"es","@id":"https:\/\/antijellyfishpool.com\/es\/producto\/piscina-para-barco-5-x-4-metros\/#primaryimage","url":"https:\/\/antijellyfishpool.com\/wp-content\/uploads\/2018\/03\/Yacht-Pool-5-x-4m-1.jpg","contentUrl":"https:\/\/antijellyfishpool.com\/wp-content\/uploads\/2018\/03\/Yacht-Pool-5-x-4m-1.jpg","width":900,"height":900},{"@type":"BreadcrumbList","@id":"https:\/\/antijellyfishpool.com\/es\/producto\/piscina-para-barco-5-x-4-metros\/#breadcrumb","itemListElement":[{"@type":"ListItem","position":1,"name":"Home","item":"https:\/\/antijellyfishpool.com\/es\/"},{"@type":"ListItem","position":2,"name":"Tienda","item":"https:\/\/antijellyfishpool.com\/shop\/"},{"@type":"ListItem","position":3,"name":"Piscina para Barco 5 x 4 metros"}]},{"@type":"WebSite","@id":"https:\/\/antijellyfishpool.com\/#website","url":"https:\/\/antijellyfishpool.com\/","name":"antijellyfishpool.com","description":"The best jellyfish protection pool system for boats","potentialAction":[{"@type":"SearchAction","target":{"@type":"EntryPoint","urlTemplate":"https:\/\/antijellyfishpool.com\/?s={search_term_string}"},"query-input":{"@type":"PropertyValueSpecification","valueRequired":true,"valueName":"search_term_string"}}],"inLanguage":"es"}]}},"_links":{"self":[{"href":"https:\/\/antijellyfishpool.com\/es\/wp-json\/wp\/v2\/product\/9160","targetHints":{"allow":["GET"]}}],"collection":[{"href":"https:\/\/antijellyfishpool.com\/es\/wp-json\/wp\/v2\/product"}],"about":[{"href":"https:\/\/antijellyfishpool.com\/es\/wp-json\/wp\/v2\/types\/product"}],"wp:featuredmedia":[{"embeddable":true,"href":"https:\/\/antijellyfishpool.com\/es\/wp-json\/wp\/v2\/media\/9449"}],"wp:attachment":[{"href":"https:\/\/antijellyfishpool.com\/es\/wp-json\/wp\/v2\/media?parent=9160"}],"wp:term":[{"taxonomy":"product_brand","embeddable":true,"href":"https:\/\/antijellyfishpool.com\/es\/wp-json\/wp\/v2\/product_brand?post=9160"},{"taxonomy":"product_cat","embeddable":true,"href":"https:\/\/antijellyfishpool.com\/es\/wp-json\/wp\/v2\/product_cat?post=9160"},{"taxonomy":"product_tag","embeddable":true,"href":"https:\/\/antijellyfishpool.com\/es\/wp-json\/wp\/v2\/product_tag?post=9160"}],"curies":[{"name":"wp","href":"https:\/\/api.w.org\/{rel}","templated":true}]}}