{"id":7807,"date":"2019-01-03T11:56:30","date_gmt":"2022-01-12T12:01:41","guid":{"rendered":"https:\/\/antijellyfishpool.com\/?post_type=product&#038;p=7807"},"modified":"2025-02-24T14:50:54","modified_gmt":"2025-02-24T14:50:54","slug":"tobogan-inflable-barco","status":"publish","type":"product","link":"https:\/\/antijellyfishpool.com\/es\/producto\/tobogan-inflable-barco\/","title":{"rendered":"Mini Tobog\u00e1n Inflable 1,5m"},"content":{"rendered":"","protected":false},"excerpt":{"rendered":"<p>Para divertirse a bordo, cuando est\u00e1 fondeado, el tobog\u00e1n acu\u00e1tico es perfecto para la diversi\u00f3n de los ni\u00f1os y no siempre de los ni\u00f1os&#8230; Fabricamos toboganes acu\u00e1ticos est\u00e1ndar y personalizados para yates desde 15m hasta 50 m de eslora. El plazo de entrega de los especiales es de unos 20 d\u00edas. Cont\u00e1ctenos para definir tu proyecto.<\/p>\n<p><strong>Toboganes de agua est\u00e1ndar<\/strong><\/p>\n<p><strong>Mini: 120 cm : 1.499 \u20ac especial ni\u00f1os<\/strong><br \/>\n260 cm &#8211; 340cm = 2.500 \u20ac<br \/>\n450 cm &#8211; 530 cm = 7.900 \u20ac<br \/>\n540 cm &#8211; 610 cm = 10.050 \u20ac<br \/>\n620 cm &#8211; 710 cm = 12.100 \u20ac<br \/>\n710 cm &#8211; 800 cm = 13.200 \u20ac<br \/>\n<strong>Precios IVA incluido<\/strong><\/p>\n","protected":false},"featured_media":8512,"template":"","meta":[],"product_brand":[],"product_cat":[67,141,128],"product_tag":[],"class_list":{"0":"post-7807","1":"product","2":"type-product","3":"status-publish","4":"has-post-thumbnail","6":"product_cat-comprar","7":"product_cat-home-es","8":"product_cat-toboganes-hinchable-barco","10":"first","11":"instock","12":"sale","13":"taxable","14":"shipping-taxable","15":"purchasable","16":"product-type-simple"},"yoast_head":"<!-- This site is optimized with the Yoast SEO plugin v26.6 - https:\/\/yoast.com\/wordpress\/plugins\/seo\/ -->\n<title>Mini Tobog\u00e1n Inflable 1,5m - antijellyfishpool.com<\/title>\n<meta name=\"robots\" content=\"index, follow, max-snippet:-1, max-image-preview:large, max-video-preview:-1\" \/>\n<link rel=\"canonical\" href=\"https:\/\/antijellyfishpool.com\/es\/producto\/tobogan-inflable-barco\/\" \/>\n<meta property=\"og:locale\" content=\"es_ES\" \/>\n<meta property=\"og:type\" content=\"article\" \/>\n<meta property=\"og:title\" content=\"Mini Tobog\u00e1n Inflable 1,5m - antijellyfishpool.com\" \/>\n<meta property=\"og:description\" content=\"Para divertirse a bordo, cuando est\u00e1 fondeado, el tobog\u00e1n acu\u00e1tico es perfecto para la diversi\u00f3n de los ni\u00f1os y no siempre de los ni\u00f1os... Fabricamos toboganes acu\u00e1ticos est\u00e1ndar y personalizados para yates desde 15m hasta 50 m de eslora. El plazo de entrega de los especiales es de unos 20 d\u00edas. Cont\u00e1ctenos para definir tu proyecto.  Toboganes de agua est\u00e1ndar  Mini: 120 cm : 1.499 \u20ac especial ni\u00f1os 260 cm - 340cm = 2.500 \u20ac 450 cm - 530 cm = 7.900 \u20ac 540 cm - 610 cm = 10.050 \u20ac 620 cm - 710 cm = 12.100 \u20ac 710 cm - 800 cm = 13.200 \u20ac Precios IVA incluido\" \/>\n<meta property=\"og:url\" content=\"https:\/\/antijellyfishpool.com\/es\/producto\/tobogan-inflable-barco\/\" \/>\n<meta property=\"og:site_name\" content=\"antijellyfishpool.com\" \/>\n<meta property=\"article:modified_time\" content=\"2025-02-24T14:50:54+00:00\" \/>\n<meta property=\"og:image\" content=\"https:\/\/antijellyfishpool.com\/wp-content\/uploads\/2024\/10\/Yacht-Slide-scaled-e1729936459898.webp\" \/>\n\t<meta property=\"og:image:width\" content=\"1200\" \/>\n\t<meta property=\"og:image:height\" content=\"900\" \/>\n\t<meta property=\"og:image:type\" content=\"image\/webp\" \/>\n<meta name=\"twitter:card\" content=\"summary_large_image\" \/>\n<meta name=\"twitter:label1\" content=\"Tiempo de lectura\" \/>\n\t<meta name=\"twitter:data1\" content=\"1 minuto\" \/>\n<script type=\"application\/ld+json\" class=\"yoast-schema-graph\">{\"@context\":\"https:\/\/schema.org\",\"@graph\":[{\"@type\":\"WebPage\",\"@id\":\"https:\/\/antijellyfishpool.com\/es\/producto\/tobogan-inflable-barco\/\",\"url\":\"https:\/\/antijellyfishpool.com\/es\/producto\/tobogan-inflable-barco\/\",\"name\":\"Mini Tobog\u00e1n Inflable 1,5m - antijellyfishpool.com\",\"isPartOf\":{\"@id\":\"https:\/\/antijellyfishpool.com\/#website\"},\"primaryImageOfPage\":{\"@id\":\"https:\/\/antijellyfishpool.com\/es\/producto\/tobogan-inflable-barco\/#primaryimage\"},\"image\":{\"@id\":\"https:\/\/antijellyfishpool.com\/es\/producto\/tobogan-inflable-barco\/#primaryimage\"},\"thumbnailUrl\":\"https:\/\/antijellyfishpool.com\/wp-content\/uploads\/2024\/10\/Yacht-Slide-scaled-e1729936459898.webp\",\"datePublished\":\"2022-01-12T12:01:41+00:00\",\"dateModified\":\"2025-02-24T14:50:54+00:00\",\"breadcrumb\":{\"@id\":\"https:\/\/antijellyfishpool.com\/es\/producto\/tobogan-inflable-barco\/#breadcrumb\"},\"inLanguage\":\"es\",\"potentialAction\":[{\"@type\":\"ReadAction\",\"target\":[\"https:\/\/antijellyfishpool.com\/es\/producto\/tobogan-inflable-barco\/\"]}]},{\"@type\":\"ImageObject\",\"inLanguage\":\"es\",\"@id\":\"https:\/\/antijellyfishpool.com\/es\/producto\/tobogan-inflable-barco\/#primaryimage\",\"url\":\"https:\/\/antijellyfishpool.com\/wp-content\/uploads\/2024\/10\/Yacht-Slide-scaled-e1729936459898.webp\",\"contentUrl\":\"https:\/\/antijellyfishpool.com\/wp-content\/uploads\/2024\/10\/Yacht-Slide-scaled-e1729936459898.webp\",\"width\":1200,\"height\":900,\"caption\":\"Yellow and orange yacht slide. A red ladder on the right side. Sea is crystal clear.\"},{\"@type\":\"BreadcrumbList\",\"@id\":\"https:\/\/antijellyfishpool.com\/es\/producto\/tobogan-inflable-barco\/#breadcrumb\",\"itemListElement\":[{\"@type\":\"ListItem\",\"position\":1,\"name\":\"Home\",\"item\":\"https:\/\/antijellyfishpool.com\/es\/\"},{\"@type\":\"ListItem\",\"position\":2,\"name\":\"Tienda\",\"item\":\"https:\/\/antijellyfishpool.com\/shop\/\"},{\"@type\":\"ListItem\",\"position\":3,\"name\":\"Mini Tobog\u00e1n Inflable 1,5m\"}]},{\"@type\":\"WebSite\",\"@id\":\"https:\/\/antijellyfishpool.com\/#website\",\"url\":\"https:\/\/antijellyfishpool.com\/\",\"name\":\"antijellyfishpool.com\",\"description\":\"The best jellyfish protection pool system for boats\",\"potentialAction\":[{\"@type\":\"SearchAction\",\"target\":{\"@type\":\"EntryPoint\",\"urlTemplate\":\"https:\/\/antijellyfishpool.com\/?s={search_term_string}\"},\"query-input\":{\"@type\":\"PropertyValueSpecification\",\"valueRequired\":true,\"valueName\":\"search_term_string\"}}],\"inLanguage\":\"es\"}]}<\/script>\n<!-- \/ Yoast SEO plugin. -->","yoast_head_json":{"title":"Mini Tobog\u00e1n Inflable 1,5m - antijellyfishpool.com","robots":{"index":"index","follow":"follow","max-snippet":"max-snippet:-1","max-image-preview":"max-image-preview:large","max-video-preview":"max-video-preview:-1"},"canonical":"https:\/\/antijellyfishpool.com\/es\/producto\/tobogan-inflable-barco\/","og_locale":"es_ES","og_type":"article","og_title":"Mini Tobog\u00e1n Inflable 1,5m - antijellyfishpool.com","og_description":"Para divertirse a bordo, cuando est\u00e1 fondeado, el tobog\u00e1n acu\u00e1tico es perfecto para la diversi\u00f3n de los ni\u00f1os y no siempre de los ni\u00f1os... Fabricamos toboganes acu\u00e1ticos est\u00e1ndar y personalizados para yates desde 15m hasta 50 m de eslora. El plazo de entrega de los especiales es de unos 20 d\u00edas. Cont\u00e1ctenos para definir tu proyecto.  Toboganes de agua est\u00e1ndar  Mini: 120 cm : 1.499 \u20ac especial ni\u00f1os 260 cm - 340cm = 2.500 \u20ac 450 cm - 530 cm = 7.900 \u20ac 540 cm - 610 cm = 10.050 \u20ac 620 cm - 710 cm = 12.100 \u20ac 710 cm - 800 cm = 13.200 \u20ac Precios IVA incluido","og_url":"https:\/\/antijellyfishpool.com\/es\/producto\/tobogan-inflable-barco\/","og_site_name":"antijellyfishpool.com","article_modified_time":"2025-02-24T14:50:54+00:00","og_image":[{"width":1200,"height":900,"url":"https:\/\/antijellyfishpool.com\/wp-content\/uploads\/2024\/10\/Yacht-Slide-scaled-e1729936459898.webp","type":"image\/webp"}],"twitter_card":"summary_large_image","twitter_misc":{"Tiempo de lectura":"1 minuto"},"schema":{"@context":"https:\/\/schema.org","@graph":[{"@type":"WebPage","@id":"https:\/\/antijellyfishpool.com\/es\/producto\/tobogan-inflable-barco\/","url":"https:\/\/antijellyfishpool.com\/es\/producto\/tobogan-inflable-barco\/","name":"Mini Tobog\u00e1n Inflable 1,5m - antijellyfishpool.com","isPartOf":{"@id":"https:\/\/antijellyfishpool.com\/#website"},"primaryImageOfPage":{"@id":"https:\/\/antijellyfishpool.com\/es\/producto\/tobogan-inflable-barco\/#primaryimage"},"image":{"@id":"https:\/\/antijellyfishpool.com\/es\/producto\/tobogan-inflable-barco\/#primaryimage"},"thumbnailUrl":"https:\/\/antijellyfishpool.com\/wp-content\/uploads\/2024\/10\/Yacht-Slide-scaled-e1729936459898.webp","datePublished":"2022-01-12T12:01:41+00:00","dateModified":"2025-02-24T14:50:54+00:00","breadcrumb":{"@id":"https:\/\/antijellyfishpool.com\/es\/producto\/tobogan-inflable-barco\/#breadcrumb"},"inLanguage":"es","potentialAction":[{"@type":"ReadAction","target":["https:\/\/antijellyfishpool.com\/es\/producto\/tobogan-inflable-barco\/"]}]},{"@type":"ImageObject","inLanguage":"es","@id":"https:\/\/antijellyfishpool.com\/es\/producto\/tobogan-inflable-barco\/#primaryimage","url":"https:\/\/antijellyfishpool.com\/wp-content\/uploads\/2024\/10\/Yacht-Slide-scaled-e1729936459898.webp","contentUrl":"https:\/\/antijellyfishpool.com\/wp-content\/uploads\/2024\/10\/Yacht-Slide-scaled-e1729936459898.webp","width":1200,"height":900,"caption":"Yellow and orange yacht slide. A red ladder on the right side. Sea is crystal clear."},{"@type":"BreadcrumbList","@id":"https:\/\/antijellyfishpool.com\/es\/producto\/tobogan-inflable-barco\/#breadcrumb","itemListElement":[{"@type":"ListItem","position":1,"name":"Home","item":"https:\/\/antijellyfishpool.com\/es\/"},{"@type":"ListItem","position":2,"name":"Tienda","item":"https:\/\/antijellyfishpool.com\/shop\/"},{"@type":"ListItem","position":3,"name":"Mini Tobog\u00e1n Inflable 1,5m"}]},{"@type":"WebSite","@id":"https:\/\/antijellyfishpool.com\/#website","url":"https:\/\/antijellyfishpool.com\/","name":"antijellyfishpool.com","description":"The best jellyfish protection pool system for boats","potentialAction":[{"@type":"SearchAction","target":{"@type":"EntryPoint","urlTemplate":"https:\/\/antijellyfishpool.com\/?s={search_term_string}"},"query-input":{"@type":"PropertyValueSpecification","valueRequired":true,"valueName":"search_term_string"}}],"inLanguage":"es"}]}},"_links":{"self":[{"href":"https:\/\/antijellyfishpool.com\/es\/wp-json\/wp\/v2\/product\/7807","targetHints":{"allow":["GET"]}}],"collection":[{"href":"https:\/\/antijellyfishpool.com\/es\/wp-json\/wp\/v2\/product"}],"about":[{"href":"https:\/\/antijellyfishpool.com\/es\/wp-json\/wp\/v2\/types\/product"}],"wp:featuredmedia":[{"embeddable":true,"href":"https:\/\/antijellyfishpool.com\/es\/wp-json\/wp\/v2\/media\/8512"}],"wp:attachment":[{"href":"https:\/\/antijellyfishpool.com\/es\/wp-json\/wp\/v2\/media?parent=7807"}],"wp:term":[{"taxonomy":"product_brand","embeddable":true,"href":"https:\/\/antijellyfishpool.com\/es\/wp-json\/wp\/v2\/product_brand?post=7807"},{"taxonomy":"product_cat","embeddable":true,"href":"https:\/\/antijellyfishpool.com\/es\/wp-json\/wp\/v2\/product_cat?post=7807"},{"taxonomy":"product_tag","embeddable":true,"href":"https:\/\/antijellyfishpool.com\/es\/wp-json\/wp\/v2\/product_tag?post=7807"}],"curies":[{"name":"wp","href":"https:\/\/api.w.org\/{rel}","templated":true}]}}