{"id":7710,"date":"2019-01-06T10:49:00","date_gmt":"2021-05-10T10:49:00","guid":{"rendered":"https:\/\/antijellyfishpool.com\/product\/set-floating-beach-menorca-pool\/"},"modified":"2024-10-22T14:28:14","modified_gmt":"2024-10-22T14:28:14","slug":"piscina-anti-medusa-y-plataforma","status":"publish","type":"product","link":"https:\/\/antijellyfishpool.com\/es\/producto\/piscina-anti-medusa-y-plataforma\/","title":{"rendered":"Set MENORCA &#8211; Piscina Anti Medusa 3 x 3m &#038; Plataforma Inflable 3 x 2m"},"content":{"rendered":"","protected":false},"excerpt":{"rendered":"<p>Playa flotante + piscina Anti medusas, la manera m\u00e1s f\u00e1cil de llevar el \u00e1rea de recreo acu\u00e1tico de su embarcaci\u00f3n al nivel superior. Este sistema funciona como una playa flotante y como una extensi\u00f3n de la plataforma del barco con una piscina anti medusas. Su barco es 5 m m\u00e1s largo y podr\u00eda usarse como una estaci\u00f3n de atraque para motos acu\u00e1ticas y botes.<\/p>\n<p>DIMENSIONES PLAYA FLOTANTE: 3 metros x 2 metros x 0,24m = 6m2<\/p>\n<p>DIMENSIONES ENROLLADO: 56 cm x 26 cm aprox.<\/p>\n<p>PESO: 20 Kg. ( ambos elementos juntos) &#8211; Peso m\u00e1ximo soportado: 350 Kg<\/p>\n<p>TIEMPOS DE INFLADO &#8211; DESINFLADO: 3 \u2018aprox. con bomba electrica.<\/p>\n","protected":false},"featured_media":7901,"template":"","meta":[],"product_brand":[],"product_cat":[67,141,115],"product_tag":[],"class_list":{"0":"post-7710","1":"product","2":"type-product","3":"status-publish","4":"has-post-thumbnail","6":"product_cat-comprar","7":"product_cat-home-es","8":"product_cat-set-piscina-y-playa-flotante","10":"first","11":"instock","12":"taxable","13":"shipping-taxable","14":"purchasable","15":"product-type-simple"},"yoast_head":"<!-- This site is optimized with the Yoast SEO plugin v26.6 - https:\/\/yoast.com\/wordpress\/plugins\/seo\/ -->\n<title>Set MENORCA - Piscina Anti Medusa 3 x 3m &amp; Plataforma Inflable 3 x 2m - antijellyfishpool.com<\/title>\n<meta name=\"robots\" content=\"index, follow, max-snippet:-1, max-image-preview:large, max-video-preview:-1\" \/>\n<link rel=\"canonical\" href=\"https:\/\/antijellyfishpool.com\/es\/producto\/piscina-anti-medusa-y-plataforma\/\" \/>\n<meta property=\"og:locale\" content=\"es_ES\" \/>\n<meta property=\"og:type\" content=\"article\" \/>\n<meta property=\"og:title\" content=\"Set MENORCA - Piscina Anti Medusa 3 x 3m &amp; Plataforma Inflable 3 x 2m - antijellyfishpool.com\" \/>\n<meta property=\"og:description\" content=\"Playa flotante + piscina Anti medusas, la manera m\u00e1s f\u00e1cil de llevar el \u00e1rea de recreo acu\u00e1tico de su embarcaci\u00f3n al nivel superior. Este sistema funciona como una playa flotante y como una extensi\u00f3n de la plataforma del barco con una piscina anti medusas. Su barco es 5 m m\u00e1s largo y podr\u00eda usarse como una estaci\u00f3n de atraque para motos acu\u00e1ticas y botes.  DIMENSIONES PLAYA FLOTANTE: 3 metros x 2 metros x 0,24m = 6m2  DIMENSIONES ENROLLADO: 56 cm x 26 cm aprox.  PESO: 20 Kg. ( ambos elementos juntos) - Peso m\u00e1ximo soportado: 350 Kg  TIEMPOS DE INFLADO - DESINFLADO: 3 \u2018aprox. con bomba electrica.\" \/>\n<meta property=\"og:url\" content=\"https:\/\/antijellyfishpool.com\/es\/producto\/piscina-anti-medusa-y-plataforma\/\" \/>\n<meta property=\"og:site_name\" content=\"antijellyfishpool.com\" \/>\n<meta property=\"article:modified_time\" content=\"2024-10-22T14:28:14+00:00\" \/>\n<meta property=\"og:image\" content=\"https:\/\/antijellyfishpool.com\/wp-content\/uploads\/2020\/09\/Set-pool-y-floating-beach-mallorca.jpg\" \/>\n\t<meta property=\"og:image:width\" content=\"800\" \/>\n\t<meta property=\"og:image:height\" content=\"600\" \/>\n\t<meta property=\"og:image:type\" content=\"image\/jpeg\" \/>\n<meta name=\"twitter:card\" content=\"summary_large_image\" \/>\n<meta name=\"twitter:label1\" content=\"Tiempo de lectura\" \/>\n\t<meta name=\"twitter:data1\" content=\"1 minuto\" \/>\n<script type=\"application\/ld+json\" class=\"yoast-schema-graph\">{\"@context\":\"https:\/\/schema.org\",\"@graph\":[{\"@type\":\"WebPage\",\"@id\":\"https:\/\/antijellyfishpool.com\/es\/producto\/piscina-anti-medusa-y-plataforma\/\",\"url\":\"https:\/\/antijellyfishpool.com\/es\/producto\/piscina-anti-medusa-y-plataforma\/\",\"name\":\"Set MENORCA - Piscina Anti Medusa 3 x 3m & Plataforma Inflable 3 x 2m - antijellyfishpool.com\",\"isPartOf\":{\"@id\":\"https:\/\/antijellyfishpool.com\/#website\"},\"primaryImageOfPage\":{\"@id\":\"https:\/\/antijellyfishpool.com\/es\/producto\/piscina-anti-medusa-y-plataforma\/#primaryimage\"},\"image\":{\"@id\":\"https:\/\/antijellyfishpool.com\/es\/producto\/piscina-anti-medusa-y-plataforma\/#primaryimage\"},\"thumbnailUrl\":\"https:\/\/antijellyfishpool.com\/wp-content\/uploads\/2020\/09\/Set-pool-y-floating-beach-mallorca.jpg\",\"datePublished\":\"2021-05-10T10:49:00+00:00\",\"dateModified\":\"2024-10-22T14:28:14+00:00\",\"breadcrumb\":{\"@id\":\"https:\/\/antijellyfishpool.com\/es\/producto\/piscina-anti-medusa-y-plataforma\/#breadcrumb\"},\"inLanguage\":\"es\",\"potentialAction\":[{\"@type\":\"ReadAction\",\"target\":[\"https:\/\/antijellyfishpool.com\/es\/producto\/piscina-anti-medusa-y-plataforma\/\"]}]},{\"@type\":\"ImageObject\",\"inLanguage\":\"es\",\"@id\":\"https:\/\/antijellyfishpool.com\/es\/producto\/piscina-anti-medusa-y-plataforma\/#primaryimage\",\"url\":\"https:\/\/antijellyfishpool.com\/wp-content\/uploads\/2020\/09\/Set-pool-y-floating-beach-mallorca.jpg\",\"contentUrl\":\"https:\/\/antijellyfishpool.com\/wp-content\/uploads\/2020\/09\/Set-pool-y-floating-beach-mallorca.jpg\",\"width\":800,\"height\":600,\"caption\":\"Anti Jellyfish Pool and Inflatable platform. White products in blue sea. Sunny day.\"},{\"@type\":\"BreadcrumbList\",\"@id\":\"https:\/\/antijellyfishpool.com\/es\/producto\/piscina-anti-medusa-y-plataforma\/#breadcrumb\",\"itemListElement\":[{\"@type\":\"ListItem\",\"position\":1,\"name\":\"Home\",\"item\":\"https:\/\/antijellyfishpool.com\/es\/\"},{\"@type\":\"ListItem\",\"position\":2,\"name\":\"Tienda\",\"item\":\"https:\/\/antijellyfishpool.com\/shop\/\"},{\"@type\":\"ListItem\",\"position\":3,\"name\":\"Set MENORCA &#8211; Piscina Anti Medusa 3 x 3m &#038; Plataforma Inflable 3 x 2m\"}]},{\"@type\":\"WebSite\",\"@id\":\"https:\/\/antijellyfishpool.com\/#website\",\"url\":\"https:\/\/antijellyfishpool.com\/\",\"name\":\"antijellyfishpool.com\",\"description\":\"The best jellyfish protection pool system for boats\",\"potentialAction\":[{\"@type\":\"SearchAction\",\"target\":{\"@type\":\"EntryPoint\",\"urlTemplate\":\"https:\/\/antijellyfishpool.com\/?s={search_term_string}\"},\"query-input\":{\"@type\":\"PropertyValueSpecification\",\"valueRequired\":true,\"valueName\":\"search_term_string\"}}],\"inLanguage\":\"es\"}]}<\/script>\n<!-- \/ Yoast SEO plugin. -->","yoast_head_json":{"title":"Set MENORCA - Piscina Anti Medusa 3 x 3m & Plataforma Inflable 3 x 2m - antijellyfishpool.com","robots":{"index":"index","follow":"follow","max-snippet":"max-snippet:-1","max-image-preview":"max-image-preview:large","max-video-preview":"max-video-preview:-1"},"canonical":"https:\/\/antijellyfishpool.com\/es\/producto\/piscina-anti-medusa-y-plataforma\/","og_locale":"es_ES","og_type":"article","og_title":"Set MENORCA - Piscina Anti Medusa 3 x 3m & Plataforma Inflable 3 x 2m - antijellyfishpool.com","og_description":"Playa flotante + piscina Anti medusas, la manera m\u00e1s f\u00e1cil de llevar el \u00e1rea de recreo acu\u00e1tico de su embarcaci\u00f3n al nivel superior. Este sistema funciona como una playa flotante y como una extensi\u00f3n de la plataforma del barco con una piscina anti medusas. Su barco es 5 m m\u00e1s largo y podr\u00eda usarse como una estaci\u00f3n de atraque para motos acu\u00e1ticas y botes.  DIMENSIONES PLAYA FLOTANTE: 3 metros x 2 metros x 0,24m = 6m2  DIMENSIONES ENROLLADO: 56 cm x 26 cm aprox.  PESO: 20 Kg. ( ambos elementos juntos) - Peso m\u00e1ximo soportado: 350 Kg  TIEMPOS DE INFLADO - DESINFLADO: 3 \u2018aprox. con bomba electrica.","og_url":"https:\/\/antijellyfishpool.com\/es\/producto\/piscina-anti-medusa-y-plataforma\/","og_site_name":"antijellyfishpool.com","article_modified_time":"2024-10-22T14:28:14+00:00","og_image":[{"width":800,"height":600,"url":"https:\/\/antijellyfishpool.com\/wp-content\/uploads\/2020\/09\/Set-pool-y-floating-beach-mallorca.jpg","type":"image\/jpeg"}],"twitter_card":"summary_large_image","twitter_misc":{"Tiempo de lectura":"1 minuto"},"schema":{"@context":"https:\/\/schema.org","@graph":[{"@type":"WebPage","@id":"https:\/\/antijellyfishpool.com\/es\/producto\/piscina-anti-medusa-y-plataforma\/","url":"https:\/\/antijellyfishpool.com\/es\/producto\/piscina-anti-medusa-y-plataforma\/","name":"Set MENORCA - Piscina Anti Medusa 3 x 3m & Plataforma Inflable 3 x 2m - antijellyfishpool.com","isPartOf":{"@id":"https:\/\/antijellyfishpool.com\/#website"},"primaryImageOfPage":{"@id":"https:\/\/antijellyfishpool.com\/es\/producto\/piscina-anti-medusa-y-plataforma\/#primaryimage"},"image":{"@id":"https:\/\/antijellyfishpool.com\/es\/producto\/piscina-anti-medusa-y-plataforma\/#primaryimage"},"thumbnailUrl":"https:\/\/antijellyfishpool.com\/wp-content\/uploads\/2020\/09\/Set-pool-y-floating-beach-mallorca.jpg","datePublished":"2021-05-10T10:49:00+00:00","dateModified":"2024-10-22T14:28:14+00:00","breadcrumb":{"@id":"https:\/\/antijellyfishpool.com\/es\/producto\/piscina-anti-medusa-y-plataforma\/#breadcrumb"},"inLanguage":"es","potentialAction":[{"@type":"ReadAction","target":["https:\/\/antijellyfishpool.com\/es\/producto\/piscina-anti-medusa-y-plataforma\/"]}]},{"@type":"ImageObject","inLanguage":"es","@id":"https:\/\/antijellyfishpool.com\/es\/producto\/piscina-anti-medusa-y-plataforma\/#primaryimage","url":"https:\/\/antijellyfishpool.com\/wp-content\/uploads\/2020\/09\/Set-pool-y-floating-beach-mallorca.jpg","contentUrl":"https:\/\/antijellyfishpool.com\/wp-content\/uploads\/2020\/09\/Set-pool-y-floating-beach-mallorca.jpg","width":800,"height":600,"caption":"Anti Jellyfish Pool and Inflatable platform. White products in blue sea. Sunny day."},{"@type":"BreadcrumbList","@id":"https:\/\/antijellyfishpool.com\/es\/producto\/piscina-anti-medusa-y-plataforma\/#breadcrumb","itemListElement":[{"@type":"ListItem","position":1,"name":"Home","item":"https:\/\/antijellyfishpool.com\/es\/"},{"@type":"ListItem","position":2,"name":"Tienda","item":"https:\/\/antijellyfishpool.com\/shop\/"},{"@type":"ListItem","position":3,"name":"Set MENORCA &#8211; Piscina Anti Medusa 3 x 3m &#038; Plataforma Inflable 3 x 2m"}]},{"@type":"WebSite","@id":"https:\/\/antijellyfishpool.com\/#website","url":"https:\/\/antijellyfishpool.com\/","name":"antijellyfishpool.com","description":"The best jellyfish protection pool system for boats","potentialAction":[{"@type":"SearchAction","target":{"@type":"EntryPoint","urlTemplate":"https:\/\/antijellyfishpool.com\/?s={search_term_string}"},"query-input":{"@type":"PropertyValueSpecification","valueRequired":true,"valueName":"search_term_string"}}],"inLanguage":"es"}]}},"_links":{"self":[{"href":"https:\/\/antijellyfishpool.com\/es\/wp-json\/wp\/v2\/product\/7710","targetHints":{"allow":["GET"]}}],"collection":[{"href":"https:\/\/antijellyfishpool.com\/es\/wp-json\/wp\/v2\/product"}],"about":[{"href":"https:\/\/antijellyfishpool.com\/es\/wp-json\/wp\/v2\/types\/product"}],"wp:featuredmedia":[{"embeddable":true,"href":"https:\/\/antijellyfishpool.com\/es\/wp-json\/wp\/v2\/media\/7901"}],"wp:attachment":[{"href":"https:\/\/antijellyfishpool.com\/es\/wp-json\/wp\/v2\/media?parent=7710"}],"wp:term":[{"taxonomy":"product_brand","embeddable":true,"href":"https:\/\/antijellyfishpool.com\/es\/wp-json\/wp\/v2\/product_brand?post=7710"},{"taxonomy":"product_cat","embeddable":true,"href":"https:\/\/antijellyfishpool.com\/es\/wp-json\/wp\/v2\/product_cat?post=7710"},{"taxonomy":"product_tag","embeddable":true,"href":"https:\/\/antijellyfishpool.com\/es\/wp-json\/wp\/v2\/product_tag?post=7710"}],"curies":[{"name":"wp","href":"https:\/\/api.w.org\/{rel}","templated":true}]}}