{"id":7574,"date":"2019-01-04T18:13:19","date_gmt":"2020-10-10T18:13:19","guid":{"rendered":"https:\/\/antijellyfishpool.com\/?post_type=product&#038;p=7574"},"modified":"2024-10-22T14:35:25","modified_gmt":"2024-10-22T14:35:25","slug":"piscina-anti-medusa-y-plataforma-grande","status":"publish","type":"product","link":"https:\/\/antijellyfishpool.com\/es\/producto\/piscina-anti-medusa-y-plataforma-grande\/","title":{"rendered":"Set IBIZA &#8211; Piscina Anti Medusa 5 x 4m &#038; Plataforma 4 x 3m"},"content":{"rendered":"","protected":false},"excerpt":{"rendered":"<p><span class=\"tlid-translation translation\" lang=\"es\"><span class=\"\" title=\"\">Aumenta la eslora y la plataforma de popa con la playa flotante\u00a0 Floating Beach + la piscina\u00a0 Anti Medusas. Es la manera m\u00e1s f\u00e1cil de aumentar el \u00e1rea de recreo acu\u00e1tico de su embarcaci\u00f3n.<\/span> <span class=\"\" title=\"\">Este sistema funciona como una playa flotante y como una extensi\u00f3n de la plataforma del barco con una piscina en el extremo.<\/span> <span title=\"\">Su barco es 5 m m\u00e1s largo y podr\u00eda usarse como una estaci\u00f3n de atraque para motos acu\u00e1ticas y botes.<\/span><\/span><\/p>\n<p><span class=\"\" title=\"\">DIMENSIONES PLAYA FLOTANTE: 4 metros x 2 metros x 0,24m = 8m2<\/span><\/p>\n<p><span title=\"\">PISCINAS ANTI MEDUSAS: Compatible con la piscina IBIZA<br \/>\n<\/span><\/p>\n<p><span title=\"\">DIMENSIONES ENROLLADO: 56 cm x 26 cm aprox.<\/span><\/p>\n<p><span title=\"\">PESO: 26 Kg.<\/span> <span title=\"\">&#8211; Peso m\u00e1ximo soportado: 400 Kg<\/span><\/p>\n<p><span title=\"\">TIEMPOS DE INFLADO &#8211; DESINFLADO: 3 &#8216;aprox.<\/span> <span title=\"\">con bomba electrica.<\/span><\/p>\n","protected":false},"featured_media":7754,"template":"","meta":[],"product_brand":[],"product_cat":[67,141,115],"product_tag":[118],"class_list":{"0":"post-7574","1":"product","2":"type-product","3":"status-publish","4":"has-post-thumbnail","6":"product_cat-comprar","7":"product_cat-home-es","8":"product_cat-set-piscina-y-playa-flotante","9":"product_tag-buy-es","11":"first","12":"instock","13":"taxable","14":"shipping-taxable","15":"purchasable","16":"product-type-simple"},"yoast_head":"<!-- This site is optimized with the Yoast SEO plugin v26.6 - https:\/\/yoast.com\/wordpress\/plugins\/seo\/ -->\n<title>Set IBIZA - Piscina Anti Medusa 5 x 4m &amp; Plataforma 4 x 3m - antijellyfishpool.com<\/title>\n<meta name=\"robots\" content=\"index, follow, max-snippet:-1, max-image-preview:large, max-video-preview:-1\" \/>\n<link rel=\"canonical\" href=\"https:\/\/antijellyfishpool.com\/es\/producto\/piscina-anti-medusa-y-plataforma-grande\/\" \/>\n<meta property=\"og:locale\" content=\"es_ES\" \/>\n<meta property=\"og:type\" content=\"article\" \/>\n<meta property=\"og:title\" content=\"Set IBIZA - Piscina Anti Medusa 5 x 4m &amp; Plataforma 4 x 3m - antijellyfishpool.com\" \/>\n<meta property=\"og:description\" content=\"Aumenta la eslora y la plataforma de popa con la playa flotante\u00a0 Floating Beach + la piscina\u00a0 Anti Medusas. Es la manera m\u00e1s f\u00e1cil de aumentar el \u00e1rea de recreo acu\u00e1tico de su embarcaci\u00f3n. Este sistema funciona como una playa flotante y como una extensi\u00f3n de la plataforma del barco con una piscina en el extremo. Su barco es 5 m m\u00e1s largo y podr\u00eda usarse como una estaci\u00f3n de atraque para motos acu\u00e1ticas y botes.  DIMENSIONES PLAYA FLOTANTE: 4 metros x 2 metros x 0,24m = 8m2  PISCINAS ANTI MEDUSAS: Compatible con la piscina IBIZA   DIMENSIONES ENROLLADO: 56 cm x 26 cm aprox.  PESO: 26 Kg. - Peso m\u00e1ximo soportado: 400 Kg  TIEMPOS DE INFLADO - DESINFLADO: 3 &#039;aprox. con bomba electrica.\" \/>\n<meta property=\"og:url\" content=\"https:\/\/antijellyfishpool.com\/es\/producto\/piscina-anti-medusa-y-plataforma-grande\/\" \/>\n<meta property=\"og:site_name\" content=\"antijellyfishpool.com\" \/>\n<meta property=\"article:modified_time\" content=\"2024-10-22T14:35:25+00:00\" \/>\n<meta property=\"og:image\" content=\"https:\/\/antijellyfishpool.com\/wp-content\/uploads\/2021\/01\/catalogo.jpg\" \/>\n\t<meta property=\"og:image:width\" content=\"800\" \/>\n\t<meta property=\"og:image:height\" content=\"450\" \/>\n\t<meta property=\"og:image:type\" content=\"image\/jpeg\" \/>\n<meta name=\"twitter:card\" content=\"summary_large_image\" \/>\n<meta name=\"twitter:label1\" content=\"Tiempo de lectura\" \/>\n\t<meta name=\"twitter:data1\" content=\"1 minuto\" \/>\n<script type=\"application\/ld+json\" class=\"yoast-schema-graph\">{\"@context\":\"https:\/\/schema.org\",\"@graph\":[{\"@type\":\"WebPage\",\"@id\":\"https:\/\/antijellyfishpool.com\/es\/producto\/piscina-anti-medusa-y-plataforma-grande\/\",\"url\":\"https:\/\/antijellyfishpool.com\/es\/producto\/piscina-anti-medusa-y-plataforma-grande\/\",\"name\":\"Set IBIZA - Piscina Anti Medusa 5 x 4m & Plataforma 4 x 3m - antijellyfishpool.com\",\"isPartOf\":{\"@id\":\"https:\/\/antijellyfishpool.com\/#website\"},\"primaryImageOfPage\":{\"@id\":\"https:\/\/antijellyfishpool.com\/es\/producto\/piscina-anti-medusa-y-plataforma-grande\/#primaryimage\"},\"image\":{\"@id\":\"https:\/\/antijellyfishpool.com\/es\/producto\/piscina-anti-medusa-y-plataforma-grande\/#primaryimage\"},\"thumbnailUrl\":\"https:\/\/antijellyfishpool.com\/wp-content\/uploads\/2021\/01\/catalogo.jpg\",\"datePublished\":\"2020-10-10T18:13:19+00:00\",\"dateModified\":\"2024-10-22T14:35:25+00:00\",\"breadcrumb\":{\"@id\":\"https:\/\/antijellyfishpool.com\/es\/producto\/piscina-anti-medusa-y-plataforma-grande\/#breadcrumb\"},\"inLanguage\":\"es\",\"potentialAction\":[{\"@type\":\"ReadAction\",\"target\":[\"https:\/\/antijellyfishpool.com\/es\/producto\/piscina-anti-medusa-y-plataforma-grande\/\"]}]},{\"@type\":\"ImageObject\",\"inLanguage\":\"es\",\"@id\":\"https:\/\/antijellyfishpool.com\/es\/producto\/piscina-anti-medusa-y-plataforma-grande\/#primaryimage\",\"url\":\"https:\/\/antijellyfishpool.com\/wp-content\/uploads\/2021\/01\/catalogo.jpg\",\"contentUrl\":\"https:\/\/antijellyfishpool.com\/wp-content\/uploads\/2021\/01\/catalogo.jpg\",\"width\":800,\"height\":450,\"caption\":\"catalogo\"},{\"@type\":\"BreadcrumbList\",\"@id\":\"https:\/\/antijellyfishpool.com\/es\/producto\/piscina-anti-medusa-y-plataforma-grande\/#breadcrumb\",\"itemListElement\":[{\"@type\":\"ListItem\",\"position\":1,\"name\":\"Home\",\"item\":\"https:\/\/antijellyfishpool.com\/es\/\"},{\"@type\":\"ListItem\",\"position\":2,\"name\":\"Tienda\",\"item\":\"https:\/\/antijellyfishpool.com\/shop\/\"},{\"@type\":\"ListItem\",\"position\":3,\"name\":\"Set IBIZA &#8211; Piscina Anti Medusa 5 x 4m &#038; Plataforma 4 x 3m\"}]},{\"@type\":\"WebSite\",\"@id\":\"https:\/\/antijellyfishpool.com\/#website\",\"url\":\"https:\/\/antijellyfishpool.com\/\",\"name\":\"antijellyfishpool.com\",\"description\":\"The best jellyfish protection pool system for boats\",\"potentialAction\":[{\"@type\":\"SearchAction\",\"target\":{\"@type\":\"EntryPoint\",\"urlTemplate\":\"https:\/\/antijellyfishpool.com\/?s={search_term_string}\"},\"query-input\":{\"@type\":\"PropertyValueSpecification\",\"valueRequired\":true,\"valueName\":\"search_term_string\"}}],\"inLanguage\":\"es\"}]}<\/script>\n<!-- \/ Yoast SEO plugin. -->","yoast_head_json":{"title":"Set IBIZA - Piscina Anti Medusa 5 x 4m & Plataforma 4 x 3m - antijellyfishpool.com","robots":{"index":"index","follow":"follow","max-snippet":"max-snippet:-1","max-image-preview":"max-image-preview:large","max-video-preview":"max-video-preview:-1"},"canonical":"https:\/\/antijellyfishpool.com\/es\/producto\/piscina-anti-medusa-y-plataforma-grande\/","og_locale":"es_ES","og_type":"article","og_title":"Set IBIZA - Piscina Anti Medusa 5 x 4m & Plataforma 4 x 3m - antijellyfishpool.com","og_description":"Aumenta la eslora y la plataforma de popa con la playa flotante\u00a0 Floating Beach + la piscina\u00a0 Anti Medusas. Es la manera m\u00e1s f\u00e1cil de aumentar el \u00e1rea de recreo acu\u00e1tico de su embarcaci\u00f3n. Este sistema funciona como una playa flotante y como una extensi\u00f3n de la plataforma del barco con una piscina en el extremo. Su barco es 5 m m\u00e1s largo y podr\u00eda usarse como una estaci\u00f3n de atraque para motos acu\u00e1ticas y botes.  DIMENSIONES PLAYA FLOTANTE: 4 metros x 2 metros x 0,24m = 8m2  PISCINAS ANTI MEDUSAS: Compatible con la piscina IBIZA   DIMENSIONES ENROLLADO: 56 cm x 26 cm aprox.  PESO: 26 Kg. - Peso m\u00e1ximo soportado: 400 Kg  TIEMPOS DE INFLADO - DESINFLADO: 3 'aprox. con bomba electrica.","og_url":"https:\/\/antijellyfishpool.com\/es\/producto\/piscina-anti-medusa-y-plataforma-grande\/","og_site_name":"antijellyfishpool.com","article_modified_time":"2024-10-22T14:35:25+00:00","og_image":[{"width":800,"height":450,"url":"https:\/\/antijellyfishpool.com\/wp-content\/uploads\/2021\/01\/catalogo.jpg","type":"image\/jpeg"}],"twitter_card":"summary_large_image","twitter_misc":{"Tiempo de lectura":"1 minuto"},"schema":{"@context":"https:\/\/schema.org","@graph":[{"@type":"WebPage","@id":"https:\/\/antijellyfishpool.com\/es\/producto\/piscina-anti-medusa-y-plataforma-grande\/","url":"https:\/\/antijellyfishpool.com\/es\/producto\/piscina-anti-medusa-y-plataforma-grande\/","name":"Set IBIZA - Piscina Anti Medusa 5 x 4m & Plataforma 4 x 3m - antijellyfishpool.com","isPartOf":{"@id":"https:\/\/antijellyfishpool.com\/#website"},"primaryImageOfPage":{"@id":"https:\/\/antijellyfishpool.com\/es\/producto\/piscina-anti-medusa-y-plataforma-grande\/#primaryimage"},"image":{"@id":"https:\/\/antijellyfishpool.com\/es\/producto\/piscina-anti-medusa-y-plataforma-grande\/#primaryimage"},"thumbnailUrl":"https:\/\/antijellyfishpool.com\/wp-content\/uploads\/2021\/01\/catalogo.jpg","datePublished":"2020-10-10T18:13:19+00:00","dateModified":"2024-10-22T14:35:25+00:00","breadcrumb":{"@id":"https:\/\/antijellyfishpool.com\/es\/producto\/piscina-anti-medusa-y-plataforma-grande\/#breadcrumb"},"inLanguage":"es","potentialAction":[{"@type":"ReadAction","target":["https:\/\/antijellyfishpool.com\/es\/producto\/piscina-anti-medusa-y-plataforma-grande\/"]}]},{"@type":"ImageObject","inLanguage":"es","@id":"https:\/\/antijellyfishpool.com\/es\/producto\/piscina-anti-medusa-y-plataforma-grande\/#primaryimage","url":"https:\/\/antijellyfishpool.com\/wp-content\/uploads\/2021\/01\/catalogo.jpg","contentUrl":"https:\/\/antijellyfishpool.com\/wp-content\/uploads\/2021\/01\/catalogo.jpg","width":800,"height":450,"caption":"catalogo"},{"@type":"BreadcrumbList","@id":"https:\/\/antijellyfishpool.com\/es\/producto\/piscina-anti-medusa-y-plataforma-grande\/#breadcrumb","itemListElement":[{"@type":"ListItem","position":1,"name":"Home","item":"https:\/\/antijellyfishpool.com\/es\/"},{"@type":"ListItem","position":2,"name":"Tienda","item":"https:\/\/antijellyfishpool.com\/shop\/"},{"@type":"ListItem","position":3,"name":"Set IBIZA &#8211; Piscina Anti Medusa 5 x 4m &#038; Plataforma 4 x 3m"}]},{"@type":"WebSite","@id":"https:\/\/antijellyfishpool.com\/#website","url":"https:\/\/antijellyfishpool.com\/","name":"antijellyfishpool.com","description":"The best jellyfish protection pool system for boats","potentialAction":[{"@type":"SearchAction","target":{"@type":"EntryPoint","urlTemplate":"https:\/\/antijellyfishpool.com\/?s={search_term_string}"},"query-input":{"@type":"PropertyValueSpecification","valueRequired":true,"valueName":"search_term_string"}}],"inLanguage":"es"}]}},"_links":{"self":[{"href":"https:\/\/antijellyfishpool.com\/es\/wp-json\/wp\/v2\/product\/7574","targetHints":{"allow":["GET"]}}],"collection":[{"href":"https:\/\/antijellyfishpool.com\/es\/wp-json\/wp\/v2\/product"}],"about":[{"href":"https:\/\/antijellyfishpool.com\/es\/wp-json\/wp\/v2\/types\/product"}],"wp:featuredmedia":[{"embeddable":true,"href":"https:\/\/antijellyfishpool.com\/es\/wp-json\/wp\/v2\/media\/7754"}],"wp:attachment":[{"href":"https:\/\/antijellyfishpool.com\/es\/wp-json\/wp\/v2\/media?parent=7574"}],"wp:term":[{"taxonomy":"product_brand","embeddable":true,"href":"https:\/\/antijellyfishpool.com\/es\/wp-json\/wp\/v2\/product_brand?post=7574"},{"taxonomy":"product_cat","embeddable":true,"href":"https:\/\/antijellyfishpool.com\/es\/wp-json\/wp\/v2\/product_cat?post=7574"},{"taxonomy":"product_tag","embeddable":true,"href":"https:\/\/antijellyfishpool.com\/es\/wp-json\/wp\/v2\/product_tag?post=7574"}],"curies":[{"name":"wp","href":"https:\/\/api.w.org\/{rel}","templated":true}]}}