{"id":7570,"date":"2019-01-05T12:01:28","date_gmt":"2020-10-10T18:09:46","guid":{"rendered":"https:\/\/antijellyfishpool.com\/?post_type=product&#038;p=7570"},"modified":"2024-10-22T14:34:39","modified_gmt":"2024-10-22T14:34:39","slug":"piscina-anti-medusa-y-plataforma-mediana","status":"publish","type":"product","link":"https:\/\/antijellyfishpool.com\/es\/producto\/piscina-anti-medusa-y-plataforma-mediana\/","title":{"rendered":"Set MALLORCA &#8211; Piscina Anti Medusa 4 x 3m &#038; Plataforma Inflable 4 x 2m"},"content":{"rendered":"","protected":false},"excerpt":{"rendered":"<p><span class=\"tlid-translation translation\" lang=\"es\"><span class=\"\" title=\"\">Aumenta la eslora y la plataforma de popa con la playa flotante\u00a0 Floating Beach + la piscina\u00a0 Anti Medusas. Es la manera m\u00e1s f\u00e1cil de aumentar el \u00e1rea de recreo acu\u00e1tico de su embarcaci\u00f3n.<\/span> <span class=\"\" title=\"\">Este sistema funciona como una playa flotante y como una extensi\u00f3n de la plataforma del barco con una piscina en el extremo.<\/span> <span title=\"\">Su barco es 5 m m\u00e1s largo y podr\u00eda usarse como una estaci\u00f3n de atraque para motos acu\u00e1ticas y botes.<\/span><\/span><\/p>\n<p><span class=\"\" title=\"\">DIMENSIONES PLAYA FLOTANTE: 4 metros x 2 metros x 0,24m = 8m2<\/span><\/p>\n<p><span title=\"\">PISCINAS ANTI MEDUSAS: Compatible con piscinas IBIZA y MALLORCA.<\/span><\/p>\n<p><span title=\"\">DIMENSIONES ENROLLADO: 56 cm x 26 cm aprox.<\/span><\/p>\n<p><span title=\"\">PESO: 26 Kg.<\/span> <span title=\"\">&#8211; Peso m\u00e1ximo soportado: 400 Kg<\/span><\/p>\n<p><span title=\"\">TIEMPOS DE INFLADO &#8211; DESINFLADO: 3 &#8216;aprox.<\/span> <span title=\"\">con bomba electrica.<\/span><\/p>\n","protected":false},"featured_media":8516,"template":"","meta":[],"product_brand":[],"product_cat":[67,141,115],"product_tag":[118],"class_list":{"0":"post-7570","1":"product","2":"type-product","3":"status-publish","4":"has-post-thumbnail","6":"product_cat-comprar","7":"product_cat-home-es","8":"product_cat-set-piscina-y-playa-flotante","9":"product_tag-buy-es","11":"first","12":"instock","13":"taxable","14":"shipping-taxable","15":"purchasable","16":"product-type-simple"},"yoast_head":"<!-- This site is optimized with the Yoast SEO plugin v26.6 - https:\/\/yoast.com\/wordpress\/plugins\/seo\/ -->\n<title>Set MALLORCA - Piscina Anti Medusa 4 x 3m &amp; Plataforma Inflable 4 x 2m - antijellyfishpool.com<\/title>\n<meta name=\"robots\" content=\"index, follow, max-snippet:-1, max-image-preview:large, max-video-preview:-1\" \/>\n<link rel=\"canonical\" href=\"https:\/\/antijellyfishpool.com\/es\/producto\/piscina-anti-medusa-y-plataforma-mediana\/\" \/>\n<meta property=\"og:locale\" content=\"es_ES\" \/>\n<meta property=\"og:type\" content=\"article\" \/>\n<meta property=\"og:title\" content=\"Set MALLORCA - Piscina Anti Medusa 4 x 3m &amp; Plataforma Inflable 4 x 2m - antijellyfishpool.com\" \/>\n<meta property=\"og:description\" content=\"Aumenta la eslora y la plataforma de popa con la playa flotante\u00a0 Floating Beach + la piscina\u00a0 Anti Medusas. Es la manera m\u00e1s f\u00e1cil de aumentar el \u00e1rea de recreo acu\u00e1tico de su embarcaci\u00f3n. Este sistema funciona como una playa flotante y como una extensi\u00f3n de la plataforma del barco con una piscina en el extremo. Su barco es 5 m m\u00e1s largo y podr\u00eda usarse como una estaci\u00f3n de atraque para motos acu\u00e1ticas y botes.  DIMENSIONES PLAYA FLOTANTE: 4 metros x 2 metros x 0,24m = 8m2  PISCINAS ANTI MEDUSAS: Compatible con piscinas IBIZA y MALLORCA.  DIMENSIONES ENROLLADO: 56 cm x 26 cm aprox.  PESO: 26 Kg. - Peso m\u00e1ximo soportado: 400 Kg  TIEMPOS DE INFLADO - DESINFLADO: 3 &#039;aprox. con bomba electrica.\" \/>\n<meta property=\"og:url\" content=\"https:\/\/antijellyfishpool.com\/es\/producto\/piscina-anti-medusa-y-plataforma-mediana\/\" \/>\n<meta property=\"og:site_name\" content=\"antijellyfishpool.com\" \/>\n<meta property=\"article:modified_time\" content=\"2024-10-22T14:34:39+00:00\" \/>\n<meta property=\"og:image\" content=\"https:\/\/antijellyfishpool.com\/wp-content\/uploads\/2024\/10\/Anti-Jellyfish-Pool-and-Inflatable-Dock-scaled-e1729937988724.webp\" \/>\n\t<meta property=\"og:image:width\" content=\"1200\" \/>\n\t<meta property=\"og:image:height\" content=\"900\" \/>\n\t<meta property=\"og:image:type\" content=\"image\/webp\" \/>\n<meta name=\"twitter:card\" content=\"summary_large_image\" \/>\n<meta name=\"twitter:label1\" content=\"Tiempo de lectura\" \/>\n\t<meta name=\"twitter:data1\" content=\"1 minuto\" \/>\n<script type=\"application\/ld+json\" class=\"yoast-schema-graph\">{\"@context\":\"https:\/\/schema.org\",\"@graph\":[{\"@type\":\"WebPage\",\"@id\":\"https:\/\/antijellyfishpool.com\/es\/producto\/piscina-anti-medusa-y-plataforma-mediana\/\",\"url\":\"https:\/\/antijellyfishpool.com\/es\/producto\/piscina-anti-medusa-y-plataforma-mediana\/\",\"name\":\"Set MALLORCA - Piscina Anti Medusa 4 x 3m & Plataforma Inflable 4 x 2m - antijellyfishpool.com\",\"isPartOf\":{\"@id\":\"https:\/\/antijellyfishpool.com\/#website\"},\"primaryImageOfPage\":{\"@id\":\"https:\/\/antijellyfishpool.com\/es\/producto\/piscina-anti-medusa-y-plataforma-mediana\/#primaryimage\"},\"image\":{\"@id\":\"https:\/\/antijellyfishpool.com\/es\/producto\/piscina-anti-medusa-y-plataforma-mediana\/#primaryimage\"},\"thumbnailUrl\":\"https:\/\/antijellyfishpool.com\/wp-content\/uploads\/2024\/10\/Anti-Jellyfish-Pool-and-Inflatable-Dock-scaled-e1729937988724.webp\",\"datePublished\":\"2020-10-10T18:09:46+00:00\",\"dateModified\":\"2024-10-22T14:34:39+00:00\",\"breadcrumb\":{\"@id\":\"https:\/\/antijellyfishpool.com\/es\/producto\/piscina-anti-medusa-y-plataforma-mediana\/#breadcrumb\"},\"inLanguage\":\"es\",\"potentialAction\":[{\"@type\":\"ReadAction\",\"target\":[\"https:\/\/antijellyfishpool.com\/es\/producto\/piscina-anti-medusa-y-plataforma-mediana\/\"]}]},{\"@type\":\"ImageObject\",\"inLanguage\":\"es\",\"@id\":\"https:\/\/antijellyfishpool.com\/es\/producto\/piscina-anti-medusa-y-plataforma-mediana\/#primaryimage\",\"url\":\"https:\/\/antijellyfishpool.com\/wp-content\/uploads\/2024\/10\/Anti-Jellyfish-Pool-and-Inflatable-Dock-scaled-e1729937988724.webp\",\"contentUrl\":\"https:\/\/antijellyfishpool.com\/wp-content\/uploads\/2024\/10\/Anti-Jellyfish-Pool-and-Inflatable-Dock-scaled-e1729937988724.webp\",\"width\":1200,\"height\":900,\"caption\":\"White wnti Jellyfish Pool and Inflatable Dock tied to the boat. Blue Sea. Sunny sky.\"},{\"@type\":\"BreadcrumbList\",\"@id\":\"https:\/\/antijellyfishpool.com\/es\/producto\/piscina-anti-medusa-y-plataforma-mediana\/#breadcrumb\",\"itemListElement\":[{\"@type\":\"ListItem\",\"position\":1,\"name\":\"Home\",\"item\":\"https:\/\/antijellyfishpool.com\/es\/\"},{\"@type\":\"ListItem\",\"position\":2,\"name\":\"Tienda\",\"item\":\"https:\/\/antijellyfishpool.com\/shop\/\"},{\"@type\":\"ListItem\",\"position\":3,\"name\":\"Set MALLORCA &#8211; Piscina Anti Medusa 4 x 3m &#038; Plataforma Inflable 4 x 2m\"}]},{\"@type\":\"WebSite\",\"@id\":\"https:\/\/antijellyfishpool.com\/#website\",\"url\":\"https:\/\/antijellyfishpool.com\/\",\"name\":\"antijellyfishpool.com\",\"description\":\"The best jellyfish protection pool system for boats\",\"potentialAction\":[{\"@type\":\"SearchAction\",\"target\":{\"@type\":\"EntryPoint\",\"urlTemplate\":\"https:\/\/antijellyfishpool.com\/?s={search_term_string}\"},\"query-input\":{\"@type\":\"PropertyValueSpecification\",\"valueRequired\":true,\"valueName\":\"search_term_string\"}}],\"inLanguage\":\"es\"}]}<\/script>\n<!-- \/ Yoast SEO plugin. -->","yoast_head_json":{"title":"Set MALLORCA - Piscina Anti Medusa 4 x 3m & Plataforma Inflable 4 x 2m - antijellyfishpool.com","robots":{"index":"index","follow":"follow","max-snippet":"max-snippet:-1","max-image-preview":"max-image-preview:large","max-video-preview":"max-video-preview:-1"},"canonical":"https:\/\/antijellyfishpool.com\/es\/producto\/piscina-anti-medusa-y-plataforma-mediana\/","og_locale":"es_ES","og_type":"article","og_title":"Set MALLORCA - Piscina Anti Medusa 4 x 3m & Plataforma Inflable 4 x 2m - antijellyfishpool.com","og_description":"Aumenta la eslora y la plataforma de popa con la playa flotante\u00a0 Floating Beach + la piscina\u00a0 Anti Medusas. Es la manera m\u00e1s f\u00e1cil de aumentar el \u00e1rea de recreo acu\u00e1tico de su embarcaci\u00f3n. Este sistema funciona como una playa flotante y como una extensi\u00f3n de la plataforma del barco con una piscina en el extremo. Su barco es 5 m m\u00e1s largo y podr\u00eda usarse como una estaci\u00f3n de atraque para motos acu\u00e1ticas y botes.  DIMENSIONES PLAYA FLOTANTE: 4 metros x 2 metros x 0,24m = 8m2  PISCINAS ANTI MEDUSAS: Compatible con piscinas IBIZA y MALLORCA.  DIMENSIONES ENROLLADO: 56 cm x 26 cm aprox.  PESO: 26 Kg. - Peso m\u00e1ximo soportado: 400 Kg  TIEMPOS DE INFLADO - DESINFLADO: 3 'aprox. con bomba electrica.","og_url":"https:\/\/antijellyfishpool.com\/es\/producto\/piscina-anti-medusa-y-plataforma-mediana\/","og_site_name":"antijellyfishpool.com","article_modified_time":"2024-10-22T14:34:39+00:00","og_image":[{"width":1200,"height":900,"url":"https:\/\/antijellyfishpool.com\/wp-content\/uploads\/2024\/10\/Anti-Jellyfish-Pool-and-Inflatable-Dock-scaled-e1729937988724.webp","type":"image\/webp"}],"twitter_card":"summary_large_image","twitter_misc":{"Tiempo de lectura":"1 minuto"},"schema":{"@context":"https:\/\/schema.org","@graph":[{"@type":"WebPage","@id":"https:\/\/antijellyfishpool.com\/es\/producto\/piscina-anti-medusa-y-plataforma-mediana\/","url":"https:\/\/antijellyfishpool.com\/es\/producto\/piscina-anti-medusa-y-plataforma-mediana\/","name":"Set MALLORCA - Piscina Anti Medusa 4 x 3m & Plataforma Inflable 4 x 2m - antijellyfishpool.com","isPartOf":{"@id":"https:\/\/antijellyfishpool.com\/#website"},"primaryImageOfPage":{"@id":"https:\/\/antijellyfishpool.com\/es\/producto\/piscina-anti-medusa-y-plataforma-mediana\/#primaryimage"},"image":{"@id":"https:\/\/antijellyfishpool.com\/es\/producto\/piscina-anti-medusa-y-plataforma-mediana\/#primaryimage"},"thumbnailUrl":"https:\/\/antijellyfishpool.com\/wp-content\/uploads\/2024\/10\/Anti-Jellyfish-Pool-and-Inflatable-Dock-scaled-e1729937988724.webp","datePublished":"2020-10-10T18:09:46+00:00","dateModified":"2024-10-22T14:34:39+00:00","breadcrumb":{"@id":"https:\/\/antijellyfishpool.com\/es\/producto\/piscina-anti-medusa-y-plataforma-mediana\/#breadcrumb"},"inLanguage":"es","potentialAction":[{"@type":"ReadAction","target":["https:\/\/antijellyfishpool.com\/es\/producto\/piscina-anti-medusa-y-plataforma-mediana\/"]}]},{"@type":"ImageObject","inLanguage":"es","@id":"https:\/\/antijellyfishpool.com\/es\/producto\/piscina-anti-medusa-y-plataforma-mediana\/#primaryimage","url":"https:\/\/antijellyfishpool.com\/wp-content\/uploads\/2024\/10\/Anti-Jellyfish-Pool-and-Inflatable-Dock-scaled-e1729937988724.webp","contentUrl":"https:\/\/antijellyfishpool.com\/wp-content\/uploads\/2024\/10\/Anti-Jellyfish-Pool-and-Inflatable-Dock-scaled-e1729937988724.webp","width":1200,"height":900,"caption":"White wnti Jellyfish Pool and Inflatable Dock tied to the boat. Blue Sea. Sunny sky."},{"@type":"BreadcrumbList","@id":"https:\/\/antijellyfishpool.com\/es\/producto\/piscina-anti-medusa-y-plataforma-mediana\/#breadcrumb","itemListElement":[{"@type":"ListItem","position":1,"name":"Home","item":"https:\/\/antijellyfishpool.com\/es\/"},{"@type":"ListItem","position":2,"name":"Tienda","item":"https:\/\/antijellyfishpool.com\/shop\/"},{"@type":"ListItem","position":3,"name":"Set MALLORCA &#8211; Piscina Anti Medusa 4 x 3m &#038; Plataforma Inflable 4 x 2m"}]},{"@type":"WebSite","@id":"https:\/\/antijellyfishpool.com\/#website","url":"https:\/\/antijellyfishpool.com\/","name":"antijellyfishpool.com","description":"The best jellyfish protection pool system for boats","potentialAction":[{"@type":"SearchAction","target":{"@type":"EntryPoint","urlTemplate":"https:\/\/antijellyfishpool.com\/?s={search_term_string}"},"query-input":{"@type":"PropertyValueSpecification","valueRequired":true,"valueName":"search_term_string"}}],"inLanguage":"es"}]}},"_links":{"self":[{"href":"https:\/\/antijellyfishpool.com\/es\/wp-json\/wp\/v2\/product\/7570","targetHints":{"allow":["GET"]}}],"collection":[{"href":"https:\/\/antijellyfishpool.com\/es\/wp-json\/wp\/v2\/product"}],"about":[{"href":"https:\/\/antijellyfishpool.com\/es\/wp-json\/wp\/v2\/types\/product"}],"wp:featuredmedia":[{"embeddable":true,"href":"https:\/\/antijellyfishpool.com\/es\/wp-json\/wp\/v2\/media\/8516"}],"wp:attachment":[{"href":"https:\/\/antijellyfishpool.com\/es\/wp-json\/wp\/v2\/media?parent=7570"}],"wp:term":[{"taxonomy":"product_brand","embeddable":true,"href":"https:\/\/antijellyfishpool.com\/es\/wp-json\/wp\/v2\/product_brand?post=7570"},{"taxonomy":"product_cat","embeddable":true,"href":"https:\/\/antijellyfishpool.com\/es\/wp-json\/wp\/v2\/product_cat?post=7570"},{"taxonomy":"product_tag","embeddable":true,"href":"https:\/\/antijellyfishpool.com\/es\/wp-json\/wp\/v2\/product_tag?post=7570"}],"curies":[{"name":"wp","href":"https:\/\/api.w.org\/{rel}","templated":true}]}}