{"id":7144,"date":"2019-01-07T15:31:14","date_gmt":"2020-06-08T15:31:14","guid":{"rendered":"https:\/\/antijellyfishpool.com\/product\/floating-beach-for-pool\/"},"modified":"2024-10-22T14:23:57","modified_gmt":"2024-10-22T14:23:57","slug":"plataforma-4-x-2-metros","status":"publish","type":"product","link":"https:\/\/antijellyfishpool.com\/es\/producto\/plataforma-4-x-2-metros\/","title":{"rendered":"Plataforma Inflable 4 x 2m IBIZA"},"content":{"rendered":"","protected":false},"excerpt":{"rendered":"<p>El complemento ideal para la piscina anti medusas es esta extensi\u00f3n inflable que hace la<strong> funci\u00f3n de playa flotante<\/strong> y como <strong>extensi\u00f3n de la plataforma del barco<\/strong>. La superficie de la plataforma es plana y s\u00f3lida. La plataforma dispone de cuatro anillos en D que se pueden usar para unir con la piscina o a la plataforma del barco.<\/p>\n<p><strong>DIMENSIONES:<\/strong> 4m x 2m x 0,24m = 8m2<\/p>\n<p><strong>DIMENSIONES PLEGADO<\/strong>: 64 cm x 38 cm x 35 cm aprox.<\/p>\n<p><strong>PESO<\/strong>: 26 Kg. &#8211; Peso Max. soportado: 400 Kg<br \/>\n<strong>TIEMPO DE INFLADO y DESINCHADO<\/strong>: 4&#8242; aprox. con inflador el\u00e9ctrico.<\/p>\n","protected":false},"featured_media":9347,"template":"","meta":[],"product_brand":[],"product_cat":[67,141,109],"product_tag":[],"class_list":{"0":"post-7144","1":"product","2":"type-product","3":"status-publish","4":"has-post-thumbnail","6":"product_cat-comprar","7":"product_cat-home-es","8":"product_cat-plataforma-hinchable","10":"first","11":"instock","12":"sale","13":"taxable","14":"shipping-taxable","15":"purchasable","16":"product-type-simple"},"yoast_head":"<!-- This site is optimized with the Yoast SEO plugin v26.6 - https:\/\/yoast.com\/wordpress\/plugins\/seo\/ -->\n<title>Plataforma Inflable 4 x 2m IBIZA - antijellyfishpool.com<\/title>\n<meta name=\"robots\" content=\"index, follow, max-snippet:-1, max-image-preview:large, max-video-preview:-1\" \/>\n<link rel=\"canonical\" href=\"https:\/\/antijellyfishpool.com\/es\/producto\/plataforma-4-x-2-metros\/\" \/>\n<meta property=\"og:locale\" content=\"es_ES\" \/>\n<meta property=\"og:type\" content=\"article\" \/>\n<meta property=\"og:title\" content=\"Plataforma Inflable 4 x 2m IBIZA - antijellyfishpool.com\" \/>\n<meta property=\"og:description\" content=\"El complemento ideal para la piscina anti medusas es esta extensi\u00f3n inflable que hace la funci\u00f3n de playa flotante y como extensi\u00f3n de la plataforma del barco. La superficie de la plataforma es plana y s\u00f3lida. La plataforma dispone de cuatro anillos en D que se pueden usar para unir con la piscina o a la plataforma del barco.  DIMENSIONES: 4m x 2m x 0,24m = 8m2  DIMENSIONES PLEGADO: 64 cm x 38 cm x 35 cm aprox.  PESO: 26 Kg. - Peso Max. soportado: 400 Kg TIEMPO DE INFLADO y DESINCHADO: 4&#039; aprox. con inflador el\u00e9ctrico.\" \/>\n<meta property=\"og:url\" content=\"https:\/\/antijellyfishpool.com\/es\/producto\/plataforma-4-x-2-metros\/\" \/>\n<meta property=\"og:site_name\" content=\"antijellyfishpool.com\" \/>\n<meta property=\"article:modified_time\" content=\"2024-10-22T14:23:57+00:00\" \/>\n<meta property=\"og:image\" content=\"https:\/\/antijellyfishpool.com\/wp-content\/uploads\/2021\/01\/catalogo.jpg\" \/>\n\t<meta property=\"og:image:width\" content=\"800\" \/>\n\t<meta property=\"og:image:height\" content=\"450\" \/>\n\t<meta property=\"og:image:type\" content=\"image\/jpeg\" \/>\n<meta name=\"twitter:card\" content=\"summary_large_image\" \/>\n<meta name=\"twitter:label1\" content=\"Tiempo de lectura\" \/>\n\t<meta name=\"twitter:data1\" content=\"1 minuto\" \/>\n<script type=\"application\/ld+json\" class=\"yoast-schema-graph\">{\"@context\":\"https:\/\/schema.org\",\"@graph\":[{\"@type\":\"WebPage\",\"@id\":\"https:\/\/antijellyfishpool.com\/es\/producto\/plataforma-4-x-2-metros\/\",\"url\":\"https:\/\/antijellyfishpool.com\/es\/producto\/plataforma-4-x-2-metros\/\",\"name\":\"Plataforma Inflable 4 x 2m IBIZA - antijellyfishpool.com\",\"isPartOf\":{\"@id\":\"https:\/\/antijellyfishpool.com\/#website\"},\"primaryImageOfPage\":{\"@id\":\"https:\/\/antijellyfishpool.com\/es\/producto\/plataforma-4-x-2-metros\/#primaryimage\"},\"image\":{\"@id\":\"https:\/\/antijellyfishpool.com\/es\/producto\/plataforma-4-x-2-metros\/#primaryimage\"},\"thumbnailUrl\":\"https:\/\/antijellyfishpool.com\/wp-content\/uploads\/2019\/01\/inflatable-platform-boat.webp\",\"datePublished\":\"2020-06-08T15:31:14+00:00\",\"dateModified\":\"2024-10-22T14:23:57+00:00\",\"breadcrumb\":{\"@id\":\"https:\/\/antijellyfishpool.com\/es\/producto\/plataforma-4-x-2-metros\/#breadcrumb\"},\"inLanguage\":\"es\",\"potentialAction\":[{\"@type\":\"ReadAction\",\"target\":[\"https:\/\/antijellyfishpool.com\/es\/producto\/plataforma-4-x-2-metros\/\"]}]},{\"@type\":\"ImageObject\",\"inLanguage\":\"es\",\"@id\":\"https:\/\/antijellyfishpool.com\/es\/producto\/plataforma-4-x-2-metros\/#primaryimage\",\"url\":\"https:\/\/antijellyfishpool.com\/wp-content\/uploads\/2019\/01\/inflatable-platform-boat.webp\",\"contentUrl\":\"https:\/\/antijellyfishpool.com\/wp-content\/uploads\/2019\/01\/inflatable-platform-boat.webp\",\"width\":991,\"height\":991},{\"@type\":\"BreadcrumbList\",\"@id\":\"https:\/\/antijellyfishpool.com\/es\/producto\/plataforma-4-x-2-metros\/#breadcrumb\",\"itemListElement\":[{\"@type\":\"ListItem\",\"position\":1,\"name\":\"Home\",\"item\":\"https:\/\/antijellyfishpool.com\/es\/\"},{\"@type\":\"ListItem\",\"position\":2,\"name\":\"Tienda\",\"item\":\"https:\/\/antijellyfishpool.com\/shop\/\"},{\"@type\":\"ListItem\",\"position\":3,\"name\":\"Plataforma Inflable 4 x 2m IBIZA\"}]},{\"@type\":\"WebSite\",\"@id\":\"https:\/\/antijellyfishpool.com\/#website\",\"url\":\"https:\/\/antijellyfishpool.com\/\",\"name\":\"antijellyfishpool.com\",\"description\":\"The best jellyfish protection pool system for boats\",\"potentialAction\":[{\"@type\":\"SearchAction\",\"target\":{\"@type\":\"EntryPoint\",\"urlTemplate\":\"https:\/\/antijellyfishpool.com\/?s={search_term_string}\"},\"query-input\":{\"@type\":\"PropertyValueSpecification\",\"valueRequired\":true,\"valueName\":\"search_term_string\"}}],\"inLanguage\":\"es\"}]}<\/script>\n<!-- \/ Yoast SEO plugin. -->","yoast_head_json":{"title":"Plataforma Inflable 4 x 2m IBIZA - antijellyfishpool.com","robots":{"index":"index","follow":"follow","max-snippet":"max-snippet:-1","max-image-preview":"max-image-preview:large","max-video-preview":"max-video-preview:-1"},"canonical":"https:\/\/antijellyfishpool.com\/es\/producto\/plataforma-4-x-2-metros\/","og_locale":"es_ES","og_type":"article","og_title":"Plataforma Inflable 4 x 2m IBIZA - antijellyfishpool.com","og_description":"El complemento ideal para la piscina anti medusas es esta extensi\u00f3n inflable que hace la funci\u00f3n de playa flotante y como extensi\u00f3n de la plataforma del barco. La superficie de la plataforma es plana y s\u00f3lida. La plataforma dispone de cuatro anillos en D que se pueden usar para unir con la piscina o a la plataforma del barco.  DIMENSIONES: 4m x 2m x 0,24m = 8m2  DIMENSIONES PLEGADO: 64 cm x 38 cm x 35 cm aprox.  PESO: 26 Kg. - Peso Max. soportado: 400 Kg TIEMPO DE INFLADO y DESINCHADO: 4' aprox. con inflador el\u00e9ctrico.","og_url":"https:\/\/antijellyfishpool.com\/es\/producto\/plataforma-4-x-2-metros\/","og_site_name":"antijellyfishpool.com","article_modified_time":"2024-10-22T14:23:57+00:00","og_image":[{"width":800,"height":450,"url":"https:\/\/antijellyfishpool.com\/wp-content\/uploads\/2021\/01\/catalogo.jpg","type":"image\/jpeg"}],"twitter_card":"summary_large_image","twitter_misc":{"Tiempo de lectura":"1 minuto"},"schema":{"@context":"https:\/\/schema.org","@graph":[{"@type":"WebPage","@id":"https:\/\/antijellyfishpool.com\/es\/producto\/plataforma-4-x-2-metros\/","url":"https:\/\/antijellyfishpool.com\/es\/producto\/plataforma-4-x-2-metros\/","name":"Plataforma Inflable 4 x 2m IBIZA - antijellyfishpool.com","isPartOf":{"@id":"https:\/\/antijellyfishpool.com\/#website"},"primaryImageOfPage":{"@id":"https:\/\/antijellyfishpool.com\/es\/producto\/plataforma-4-x-2-metros\/#primaryimage"},"image":{"@id":"https:\/\/antijellyfishpool.com\/es\/producto\/plataforma-4-x-2-metros\/#primaryimage"},"thumbnailUrl":"https:\/\/antijellyfishpool.com\/wp-content\/uploads\/2019\/01\/inflatable-platform-boat.webp","datePublished":"2020-06-08T15:31:14+00:00","dateModified":"2024-10-22T14:23:57+00:00","breadcrumb":{"@id":"https:\/\/antijellyfishpool.com\/es\/producto\/plataforma-4-x-2-metros\/#breadcrumb"},"inLanguage":"es","potentialAction":[{"@type":"ReadAction","target":["https:\/\/antijellyfishpool.com\/es\/producto\/plataforma-4-x-2-metros\/"]}]},{"@type":"ImageObject","inLanguage":"es","@id":"https:\/\/antijellyfishpool.com\/es\/producto\/plataforma-4-x-2-metros\/#primaryimage","url":"https:\/\/antijellyfishpool.com\/wp-content\/uploads\/2019\/01\/inflatable-platform-boat.webp","contentUrl":"https:\/\/antijellyfishpool.com\/wp-content\/uploads\/2019\/01\/inflatable-platform-boat.webp","width":991,"height":991},{"@type":"BreadcrumbList","@id":"https:\/\/antijellyfishpool.com\/es\/producto\/plataforma-4-x-2-metros\/#breadcrumb","itemListElement":[{"@type":"ListItem","position":1,"name":"Home","item":"https:\/\/antijellyfishpool.com\/es\/"},{"@type":"ListItem","position":2,"name":"Tienda","item":"https:\/\/antijellyfishpool.com\/shop\/"},{"@type":"ListItem","position":3,"name":"Plataforma Inflable 4 x 2m IBIZA"}]},{"@type":"WebSite","@id":"https:\/\/antijellyfishpool.com\/#website","url":"https:\/\/antijellyfishpool.com\/","name":"antijellyfishpool.com","description":"The best jellyfish protection pool system for boats","potentialAction":[{"@type":"SearchAction","target":{"@type":"EntryPoint","urlTemplate":"https:\/\/antijellyfishpool.com\/?s={search_term_string}"},"query-input":{"@type":"PropertyValueSpecification","valueRequired":true,"valueName":"search_term_string"}}],"inLanguage":"es"}]}},"_links":{"self":[{"href":"https:\/\/antijellyfishpool.com\/es\/wp-json\/wp\/v2\/product\/7144","targetHints":{"allow":["GET"]}}],"collection":[{"href":"https:\/\/antijellyfishpool.com\/es\/wp-json\/wp\/v2\/product"}],"about":[{"href":"https:\/\/antijellyfishpool.com\/es\/wp-json\/wp\/v2\/types\/product"}],"wp:featuredmedia":[{"embeddable":true,"href":"https:\/\/antijellyfishpool.com\/es\/wp-json\/wp\/v2\/media\/9347"}],"wp:attachment":[{"href":"https:\/\/antijellyfishpool.com\/es\/wp-json\/wp\/v2\/media?parent=7144"}],"wp:term":[{"taxonomy":"product_brand","embeddable":true,"href":"https:\/\/antijellyfishpool.com\/es\/wp-json\/wp\/v2\/product_brand?post=7144"},{"taxonomy":"product_cat","embeddable":true,"href":"https:\/\/antijellyfishpool.com\/es\/wp-json\/wp\/v2\/product_cat?post=7144"},{"taxonomy":"product_tag","embeddable":true,"href":"https:\/\/antijellyfishpool.com\/es\/wp-json\/wp\/v2\/product_tag?post=7144"}],"curies":[{"name":"wp","href":"https:\/\/api.w.org\/{rel}","templated":true}]}}