{"id":7092,"date":"2019-01-08T15:43:01","date_gmt":"2020-04-20T15:43:03","guid":{"rendered":"https:\/\/antijellyfishpool.com\/?post_type=product&#038;p=7092"},"modified":"2024-10-22T14:13:13","modified_gmt":"2024-10-22T14:13:13","slug":"piscina-anti-medusa-6-x-5-metros","status":"publish","type":"product","link":"https:\/\/antijellyfishpool.com\/es\/producto\/piscina-anti-medusa-6-x-5-metros\/","title":{"rendered":"Piscina Anti Medusa 6 x 5m DINO"},"content":{"rendered":"<div class=\"text-wrap tlid-copy-target\">\n<div class=\"result-shield-container tlid-copy-target\" tabindex=\"0\"><span class=\"tlid-translation translation\" lang=\"es\"><span class=\"\" title=\"\">Especialmente dise\u00f1ada para los yates m\u00e1s grandes y pocket superyachts, le brinda seguridad para un ba\u00f1o relajado y tranquilo.<\/span> <span title=\"\">Los materiales utilizados tienen la mayor calidad, utilizando tubos de PVC con protecci\u00f3n UV certificada.<\/span> <span title=\"\">La red est\u00e1 hecha de una malla protectora fina y densa, en color blanco para dar claridad al agua contenida en la piscina, para aquellos que temen el agua oscura o la profundidad.<\/span><\/span><\/div>\n<\/div>\n<div tabindex=\"0\"><\/div>\n<div tabindex=\"0\"><\/div>\n<div tabindex=\"0\"><strong>NUEVO temporada 2022: BOLSA TOTAL INCLUIDA<\/strong><\/div>\n<div class=\"tlid-result-transliteration-container result-transliteration-container transliteration-container\">\n<div class=\"tlid-transliteration-content transliteration-content full\"><\/div>\n<\/div>\n<div class=\"result-footer source-or-target-footer tlid-copy-target\"><\/div>\n","protected":false},"excerpt":{"rendered":"<p>Nuestra piscina es el m\u00e1s completo, inocuo y sostenible sistema de protecci\u00f3n anti- medusas. Es duradero, ligero y port\u00e1til.<\/p>\n<p><strong>COLOR ESTANDAR: NARANJA<\/strong><\/p>\n<p><strong>DIMENSIONES:<\/strong> 6 metros x 5 metros, con una superficie de 30 m2 y una profundidad de 2,20 m, ideal para superyates y barcos con esloras mayores a 28 m. Es un \u00e1rea de juegos segura para los ni\u00f1os y el lugar para relejarse en una colchoneta flotando con total seguridad.<\/p>\n<p><strong>\u00a0Peso 18 Kg.<\/strong><\/p>\n<p><strong>2 minutos:<\/strong> Menos de 2 minutos con hinchado de bomba el\u00e9ctrica.<\/p>\n<p><strong>4 minutos:<\/strong> Deshinchado en menos de 4 minutos<\/p>\n<p><strong>2 minutos:<\/strong> Plegado en menos de 2 minutos.<\/p>\n<p><strong>PRODUCTO PATENTADO<\/strong><br \/>\n<strong>N\u00ba: ES 1238997U<\/strong><\/p>\n<p><strong>#HechoEnEspa\u00f1a<\/strong><\/p>\n","protected":false},"featured_media":7750,"template":"","meta":[],"product_brand":[],"product_cat":[67,141,124,167],"product_tag":[],"class_list":{"0":"post-7092","1":"product","2":"type-product","3":"status-publish","4":"has-post-thumbnail","6":"product_cat-comprar","7":"product_cat-home-es","8":"product_cat-piscina-anti-medusa","9":"product_cat-superyacht-inflatables-es","11":"first","12":"instock","13":"taxable","14":"shipping-taxable","15":"purchasable","16":"product-type-simple"},"yoast_head":"<!-- This site is optimized with the Yoast SEO plugin v26.6 - https:\/\/yoast.com\/wordpress\/plugins\/seo\/ -->\n<title>Piscina Anti Medusa 6 x 5m DINO - antijellyfishpool.com<\/title>\n<meta name=\"robots\" content=\"index, follow, max-snippet:-1, max-image-preview:large, max-video-preview:-1\" \/>\n<link rel=\"canonical\" href=\"https:\/\/antijellyfishpool.com\/es\/producto\/piscina-anti-medusa-6-x-5-metros\/\" \/>\n<meta property=\"og:locale\" content=\"es_ES\" \/>\n<meta property=\"og:type\" content=\"article\" \/>\n<meta property=\"og:title\" content=\"Piscina Anti Medusa 6 x 5m DINO - antijellyfishpool.com\" \/>\n<meta property=\"og:description\" content=\"Nuestra piscina es el m\u00e1s completo, inocuo y sostenible sistema de protecci\u00f3n anti- medusas. Es duradero, ligero y port\u00e1til.  COLOR ESTANDAR: NARANJA  DIMENSIONES: 6 metros x 5 metros, con una superficie de 30 m2 y una profundidad de 2,20 m, ideal para superyates y barcos con esloras mayores a 28 m. Es un \u00e1rea de juegos segura para los ni\u00f1os y el lugar para relejarse en una colchoneta flotando con total seguridad.  \u00a0Peso 18 Kg.  2 minutos: Menos de 2 minutos con hinchado de bomba el\u00e9ctrica.  4 minutos: Deshinchado en menos de 4 minutos  2 minutos: Plegado en menos de 2 minutos.  PRODUCTO PATENTADO N\u00ba: ES 1238997U  #HechoEnEspa\u00f1a\" \/>\n<meta property=\"og:url\" content=\"https:\/\/antijellyfishpool.com\/es\/producto\/piscina-anti-medusa-6-x-5-metros\/\" \/>\n<meta property=\"og:site_name\" content=\"antijellyfishpool.com\" \/>\n<meta property=\"article:modified_time\" content=\"2024-10-22T14:13:13+00:00\" \/>\n<meta property=\"og:image\" content=\"https:\/\/antijellyfishpool.com\/wp-content\/uploads\/2020\/04\/SEMAYA.jpg\" \/>\n\t<meta property=\"og:image:width\" content=\"800\" \/>\n\t<meta property=\"og:image:height\" content=\"449\" \/>\n\t<meta property=\"og:image:type\" content=\"image\/jpeg\" \/>\n<meta name=\"twitter:card\" content=\"summary_large_image\" \/>\n<meta name=\"twitter:label1\" content=\"Tiempo de lectura\" \/>\n\t<meta name=\"twitter:data1\" content=\"1 minuto\" \/>\n<script type=\"application\/ld+json\" class=\"yoast-schema-graph\">{\"@context\":\"https:\/\/schema.org\",\"@graph\":[{\"@type\":\"WebPage\",\"@id\":\"https:\/\/antijellyfishpool.com\/es\/producto\/piscina-anti-medusa-6-x-5-metros\/\",\"url\":\"https:\/\/antijellyfishpool.com\/es\/producto\/piscina-anti-medusa-6-x-5-metros\/\",\"name\":\"Piscina Anti Medusa 6 x 5m DINO - antijellyfishpool.com\",\"isPartOf\":{\"@id\":\"https:\/\/antijellyfishpool.com\/#website\"},\"primaryImageOfPage\":{\"@id\":\"https:\/\/antijellyfishpool.com\/es\/producto\/piscina-anti-medusa-6-x-5-metros\/#primaryimage\"},\"image\":{\"@id\":\"https:\/\/antijellyfishpool.com\/es\/producto\/piscina-anti-medusa-6-x-5-metros\/#primaryimage\"},\"thumbnailUrl\":\"https:\/\/antijellyfishpool.com\/wp-content\/uploads\/2020\/04\/SEMAYA.jpg\",\"datePublished\":\"2020-04-20T15:43:03+00:00\",\"dateModified\":\"2024-10-22T14:13:13+00:00\",\"breadcrumb\":{\"@id\":\"https:\/\/antijellyfishpool.com\/es\/producto\/piscina-anti-medusa-6-x-5-metros\/#breadcrumb\"},\"inLanguage\":\"es\",\"potentialAction\":[{\"@type\":\"ReadAction\",\"target\":[\"https:\/\/antijellyfishpool.com\/es\/producto\/piscina-anti-medusa-6-x-5-metros\/\"]}]},{\"@type\":\"ImageObject\",\"inLanguage\":\"es\",\"@id\":\"https:\/\/antijellyfishpool.com\/es\/producto\/piscina-anti-medusa-6-x-5-metros\/#primaryimage\",\"url\":\"https:\/\/antijellyfishpool.com\/wp-content\/uploads\/2020\/04\/SEMAYA.jpg\",\"contentUrl\":\"https:\/\/antijellyfishpool.com\/wp-content\/uploads\/2020\/04\/SEMAYA.jpg\",\"width\":800,\"height\":449,\"caption\":\"SEMAYA\"},{\"@type\":\"BreadcrumbList\",\"@id\":\"https:\/\/antijellyfishpool.com\/es\/producto\/piscina-anti-medusa-6-x-5-metros\/#breadcrumb\",\"itemListElement\":[{\"@type\":\"ListItem\",\"position\":1,\"name\":\"Home\",\"item\":\"https:\/\/antijellyfishpool.com\/es\/\"},{\"@type\":\"ListItem\",\"position\":2,\"name\":\"Tienda\",\"item\":\"https:\/\/antijellyfishpool.com\/shop\/\"},{\"@type\":\"ListItem\",\"position\":3,\"name\":\"Piscina Anti Medusa 6 x 5m DINO\"}]},{\"@type\":\"WebSite\",\"@id\":\"https:\/\/antijellyfishpool.com\/#website\",\"url\":\"https:\/\/antijellyfishpool.com\/\",\"name\":\"antijellyfishpool.com\",\"description\":\"The best jellyfish protection pool system for boats\",\"potentialAction\":[{\"@type\":\"SearchAction\",\"target\":{\"@type\":\"EntryPoint\",\"urlTemplate\":\"https:\/\/antijellyfishpool.com\/?s={search_term_string}\"},\"query-input\":{\"@type\":\"PropertyValueSpecification\",\"valueRequired\":true,\"valueName\":\"search_term_string\"}}],\"inLanguage\":\"es\"}]}<\/script>\n<!-- \/ Yoast SEO plugin. -->","yoast_head_json":{"title":"Piscina Anti Medusa 6 x 5m DINO - antijellyfishpool.com","robots":{"index":"index","follow":"follow","max-snippet":"max-snippet:-1","max-image-preview":"max-image-preview:large","max-video-preview":"max-video-preview:-1"},"canonical":"https:\/\/antijellyfishpool.com\/es\/producto\/piscina-anti-medusa-6-x-5-metros\/","og_locale":"es_ES","og_type":"article","og_title":"Piscina Anti Medusa 6 x 5m DINO - antijellyfishpool.com","og_description":"Nuestra piscina es el m\u00e1s completo, inocuo y sostenible sistema de protecci\u00f3n anti- medusas. Es duradero, ligero y port\u00e1til.  COLOR ESTANDAR: NARANJA  DIMENSIONES: 6 metros x 5 metros, con una superficie de 30 m2 y una profundidad de 2,20 m, ideal para superyates y barcos con esloras mayores a 28 m. Es un \u00e1rea de juegos segura para los ni\u00f1os y el lugar para relejarse en una colchoneta flotando con total seguridad.  \u00a0Peso 18 Kg.  2 minutos: Menos de 2 minutos con hinchado de bomba el\u00e9ctrica.  4 minutos: Deshinchado en menos de 4 minutos  2 minutos: Plegado en menos de 2 minutos.  PRODUCTO PATENTADO N\u00ba: ES 1238997U  #HechoEnEspa\u00f1a","og_url":"https:\/\/antijellyfishpool.com\/es\/producto\/piscina-anti-medusa-6-x-5-metros\/","og_site_name":"antijellyfishpool.com","article_modified_time":"2024-10-22T14:13:13+00:00","og_image":[{"width":800,"height":449,"url":"https:\/\/antijellyfishpool.com\/wp-content\/uploads\/2020\/04\/SEMAYA.jpg","type":"image\/jpeg"}],"twitter_card":"summary_large_image","twitter_misc":{"Tiempo de lectura":"1 minuto"},"schema":{"@context":"https:\/\/schema.org","@graph":[{"@type":"WebPage","@id":"https:\/\/antijellyfishpool.com\/es\/producto\/piscina-anti-medusa-6-x-5-metros\/","url":"https:\/\/antijellyfishpool.com\/es\/producto\/piscina-anti-medusa-6-x-5-metros\/","name":"Piscina Anti Medusa 6 x 5m DINO - antijellyfishpool.com","isPartOf":{"@id":"https:\/\/antijellyfishpool.com\/#website"},"primaryImageOfPage":{"@id":"https:\/\/antijellyfishpool.com\/es\/producto\/piscina-anti-medusa-6-x-5-metros\/#primaryimage"},"image":{"@id":"https:\/\/antijellyfishpool.com\/es\/producto\/piscina-anti-medusa-6-x-5-metros\/#primaryimage"},"thumbnailUrl":"https:\/\/antijellyfishpool.com\/wp-content\/uploads\/2020\/04\/SEMAYA.jpg","datePublished":"2020-04-20T15:43:03+00:00","dateModified":"2024-10-22T14:13:13+00:00","breadcrumb":{"@id":"https:\/\/antijellyfishpool.com\/es\/producto\/piscina-anti-medusa-6-x-5-metros\/#breadcrumb"},"inLanguage":"es","potentialAction":[{"@type":"ReadAction","target":["https:\/\/antijellyfishpool.com\/es\/producto\/piscina-anti-medusa-6-x-5-metros\/"]}]},{"@type":"ImageObject","inLanguage":"es","@id":"https:\/\/antijellyfishpool.com\/es\/producto\/piscina-anti-medusa-6-x-5-metros\/#primaryimage","url":"https:\/\/antijellyfishpool.com\/wp-content\/uploads\/2020\/04\/SEMAYA.jpg","contentUrl":"https:\/\/antijellyfishpool.com\/wp-content\/uploads\/2020\/04\/SEMAYA.jpg","width":800,"height":449,"caption":"SEMAYA"},{"@type":"BreadcrumbList","@id":"https:\/\/antijellyfishpool.com\/es\/producto\/piscina-anti-medusa-6-x-5-metros\/#breadcrumb","itemListElement":[{"@type":"ListItem","position":1,"name":"Home","item":"https:\/\/antijellyfishpool.com\/es\/"},{"@type":"ListItem","position":2,"name":"Tienda","item":"https:\/\/antijellyfishpool.com\/shop\/"},{"@type":"ListItem","position":3,"name":"Piscina Anti Medusa 6 x 5m DINO"}]},{"@type":"WebSite","@id":"https:\/\/antijellyfishpool.com\/#website","url":"https:\/\/antijellyfishpool.com\/","name":"antijellyfishpool.com","description":"The best jellyfish protection pool system for boats","potentialAction":[{"@type":"SearchAction","target":{"@type":"EntryPoint","urlTemplate":"https:\/\/antijellyfishpool.com\/?s={search_term_string}"},"query-input":{"@type":"PropertyValueSpecification","valueRequired":true,"valueName":"search_term_string"}}],"inLanguage":"es"}]}},"_links":{"self":[{"href":"https:\/\/antijellyfishpool.com\/es\/wp-json\/wp\/v2\/product\/7092","targetHints":{"allow":["GET"]}}],"collection":[{"href":"https:\/\/antijellyfishpool.com\/es\/wp-json\/wp\/v2\/product"}],"about":[{"href":"https:\/\/antijellyfishpool.com\/es\/wp-json\/wp\/v2\/types\/product"}],"wp:featuredmedia":[{"embeddable":true,"href":"https:\/\/antijellyfishpool.com\/es\/wp-json\/wp\/v2\/media\/7750"}],"wp:attachment":[{"href":"https:\/\/antijellyfishpool.com\/es\/wp-json\/wp\/v2\/media?parent=7092"}],"wp:term":[{"taxonomy":"product_brand","embeddable":true,"href":"https:\/\/antijellyfishpool.com\/es\/wp-json\/wp\/v2\/product_brand?post=7092"},{"taxonomy":"product_cat","embeddable":true,"href":"https:\/\/antijellyfishpool.com\/es\/wp-json\/wp\/v2\/product_cat?post=7092"},{"taxonomy":"product_tag","embeddable":true,"href":"https:\/\/antijellyfishpool.com\/es\/wp-json\/wp\/v2\/product_tag?post=7092"}],"curies":[{"name":"wp","href":"https:\/\/api.w.org\/{rel}","templated":true}]}}