{"id":6144,"date":"2019-01-17T11:29:45","date_gmt":"2019-01-17T11:29:45","guid":{"rendered":"https:\/\/antijellyfishpool.com\/delivery-policies\/"},"modified":"2024-06-25T16:00:40","modified_gmt":"2024-06-25T16:00:40","slug":"politica-de-entrega","status":"publish","type":"page","link":"https:\/\/antijellyfishpool.com\/es\/politica-de-entrega\/","title":{"rendered":"Pol\u00edtica de entrega"},"content":{"rendered":"<p><strong>POL\u00cdTICAS DE ENTREGA Y PLAZOS DE ENV\u00cdO<\/strong><\/p>\n<p><strong>Todos los envios son por SEUR o FEDEX<\/strong><\/p>\n<p><strong>Precios de env\u00edo:<\/strong><\/p>\n<ol>\n<li>ESPA\u00d1A 55 \u20ac por unidad de bulto<\/li>\n<li>EUROPA: 157,02\u20ac por bulto\/unidad<\/li>\n<li>RESTO DEL MUNDO: 290 \u20ac por bulto\/unidad<\/li>\n<\/ol>\n<p>Los plazos de entrega indicados pueden variar. Aunque nos esmeraremos en conseguir respetar estos plazos, su demora no implicar\u00e1 la anulaci\u00f3n del pedido, ni har\u00e1 a OCEANDREAMS Mediterraneo SL. responsable de indemnizaci\u00f3n alguna al cliente.<\/p>\n<p>Nuestro compromiso adquirido de venta y entrega de la mercanc\u00eda ofertada queda supeditado al agotamiento de existencias del producto anunciado. Por ello, en un compromiso de calidad y servicio al cliente, intentaremos en todo momento que los productos publicitados est\u00e9n disponibles. Sin embargo, pueden presentarse circunstancias excepcionales que provoquen el agotamiento de existencias del producto, por lo cual, el pedido y el contrato suscrito entre las partes quedar\u00e1n sin efecto en virtud de la presente cl\u00e1usula resolutoria, restituyendo \u00edntegramente al cliente en caso de prepago las cantidades pagadas por el mismo, sin que proceda a favor del mismo indemnizaci\u00f3n alguna por concepto de incumplimiento de contrato, da\u00f1o emergente o lucro cesante.<\/p>\n<p>La opci\u00f3n de env\u00edo (transporte) ser\u00e1 dada por el cliente, y el costo del mismo (flete) depender\u00e1 de la designaci\u00f3n de la empresa y de la calidad de servicio que elija el cliente. Este servicio lo facturar\u00e1 directamente la compa\u00f1\u00eda que presta el servicio y OCEANDREAMS Mediterraneo SL. no tendr\u00e1 responsabilidad en este tr\u00e1mite. Sin embargo cabe anotar que hemos tratado de vincular para este servicio a las empresas transportadoras m\u00e1s eficientes y reconocidas del pa\u00eds.<\/p>\n<p>OCEANDREAMS Mediterraneo SL.\u00a0solo tendr\u00e1 responsabilidad por la mercanc\u00eda hasta que la misma ha sido puesta en manos de la agencia transportadora escogida por el cliente, o en su defecto por nosotros. Desde este momento, el riesgo lo asume el comprador, quien ha escogido la agencia transportadora y ha decidido el costo del seguro. Por ello, no nos responsabilizamos de retrasos en la entrega por parte del transportador.<\/p>\n<p>No se enviar\u00e1 ning\u00fan pedido hasta comprobar que se ha realizado el pago del mismo.<\/p>\n<p>Los s\u00e1bados, domingos y festivos no habr\u00e1 servicio de entrega y se cuentan c\u00f3mo d\u00edas no h\u00e1biles.<\/p>\n<p>El pedido ser\u00e1 entregado en el domicilio designado en el momento de la compra por el cliente. La modificaci\u00f3n posterior del lugar de entrega solicitada por el cliente podr\u00e1 generar gastos adicionales sobre el precio de venta.<\/p>\n<p>El cliente se responsabiliza de verificar el contenido y estado de la mercanc\u00eda en el momento de la entrega, una vez aceptada la misma y consignando su firma en la copia de la gu\u00eda de la empresa transportadora, manifiesta su conformidad sobre lo recibido y renuncia a reclamaciones posteriores sobre la idoneidad e identidad de la mercanc\u00eda solicitada y recibida. En el caso de verificar el cliente en el momento de la entrega errores en la mercanc\u00eda recibida o que \u00e9sta se encuentre visualmente da\u00f1ada, deber\u00e1 consignar estas circunstancias en la gu\u00eda del transportador y poner en conocimiento estos hechos a OCEANDREAMS Mediterraneo SL. en el plazo de 24 horas, mediante reclamaci\u00f3n escrita al correo electr\u00f3nico <a href=\"mailto:comercial@antijellyfishpool.com\">comercial<\/a><a href=\"mailto:contact@antijellyfishpool.com\">@antijellyfishpool.com\u00a0<\/a><\/p>\n<p><strong>OPCIONES DE ENV\u00cdO<\/strong><\/p>\n<p>Los pedidos de productos en inventario se expiden el mismo d\u00eda para pagos realizados antes de las 2:30 PM. De lo contrario, se expiden el siguiente d\u00eda h\u00e1bil. Los pedidos de productos fuera de inventario, se despachan en un m\u00e1ximo de 15 d\u00edas h\u00e1biles previo acuerdo con el comprador.<\/p>\n<p>Trabajamos con las siguientes empresas de env\u00edos: SEUR &amp; FEDEX . Los costos y tiempos de env\u00edo dependen de la empresa escogida.<\/p>\n<p>Los gastos de env\u00edo corren por cuenta del comprador.<\/p>\n","protected":false},"excerpt":{"rendered":"<p>POL\u00cdTICAS DE ENTREGA Y PLAZOS DE ENV\u00cdO Todos los envios son por SEUR o FEDEX Precios de env\u00edo: ESPA\u00d1A 55 \u20ac por unidad de bulto&#8230;<\/p>\n","protected":false},"author":1,"featured_media":0,"parent":0,"menu_order":0,"comment_status":"closed","ping_status":"closed","template":"","meta":{"footnotes":""},"class_list":["post-6144","page","type-page","status-publish"],"yoast_head":"<!-- This site is optimized with the Yoast SEO plugin v26.6 - https:\/\/yoast.com\/wordpress\/plugins\/seo\/ -->\n<title>Pol\u00edtica de entrega - antijellyfishpool.com<\/title>\n<meta name=\"robots\" content=\"index, follow, max-snippet:-1, max-image-preview:large, max-video-preview:-1\" \/>\n<link rel=\"canonical\" href=\"https:\/\/antijellyfishpool.com\/es\/politica-de-entrega\/\" \/>\n<meta property=\"og:locale\" content=\"es_ES\" \/>\n<meta property=\"og:type\" content=\"article\" \/>\n<meta property=\"og:title\" content=\"Pol\u00edtica de entrega - antijellyfishpool.com\" \/>\n<meta property=\"og:description\" content=\"POL\u00cdTICAS DE ENTREGA Y PLAZOS DE ENV\u00cdO Todos los envios son por SEUR o FEDEX Precios de env\u00edo: ESPA\u00d1A 55 \u20ac por unidad de bulto...\" \/>\n<meta property=\"og:url\" content=\"https:\/\/antijellyfishpool.com\/es\/politica-de-entrega\/\" \/>\n<meta property=\"og:site_name\" content=\"antijellyfishpool.com\" \/>\n<meta property=\"article:modified_time\" content=\"2024-06-25T16:00:40+00:00\" \/>\n<meta name=\"twitter:card\" content=\"summary_large_image\" \/>\n<meta name=\"twitter:label1\" content=\"Tiempo de lectura\" \/>\n\t<meta name=\"twitter:data1\" content=\"3 minutos\" \/>\n<script type=\"application\/ld+json\" class=\"yoast-schema-graph\">{\"@context\":\"https:\/\/schema.org\",\"@graph\":[{\"@type\":\"WebPage\",\"@id\":\"https:\/\/antijellyfishpool.com\/es\/politica-de-entrega\/\",\"url\":\"https:\/\/antijellyfishpool.com\/es\/politica-de-entrega\/\",\"name\":\"Pol\u00edtica de entrega - antijellyfishpool.com\",\"isPartOf\":{\"@id\":\"https:\/\/antijellyfishpool.com\/#website\"},\"datePublished\":\"2019-01-17T11:29:45+00:00\",\"dateModified\":\"2024-06-25T16:00:40+00:00\",\"breadcrumb\":{\"@id\":\"https:\/\/antijellyfishpool.com\/es\/politica-de-entrega\/#breadcrumb\"},\"inLanguage\":\"es\",\"potentialAction\":[{\"@type\":\"ReadAction\",\"target\":[\"https:\/\/antijellyfishpool.com\/es\/politica-de-entrega\/\"]}]},{\"@type\":\"BreadcrumbList\",\"@id\":\"https:\/\/antijellyfishpool.com\/es\/politica-de-entrega\/#breadcrumb\",\"itemListElement\":[{\"@type\":\"ListItem\",\"position\":1,\"name\":\"Home\",\"item\":\"https:\/\/antijellyfishpool.com\/es\/\"},{\"@type\":\"ListItem\",\"position\":2,\"name\":\"Pol\u00edtica de entrega\"}]},{\"@type\":\"WebSite\",\"@id\":\"https:\/\/antijellyfishpool.com\/#website\",\"url\":\"https:\/\/antijellyfishpool.com\/\",\"name\":\"antijellyfishpool.com\",\"description\":\"The best jellyfish protection pool system for boats\",\"potentialAction\":[{\"@type\":\"SearchAction\",\"target\":{\"@type\":\"EntryPoint\",\"urlTemplate\":\"https:\/\/antijellyfishpool.com\/?s={search_term_string}\"},\"query-input\":{\"@type\":\"PropertyValueSpecification\",\"valueRequired\":true,\"valueName\":\"search_term_string\"}}],\"inLanguage\":\"es\"}]}<\/script>\n<!-- \/ Yoast SEO plugin. -->","yoast_head_json":{"title":"Pol\u00edtica de entrega - antijellyfishpool.com","robots":{"index":"index","follow":"follow","max-snippet":"max-snippet:-1","max-image-preview":"max-image-preview:large","max-video-preview":"max-video-preview:-1"},"canonical":"https:\/\/antijellyfishpool.com\/es\/politica-de-entrega\/","og_locale":"es_ES","og_type":"article","og_title":"Pol\u00edtica de entrega - antijellyfishpool.com","og_description":"POL\u00cdTICAS DE ENTREGA Y PLAZOS DE ENV\u00cdO Todos los envios son por SEUR o FEDEX Precios de env\u00edo: ESPA\u00d1A 55 \u20ac por unidad de bulto...","og_url":"https:\/\/antijellyfishpool.com\/es\/politica-de-entrega\/","og_site_name":"antijellyfishpool.com","article_modified_time":"2024-06-25T16:00:40+00:00","twitter_card":"summary_large_image","twitter_misc":{"Tiempo de lectura":"3 minutos"},"schema":{"@context":"https:\/\/schema.org","@graph":[{"@type":"WebPage","@id":"https:\/\/antijellyfishpool.com\/es\/politica-de-entrega\/","url":"https:\/\/antijellyfishpool.com\/es\/politica-de-entrega\/","name":"Pol\u00edtica de entrega - antijellyfishpool.com","isPartOf":{"@id":"https:\/\/antijellyfishpool.com\/#website"},"datePublished":"2019-01-17T11:29:45+00:00","dateModified":"2024-06-25T16:00:40+00:00","breadcrumb":{"@id":"https:\/\/antijellyfishpool.com\/es\/politica-de-entrega\/#breadcrumb"},"inLanguage":"es","potentialAction":[{"@type":"ReadAction","target":["https:\/\/antijellyfishpool.com\/es\/politica-de-entrega\/"]}]},{"@type":"BreadcrumbList","@id":"https:\/\/antijellyfishpool.com\/es\/politica-de-entrega\/#breadcrumb","itemListElement":[{"@type":"ListItem","position":1,"name":"Home","item":"https:\/\/antijellyfishpool.com\/es\/"},{"@type":"ListItem","position":2,"name":"Pol\u00edtica de entrega"}]},{"@type":"WebSite","@id":"https:\/\/antijellyfishpool.com\/#website","url":"https:\/\/antijellyfishpool.com\/","name":"antijellyfishpool.com","description":"The best jellyfish protection pool system for boats","potentialAction":[{"@type":"SearchAction","target":{"@type":"EntryPoint","urlTemplate":"https:\/\/antijellyfishpool.com\/?s={search_term_string}"},"query-input":{"@type":"PropertyValueSpecification","valueRequired":true,"valueName":"search_term_string"}}],"inLanguage":"es"}]}},"_links":{"self":[{"href":"https:\/\/antijellyfishpool.com\/es\/wp-json\/wp\/v2\/pages\/6144","targetHints":{"allow":["GET"]}}],"collection":[{"href":"https:\/\/antijellyfishpool.com\/es\/wp-json\/wp\/v2\/pages"}],"about":[{"href":"https:\/\/antijellyfishpool.com\/es\/wp-json\/wp\/v2\/types\/page"}],"author":[{"embeddable":true,"href":"https:\/\/antijellyfishpool.com\/es\/wp-json\/wp\/v2\/users\/1"}],"replies":[{"embeddable":true,"href":"https:\/\/antijellyfishpool.com\/es\/wp-json\/wp\/v2\/comments?post=6144"}],"version-history":[{"count":6,"href":"https:\/\/antijellyfishpool.com\/es\/wp-json\/wp\/v2\/pages\/6144\/revisions"}],"predecessor-version":[{"id":8278,"href":"https:\/\/antijellyfishpool.com\/es\/wp-json\/wp\/v2\/pages\/6144\/revisions\/8278"}],"wp:attachment":[{"href":"https:\/\/antijellyfishpool.com\/es\/wp-json\/wp\/v2\/media?parent=6144"}],"curies":[{"name":"wp","href":"https:\/\/api.w.org\/{rel}","templated":true}]}}