{"id":8706,"date":"2025-02-24T10:37:07","date_gmt":"2025-02-24T10:37:07","guid":{"rendered":"https:\/\/antijellyfishpool.com\/?post_type=product&#038;p=8706"},"modified":"2025-02-26T10:48:08","modified_gmt":"2025-02-26T10:48:08","slug":"aufblasbare-kletterwand-fuer-yachten-5-x-3-meter","status":"publish","type":"product","link":"https:\/\/antijellyfishpool.com\/de\/produkt\/aufblasbare-kletterwand-fuer-yachten-5-x-3-meter\/","title":{"rendered":"Aufblasbare Kletterwand f\u00fcr Yachten 5 x 3 Meter"},"content":{"rendered":"","protected":false},"excerpt":{"rendered":"<p>Die aufblasbare Kletterwand bietet aufregende Unterhaltung f\u00fcr alle Altersgruppen und kombiniert eine spannende Herausforderung mit einem stilvollen Design, das garantiert Aufmerksamkeit erregt. Hergestellt aus hochwertigem PVC, garantiert sie sowohl Haltbarkeit als auch Sicherheit f\u00fcr die Kletterer. Als neues Highlight auf jeder Veranstaltung ist sie eine ideale M\u00f6glichkeit, das Erlebnis zu verbessern und dabei sowohl Spa\u00df als auch Sicherheit zu gew\u00e4hrleisten.<\/p>\n<p>Verf\u00fcgbar in drei Gr\u00f6\u00dfen:<\/p>\n<p>Klein: 3 Meter H\u00f6he x 2 Meter Breite x 1,28 Meter L\u00e4nge<\/p>\n<p>Mittel: 4 Meter H\u00f6he x 2 Meter Breite x 1,28 Meter L\u00e4nge<\/p>\n<p><strong>Gro\u00df: 5 Meter H\u00f6he x 3 Meter Breite x 1,28 Meter L\u00e4nge<\/strong><\/p>\n","protected":false},"featured_media":8697,"template":"","meta":[],"product_brand":[],"product_cat":[138],"product_tag":[],"class_list":{"0":"post-8706","1":"product","2":"type-product","3":"status-publish","4":"has-post-thumbnail","6":"product_cat-aufblasbare-kletterwand","8":"first","9":"instock","10":"taxable","11":"shipping-taxable","12":"purchasable","13":"product-type-simple"},"yoast_head":"<!-- This site is optimized with the Yoast SEO plugin v26.6 - https:\/\/yoast.com\/wordpress\/plugins\/seo\/ -->\n<title>Aufblasbare Kletterwand f\u00fcr Yachten 5 x 3 Meter - antijellyfishpool.com<\/title>\n<meta name=\"robots\" content=\"index, follow, max-snippet:-1, max-image-preview:large, max-video-preview:-1\" \/>\n<link rel=\"canonical\" href=\"https:\/\/antijellyfishpool.com\/de\/produkt\/aufblasbare-kletterwand-fuer-yachten-5-x-3-meter\/\" \/>\n<meta property=\"og:locale\" content=\"de_DE\" \/>\n<meta property=\"og:type\" content=\"article\" \/>\n<meta property=\"og:title\" content=\"Aufblasbare Kletterwand f\u00fcr Yachten 5 x 3 Meter - antijellyfishpool.com\" \/>\n<meta property=\"og:description\" content=\"Die aufblasbare Kletterwand bietet aufregende Unterhaltung f\u00fcr alle Altersgruppen und kombiniert eine spannende Herausforderung mit einem stilvollen Design, das garantiert Aufmerksamkeit erregt. Hergestellt aus hochwertigem PVC, garantiert sie sowohl Haltbarkeit als auch Sicherheit f\u00fcr die Kletterer. Als neues Highlight auf jeder Veranstaltung ist sie eine ideale M\u00f6glichkeit, das Erlebnis zu verbessern und dabei sowohl Spa\u00df als auch Sicherheit zu gew\u00e4hrleisten.  Verf\u00fcgbar in drei Gr\u00f6\u00dfen:  Klein: 3 Meter H\u00f6he x 2 Meter Breite x 1,28 Meter L\u00e4nge  Mittel: 4 Meter H\u00f6he x 2 Meter Breite x 1,28 Meter L\u00e4nge  Gro\u00df: 5 Meter H\u00f6he x 3 Meter Breite x 1,28 Meter L\u00e4nge\" \/>\n<meta property=\"og:url\" content=\"https:\/\/antijellyfishpool.com\/de\/produkt\/aufblasbare-kletterwand-fuer-yachten-5-x-3-meter\/\" \/>\n<meta property=\"og:site_name\" content=\"antijellyfishpool.com\" \/>\n<meta property=\"article:modified_time\" content=\"2025-02-26T10:48:08+00:00\" \/>\n<meta property=\"og:image\" content=\"https:\/\/antijellyfishpool.com\/wp-content\/uploads\/2025\/02\/inflatable-climbing-wall-5-x-3-metres-yacht.webp\" \/>\n\t<meta property=\"og:image:width\" content=\"750\" \/>\n\t<meta property=\"og:image:height\" content=\"550\" \/>\n\t<meta property=\"og:image:type\" content=\"image\/webp\" \/>\n<meta name=\"twitter:card\" content=\"summary_large_image\" \/>\n<meta name=\"twitter:label1\" content=\"Gesch\u00e4tzte Lesezeit\" \/>\n\t<meta name=\"twitter:data1\" content=\"1\u00a0Minute\" \/>\n<script type=\"application\/ld+json\" class=\"yoast-schema-graph\">{\"@context\":\"https:\/\/schema.org\",\"@graph\":[{\"@type\":\"WebPage\",\"@id\":\"https:\/\/antijellyfishpool.com\/de\/produkt\/aufblasbare-kletterwand-fuer-yachten-5-x-3-meter\/\",\"url\":\"https:\/\/antijellyfishpool.com\/de\/produkt\/aufblasbare-kletterwand-fuer-yachten-5-x-3-meter\/\",\"name\":\"Aufblasbare Kletterwand f\u00fcr Yachten 5 x 3 Meter - antijellyfishpool.com\",\"isPartOf\":{\"@id\":\"https:\/\/antijellyfishpool.com\/#website\"},\"primaryImageOfPage\":{\"@id\":\"https:\/\/antijellyfishpool.com\/de\/produkt\/aufblasbare-kletterwand-fuer-yachten-5-x-3-meter\/#primaryimage\"},\"image\":{\"@id\":\"https:\/\/antijellyfishpool.com\/de\/produkt\/aufblasbare-kletterwand-fuer-yachten-5-x-3-meter\/#primaryimage\"},\"thumbnailUrl\":\"https:\/\/antijellyfishpool.com\/wp-content\/uploads\/2025\/02\/inflatable-climbing-wall-5-x-3-metres-yacht.webp\",\"datePublished\":\"2025-02-24T10:37:07+00:00\",\"dateModified\":\"2025-02-26T10:48:08+00:00\",\"breadcrumb\":{\"@id\":\"https:\/\/antijellyfishpool.com\/de\/produkt\/aufblasbare-kletterwand-fuer-yachten-5-x-3-meter\/#breadcrumb\"},\"inLanguage\":\"de\",\"potentialAction\":[{\"@type\":\"ReadAction\",\"target\":[\"https:\/\/antijellyfishpool.com\/de\/produkt\/aufblasbare-kletterwand-fuer-yachten-5-x-3-meter\/\"]}]},{\"@type\":\"ImageObject\",\"inLanguage\":\"de\",\"@id\":\"https:\/\/antijellyfishpool.com\/de\/produkt\/aufblasbare-kletterwand-fuer-yachten-5-x-3-meter\/#primaryimage\",\"url\":\"https:\/\/antijellyfishpool.com\/wp-content\/uploads\/2025\/02\/inflatable-climbing-wall-5-x-3-metres-yacht.webp\",\"contentUrl\":\"https:\/\/antijellyfishpool.com\/wp-content\/uploads\/2025\/02\/inflatable-climbing-wall-5-x-3-metres-yacht.webp\",\"width\":750,\"height\":550},{\"@type\":\"BreadcrumbList\",\"@id\":\"https:\/\/antijellyfishpool.com\/de\/produkt\/aufblasbare-kletterwand-fuer-yachten-5-x-3-meter\/#breadcrumb\",\"itemListElement\":[{\"@type\":\"ListItem\",\"position\":1,\"name\":\"Home\",\"item\":\"https:\/\/antijellyfishpool.com\/de\/\"},{\"@type\":\"ListItem\",\"position\":2,\"name\":\"Shop\",\"item\":\"https:\/\/antijellyfishpool.com\/de\/shop\/\"},{\"@type\":\"ListItem\",\"position\":3,\"name\":\"Aufblasbare Kletterwand f\u00fcr Yachten 5 x 3 Meter\"}]},{\"@type\":\"WebSite\",\"@id\":\"https:\/\/antijellyfishpool.com\/#website\",\"url\":\"https:\/\/antijellyfishpool.com\/\",\"name\":\"antijellyfishpool.com\",\"description\":\"The best jellyfish protection pool system for boats\",\"potentialAction\":[{\"@type\":\"SearchAction\",\"target\":{\"@type\":\"EntryPoint\",\"urlTemplate\":\"https:\/\/antijellyfishpool.com\/?s={search_term_string}\"},\"query-input\":{\"@type\":\"PropertyValueSpecification\",\"valueRequired\":true,\"valueName\":\"search_term_string\"}}],\"inLanguage\":\"de\"}]}<\/script>\n<!-- \/ Yoast SEO plugin. -->","yoast_head_json":{"title":"Aufblasbare Kletterwand f\u00fcr Yachten 5 x 3 Meter - antijellyfishpool.com","robots":{"index":"index","follow":"follow","max-snippet":"max-snippet:-1","max-image-preview":"max-image-preview:large","max-video-preview":"max-video-preview:-1"},"canonical":"https:\/\/antijellyfishpool.com\/de\/produkt\/aufblasbare-kletterwand-fuer-yachten-5-x-3-meter\/","og_locale":"de_DE","og_type":"article","og_title":"Aufblasbare Kletterwand f\u00fcr Yachten 5 x 3 Meter - antijellyfishpool.com","og_description":"Die aufblasbare Kletterwand bietet aufregende Unterhaltung f\u00fcr alle Altersgruppen und kombiniert eine spannende Herausforderung mit einem stilvollen Design, das garantiert Aufmerksamkeit erregt. Hergestellt aus hochwertigem PVC, garantiert sie sowohl Haltbarkeit als auch Sicherheit f\u00fcr die Kletterer. Als neues Highlight auf jeder Veranstaltung ist sie eine ideale M\u00f6glichkeit, das Erlebnis zu verbessern und dabei sowohl Spa\u00df als auch Sicherheit zu gew\u00e4hrleisten.  Verf\u00fcgbar in drei Gr\u00f6\u00dfen:  Klein: 3 Meter H\u00f6he x 2 Meter Breite x 1,28 Meter L\u00e4nge  Mittel: 4 Meter H\u00f6he x 2 Meter Breite x 1,28 Meter L\u00e4nge  Gro\u00df: 5 Meter H\u00f6he x 3 Meter Breite x 1,28 Meter L\u00e4nge","og_url":"https:\/\/antijellyfishpool.com\/de\/produkt\/aufblasbare-kletterwand-fuer-yachten-5-x-3-meter\/","og_site_name":"antijellyfishpool.com","article_modified_time":"2025-02-26T10:48:08+00:00","og_image":[{"width":750,"height":550,"url":"https:\/\/antijellyfishpool.com\/wp-content\/uploads\/2025\/02\/inflatable-climbing-wall-5-x-3-metres-yacht.webp","type":"image\/webp"}],"twitter_card":"summary_large_image","twitter_misc":{"Gesch\u00e4tzte Lesezeit":"1\u00a0Minute"},"schema":{"@context":"https:\/\/schema.org","@graph":[{"@type":"WebPage","@id":"https:\/\/antijellyfishpool.com\/de\/produkt\/aufblasbare-kletterwand-fuer-yachten-5-x-3-meter\/","url":"https:\/\/antijellyfishpool.com\/de\/produkt\/aufblasbare-kletterwand-fuer-yachten-5-x-3-meter\/","name":"Aufblasbare Kletterwand f\u00fcr Yachten 5 x 3 Meter - antijellyfishpool.com","isPartOf":{"@id":"https:\/\/antijellyfishpool.com\/#website"},"primaryImageOfPage":{"@id":"https:\/\/antijellyfishpool.com\/de\/produkt\/aufblasbare-kletterwand-fuer-yachten-5-x-3-meter\/#primaryimage"},"image":{"@id":"https:\/\/antijellyfishpool.com\/de\/produkt\/aufblasbare-kletterwand-fuer-yachten-5-x-3-meter\/#primaryimage"},"thumbnailUrl":"https:\/\/antijellyfishpool.com\/wp-content\/uploads\/2025\/02\/inflatable-climbing-wall-5-x-3-metres-yacht.webp","datePublished":"2025-02-24T10:37:07+00:00","dateModified":"2025-02-26T10:48:08+00:00","breadcrumb":{"@id":"https:\/\/antijellyfishpool.com\/de\/produkt\/aufblasbare-kletterwand-fuer-yachten-5-x-3-meter\/#breadcrumb"},"inLanguage":"de","potentialAction":[{"@type":"ReadAction","target":["https:\/\/antijellyfishpool.com\/de\/produkt\/aufblasbare-kletterwand-fuer-yachten-5-x-3-meter\/"]}]},{"@type":"ImageObject","inLanguage":"de","@id":"https:\/\/antijellyfishpool.com\/de\/produkt\/aufblasbare-kletterwand-fuer-yachten-5-x-3-meter\/#primaryimage","url":"https:\/\/antijellyfishpool.com\/wp-content\/uploads\/2025\/02\/inflatable-climbing-wall-5-x-3-metres-yacht.webp","contentUrl":"https:\/\/antijellyfishpool.com\/wp-content\/uploads\/2025\/02\/inflatable-climbing-wall-5-x-3-metres-yacht.webp","width":750,"height":550},{"@type":"BreadcrumbList","@id":"https:\/\/antijellyfishpool.com\/de\/produkt\/aufblasbare-kletterwand-fuer-yachten-5-x-3-meter\/#breadcrumb","itemListElement":[{"@type":"ListItem","position":1,"name":"Home","item":"https:\/\/antijellyfishpool.com\/de\/"},{"@type":"ListItem","position":2,"name":"Shop","item":"https:\/\/antijellyfishpool.com\/de\/shop\/"},{"@type":"ListItem","position":3,"name":"Aufblasbare Kletterwand f\u00fcr Yachten 5 x 3 Meter"}]},{"@type":"WebSite","@id":"https:\/\/antijellyfishpool.com\/#website","url":"https:\/\/antijellyfishpool.com\/","name":"antijellyfishpool.com","description":"The best jellyfish protection pool system for boats","potentialAction":[{"@type":"SearchAction","target":{"@type":"EntryPoint","urlTemplate":"https:\/\/antijellyfishpool.com\/?s={search_term_string}"},"query-input":{"@type":"PropertyValueSpecification","valueRequired":true,"valueName":"search_term_string"}}],"inLanguage":"de"}]}},"_links":{"self":[{"href":"https:\/\/antijellyfishpool.com\/de\/wp-json\/wp\/v2\/product\/8706","targetHints":{"allow":["GET"]}}],"collection":[{"href":"https:\/\/antijellyfishpool.com\/de\/wp-json\/wp\/v2\/product"}],"about":[{"href":"https:\/\/antijellyfishpool.com\/de\/wp-json\/wp\/v2\/types\/product"}],"wp:featuredmedia":[{"embeddable":true,"href":"https:\/\/antijellyfishpool.com\/de\/wp-json\/wp\/v2\/media\/8697"}],"wp:attachment":[{"href":"https:\/\/antijellyfishpool.com\/de\/wp-json\/wp\/v2\/media?parent=8706"}],"wp:term":[{"taxonomy":"product_brand","embeddable":true,"href":"https:\/\/antijellyfishpool.com\/de\/wp-json\/wp\/v2\/product_brand?post=8706"},{"taxonomy":"product_cat","embeddable":true,"href":"https:\/\/antijellyfishpool.com\/de\/wp-json\/wp\/v2\/product_cat?post=8706"},{"taxonomy":"product_tag","embeddable":true,"href":"https:\/\/antijellyfishpool.com\/de\/wp-json\/wp\/v2\/product_tag?post=8706"}],"curies":[{"name":"wp","href":"https:\/\/api.w.org\/{rel}","templated":true}]}}