{"id":8623,"date":"2018-03-07T08:13:32","date_gmt":"2018-03-07T08:13:32","guid":{"rendered":"https:\/\/antijellyfishpool.com\/?post_type=product&#038;p=8623"},"modified":"2025-03-07T16:34:23","modified_gmt":"2025-03-07T16:34:23","slug":"massgeschneiderte-rutsche-fuer-yachten","status":"publish","type":"product","link":"https:\/\/antijellyfishpool.com\/de\/produkt\/massgeschneiderte-rutsche-fuer-yachten\/","title":{"rendered":"Ma\u00dfgeschneiderte Rutsche f\u00fcr Yachten"},"content":{"rendered":"","protected":false},"excerpt":{"rendered":"<p>Ma\u00dfgeschneiderte Yacht-Rutschen werden nach Ihren Bed\u00fcrfnissen entworfen. Je nach ben\u00f6tigter H\u00f6he der Rutsche variiert der Preis.<\/p>\n<p>260 cm \u2013 340 cm: Preis ist 2.500\u20ac<br \/>\n450 cm \u2013 530 cm: Preis ist 7.900\u20ac<br \/>\n540 cm \u2013 610 cm: Preis ist 10.050\u20ac<br \/>\n620 cm \u2013 710 cm: Preis ist 12.100\u20ac<br \/>\n710 cm \u2013 800 cm: Preis ist 13.200\u20ac<br \/>\nBitte kontaktieren Sie uns f\u00fcr eine Rutsche \u00fcber 8 m.<\/p>\n<p>Best\u00e4ndiges PVC f\u00fcr jahrelangen Gebrauch. Sehr langlebig und leicht. W\u00e4hlen Sie die Farbe, die Sie f\u00fcr Ihre Rutsche w\u00fcnschen.<\/p>\n<p>Alle Rutschen werden nach Ihren Bed\u00fcrfnissen entwickelt und hergestellt. Kontaktieren Sie uns!<\/p>\n","protected":false},"featured_media":8559,"template":"","meta":[],"product_brand":[],"product_cat":[129,133,170],"product_tag":[],"class_list":{"0":"post-8623","1":"product","2":"type-product","3":"status-publish","4":"has-post-thumbnail","6":"product_cat-bootsrutsche","7":"product_cat-kundenspezifische-produkte","8":"product_cat-superyacht-inflatables-de","10":"first","11":"instock","12":"taxable","13":"shipping-taxable","14":"purchasable","15":"product-type-variable"},"yoast_head":"<!-- This site is optimized with the Yoast SEO plugin v26.6 - https:\/\/yoast.com\/wordpress\/plugins\/seo\/ -->\n<title>Ma\u00dfgeschneiderte Rutsche f\u00fcr Yachten - antijellyfishpool.com<\/title>\n<meta name=\"robots\" content=\"index, follow, max-snippet:-1, max-image-preview:large, max-video-preview:-1\" \/>\n<link rel=\"canonical\" href=\"https:\/\/antijellyfishpool.com\/de\/produkt\/massgeschneiderte-rutsche-fuer-yachten\/\" \/>\n<meta property=\"og:locale\" content=\"de_DE\" \/>\n<meta property=\"og:type\" content=\"article\" \/>\n<meta property=\"og:title\" content=\"Ma\u00dfgeschneiderte Rutsche f\u00fcr Yachten - antijellyfishpool.com\" \/>\n<meta property=\"og:description\" content=\"Ma\u00dfgeschneiderte Yacht-Rutschen werden nach Ihren Bed\u00fcrfnissen entworfen. Je nach ben\u00f6tigter H\u00f6he der Rutsche variiert der Preis.  260 cm \u2013 340 cm: Preis ist 2.500\u20ac 450 cm \u2013 530 cm: Preis ist 7.900\u20ac 540 cm \u2013 610 cm: Preis ist 10.050\u20ac 620 cm \u2013 710 cm: Preis ist 12.100\u20ac 710 cm \u2013 800 cm: Preis ist 13.200\u20ac Bitte kontaktieren Sie uns f\u00fcr eine Rutsche \u00fcber 8 m.  Best\u00e4ndiges PVC f\u00fcr jahrelangen Gebrauch. Sehr langlebig und leicht. W\u00e4hlen Sie die Farbe, die Sie f\u00fcr Ihre Rutsche w\u00fcnschen.  Alle Rutschen werden nach Ihren Bed\u00fcrfnissen entwickelt und hergestellt. Kontaktieren Sie uns!\" \/>\n<meta property=\"og:url\" content=\"https:\/\/antijellyfishpool.com\/de\/produkt\/massgeschneiderte-rutsche-fuer-yachten\/\" \/>\n<meta property=\"og:site_name\" content=\"antijellyfishpool.com\" \/>\n<meta property=\"article:modified_time\" content=\"2025-03-07T16:34:23+00:00\" \/>\n<meta property=\"og:image\" content=\"https:\/\/antijellyfishpool.com\/wp-content\/uploads\/2024\/10\/Custom-Yacht-Slide-scaled-e1729940584213.webp\" \/>\n\t<meta property=\"og:image:width\" content=\"1200\" \/>\n\t<meta property=\"og:image:height\" content=\"800\" \/>\n\t<meta property=\"og:image:type\" content=\"image\/webp\" \/>\n<meta name=\"twitter:card\" content=\"summary_large_image\" \/>\n<meta name=\"twitter:label1\" content=\"Gesch\u00e4tzte Lesezeit\" \/>\n\t<meta name=\"twitter:data1\" content=\"1\u00a0Minute\" \/>\n<script type=\"application\/ld+json\" class=\"yoast-schema-graph\">{\"@context\":\"https:\/\/schema.org\",\"@graph\":[{\"@type\":\"WebPage\",\"@id\":\"https:\/\/antijellyfishpool.com\/de\/produkt\/massgeschneiderte-rutsche-fuer-yachten\/\",\"url\":\"https:\/\/antijellyfishpool.com\/de\/produkt\/massgeschneiderte-rutsche-fuer-yachten\/\",\"name\":\"Ma\u00dfgeschneiderte Rutsche f\u00fcr Yachten - antijellyfishpool.com\",\"isPartOf\":{\"@id\":\"https:\/\/antijellyfishpool.com\/#website\"},\"primaryImageOfPage\":{\"@id\":\"https:\/\/antijellyfishpool.com\/de\/produkt\/massgeschneiderte-rutsche-fuer-yachten\/#primaryimage\"},\"image\":{\"@id\":\"https:\/\/antijellyfishpool.com\/de\/produkt\/massgeschneiderte-rutsche-fuer-yachten\/#primaryimage\"},\"thumbnailUrl\":\"https:\/\/antijellyfishpool.com\/wp-content\/uploads\/2024\/10\/Custom-Yacht-Slide-scaled-e1729940584213.webp\",\"datePublished\":\"2018-03-07T08:13:32+00:00\",\"dateModified\":\"2025-03-07T16:34:23+00:00\",\"breadcrumb\":{\"@id\":\"https:\/\/antijellyfishpool.com\/de\/produkt\/massgeschneiderte-rutsche-fuer-yachten\/#breadcrumb\"},\"inLanguage\":\"de\",\"potentialAction\":[{\"@type\":\"ReadAction\",\"target\":[\"https:\/\/antijellyfishpool.com\/de\/produkt\/massgeschneiderte-rutsche-fuer-yachten\/\"]}]},{\"@type\":\"ImageObject\",\"inLanguage\":\"de\",\"@id\":\"https:\/\/antijellyfishpool.com\/de\/produkt\/massgeschneiderte-rutsche-fuer-yachten\/#primaryimage\",\"url\":\"https:\/\/antijellyfishpool.com\/wp-content\/uploads\/2024\/10\/Custom-Yacht-Slide-scaled-e1729940584213.webp\",\"contentUrl\":\"https:\/\/antijellyfishpool.com\/wp-content\/uploads\/2024\/10\/Custom-Yacht-Slide-scaled-e1729940584213.webp\",\"width\":1200,\"height\":800},{\"@type\":\"BreadcrumbList\",\"@id\":\"https:\/\/antijellyfishpool.com\/de\/produkt\/massgeschneiderte-rutsche-fuer-yachten\/#breadcrumb\",\"itemListElement\":[{\"@type\":\"ListItem\",\"position\":1,\"name\":\"Home\",\"item\":\"https:\/\/antijellyfishpool.com\/de\/\"},{\"@type\":\"ListItem\",\"position\":2,\"name\":\"Shop\",\"item\":\"https:\/\/antijellyfishpool.com\/de\/shop\/\"},{\"@type\":\"ListItem\",\"position\":3,\"name\":\"Ma\u00dfgeschneiderte Rutsche f\u00fcr Yachten\"}]},{\"@type\":\"WebSite\",\"@id\":\"https:\/\/antijellyfishpool.com\/#website\",\"url\":\"https:\/\/antijellyfishpool.com\/\",\"name\":\"antijellyfishpool.com\",\"description\":\"The best jellyfish protection pool system for boats\",\"potentialAction\":[{\"@type\":\"SearchAction\",\"target\":{\"@type\":\"EntryPoint\",\"urlTemplate\":\"https:\/\/antijellyfishpool.com\/?s={search_term_string}\"},\"query-input\":{\"@type\":\"PropertyValueSpecification\",\"valueRequired\":true,\"valueName\":\"search_term_string\"}}],\"inLanguage\":\"de\"}]}<\/script>\n<!-- \/ Yoast SEO plugin. -->","yoast_head_json":{"title":"Ma\u00dfgeschneiderte Rutsche f\u00fcr Yachten - antijellyfishpool.com","robots":{"index":"index","follow":"follow","max-snippet":"max-snippet:-1","max-image-preview":"max-image-preview:large","max-video-preview":"max-video-preview:-1"},"canonical":"https:\/\/antijellyfishpool.com\/de\/produkt\/massgeschneiderte-rutsche-fuer-yachten\/","og_locale":"de_DE","og_type":"article","og_title":"Ma\u00dfgeschneiderte Rutsche f\u00fcr Yachten - antijellyfishpool.com","og_description":"Ma\u00dfgeschneiderte Yacht-Rutschen werden nach Ihren Bed\u00fcrfnissen entworfen. Je nach ben\u00f6tigter H\u00f6he der Rutsche variiert der Preis.  260 cm \u2013 340 cm: Preis ist 2.500\u20ac 450 cm \u2013 530 cm: Preis ist 7.900\u20ac 540 cm \u2013 610 cm: Preis ist 10.050\u20ac 620 cm \u2013 710 cm: Preis ist 12.100\u20ac 710 cm \u2013 800 cm: Preis ist 13.200\u20ac Bitte kontaktieren Sie uns f\u00fcr eine Rutsche \u00fcber 8 m.  Best\u00e4ndiges PVC f\u00fcr jahrelangen Gebrauch. Sehr langlebig und leicht. W\u00e4hlen Sie die Farbe, die Sie f\u00fcr Ihre Rutsche w\u00fcnschen.  Alle Rutschen werden nach Ihren Bed\u00fcrfnissen entwickelt und hergestellt. Kontaktieren Sie uns!","og_url":"https:\/\/antijellyfishpool.com\/de\/produkt\/massgeschneiderte-rutsche-fuer-yachten\/","og_site_name":"antijellyfishpool.com","article_modified_time":"2025-03-07T16:34:23+00:00","og_image":[{"width":1200,"height":800,"url":"https:\/\/antijellyfishpool.com\/wp-content\/uploads\/2024\/10\/Custom-Yacht-Slide-scaled-e1729940584213.webp","type":"image\/webp"}],"twitter_card":"summary_large_image","twitter_misc":{"Gesch\u00e4tzte Lesezeit":"1\u00a0Minute"},"schema":{"@context":"https:\/\/schema.org","@graph":[{"@type":"WebPage","@id":"https:\/\/antijellyfishpool.com\/de\/produkt\/massgeschneiderte-rutsche-fuer-yachten\/","url":"https:\/\/antijellyfishpool.com\/de\/produkt\/massgeschneiderte-rutsche-fuer-yachten\/","name":"Ma\u00dfgeschneiderte Rutsche f\u00fcr Yachten - antijellyfishpool.com","isPartOf":{"@id":"https:\/\/antijellyfishpool.com\/#website"},"primaryImageOfPage":{"@id":"https:\/\/antijellyfishpool.com\/de\/produkt\/massgeschneiderte-rutsche-fuer-yachten\/#primaryimage"},"image":{"@id":"https:\/\/antijellyfishpool.com\/de\/produkt\/massgeschneiderte-rutsche-fuer-yachten\/#primaryimage"},"thumbnailUrl":"https:\/\/antijellyfishpool.com\/wp-content\/uploads\/2024\/10\/Custom-Yacht-Slide-scaled-e1729940584213.webp","datePublished":"2018-03-07T08:13:32+00:00","dateModified":"2025-03-07T16:34:23+00:00","breadcrumb":{"@id":"https:\/\/antijellyfishpool.com\/de\/produkt\/massgeschneiderte-rutsche-fuer-yachten\/#breadcrumb"},"inLanguage":"de","potentialAction":[{"@type":"ReadAction","target":["https:\/\/antijellyfishpool.com\/de\/produkt\/massgeschneiderte-rutsche-fuer-yachten\/"]}]},{"@type":"ImageObject","inLanguage":"de","@id":"https:\/\/antijellyfishpool.com\/de\/produkt\/massgeschneiderte-rutsche-fuer-yachten\/#primaryimage","url":"https:\/\/antijellyfishpool.com\/wp-content\/uploads\/2024\/10\/Custom-Yacht-Slide-scaled-e1729940584213.webp","contentUrl":"https:\/\/antijellyfishpool.com\/wp-content\/uploads\/2024\/10\/Custom-Yacht-Slide-scaled-e1729940584213.webp","width":1200,"height":800},{"@type":"BreadcrumbList","@id":"https:\/\/antijellyfishpool.com\/de\/produkt\/massgeschneiderte-rutsche-fuer-yachten\/#breadcrumb","itemListElement":[{"@type":"ListItem","position":1,"name":"Home","item":"https:\/\/antijellyfishpool.com\/de\/"},{"@type":"ListItem","position":2,"name":"Shop","item":"https:\/\/antijellyfishpool.com\/de\/shop\/"},{"@type":"ListItem","position":3,"name":"Ma\u00dfgeschneiderte Rutsche f\u00fcr Yachten"}]},{"@type":"WebSite","@id":"https:\/\/antijellyfishpool.com\/#website","url":"https:\/\/antijellyfishpool.com\/","name":"antijellyfishpool.com","description":"The best jellyfish protection pool system for boats","potentialAction":[{"@type":"SearchAction","target":{"@type":"EntryPoint","urlTemplate":"https:\/\/antijellyfishpool.com\/?s={search_term_string}"},"query-input":{"@type":"PropertyValueSpecification","valueRequired":true,"valueName":"search_term_string"}}],"inLanguage":"de"}]}},"_links":{"self":[{"href":"https:\/\/antijellyfishpool.com\/de\/wp-json\/wp\/v2\/product\/8623","targetHints":{"allow":["GET"]}}],"collection":[{"href":"https:\/\/antijellyfishpool.com\/de\/wp-json\/wp\/v2\/product"}],"about":[{"href":"https:\/\/antijellyfishpool.com\/de\/wp-json\/wp\/v2\/types\/product"}],"wp:featuredmedia":[{"embeddable":true,"href":"https:\/\/antijellyfishpool.com\/de\/wp-json\/wp\/v2\/media\/8559"}],"wp:attachment":[{"href":"https:\/\/antijellyfishpool.com\/de\/wp-json\/wp\/v2\/media?parent=8623"}],"wp:term":[{"taxonomy":"product_brand","embeddable":true,"href":"https:\/\/antijellyfishpool.com\/de\/wp-json\/wp\/v2\/product_brand?post=8623"},{"taxonomy":"product_cat","embeddable":true,"href":"https:\/\/antijellyfishpool.com\/de\/wp-json\/wp\/v2\/product_cat?post=8623"},{"taxonomy":"product_tag","embeddable":true,"href":"https:\/\/antijellyfishpool.com\/de\/wp-json\/wp\/v2\/product_tag?post=8623"}],"curies":[{"name":"wp","href":"https:\/\/api.w.org\/{rel}","templated":true}]}}