{"id":7808,"date":"2019-01-03T11:56:30","date_gmt":"2022-01-12T12:08:30","guid":{"rendered":"https:\/\/antijellyfishpool.com\/?post_type=product&#038;p=7808"},"modified":"2024-10-22T15:36:07","modified_gmt":"2024-10-22T15:36:07","slug":"aufblasbare-rutsche-fuer-yachten","status":"publish","type":"product","link":"https:\/\/antijellyfishpool.com\/de\/produkt\/aufblasbare-rutsche-fuer-yachten\/","title":{"rendered":"Aufblasbare Rutsche 1,5m"},"content":{"rendered":"","protected":false},"excerpt":{"rendered":"<p>F\u00fcr Spa\u00df an Bord, wenn das Schiff verankert ist, ist die Wasserrutsche perfekt f\u00fcr Kinder und nicht immer nur f\u00fcr Kinder&#8230; Wir bieten Standard- und ma\u00dfgeschneiderte Wasserrutschen f\u00fcr Yachten von 15m bis zu 50m L\u00e4nge an. Die Lieferzeit betr\u00e4gt ungef\u00e4hr 20 Tage. Kontaktieren Sie uns, um Ihr Projekt zu besprechen.<\/p>\n<p><strong>STANDARD WATERSLIDES<\/strong><\/p>\n<p><strong>Mini: 120 cm : 1.499 \u20ac for children<\/strong><br \/>\n260 cm &#8211; 340cm = 2.500 \u20ac<br \/>\n450 cm &#8211; 530 cm = 7.900 \u20ac<br \/>\n540 cm &#8211; 610 cm = 10.050 \u20ac<br \/>\n620 cm &#8211; 710 cm = 12.100 \u20ac<br \/>\n710 cm &#8211; 800 cm = 13.200 \u20ac<\/p>\n","protected":false},"featured_media":8510,"template":"","meta":[],"product_brand":[],"product_cat":[66,129,139],"product_tag":[],"class_list":{"0":"post-7808","1":"product","2":"type-product","3":"status-publish","4":"has-post-thumbnail","6":"product_cat-produkte-kaufen","7":"product_cat-bootsrutsche","8":"product_cat-home-de","10":"first","11":"instock","12":"sale","13":"taxable","14":"shipping-taxable","15":"purchasable","16":"product-type-simple"},"yoast_head":"<!-- This site is optimized with the Yoast SEO plugin v26.6 - https:\/\/yoast.com\/wordpress\/plugins\/seo\/ -->\n<title>Aufblasbare Rutsche 1,5m - antijellyfishpool.com<\/title>\n<meta name=\"robots\" content=\"index, follow, max-snippet:-1, max-image-preview:large, max-video-preview:-1\" \/>\n<link rel=\"canonical\" href=\"https:\/\/antijellyfishpool.com\/de\/produkt\/aufblasbare-rutsche-fuer-yachten\/\" \/>\n<meta property=\"og:locale\" content=\"de_DE\" \/>\n<meta property=\"og:type\" content=\"article\" \/>\n<meta property=\"og:title\" content=\"Aufblasbare Rutsche 1,5m - antijellyfishpool.com\" \/>\n<meta property=\"og:description\" content=\"F\u00fcr Spa\u00df an Bord, wenn das Schiff verankert ist, ist die Wasserrutsche perfekt f\u00fcr Kinder und nicht immer nur f\u00fcr Kinder... Wir bieten Standard- und ma\u00dfgeschneiderte Wasserrutschen f\u00fcr Yachten von 15m bis zu 50m L\u00e4nge an. Die Lieferzeit betr\u00e4gt ungef\u00e4hr 20 Tage. Kontaktieren Sie uns, um Ihr Projekt zu besprechen.  STANDARD WATERSLIDES  Mini: 120 cm : 1.499 \u20ac for children 260 cm - 340cm = 2.500 \u20ac 450 cm - 530 cm = 7.900 \u20ac 540 cm - 610 cm = 10.050 \u20ac 620 cm - 710 cm = 12.100 \u20ac 710 cm - 800 cm = 13.200 \u20ac\" \/>\n<meta property=\"og:url\" content=\"https:\/\/antijellyfishpool.com\/de\/produkt\/aufblasbare-rutsche-fuer-yachten\/\" \/>\n<meta property=\"og:site_name\" content=\"antijellyfishpool.com\" \/>\n<meta property=\"article:modified_time\" content=\"2024-10-22T15:36:07+00:00\" \/>\n<meta property=\"og:image\" content=\"https:\/\/antijellyfishpool.com\/wp-content\/uploads\/2024\/10\/Yacht-Slide-scaled-e1729936459898.webp\" \/>\n\t<meta property=\"og:image:width\" content=\"1200\" \/>\n\t<meta property=\"og:image:height\" content=\"900\" \/>\n\t<meta property=\"og:image:type\" content=\"image\/webp\" \/>\n<meta name=\"twitter:card\" content=\"summary_large_image\" \/>\n<meta name=\"twitter:label1\" content=\"Gesch\u00e4tzte Lesezeit\" \/>\n\t<meta name=\"twitter:data1\" content=\"1\u00a0Minute\" \/>\n<script type=\"application\/ld+json\" class=\"yoast-schema-graph\">{\"@context\":\"https:\/\/schema.org\",\"@graph\":[{\"@type\":\"WebPage\",\"@id\":\"https:\/\/antijellyfishpool.com\/de\/produkt\/aufblasbare-rutsche-fuer-yachten\/\",\"url\":\"https:\/\/antijellyfishpool.com\/de\/produkt\/aufblasbare-rutsche-fuer-yachten\/\",\"name\":\"Aufblasbare Rutsche 1,5m - antijellyfishpool.com\",\"isPartOf\":{\"@id\":\"https:\/\/antijellyfishpool.com\/#website\"},\"primaryImageOfPage\":{\"@id\":\"https:\/\/antijellyfishpool.com\/de\/produkt\/aufblasbare-rutsche-fuer-yachten\/#primaryimage\"},\"image\":{\"@id\":\"https:\/\/antijellyfishpool.com\/de\/produkt\/aufblasbare-rutsche-fuer-yachten\/#primaryimage\"},\"thumbnailUrl\":\"https:\/\/antijellyfishpool.com\/wp-content\/uploads\/2024\/10\/Yacht-Slide-scaled-e1729936459898.webp\",\"datePublished\":\"2022-01-12T12:08:30+00:00\",\"dateModified\":\"2024-10-22T15:36:07+00:00\",\"breadcrumb\":{\"@id\":\"https:\/\/antijellyfishpool.com\/de\/produkt\/aufblasbare-rutsche-fuer-yachten\/#breadcrumb\"},\"inLanguage\":\"de\",\"potentialAction\":[{\"@type\":\"ReadAction\",\"target\":[\"https:\/\/antijellyfishpool.com\/de\/produkt\/aufblasbare-rutsche-fuer-yachten\/\"]}]},{\"@type\":\"ImageObject\",\"inLanguage\":\"de\",\"@id\":\"https:\/\/antijellyfishpool.com\/de\/produkt\/aufblasbare-rutsche-fuer-yachten\/#primaryimage\",\"url\":\"https:\/\/antijellyfishpool.com\/wp-content\/uploads\/2024\/10\/Yacht-Slide-scaled-e1729936459898.webp\",\"contentUrl\":\"https:\/\/antijellyfishpool.com\/wp-content\/uploads\/2024\/10\/Yacht-Slide-scaled-e1729936459898.webp\",\"width\":1200,\"height\":900,\"caption\":\"Yellow and orange yacht slide. A red ladder on the right side. Sea is crystal clear.\"},{\"@type\":\"BreadcrumbList\",\"@id\":\"https:\/\/antijellyfishpool.com\/de\/produkt\/aufblasbare-rutsche-fuer-yachten\/#breadcrumb\",\"itemListElement\":[{\"@type\":\"ListItem\",\"position\":1,\"name\":\"Home\",\"item\":\"https:\/\/antijellyfishpool.com\/de\/\"},{\"@type\":\"ListItem\",\"position\":2,\"name\":\"Shop\",\"item\":\"https:\/\/antijellyfishpool.com\/de\/shop\/\"},{\"@type\":\"ListItem\",\"position\":3,\"name\":\"Aufblasbare Rutsche 1,5m\"}]},{\"@type\":\"WebSite\",\"@id\":\"https:\/\/antijellyfishpool.com\/#website\",\"url\":\"https:\/\/antijellyfishpool.com\/\",\"name\":\"antijellyfishpool.com\",\"description\":\"The best jellyfish protection pool system for boats\",\"potentialAction\":[{\"@type\":\"SearchAction\",\"target\":{\"@type\":\"EntryPoint\",\"urlTemplate\":\"https:\/\/antijellyfishpool.com\/?s={search_term_string}\"},\"query-input\":{\"@type\":\"PropertyValueSpecification\",\"valueRequired\":true,\"valueName\":\"search_term_string\"}}],\"inLanguage\":\"de\"}]}<\/script>\n<!-- \/ Yoast SEO plugin. -->","yoast_head_json":{"title":"Aufblasbare Rutsche 1,5m - antijellyfishpool.com","robots":{"index":"index","follow":"follow","max-snippet":"max-snippet:-1","max-image-preview":"max-image-preview:large","max-video-preview":"max-video-preview:-1"},"canonical":"https:\/\/antijellyfishpool.com\/de\/produkt\/aufblasbare-rutsche-fuer-yachten\/","og_locale":"de_DE","og_type":"article","og_title":"Aufblasbare Rutsche 1,5m - antijellyfishpool.com","og_description":"F\u00fcr Spa\u00df an Bord, wenn das Schiff verankert ist, ist die Wasserrutsche perfekt f\u00fcr Kinder und nicht immer nur f\u00fcr Kinder... Wir bieten Standard- und ma\u00dfgeschneiderte Wasserrutschen f\u00fcr Yachten von 15m bis zu 50m L\u00e4nge an. Die Lieferzeit betr\u00e4gt ungef\u00e4hr 20 Tage. Kontaktieren Sie uns, um Ihr Projekt zu besprechen.  STANDARD WATERSLIDES  Mini: 120 cm : 1.499 \u20ac for children 260 cm - 340cm = 2.500 \u20ac 450 cm - 530 cm = 7.900 \u20ac 540 cm - 610 cm = 10.050 \u20ac 620 cm - 710 cm = 12.100 \u20ac 710 cm - 800 cm = 13.200 \u20ac","og_url":"https:\/\/antijellyfishpool.com\/de\/produkt\/aufblasbare-rutsche-fuer-yachten\/","og_site_name":"antijellyfishpool.com","article_modified_time":"2024-10-22T15:36:07+00:00","og_image":[{"width":1200,"height":900,"url":"https:\/\/antijellyfishpool.com\/wp-content\/uploads\/2024\/10\/Yacht-Slide-scaled-e1729936459898.webp","type":"image\/webp"}],"twitter_card":"summary_large_image","twitter_misc":{"Gesch\u00e4tzte Lesezeit":"1\u00a0Minute"},"schema":{"@context":"https:\/\/schema.org","@graph":[{"@type":"WebPage","@id":"https:\/\/antijellyfishpool.com\/de\/produkt\/aufblasbare-rutsche-fuer-yachten\/","url":"https:\/\/antijellyfishpool.com\/de\/produkt\/aufblasbare-rutsche-fuer-yachten\/","name":"Aufblasbare Rutsche 1,5m - antijellyfishpool.com","isPartOf":{"@id":"https:\/\/antijellyfishpool.com\/#website"},"primaryImageOfPage":{"@id":"https:\/\/antijellyfishpool.com\/de\/produkt\/aufblasbare-rutsche-fuer-yachten\/#primaryimage"},"image":{"@id":"https:\/\/antijellyfishpool.com\/de\/produkt\/aufblasbare-rutsche-fuer-yachten\/#primaryimage"},"thumbnailUrl":"https:\/\/antijellyfishpool.com\/wp-content\/uploads\/2024\/10\/Yacht-Slide-scaled-e1729936459898.webp","datePublished":"2022-01-12T12:08:30+00:00","dateModified":"2024-10-22T15:36:07+00:00","breadcrumb":{"@id":"https:\/\/antijellyfishpool.com\/de\/produkt\/aufblasbare-rutsche-fuer-yachten\/#breadcrumb"},"inLanguage":"de","potentialAction":[{"@type":"ReadAction","target":["https:\/\/antijellyfishpool.com\/de\/produkt\/aufblasbare-rutsche-fuer-yachten\/"]}]},{"@type":"ImageObject","inLanguage":"de","@id":"https:\/\/antijellyfishpool.com\/de\/produkt\/aufblasbare-rutsche-fuer-yachten\/#primaryimage","url":"https:\/\/antijellyfishpool.com\/wp-content\/uploads\/2024\/10\/Yacht-Slide-scaled-e1729936459898.webp","contentUrl":"https:\/\/antijellyfishpool.com\/wp-content\/uploads\/2024\/10\/Yacht-Slide-scaled-e1729936459898.webp","width":1200,"height":900,"caption":"Yellow and orange yacht slide. A red ladder on the right side. Sea is crystal clear."},{"@type":"BreadcrumbList","@id":"https:\/\/antijellyfishpool.com\/de\/produkt\/aufblasbare-rutsche-fuer-yachten\/#breadcrumb","itemListElement":[{"@type":"ListItem","position":1,"name":"Home","item":"https:\/\/antijellyfishpool.com\/de\/"},{"@type":"ListItem","position":2,"name":"Shop","item":"https:\/\/antijellyfishpool.com\/de\/shop\/"},{"@type":"ListItem","position":3,"name":"Aufblasbare Rutsche 1,5m"}]},{"@type":"WebSite","@id":"https:\/\/antijellyfishpool.com\/#website","url":"https:\/\/antijellyfishpool.com\/","name":"antijellyfishpool.com","description":"The best jellyfish protection pool system for boats","potentialAction":[{"@type":"SearchAction","target":{"@type":"EntryPoint","urlTemplate":"https:\/\/antijellyfishpool.com\/?s={search_term_string}"},"query-input":{"@type":"PropertyValueSpecification","valueRequired":true,"valueName":"search_term_string"}}],"inLanguage":"de"}]}},"_links":{"self":[{"href":"https:\/\/antijellyfishpool.com\/de\/wp-json\/wp\/v2\/product\/7808","targetHints":{"allow":["GET"]}}],"collection":[{"href":"https:\/\/antijellyfishpool.com\/de\/wp-json\/wp\/v2\/product"}],"about":[{"href":"https:\/\/antijellyfishpool.com\/de\/wp-json\/wp\/v2\/types\/product"}],"wp:featuredmedia":[{"embeddable":true,"href":"https:\/\/antijellyfishpool.com\/de\/wp-json\/wp\/v2\/media\/8510"}],"wp:attachment":[{"href":"https:\/\/antijellyfishpool.com\/de\/wp-json\/wp\/v2\/media?parent=7808"}],"wp:term":[{"taxonomy":"product_brand","embeddable":true,"href":"https:\/\/antijellyfishpool.com\/de\/wp-json\/wp\/v2\/product_brand?post=7808"},{"taxonomy":"product_cat","embeddable":true,"href":"https:\/\/antijellyfishpool.com\/de\/wp-json\/wp\/v2\/product_cat?post=7808"},{"taxonomy":"product_tag","embeddable":true,"href":"https:\/\/antijellyfishpool.com\/de\/wp-json\/wp\/v2\/product_tag?post=7808"}],"curies":[{"name":"wp","href":"https:\/\/api.w.org\/{rel}","templated":true}]}}