{"id":6970,"date":"2020-01-08T16:18:39","date_gmt":"2020-01-08T16:18:39","guid":{"rendered":"https:\/\/antijellyfishpool.com\/?post_type=product&#038;p=6970"},"modified":"2025-08-20T13:14:26","modified_gmt":"2025-08-20T13:14:26","slug":"protection-floating-anti-jellyfish-barriers-for-beaches","status":"publish","type":"product","link":"https:\/\/antijellyfishpool.com\/de\/produkt\/protection-floating-anti-jellyfish-barriers-for-beaches\/","title":{"rendered":"Schwimmende Schutzanlage zum Schutz von Str\u00e4nden vor Portugiesischen Galeeren"},"content":{"rendered":"","protected":false},"excerpt":{"rendered":"<div class=\"text-wrap tlid-copy-target\">\n<div class=\"result-shield-container tlid-copy-target\" tabindex=\"0\">\n<p data-start=\"114\" data-end=\"407\"><strong data-start=\"114\" data-end=\"157\">Schwimmende Schutzbarrieren f\u00fcr Str\u00e4nde<\/strong><br data-start=\"157\" data-end=\"160\" \/>Unsere innovativen Barrieren sch\u00fctzen Badeg\u00e4ste zuverl\u00e4ssig vor <strong><em data-start=\"224\" data-end=\"250\">Portugiesischen Galeeren<\/em><\/strong> und Quallen. Gleichzeitig halten sie Plastik und Schmutz zur\u00fcck, sodass das Meer sauberer bleibt und Abf\u00e4lle leichter entfernt und recycelt werden k\u00f6nnen.<\/p>\n<p data-start=\"409\" data-end=\"560\">Damit steigern wir nicht nur die Sicherheit, sondern auch die Attraktivit\u00e4t und Sauberkeit der Str\u00e4nde \u2013 ein klarer Vorteil f\u00fcr Umwelt und Tourismus.<\/p>\n<p data-start=\"562\" data-end=\"677\">Standardma\u00dfe: 20 m x 1 m Tiefe, flexibel anpassbar. Sonderprojekte nach Bedarf m\u00f6glich. Kontaktieren Sie uns!<\/p>\n<\/div>\n<\/div>\n","protected":false},"featured_media":6974,"template":"","meta":[],"product_brand":[],"product_cat":[91],"product_tag":[],"class_list":{"0":"post-6970","1":"product","2":"type-product","3":"status-publish","4":"has-post-thumbnail","6":"product_cat-kundenspezifische-loesungen-zum-schutz-von-quallen","8":"first","9":"instock","10":"taxable","11":"shipping-taxable","12":"purchasable","13":"product-type-simple"},"yoast_head":"<!-- This site is optimized with the Yoast SEO plugin v26.6 - https:\/\/yoast.com\/wordpress\/plugins\/seo\/ -->\n<title>Schwimmende Schutzanlage zum Schutz von Str\u00e4nden vor Portugiesischen Galeeren - antijellyfishpool.com<\/title>\n<meta name=\"robots\" content=\"index, follow, max-snippet:-1, max-image-preview:large, max-video-preview:-1\" \/>\n<link rel=\"canonical\" href=\"https:\/\/antijellyfishpool.com\/de\/produkt\/protection-floating-anti-jellyfish-barriers-for-beaches\/\" \/>\n<meta property=\"og:locale\" content=\"de_DE\" \/>\n<meta property=\"og:type\" content=\"article\" \/>\n<meta property=\"og:title\" content=\"Schwimmende Schutzanlage zum Schutz von Str\u00e4nden vor Portugiesischen Galeeren - antijellyfishpool.com\" \/>\n<meta property=\"og:description\" content=\"Schwimmende Schutzbarrieren f\u00fcr Str\u00e4ndeUnsere innovativen Barrieren sch\u00fctzen Badeg\u00e4ste zuverl\u00e4ssig vor Portugiesischen Galeeren und Quallen. Gleichzeitig halten sie Plastik und Schmutz zur\u00fcck, sodass das Meer sauberer bleibt und Abf\u00e4lle leichter entfernt und recycelt werden k\u00f6nnen. Damit steigern wir nicht nur die Sicherheit, sondern auch die Attraktivit\u00e4t und Sauberkeit der Str\u00e4nde \u2013 ein klarer Vorteil f\u00fcr Umwelt und Tourismus. Standardma\u00dfe: 20 m x 1 m Tiefe, flexibel anpassbar. Sonderprojekte nach Bedarf m\u00f6glich. Kontaktieren Sie uns!\" \/>\n<meta property=\"og:url\" content=\"https:\/\/antijellyfishpool.com\/de\/produkt\/protection-floating-anti-jellyfish-barriers-for-beaches\/\" \/>\n<meta property=\"og:site_name\" content=\"antijellyfishpool.com\" \/>\n<meta property=\"article:modified_time\" content=\"2025-08-20T13:14:26+00:00\" \/>\n<meta property=\"og:image\" content=\"https:\/\/antijellyfishpool.com\/wp-content\/uploads\/2020\/01\/Barrera-proteccion-medusas.jpg\" \/>\n\t<meta property=\"og:image:width\" content=\"1020\" \/>\n\t<meta property=\"og:image:height\" content=\"596\" \/>\n\t<meta property=\"og:image:type\" content=\"image\/jpeg\" \/>\n<meta name=\"twitter:card\" content=\"summary_large_image\" \/>\n<meta name=\"twitter:label1\" content=\"Gesch\u00e4tzte Lesezeit\" \/>\n\t<meta name=\"twitter:data1\" content=\"1\u00a0Minute\" \/>\n<script type=\"application\/ld+json\" class=\"yoast-schema-graph\">{\"@context\":\"https:\/\/schema.org\",\"@graph\":[{\"@type\":\"WebPage\",\"@id\":\"https:\/\/antijellyfishpool.com\/de\/produkt\/protection-floating-anti-jellyfish-barriers-for-beaches\/\",\"url\":\"https:\/\/antijellyfishpool.com\/de\/produkt\/protection-floating-anti-jellyfish-barriers-for-beaches\/\",\"name\":\"Schwimmende Schutzanlage zum Schutz von Str\u00e4nden vor Portugiesischen Galeeren - antijellyfishpool.com\",\"isPartOf\":{\"@id\":\"https:\/\/antijellyfishpool.com\/#website\"},\"primaryImageOfPage\":{\"@id\":\"https:\/\/antijellyfishpool.com\/de\/produkt\/protection-floating-anti-jellyfish-barriers-for-beaches\/#primaryimage\"},\"image\":{\"@id\":\"https:\/\/antijellyfishpool.com\/de\/produkt\/protection-floating-anti-jellyfish-barriers-for-beaches\/#primaryimage\"},\"thumbnailUrl\":\"https:\/\/antijellyfishpool.com\/wp-content\/uploads\/2020\/01\/Barrera-proteccion-medusas.jpg\",\"datePublished\":\"2020-01-08T16:18:39+00:00\",\"dateModified\":\"2025-08-20T13:14:26+00:00\",\"breadcrumb\":{\"@id\":\"https:\/\/antijellyfishpool.com\/de\/produkt\/protection-floating-anti-jellyfish-barriers-for-beaches\/#breadcrumb\"},\"inLanguage\":\"de\",\"potentialAction\":[{\"@type\":\"ReadAction\",\"target\":[\"https:\/\/antijellyfishpool.com\/de\/produkt\/protection-floating-anti-jellyfish-barriers-for-beaches\/\"]}]},{\"@type\":\"ImageObject\",\"inLanguage\":\"de\",\"@id\":\"https:\/\/antijellyfishpool.com\/de\/produkt\/protection-floating-anti-jellyfish-barriers-for-beaches\/#primaryimage\",\"url\":\"https:\/\/antijellyfishpool.com\/wp-content\/uploads\/2020\/01\/Barrera-proteccion-medusas.jpg\",\"contentUrl\":\"https:\/\/antijellyfishpool.com\/wp-content\/uploads\/2020\/01\/Barrera-proteccion-medusas.jpg\",\"width\":1020,\"height\":596,\"caption\":\"Barrera proteccion medusas\"},{\"@type\":\"BreadcrumbList\",\"@id\":\"https:\/\/antijellyfishpool.com\/de\/produkt\/protection-floating-anti-jellyfish-barriers-for-beaches\/#breadcrumb\",\"itemListElement\":[{\"@type\":\"ListItem\",\"position\":1,\"name\":\"Home\",\"item\":\"https:\/\/antijellyfishpool.com\/de\/\"},{\"@type\":\"ListItem\",\"position\":2,\"name\":\"Shop\",\"item\":\"https:\/\/antijellyfishpool.com\/de\/shop\/\"},{\"@type\":\"ListItem\",\"position\":3,\"name\":\"Schwimmende Schutzanlage zum Schutz von Str\u00e4nden vor Portugiesischen Galeeren\"}]},{\"@type\":\"WebSite\",\"@id\":\"https:\/\/antijellyfishpool.com\/#website\",\"url\":\"https:\/\/antijellyfishpool.com\/\",\"name\":\"antijellyfishpool.com\",\"description\":\"The best jellyfish protection pool system for boats\",\"potentialAction\":[{\"@type\":\"SearchAction\",\"target\":{\"@type\":\"EntryPoint\",\"urlTemplate\":\"https:\/\/antijellyfishpool.com\/?s={search_term_string}\"},\"query-input\":{\"@type\":\"PropertyValueSpecification\",\"valueRequired\":true,\"valueName\":\"search_term_string\"}}],\"inLanguage\":\"de\"}]}<\/script>\n<!-- \/ Yoast SEO plugin. -->","yoast_head_json":{"title":"Schwimmende Schutzanlage zum Schutz von Str\u00e4nden vor Portugiesischen Galeeren - antijellyfishpool.com","robots":{"index":"index","follow":"follow","max-snippet":"max-snippet:-1","max-image-preview":"max-image-preview:large","max-video-preview":"max-video-preview:-1"},"canonical":"https:\/\/antijellyfishpool.com\/de\/produkt\/protection-floating-anti-jellyfish-barriers-for-beaches\/","og_locale":"de_DE","og_type":"article","og_title":"Schwimmende Schutzanlage zum Schutz von Str\u00e4nden vor Portugiesischen Galeeren - antijellyfishpool.com","og_description":"Schwimmende Schutzbarrieren f\u00fcr Str\u00e4ndeUnsere innovativen Barrieren sch\u00fctzen Badeg\u00e4ste zuverl\u00e4ssig vor Portugiesischen Galeeren und Quallen. Gleichzeitig halten sie Plastik und Schmutz zur\u00fcck, sodass das Meer sauberer bleibt und Abf\u00e4lle leichter entfernt und recycelt werden k\u00f6nnen. Damit steigern wir nicht nur die Sicherheit, sondern auch die Attraktivit\u00e4t und Sauberkeit der Str\u00e4nde \u2013 ein klarer Vorteil f\u00fcr Umwelt und Tourismus. Standardma\u00dfe: 20 m x 1 m Tiefe, flexibel anpassbar. Sonderprojekte nach Bedarf m\u00f6glich. Kontaktieren Sie uns!","og_url":"https:\/\/antijellyfishpool.com\/de\/produkt\/protection-floating-anti-jellyfish-barriers-for-beaches\/","og_site_name":"antijellyfishpool.com","article_modified_time":"2025-08-20T13:14:26+00:00","og_image":[{"width":1020,"height":596,"url":"https:\/\/antijellyfishpool.com\/wp-content\/uploads\/2020\/01\/Barrera-proteccion-medusas.jpg","type":"image\/jpeg"}],"twitter_card":"summary_large_image","twitter_misc":{"Gesch\u00e4tzte Lesezeit":"1\u00a0Minute"},"schema":{"@context":"https:\/\/schema.org","@graph":[{"@type":"WebPage","@id":"https:\/\/antijellyfishpool.com\/de\/produkt\/protection-floating-anti-jellyfish-barriers-for-beaches\/","url":"https:\/\/antijellyfishpool.com\/de\/produkt\/protection-floating-anti-jellyfish-barriers-for-beaches\/","name":"Schwimmende Schutzanlage zum Schutz von Str\u00e4nden vor Portugiesischen Galeeren - antijellyfishpool.com","isPartOf":{"@id":"https:\/\/antijellyfishpool.com\/#website"},"primaryImageOfPage":{"@id":"https:\/\/antijellyfishpool.com\/de\/produkt\/protection-floating-anti-jellyfish-barriers-for-beaches\/#primaryimage"},"image":{"@id":"https:\/\/antijellyfishpool.com\/de\/produkt\/protection-floating-anti-jellyfish-barriers-for-beaches\/#primaryimage"},"thumbnailUrl":"https:\/\/antijellyfishpool.com\/wp-content\/uploads\/2020\/01\/Barrera-proteccion-medusas.jpg","datePublished":"2020-01-08T16:18:39+00:00","dateModified":"2025-08-20T13:14:26+00:00","breadcrumb":{"@id":"https:\/\/antijellyfishpool.com\/de\/produkt\/protection-floating-anti-jellyfish-barriers-for-beaches\/#breadcrumb"},"inLanguage":"de","potentialAction":[{"@type":"ReadAction","target":["https:\/\/antijellyfishpool.com\/de\/produkt\/protection-floating-anti-jellyfish-barriers-for-beaches\/"]}]},{"@type":"ImageObject","inLanguage":"de","@id":"https:\/\/antijellyfishpool.com\/de\/produkt\/protection-floating-anti-jellyfish-barriers-for-beaches\/#primaryimage","url":"https:\/\/antijellyfishpool.com\/wp-content\/uploads\/2020\/01\/Barrera-proteccion-medusas.jpg","contentUrl":"https:\/\/antijellyfishpool.com\/wp-content\/uploads\/2020\/01\/Barrera-proteccion-medusas.jpg","width":1020,"height":596,"caption":"Barrera proteccion medusas"},{"@type":"BreadcrumbList","@id":"https:\/\/antijellyfishpool.com\/de\/produkt\/protection-floating-anti-jellyfish-barriers-for-beaches\/#breadcrumb","itemListElement":[{"@type":"ListItem","position":1,"name":"Home","item":"https:\/\/antijellyfishpool.com\/de\/"},{"@type":"ListItem","position":2,"name":"Shop","item":"https:\/\/antijellyfishpool.com\/de\/shop\/"},{"@type":"ListItem","position":3,"name":"Schwimmende Schutzanlage zum Schutz von Str\u00e4nden vor Portugiesischen Galeeren"}]},{"@type":"WebSite","@id":"https:\/\/antijellyfishpool.com\/#website","url":"https:\/\/antijellyfishpool.com\/","name":"antijellyfishpool.com","description":"The best jellyfish protection pool system for boats","potentialAction":[{"@type":"SearchAction","target":{"@type":"EntryPoint","urlTemplate":"https:\/\/antijellyfishpool.com\/?s={search_term_string}"},"query-input":{"@type":"PropertyValueSpecification","valueRequired":true,"valueName":"search_term_string"}}],"inLanguage":"de"}]}},"_links":{"self":[{"href":"https:\/\/antijellyfishpool.com\/de\/wp-json\/wp\/v2\/product\/6970","targetHints":{"allow":["GET"]}}],"collection":[{"href":"https:\/\/antijellyfishpool.com\/de\/wp-json\/wp\/v2\/product"}],"about":[{"href":"https:\/\/antijellyfishpool.com\/de\/wp-json\/wp\/v2\/types\/product"}],"wp:featuredmedia":[{"embeddable":true,"href":"https:\/\/antijellyfishpool.com\/de\/wp-json\/wp\/v2\/media\/6974"}],"wp:attachment":[{"href":"https:\/\/antijellyfishpool.com\/de\/wp-json\/wp\/v2\/media?parent=6970"}],"wp:term":[{"taxonomy":"product_brand","embeddable":true,"href":"https:\/\/antijellyfishpool.com\/de\/wp-json\/wp\/v2\/product_brand?post=6970"},{"taxonomy":"product_cat","embeddable":true,"href":"https:\/\/antijellyfishpool.com\/de\/wp-json\/wp\/v2\/product_cat?post=6970"},{"taxonomy":"product_tag","embeddable":true,"href":"https:\/\/antijellyfishpool.com\/de\/wp-json\/wp\/v2\/product_tag?post=6970"}],"curies":[{"name":"wp","href":"https:\/\/api.w.org\/{rel}","templated":true}]}}