{"id":6960,"date":"2020-01-05T19:53:56","date_gmt":"2020-01-05T19:53:56","guid":{"rendered":"https:\/\/antijellyfishpool.com\/product\/personalize-with-the-boats-name\/"},"modified":"2023-05-16T09:19:30","modified_gmt":"2023-05-16T09:19:30","slug":"personifizieren-sie-mit-dem-bootnamen","status":"publish","type":"product","link":"https:\/\/antijellyfishpool.com\/de\/produkt\/personifizieren-sie-mit-dem-bootnamen\/","title":{"rendered":"PERSONIFIZIEREN SIE MIT DEM BOOTNAMEN"},"content":{"rendered":"","protected":false},"excerpt":{"rendered":"<p><span class=\"tlid-translation translation\" lang=\"de\"><span class=\"\" title=\"\">PERSONIFIZIEREN SIE IHREN POOL<\/span><br \/>\n<span class=\"\" title=\"\">Wir bieten auch die M\u00f6glichkeit, den Namen des Bootes an den Seiten des Pools zu schreiben.<\/span> <span class=\"\" title=\"\">Sobald wir Ihre Bestellung erhalten haben, werden wir Sie kontaktieren, um Ihren gew\u00e4hlten Namen zu \u00fcberpr\u00fcfen.<\/span> <span title=\"\">Die Lieferzeit f\u00fcr Anpassungen betr\u00e4gt ca. 3 Wochen.<\/span><\/span><\/p>\n","protected":false},"featured_media":7784,"template":"","meta":[],"product_brand":[],"product_cat":[72],"product_tag":[],"class_list":{"0":"post-6960","1":"product","2":"type-product","3":"status-publish","4":"has-post-thumbnail","6":"product_cat-zubehoer-fuer-quallenpools","8":"first","9":"instock","10":"taxable","11":"shipping-taxable","12":"purchasable","13":"product-type-simple"},"yoast_head":"<!-- This site is optimized with the Yoast SEO plugin v26.6 - https:\/\/yoast.com\/wordpress\/plugins\/seo\/ -->\n<title>PERSONIFIZIEREN SIE MIT DEM BOOTNAMEN - antijellyfishpool.com<\/title>\n<meta name=\"robots\" content=\"index, follow, max-snippet:-1, max-image-preview:large, max-video-preview:-1\" \/>\n<link rel=\"canonical\" href=\"https:\/\/antijellyfishpool.com\/produkt\/personalize-with-the-boats-name\/\" \/>\n<meta property=\"og:locale\" content=\"de_DE\" \/>\n<meta property=\"og:type\" content=\"article\" \/>\n<meta property=\"og:title\" content=\"PERSONIFIZIEREN SIE MIT DEM BOOTNAMEN - antijellyfishpool.com\" \/>\n<meta property=\"og:description\" content=\"PERSONIFIZIEREN SIE IHREN POOL Wir bieten auch die M\u00f6glichkeit, den Namen des Bootes an den Seiten des Pools zu schreiben. Sobald wir Ihre Bestellung erhalten haben, werden wir Sie kontaktieren, um Ihren gew\u00e4hlten Namen zu \u00fcberpr\u00fcfen. Die Lieferzeit f\u00fcr Anpassungen betr\u00e4gt ca. 3 Wochen.\" \/>\n<meta property=\"og:url\" content=\"https:\/\/antijellyfishpool.com\/produkt\/personalize-with-the-boats-name\/\" \/>\n<meta property=\"og:site_name\" content=\"antijellyfishpool.com\" \/>\n<meta property=\"article:modified_time\" content=\"2023-05-16T09:19:30+00:00\" \/>\n<meta property=\"og:image\" content=\"https:\/\/antijellyfishpool.com\/wp-content\/uploads\/2020\/01\/OKCG6516.jpg\" \/>\n\t<meta property=\"og:image:width\" content=\"600\" \/>\n\t<meta property=\"og:image:height\" content=\"800\" \/>\n\t<meta property=\"og:image:type\" content=\"image\/jpeg\" \/>\n<meta name=\"twitter:card\" content=\"summary_large_image\" \/>\n<script type=\"application\/ld+json\" class=\"yoast-schema-graph\">{\"@context\":\"https:\/\/schema.org\",\"@graph\":[{\"@type\":\"WebPage\",\"@id\":\"https:\/\/antijellyfishpool.com\/produkt\/personalize-with-the-boats-name\/\",\"url\":\"https:\/\/antijellyfishpool.com\/produkt\/personalize-with-the-boats-name\/\",\"name\":\"PERSONIFIZIEREN SIE MIT DEM BOOTNAMEN - antijellyfishpool.com\",\"isPartOf\":{\"@id\":\"https:\/\/antijellyfishpool.com\/#website\"},\"primaryImageOfPage\":{\"@id\":\"https:\/\/antijellyfishpool.com\/produkt\/personalize-with-the-boats-name\/#primaryimage\"},\"image\":{\"@id\":\"https:\/\/antijellyfishpool.com\/produkt\/personalize-with-the-boats-name\/#primaryimage\"},\"thumbnailUrl\":\"https:\/\/antijellyfishpool.com\/wp-content\/uploads\/2020\/01\/OKCG6516.jpg\",\"datePublished\":\"2020-01-05T19:53:56+00:00\",\"dateModified\":\"2023-05-16T09:19:30+00:00\",\"breadcrumb\":{\"@id\":\"https:\/\/antijellyfishpool.com\/produkt\/personalize-with-the-boats-name\/#breadcrumb\"},\"inLanguage\":\"de\",\"potentialAction\":[{\"@type\":\"ReadAction\",\"target\":[\"https:\/\/antijellyfishpool.com\/produkt\/personalize-with-the-boats-name\/\"]}]},{\"@type\":\"ImageObject\",\"inLanguage\":\"de\",\"@id\":\"https:\/\/antijellyfishpool.com\/produkt\/personalize-with-the-boats-name\/#primaryimage\",\"url\":\"https:\/\/antijellyfishpool.com\/wp-content\/uploads\/2020\/01\/OKCG6516.jpg\",\"contentUrl\":\"https:\/\/antijellyfishpool.com\/wp-content\/uploads\/2020\/01\/OKCG6516.jpg\",\"width\":600,\"height\":800,\"caption\":\"OKCG6516\"},{\"@type\":\"BreadcrumbList\",\"@id\":\"https:\/\/antijellyfishpool.com\/produkt\/personalize-with-the-boats-name\/#breadcrumb\",\"itemListElement\":[{\"@type\":\"ListItem\",\"position\":1,\"name\":\"Home\",\"item\":\"https:\/\/antijellyfishpool.com\/de\/\"},{\"@type\":\"ListItem\",\"position\":2,\"name\":\"Shop\",\"item\":\"https:\/\/antijellyfishpool.com\/de\/shop\/\"},{\"@type\":\"ListItem\",\"position\":3,\"name\":\"PERSONIFIZIEREN SIE MIT DEM BOOTNAMEN\"}]},{\"@type\":\"WebSite\",\"@id\":\"https:\/\/antijellyfishpool.com\/#website\",\"url\":\"https:\/\/antijellyfishpool.com\/\",\"name\":\"antijellyfishpool.com\",\"description\":\"The best jellyfish protection pool system for boats\",\"potentialAction\":[{\"@type\":\"SearchAction\",\"target\":{\"@type\":\"EntryPoint\",\"urlTemplate\":\"https:\/\/antijellyfishpool.com\/?s={search_term_string}\"},\"query-input\":{\"@type\":\"PropertyValueSpecification\",\"valueRequired\":true,\"valueName\":\"search_term_string\"}}],\"inLanguage\":\"de\"}]}<\/script>\n<!-- \/ Yoast SEO plugin. -->","yoast_head_json":{"title":"PERSONIFIZIEREN SIE MIT DEM BOOTNAMEN - antijellyfishpool.com","robots":{"index":"index","follow":"follow","max-snippet":"max-snippet:-1","max-image-preview":"max-image-preview:large","max-video-preview":"max-video-preview:-1"},"canonical":"https:\/\/antijellyfishpool.com\/produkt\/personalize-with-the-boats-name\/","og_locale":"de_DE","og_type":"article","og_title":"PERSONIFIZIEREN SIE MIT DEM BOOTNAMEN - antijellyfishpool.com","og_description":"PERSONIFIZIEREN SIE IHREN POOL Wir bieten auch die M\u00f6glichkeit, den Namen des Bootes an den Seiten des Pools zu schreiben. Sobald wir Ihre Bestellung erhalten haben, werden wir Sie kontaktieren, um Ihren gew\u00e4hlten Namen zu \u00fcberpr\u00fcfen. Die Lieferzeit f\u00fcr Anpassungen betr\u00e4gt ca. 3 Wochen.","og_url":"https:\/\/antijellyfishpool.com\/produkt\/personalize-with-the-boats-name\/","og_site_name":"antijellyfishpool.com","article_modified_time":"2023-05-16T09:19:30+00:00","og_image":[{"width":600,"height":800,"url":"https:\/\/antijellyfishpool.com\/wp-content\/uploads\/2020\/01\/OKCG6516.jpg","type":"image\/jpeg"}],"twitter_card":"summary_large_image","schema":{"@context":"https:\/\/schema.org","@graph":[{"@type":"WebPage","@id":"https:\/\/antijellyfishpool.com\/produkt\/personalize-with-the-boats-name\/","url":"https:\/\/antijellyfishpool.com\/produkt\/personalize-with-the-boats-name\/","name":"PERSONIFIZIEREN SIE MIT DEM BOOTNAMEN - antijellyfishpool.com","isPartOf":{"@id":"https:\/\/antijellyfishpool.com\/#website"},"primaryImageOfPage":{"@id":"https:\/\/antijellyfishpool.com\/produkt\/personalize-with-the-boats-name\/#primaryimage"},"image":{"@id":"https:\/\/antijellyfishpool.com\/produkt\/personalize-with-the-boats-name\/#primaryimage"},"thumbnailUrl":"https:\/\/antijellyfishpool.com\/wp-content\/uploads\/2020\/01\/OKCG6516.jpg","datePublished":"2020-01-05T19:53:56+00:00","dateModified":"2023-05-16T09:19:30+00:00","breadcrumb":{"@id":"https:\/\/antijellyfishpool.com\/produkt\/personalize-with-the-boats-name\/#breadcrumb"},"inLanguage":"de","potentialAction":[{"@type":"ReadAction","target":["https:\/\/antijellyfishpool.com\/produkt\/personalize-with-the-boats-name\/"]}]},{"@type":"ImageObject","inLanguage":"de","@id":"https:\/\/antijellyfishpool.com\/produkt\/personalize-with-the-boats-name\/#primaryimage","url":"https:\/\/antijellyfishpool.com\/wp-content\/uploads\/2020\/01\/OKCG6516.jpg","contentUrl":"https:\/\/antijellyfishpool.com\/wp-content\/uploads\/2020\/01\/OKCG6516.jpg","width":600,"height":800,"caption":"OKCG6516"},{"@type":"BreadcrumbList","@id":"https:\/\/antijellyfishpool.com\/produkt\/personalize-with-the-boats-name\/#breadcrumb","itemListElement":[{"@type":"ListItem","position":1,"name":"Home","item":"https:\/\/antijellyfishpool.com\/de\/"},{"@type":"ListItem","position":2,"name":"Shop","item":"https:\/\/antijellyfishpool.com\/de\/shop\/"},{"@type":"ListItem","position":3,"name":"PERSONIFIZIEREN SIE MIT DEM BOOTNAMEN"}]},{"@type":"WebSite","@id":"https:\/\/antijellyfishpool.com\/#website","url":"https:\/\/antijellyfishpool.com\/","name":"antijellyfishpool.com","description":"The best jellyfish protection pool system for boats","potentialAction":[{"@type":"SearchAction","target":{"@type":"EntryPoint","urlTemplate":"https:\/\/antijellyfishpool.com\/?s={search_term_string}"},"query-input":{"@type":"PropertyValueSpecification","valueRequired":true,"valueName":"search_term_string"}}],"inLanguage":"de"}]}},"_links":{"self":[{"href":"https:\/\/antijellyfishpool.com\/de\/wp-json\/wp\/v2\/product\/6960","targetHints":{"allow":["GET"]}}],"collection":[{"href":"https:\/\/antijellyfishpool.com\/de\/wp-json\/wp\/v2\/product"}],"about":[{"href":"https:\/\/antijellyfishpool.com\/de\/wp-json\/wp\/v2\/types\/product"}],"wp:featuredmedia":[{"embeddable":true,"href":"https:\/\/antijellyfishpool.com\/de\/wp-json\/wp\/v2\/media\/7784"}],"wp:attachment":[{"href":"https:\/\/antijellyfishpool.com\/de\/wp-json\/wp\/v2\/media?parent=6960"}],"wp:term":[{"taxonomy":"product_brand","embeddable":true,"href":"https:\/\/antijellyfishpool.com\/de\/wp-json\/wp\/v2\/product_brand?post=6960"},{"taxonomy":"product_cat","embeddable":true,"href":"https:\/\/antijellyfishpool.com\/de\/wp-json\/wp\/v2\/product_cat?post=6960"},{"taxonomy":"product_tag","embeddable":true,"href":"https:\/\/antijellyfishpool.com\/de\/wp-json\/wp\/v2\/product_tag?post=6960"}],"curies":[{"name":"wp","href":"https:\/\/api.w.org\/{rel}","templated":true}]}}