{"id":6912,"date":"2019-12-30T13:11:48","date_gmt":"2019-12-30T13:13:56","guid":{"rendered":"https:\/\/antijellyfishpool.com\/?post_type=product&#038;p=6912"},"modified":"2023-05-16T09:10:06","modified_gmt":"2023-05-16T09:10:06","slug":"pool-bag-dino-waschen-abtropfen-lassen-trocknen","status":"publish","type":"product","link":"https:\/\/antijellyfishpool.com\/de\/produkt\/pool-bag-dino-waschen-abtropfen-lassen-trocknen\/","title":{"rendered":"TOTAL BAG DINO (Waschen, Abtropfen Lassen &#038; Trocknen)"},"content":{"rendered":"","protected":false},"excerpt":{"rendered":"<p>F\u00fcr eine angenehme Handhabung und bessere Aufbewahrung Ihres Pools f\u00fcr die n\u00e4chsten Saisons empfehlen wir diesen Beutel nach jedem Gebrauch, der das Waschen, Abtropfen und Trocknen des Pools erleichtert, w\u00e4hrend er gleichzeitig vor Sonneneinstrahlung gesch\u00fctzt, scheuert und mit anderen Gegenst\u00e4nden verhakt wird w\u00e4hrend der Handhabung und Stauung<\/p>\n","protected":false},"featured_media":6880,"template":"","meta":[],"product_brand":[],"product_cat":[72],"product_tag":[],"class_list":{"0":"post-6912","1":"product","2":"type-product","3":"status-publish","4":"has-post-thumbnail","6":"product_cat-zubehoer-fuer-quallenpools","8":"first","9":"instock","10":"taxable","11":"shipping-taxable","12":"purchasable","13":"product-type-simple"},"yoast_head":"<!-- This site is optimized with the Yoast SEO plugin v26.6 - https:\/\/yoast.com\/wordpress\/plugins\/seo\/ -->\n<title>TOTAL BAG DINO (Waschen, Abtropfen Lassen &amp; Trocknen) - antijellyfishpool.com<\/title>\n<meta name=\"robots\" content=\"index, follow, max-snippet:-1, max-image-preview:large, max-video-preview:-1\" \/>\n<link rel=\"canonical\" href=\"https:\/\/antijellyfishpool.com\/produkt\/pool-bag-dino-wash-drain-dried\/\" \/>\n<meta property=\"og:locale\" content=\"de_DE\" \/>\n<meta property=\"og:type\" content=\"article\" \/>\n<meta property=\"og:title\" content=\"TOTAL BAG DINO (Waschen, Abtropfen Lassen &amp; Trocknen) - antijellyfishpool.com\" \/>\n<meta property=\"og:description\" content=\"F\u00fcr eine angenehme Handhabung und bessere Aufbewahrung Ihres Pools f\u00fcr die n\u00e4chsten Saisons empfehlen wir diesen Beutel nach jedem Gebrauch, der das Waschen, Abtropfen und Trocknen des Pools erleichtert, w\u00e4hrend er gleichzeitig vor Sonneneinstrahlung gesch\u00fctzt, scheuert und mit anderen Gegenst\u00e4nden verhakt wird w\u00e4hrend der Handhabung und Stauung\" \/>\n<meta property=\"og:url\" content=\"https:\/\/antijellyfishpool.com\/produkt\/pool-bag-dino-wash-drain-dried\/\" \/>\n<meta property=\"og:site_name\" content=\"antijellyfishpool.com\" \/>\n<meta property=\"article:modified_time\" content=\"2023-05-16T09:10:06+00:00\" \/>\n<meta property=\"og:image\" content=\"https:\/\/antijellyfishpool.com\/wp-content\/uploads\/2019\/12\/Bolsa-de-lavado-escurrido-y-secado.jpg\" \/>\n\t<meta property=\"og:image:width\" content=\"800\" \/>\n\t<meta property=\"og:image:height\" content=\"600\" \/>\n\t<meta property=\"og:image:type\" content=\"image\/jpeg\" \/>\n<meta name=\"twitter:card\" content=\"summary_large_image\" \/>\n<script type=\"application\/ld+json\" class=\"yoast-schema-graph\">{\"@context\":\"https:\/\/schema.org\",\"@graph\":[{\"@type\":\"WebPage\",\"@id\":\"https:\/\/antijellyfishpool.com\/produkt\/pool-bag-dino-wash-drain-dried\/\",\"url\":\"https:\/\/antijellyfishpool.com\/produkt\/pool-bag-dino-wash-drain-dried\/\",\"name\":\"TOTAL BAG DINO (Waschen, Abtropfen Lassen & Trocknen) - antijellyfishpool.com\",\"isPartOf\":{\"@id\":\"https:\/\/antijellyfishpool.com\/#website\"},\"primaryImageOfPage\":{\"@id\":\"https:\/\/antijellyfishpool.com\/produkt\/pool-bag-dino-wash-drain-dried\/#primaryimage\"},\"image\":{\"@id\":\"https:\/\/antijellyfishpool.com\/produkt\/pool-bag-dino-wash-drain-dried\/#primaryimage\"},\"thumbnailUrl\":\"https:\/\/antijellyfishpool.com\/wp-content\/uploads\/2019\/12\/Bolsa-de-lavado-escurrido-y-secado.jpg\",\"datePublished\":\"2019-12-30T13:13:56+00:00\",\"dateModified\":\"2023-05-16T09:10:06+00:00\",\"breadcrumb\":{\"@id\":\"https:\/\/antijellyfishpool.com\/produkt\/pool-bag-dino-wash-drain-dried\/#breadcrumb\"},\"inLanguage\":\"de\",\"potentialAction\":[{\"@type\":\"ReadAction\",\"target\":[\"https:\/\/antijellyfishpool.com\/produkt\/pool-bag-dino-wash-drain-dried\/\"]}]},{\"@type\":\"ImageObject\",\"inLanguage\":\"de\",\"@id\":\"https:\/\/antijellyfishpool.com\/produkt\/pool-bag-dino-wash-drain-dried\/#primaryimage\",\"url\":\"https:\/\/antijellyfishpool.com\/wp-content\/uploads\/2019\/12\/Bolsa-de-lavado-escurrido-y-secado.jpg\",\"contentUrl\":\"https:\/\/antijellyfishpool.com\/wp-content\/uploads\/2019\/12\/Bolsa-de-lavado-escurrido-y-secado.jpg\",\"width\":800,\"height\":600,\"caption\":\"Bolsa de lavado escurrido y secado\"},{\"@type\":\"BreadcrumbList\",\"@id\":\"https:\/\/antijellyfishpool.com\/produkt\/pool-bag-dino-wash-drain-dried\/#breadcrumb\",\"itemListElement\":[{\"@type\":\"ListItem\",\"position\":1,\"name\":\"Home\",\"item\":\"https:\/\/antijellyfishpool.com\/de\/\"},{\"@type\":\"ListItem\",\"position\":2,\"name\":\"Shop\",\"item\":\"https:\/\/antijellyfishpool.com\/de\/shop\/\"},{\"@type\":\"ListItem\",\"position\":3,\"name\":\"TOTAL BAG DINO (Waschen, Abtropfen Lassen &#038; Trocknen)\"}]},{\"@type\":\"WebSite\",\"@id\":\"https:\/\/antijellyfishpool.com\/#website\",\"url\":\"https:\/\/antijellyfishpool.com\/\",\"name\":\"antijellyfishpool.com\",\"description\":\"The best jellyfish protection pool system for boats\",\"potentialAction\":[{\"@type\":\"SearchAction\",\"target\":{\"@type\":\"EntryPoint\",\"urlTemplate\":\"https:\/\/antijellyfishpool.com\/?s={search_term_string}\"},\"query-input\":{\"@type\":\"PropertyValueSpecification\",\"valueRequired\":true,\"valueName\":\"search_term_string\"}}],\"inLanguage\":\"de\"}]}<\/script>\n<!-- \/ Yoast SEO plugin. -->","yoast_head_json":{"title":"TOTAL BAG DINO (Waschen, Abtropfen Lassen & Trocknen) - antijellyfishpool.com","robots":{"index":"index","follow":"follow","max-snippet":"max-snippet:-1","max-image-preview":"max-image-preview:large","max-video-preview":"max-video-preview:-1"},"canonical":"https:\/\/antijellyfishpool.com\/produkt\/pool-bag-dino-wash-drain-dried\/","og_locale":"de_DE","og_type":"article","og_title":"TOTAL BAG DINO (Waschen, Abtropfen Lassen & Trocknen) - antijellyfishpool.com","og_description":"F\u00fcr eine angenehme Handhabung und bessere Aufbewahrung Ihres Pools f\u00fcr die n\u00e4chsten Saisons empfehlen wir diesen Beutel nach jedem Gebrauch, der das Waschen, Abtropfen und Trocknen des Pools erleichtert, w\u00e4hrend er gleichzeitig vor Sonneneinstrahlung gesch\u00fctzt, scheuert und mit anderen Gegenst\u00e4nden verhakt wird w\u00e4hrend der Handhabung und Stauung","og_url":"https:\/\/antijellyfishpool.com\/produkt\/pool-bag-dino-wash-drain-dried\/","og_site_name":"antijellyfishpool.com","article_modified_time":"2023-05-16T09:10:06+00:00","og_image":[{"width":800,"height":600,"url":"https:\/\/antijellyfishpool.com\/wp-content\/uploads\/2019\/12\/Bolsa-de-lavado-escurrido-y-secado.jpg","type":"image\/jpeg"}],"twitter_card":"summary_large_image","schema":{"@context":"https:\/\/schema.org","@graph":[{"@type":"WebPage","@id":"https:\/\/antijellyfishpool.com\/produkt\/pool-bag-dino-wash-drain-dried\/","url":"https:\/\/antijellyfishpool.com\/produkt\/pool-bag-dino-wash-drain-dried\/","name":"TOTAL BAG DINO (Waschen, Abtropfen Lassen & Trocknen) - antijellyfishpool.com","isPartOf":{"@id":"https:\/\/antijellyfishpool.com\/#website"},"primaryImageOfPage":{"@id":"https:\/\/antijellyfishpool.com\/produkt\/pool-bag-dino-wash-drain-dried\/#primaryimage"},"image":{"@id":"https:\/\/antijellyfishpool.com\/produkt\/pool-bag-dino-wash-drain-dried\/#primaryimage"},"thumbnailUrl":"https:\/\/antijellyfishpool.com\/wp-content\/uploads\/2019\/12\/Bolsa-de-lavado-escurrido-y-secado.jpg","datePublished":"2019-12-30T13:13:56+00:00","dateModified":"2023-05-16T09:10:06+00:00","breadcrumb":{"@id":"https:\/\/antijellyfishpool.com\/produkt\/pool-bag-dino-wash-drain-dried\/#breadcrumb"},"inLanguage":"de","potentialAction":[{"@type":"ReadAction","target":["https:\/\/antijellyfishpool.com\/produkt\/pool-bag-dino-wash-drain-dried\/"]}]},{"@type":"ImageObject","inLanguage":"de","@id":"https:\/\/antijellyfishpool.com\/produkt\/pool-bag-dino-wash-drain-dried\/#primaryimage","url":"https:\/\/antijellyfishpool.com\/wp-content\/uploads\/2019\/12\/Bolsa-de-lavado-escurrido-y-secado.jpg","contentUrl":"https:\/\/antijellyfishpool.com\/wp-content\/uploads\/2019\/12\/Bolsa-de-lavado-escurrido-y-secado.jpg","width":800,"height":600,"caption":"Bolsa de lavado escurrido y secado"},{"@type":"BreadcrumbList","@id":"https:\/\/antijellyfishpool.com\/produkt\/pool-bag-dino-wash-drain-dried\/#breadcrumb","itemListElement":[{"@type":"ListItem","position":1,"name":"Home","item":"https:\/\/antijellyfishpool.com\/de\/"},{"@type":"ListItem","position":2,"name":"Shop","item":"https:\/\/antijellyfishpool.com\/de\/shop\/"},{"@type":"ListItem","position":3,"name":"TOTAL BAG DINO (Waschen, Abtropfen Lassen &#038; Trocknen)"}]},{"@type":"WebSite","@id":"https:\/\/antijellyfishpool.com\/#website","url":"https:\/\/antijellyfishpool.com\/","name":"antijellyfishpool.com","description":"The best jellyfish protection pool system for boats","potentialAction":[{"@type":"SearchAction","target":{"@type":"EntryPoint","urlTemplate":"https:\/\/antijellyfishpool.com\/?s={search_term_string}"},"query-input":{"@type":"PropertyValueSpecification","valueRequired":true,"valueName":"search_term_string"}}],"inLanguage":"de"}]}},"_links":{"self":[{"href":"https:\/\/antijellyfishpool.com\/de\/wp-json\/wp\/v2\/product\/6912","targetHints":{"allow":["GET"]}}],"collection":[{"href":"https:\/\/antijellyfishpool.com\/de\/wp-json\/wp\/v2\/product"}],"about":[{"href":"https:\/\/antijellyfishpool.com\/de\/wp-json\/wp\/v2\/types\/product"}],"wp:featuredmedia":[{"embeddable":true,"href":"https:\/\/antijellyfishpool.com\/de\/wp-json\/wp\/v2\/media\/6880"}],"wp:attachment":[{"href":"https:\/\/antijellyfishpool.com\/de\/wp-json\/wp\/v2\/media?parent=6912"}],"wp:term":[{"taxonomy":"product_brand","embeddable":true,"href":"https:\/\/antijellyfishpool.com\/de\/wp-json\/wp\/v2\/product_brand?post=6912"},{"taxonomy":"product_cat","embeddable":true,"href":"https:\/\/antijellyfishpool.com\/de\/wp-json\/wp\/v2\/product_cat?post=6912"},{"taxonomy":"product_tag","embeddable":true,"href":"https:\/\/antijellyfishpool.com\/de\/wp-json\/wp\/v2\/product_tag?post=6912"}],"curies":[{"name":"wp","href":"https:\/\/api.w.org\/{rel}","templated":true}]}}