{"id":6818,"date":"2019-06-20T11:47:55","date_gmt":"2019-11-20T11:47:55","guid":{"rendered":"https:\/\/antijellyfishpool.com\/?post_type=product&#038;p=6818"},"modified":"2020-04-18T13:15:48","modified_gmt":"2020-04-18T13:15:48","slug":"quallenschutz-nach-mass-schwimmbecken","status":"publish","type":"product","link":"https:\/\/antijellyfishpool.com\/de\/produkt\/quallenschutz-nach-mass-schwimmbecken\/","title":{"rendered":"MODELL JUMBO\u00a0"},"content":{"rendered":"","protected":false},"excerpt":{"rendered":"<p>Wir bauen Schwimmb\u00e4der nach speziellen Anforderungen. Wir haben L\u00f6sungen f\u00fcr Spielpl\u00e4tze, Str\u00e4nde und Beach Clubs. Wenn Sie ein ausgearbeitetes Projekt haben, Kontakten Sie uns.<\/p>\n","protected":false},"featured_media":6827,"template":"","meta":[],"product_brand":[],"product_cat":[91,133],"product_tag":[],"class_list":{"0":"post-6818","1":"product","2":"type-product","3":"status-publish","4":"has-post-thumbnail","6":"product_cat-kundenspezifische-loesungen-zum-schutz-von-quallen","7":"product_cat-kundenspezifische-produkte","9":"first","10":"instock","11":"taxable","12":"shipping-taxable","13":"purchasable","14":"product-type-simple"},"yoast_head":"<!-- This site is optimized with the Yoast SEO plugin v26.6 - https:\/\/yoast.com\/wordpress\/plugins\/seo\/ -->\n<title>MODELL JUMBO\u00a0 - antijellyfishpool.com<\/title>\n<meta name=\"robots\" content=\"index, follow, max-snippet:-1, max-image-preview:large, max-video-preview:-1\" \/>\n<link rel=\"canonical\" href=\"https:\/\/antijellyfishpool.com\/produkt\/custom-floating-pool-jellyfish-protection\/\" \/>\n<meta property=\"og:locale\" content=\"de_DE\" \/>\n<meta property=\"og:type\" content=\"article\" \/>\n<meta property=\"og:title\" content=\"MODELL JUMBO\u00a0 - antijellyfishpool.com\" \/>\n<meta property=\"og:description\" content=\"Wir bauen Schwimmb\u00e4der nach speziellen Anforderungen. Wir haben L\u00f6sungen f\u00fcr Spielpl\u00e4tze, Str\u00e4nde und Beach Clubs. Wenn Sie ein ausgearbeitetes Projekt haben, Kontakten Sie uns.\" \/>\n<meta property=\"og:url\" content=\"https:\/\/antijellyfishpool.com\/produkt\/custom-floating-pool-jellyfish-protection\/\" \/>\n<meta property=\"og:site_name\" content=\"antijellyfishpool.com\" \/>\n<meta property=\"article:modified_time\" content=\"2020-04-18T13:15:48+00:00\" \/>\n<meta property=\"og:image\" content=\"https:\/\/antijellyfishpool.com\/wp-content\/uploads\/2019\/11\/Pisicna-anti-medusas-de-medidas-especiales.jpg\" \/>\n\t<meta property=\"og:image:width\" content=\"800\" \/>\n\t<meta property=\"og:image:height\" content=\"534\" \/>\n\t<meta property=\"og:image:type\" content=\"image\/jpeg\" \/>\n<meta name=\"twitter:card\" content=\"summary_large_image\" \/>\n<script type=\"application\/ld+json\" class=\"yoast-schema-graph\">{\"@context\":\"https:\/\/schema.org\",\"@graph\":[{\"@type\":\"WebPage\",\"@id\":\"https:\/\/antijellyfishpool.com\/produkt\/custom-floating-pool-jellyfish-protection\/\",\"url\":\"https:\/\/antijellyfishpool.com\/produkt\/custom-floating-pool-jellyfish-protection\/\",\"name\":\"MODELL JUMBO\u00a0 - antijellyfishpool.com\",\"isPartOf\":{\"@id\":\"https:\/\/antijellyfishpool.com\/#website\"},\"primaryImageOfPage\":{\"@id\":\"https:\/\/antijellyfishpool.com\/produkt\/custom-floating-pool-jellyfish-protection\/#primaryimage\"},\"image\":{\"@id\":\"https:\/\/antijellyfishpool.com\/produkt\/custom-floating-pool-jellyfish-protection\/#primaryimage\"},\"thumbnailUrl\":\"https:\/\/antijellyfishpool.com\/wp-content\/uploads\/2019\/11\/Pisicna-anti-medusas-de-medidas-especiales.jpg\",\"datePublished\":\"2019-11-20T11:47:55+00:00\",\"dateModified\":\"2020-04-18T13:15:48+00:00\",\"breadcrumb\":{\"@id\":\"https:\/\/antijellyfishpool.com\/produkt\/custom-floating-pool-jellyfish-protection\/#breadcrumb\"},\"inLanguage\":\"de\",\"potentialAction\":[{\"@type\":\"ReadAction\",\"target\":[\"https:\/\/antijellyfishpool.com\/produkt\/custom-floating-pool-jellyfish-protection\/\"]}]},{\"@type\":\"ImageObject\",\"inLanguage\":\"de\",\"@id\":\"https:\/\/antijellyfishpool.com\/produkt\/custom-floating-pool-jellyfish-protection\/#primaryimage\",\"url\":\"https:\/\/antijellyfishpool.com\/wp-content\/uploads\/2019\/11\/Pisicna-anti-medusas-de-medidas-especiales.jpg\",\"contentUrl\":\"https:\/\/antijellyfishpool.com\/wp-content\/uploads\/2019\/11\/Pisicna-anti-medusas-de-medidas-especiales.jpg\",\"width\":800,\"height\":534,\"caption\":\"Pisicna anti medusas de medidas especiales\"},{\"@type\":\"BreadcrumbList\",\"@id\":\"https:\/\/antijellyfishpool.com\/produkt\/custom-floating-pool-jellyfish-protection\/#breadcrumb\",\"itemListElement\":[{\"@type\":\"ListItem\",\"position\":1,\"name\":\"Home\",\"item\":\"https:\/\/antijellyfishpool.com\/de\/\"},{\"@type\":\"ListItem\",\"position\":2,\"name\":\"Shop\",\"item\":\"https:\/\/antijellyfishpool.com\/de\/shop\/\"},{\"@type\":\"ListItem\",\"position\":3,\"name\":\"MODELL JUMBO\u00a0\"}]},{\"@type\":\"WebSite\",\"@id\":\"https:\/\/antijellyfishpool.com\/#website\",\"url\":\"https:\/\/antijellyfishpool.com\/\",\"name\":\"antijellyfishpool.com\",\"description\":\"The best jellyfish protection pool system for boats\",\"potentialAction\":[{\"@type\":\"SearchAction\",\"target\":{\"@type\":\"EntryPoint\",\"urlTemplate\":\"https:\/\/antijellyfishpool.com\/?s={search_term_string}\"},\"query-input\":{\"@type\":\"PropertyValueSpecification\",\"valueRequired\":true,\"valueName\":\"search_term_string\"}}],\"inLanguage\":\"de\"}]}<\/script>\n<!-- \/ Yoast SEO plugin. -->","yoast_head_json":{"title":"MODELL JUMBO\u00a0 - antijellyfishpool.com","robots":{"index":"index","follow":"follow","max-snippet":"max-snippet:-1","max-image-preview":"max-image-preview:large","max-video-preview":"max-video-preview:-1"},"canonical":"https:\/\/antijellyfishpool.com\/produkt\/custom-floating-pool-jellyfish-protection\/","og_locale":"de_DE","og_type":"article","og_title":"MODELL JUMBO\u00a0 - antijellyfishpool.com","og_description":"Wir bauen Schwimmb\u00e4der nach speziellen Anforderungen. Wir haben L\u00f6sungen f\u00fcr Spielpl\u00e4tze, Str\u00e4nde und Beach Clubs. Wenn Sie ein ausgearbeitetes Projekt haben, Kontakten Sie uns.","og_url":"https:\/\/antijellyfishpool.com\/produkt\/custom-floating-pool-jellyfish-protection\/","og_site_name":"antijellyfishpool.com","article_modified_time":"2020-04-18T13:15:48+00:00","og_image":[{"width":800,"height":534,"url":"https:\/\/antijellyfishpool.com\/wp-content\/uploads\/2019\/11\/Pisicna-anti-medusas-de-medidas-especiales.jpg","type":"image\/jpeg"}],"twitter_card":"summary_large_image","schema":{"@context":"https:\/\/schema.org","@graph":[{"@type":"WebPage","@id":"https:\/\/antijellyfishpool.com\/produkt\/custom-floating-pool-jellyfish-protection\/","url":"https:\/\/antijellyfishpool.com\/produkt\/custom-floating-pool-jellyfish-protection\/","name":"MODELL JUMBO\u00a0 - antijellyfishpool.com","isPartOf":{"@id":"https:\/\/antijellyfishpool.com\/#website"},"primaryImageOfPage":{"@id":"https:\/\/antijellyfishpool.com\/produkt\/custom-floating-pool-jellyfish-protection\/#primaryimage"},"image":{"@id":"https:\/\/antijellyfishpool.com\/produkt\/custom-floating-pool-jellyfish-protection\/#primaryimage"},"thumbnailUrl":"https:\/\/antijellyfishpool.com\/wp-content\/uploads\/2019\/11\/Pisicna-anti-medusas-de-medidas-especiales.jpg","datePublished":"2019-11-20T11:47:55+00:00","dateModified":"2020-04-18T13:15:48+00:00","breadcrumb":{"@id":"https:\/\/antijellyfishpool.com\/produkt\/custom-floating-pool-jellyfish-protection\/#breadcrumb"},"inLanguage":"de","potentialAction":[{"@type":"ReadAction","target":["https:\/\/antijellyfishpool.com\/produkt\/custom-floating-pool-jellyfish-protection\/"]}]},{"@type":"ImageObject","inLanguage":"de","@id":"https:\/\/antijellyfishpool.com\/produkt\/custom-floating-pool-jellyfish-protection\/#primaryimage","url":"https:\/\/antijellyfishpool.com\/wp-content\/uploads\/2019\/11\/Pisicna-anti-medusas-de-medidas-especiales.jpg","contentUrl":"https:\/\/antijellyfishpool.com\/wp-content\/uploads\/2019\/11\/Pisicna-anti-medusas-de-medidas-especiales.jpg","width":800,"height":534,"caption":"Pisicna anti medusas de medidas especiales"},{"@type":"BreadcrumbList","@id":"https:\/\/antijellyfishpool.com\/produkt\/custom-floating-pool-jellyfish-protection\/#breadcrumb","itemListElement":[{"@type":"ListItem","position":1,"name":"Home","item":"https:\/\/antijellyfishpool.com\/de\/"},{"@type":"ListItem","position":2,"name":"Shop","item":"https:\/\/antijellyfishpool.com\/de\/shop\/"},{"@type":"ListItem","position":3,"name":"MODELL JUMBO\u00a0"}]},{"@type":"WebSite","@id":"https:\/\/antijellyfishpool.com\/#website","url":"https:\/\/antijellyfishpool.com\/","name":"antijellyfishpool.com","description":"The best jellyfish protection pool system for boats","potentialAction":[{"@type":"SearchAction","target":{"@type":"EntryPoint","urlTemplate":"https:\/\/antijellyfishpool.com\/?s={search_term_string}"},"query-input":{"@type":"PropertyValueSpecification","valueRequired":true,"valueName":"search_term_string"}}],"inLanguage":"de"}]}},"_links":{"self":[{"href":"https:\/\/antijellyfishpool.com\/de\/wp-json\/wp\/v2\/product\/6818","targetHints":{"allow":["GET"]}}],"collection":[{"href":"https:\/\/antijellyfishpool.com\/de\/wp-json\/wp\/v2\/product"}],"about":[{"href":"https:\/\/antijellyfishpool.com\/de\/wp-json\/wp\/v2\/types\/product"}],"wp:featuredmedia":[{"embeddable":true,"href":"https:\/\/antijellyfishpool.com\/de\/wp-json\/wp\/v2\/media\/6827"}],"wp:attachment":[{"href":"https:\/\/antijellyfishpool.com\/de\/wp-json\/wp\/v2\/media?parent=6818"}],"wp:term":[{"taxonomy":"product_brand","embeddable":true,"href":"https:\/\/antijellyfishpool.com\/de\/wp-json\/wp\/v2\/product_brand?post=6818"},{"taxonomy":"product_cat","embeddable":true,"href":"https:\/\/antijellyfishpool.com\/de\/wp-json\/wp\/v2\/product_cat?post=6818"},{"taxonomy":"product_tag","embeddable":true,"href":"https:\/\/antijellyfishpool.com\/de\/wp-json\/wp\/v2\/product_tag?post=6818"}],"curies":[{"name":"wp","href":"https:\/\/api.w.org\/{rel}","templated":true}]}}