{"id":6322,"date":"2017-05-31T14:48:43","date_gmt":"2019-05-31T14:48:43","guid":{"rendered":"https:\/\/antijellyfishpool.com\/product\/personalize-your-pool\/"},"modified":"2020-04-19T13:40:05","modified_gmt":"2020-04-19T13:40:05","slug":"personifizieren-sie-die-farbe-ihres-pools","status":"publish","type":"product","link":"https:\/\/antijellyfishpool.com\/de\/produkt\/personifizieren-sie-die-farbe-ihres-pools\/","title":{"rendered":"PERSONIFIZIEREN SIE DIE FARBE IHRES POOLS"},"content":{"rendered":"","protected":false},"excerpt":{"rendered":"<p><span class=\"tlid-translation translation\" lang=\"de\"><span class=\"\" title=\"\">Orange ist die Standardfarbe der Becken, die f\u00fcr die Sicherheitsvorrichtungen der Boote verwendet wird.<\/span> <span title=\"\">Optional ist eine gro\u00dfe Auswahl an Farben erh\u00e4ltlich, mit denen Sie Ihren Pool individuell gestalten k\u00f6nnen.<\/span> <span title=\"\">Sie k\u00f6nnen Ihren Pool zum Beispiel in der gleichen Farbe wie den Rumpf Ihres Bootes bestellen.<\/span> <span title=\"\">Sobald wir Ihre Bestellung erhalten haben, werden wir Sie kontaktieren, um Ihre gew\u00e4hlte Farbe zu \u00fcberpr\u00fcfen.<\/span><\/span><\/p>\n","protected":false},"featured_media":6320,"template":"","meta":[],"product_brand":[],"product_cat":[72],"product_tag":[],"class_list":{"0":"post-6322","1":"product","2":"type-product","3":"status-publish","4":"has-post-thumbnail","6":"product_cat-zubehoer-fuer-quallenpools","8":"first","9":"instock","10":"taxable","11":"shipping-taxable","12":"purchasable","13":"product-type-simple"},"yoast_head":"<!-- This site is optimized with the Yoast SEO plugin v26.6 - https:\/\/yoast.com\/wordpress\/plugins\/seo\/ -->\n<title>PERSONIFIZIEREN SIE DIE FARBE IHRES POOLS - antijellyfishpool.com<\/title>\n<meta name=\"robots\" content=\"index, follow, max-snippet:-1, max-image-preview:large, max-video-preview:-1\" \/>\n<link rel=\"canonical\" href=\"https:\/\/antijellyfishpool.com\/produkt\/personalize-your-antijellyfish-pool\/\" \/>\n<meta property=\"og:locale\" content=\"de_DE\" \/>\n<meta property=\"og:type\" content=\"article\" \/>\n<meta property=\"og:title\" content=\"PERSONIFIZIEREN SIE DIE FARBE IHRES POOLS - antijellyfishpool.com\" \/>\n<meta property=\"og:description\" content=\"Orange ist die Standardfarbe der Becken, die f\u00fcr die Sicherheitsvorrichtungen der Boote verwendet wird. Optional ist eine gro\u00dfe Auswahl an Farben erh\u00e4ltlich, mit denen Sie Ihren Pool individuell gestalten k\u00f6nnen. Sie k\u00f6nnen Ihren Pool zum Beispiel in der gleichen Farbe wie den Rumpf Ihres Bootes bestellen. Sobald wir Ihre Bestellung erhalten haben, werden wir Sie kontaktieren, um Ihre gew\u00e4hlte Farbe zu \u00fcberpr\u00fcfen.\" \/>\n<meta property=\"og:url\" content=\"https:\/\/antijellyfishpool.com\/produkt\/personalize-your-antijellyfish-pool\/\" \/>\n<meta property=\"og:site_name\" content=\"antijellyfishpool.com\" \/>\n<meta property=\"article:modified_time\" content=\"2020-04-19T13:40:05+00:00\" \/>\n<meta property=\"og:image\" content=\"https:\/\/antijellyfishpool.com\/wp-content\/uploads\/2019\/05\/gama-de-colores-low.jpg\" \/>\n\t<meta property=\"og:image:width\" content=\"800\" \/>\n\t<meta property=\"og:image:height\" content=\"600\" \/>\n\t<meta property=\"og:image:type\" content=\"image\/jpeg\" \/>\n<meta name=\"twitter:card\" content=\"summary_large_image\" \/>\n<script type=\"application\/ld+json\" class=\"yoast-schema-graph\">{\"@context\":\"https:\/\/schema.org\",\"@graph\":[{\"@type\":\"WebPage\",\"@id\":\"https:\/\/antijellyfishpool.com\/produkt\/personalize-your-antijellyfish-pool\/\",\"url\":\"https:\/\/antijellyfishpool.com\/produkt\/personalize-your-antijellyfish-pool\/\",\"name\":\"PERSONIFIZIEREN SIE DIE FARBE IHRES POOLS - antijellyfishpool.com\",\"isPartOf\":{\"@id\":\"https:\/\/antijellyfishpool.com\/#website\"},\"primaryImageOfPage\":{\"@id\":\"https:\/\/antijellyfishpool.com\/produkt\/personalize-your-antijellyfish-pool\/#primaryimage\"},\"image\":{\"@id\":\"https:\/\/antijellyfishpool.com\/produkt\/personalize-your-antijellyfish-pool\/#primaryimage\"},\"thumbnailUrl\":\"https:\/\/antijellyfishpool.com\/wp-content\/uploads\/2019\/05\/gama-de-colores-low.jpg\",\"datePublished\":\"2019-05-31T14:48:43+00:00\",\"dateModified\":\"2020-04-19T13:40:05+00:00\",\"breadcrumb\":{\"@id\":\"https:\/\/antijellyfishpool.com\/produkt\/personalize-your-antijellyfish-pool\/#breadcrumb\"},\"inLanguage\":\"de\",\"potentialAction\":[{\"@type\":\"ReadAction\",\"target\":[\"https:\/\/antijellyfishpool.com\/produkt\/personalize-your-antijellyfish-pool\/\"]}]},{\"@type\":\"ImageObject\",\"inLanguage\":\"de\",\"@id\":\"https:\/\/antijellyfishpool.com\/produkt\/personalize-your-antijellyfish-pool\/#primaryimage\",\"url\":\"https:\/\/antijellyfishpool.com\/wp-content\/uploads\/2019\/05\/gama-de-colores-low.jpg\",\"contentUrl\":\"https:\/\/antijellyfishpool.com\/wp-content\/uploads\/2019\/05\/gama-de-colores-low.jpg\",\"width\":800,\"height\":600,\"caption\":\"gama de colores low\"},{\"@type\":\"BreadcrumbList\",\"@id\":\"https:\/\/antijellyfishpool.com\/produkt\/personalize-your-antijellyfish-pool\/#breadcrumb\",\"itemListElement\":[{\"@type\":\"ListItem\",\"position\":1,\"name\":\"Home\",\"item\":\"https:\/\/antijellyfishpool.com\/de\/\"},{\"@type\":\"ListItem\",\"position\":2,\"name\":\"Shop\",\"item\":\"https:\/\/antijellyfishpool.com\/de\/shop\/\"},{\"@type\":\"ListItem\",\"position\":3,\"name\":\"PERSONIFIZIEREN SIE DIE FARBE IHRES POOLS\"}]},{\"@type\":\"WebSite\",\"@id\":\"https:\/\/antijellyfishpool.com\/#website\",\"url\":\"https:\/\/antijellyfishpool.com\/\",\"name\":\"antijellyfishpool.com\",\"description\":\"The best jellyfish protection pool system for boats\",\"potentialAction\":[{\"@type\":\"SearchAction\",\"target\":{\"@type\":\"EntryPoint\",\"urlTemplate\":\"https:\/\/antijellyfishpool.com\/?s={search_term_string}\"},\"query-input\":{\"@type\":\"PropertyValueSpecification\",\"valueRequired\":true,\"valueName\":\"search_term_string\"}}],\"inLanguage\":\"de\"}]}<\/script>\n<!-- \/ Yoast SEO plugin. -->","yoast_head_json":{"title":"PERSONIFIZIEREN SIE DIE FARBE IHRES POOLS - antijellyfishpool.com","robots":{"index":"index","follow":"follow","max-snippet":"max-snippet:-1","max-image-preview":"max-image-preview:large","max-video-preview":"max-video-preview:-1"},"canonical":"https:\/\/antijellyfishpool.com\/produkt\/personalize-your-antijellyfish-pool\/","og_locale":"de_DE","og_type":"article","og_title":"PERSONIFIZIEREN SIE DIE FARBE IHRES POOLS - antijellyfishpool.com","og_description":"Orange ist die Standardfarbe der Becken, die f\u00fcr die Sicherheitsvorrichtungen der Boote verwendet wird. Optional ist eine gro\u00dfe Auswahl an Farben erh\u00e4ltlich, mit denen Sie Ihren Pool individuell gestalten k\u00f6nnen. Sie k\u00f6nnen Ihren Pool zum Beispiel in der gleichen Farbe wie den Rumpf Ihres Bootes bestellen. Sobald wir Ihre Bestellung erhalten haben, werden wir Sie kontaktieren, um Ihre gew\u00e4hlte Farbe zu \u00fcberpr\u00fcfen.","og_url":"https:\/\/antijellyfishpool.com\/produkt\/personalize-your-antijellyfish-pool\/","og_site_name":"antijellyfishpool.com","article_modified_time":"2020-04-19T13:40:05+00:00","og_image":[{"width":800,"height":600,"url":"https:\/\/antijellyfishpool.com\/wp-content\/uploads\/2019\/05\/gama-de-colores-low.jpg","type":"image\/jpeg"}],"twitter_card":"summary_large_image","schema":{"@context":"https:\/\/schema.org","@graph":[{"@type":"WebPage","@id":"https:\/\/antijellyfishpool.com\/produkt\/personalize-your-antijellyfish-pool\/","url":"https:\/\/antijellyfishpool.com\/produkt\/personalize-your-antijellyfish-pool\/","name":"PERSONIFIZIEREN SIE DIE FARBE IHRES POOLS - antijellyfishpool.com","isPartOf":{"@id":"https:\/\/antijellyfishpool.com\/#website"},"primaryImageOfPage":{"@id":"https:\/\/antijellyfishpool.com\/produkt\/personalize-your-antijellyfish-pool\/#primaryimage"},"image":{"@id":"https:\/\/antijellyfishpool.com\/produkt\/personalize-your-antijellyfish-pool\/#primaryimage"},"thumbnailUrl":"https:\/\/antijellyfishpool.com\/wp-content\/uploads\/2019\/05\/gama-de-colores-low.jpg","datePublished":"2019-05-31T14:48:43+00:00","dateModified":"2020-04-19T13:40:05+00:00","breadcrumb":{"@id":"https:\/\/antijellyfishpool.com\/produkt\/personalize-your-antijellyfish-pool\/#breadcrumb"},"inLanguage":"de","potentialAction":[{"@type":"ReadAction","target":["https:\/\/antijellyfishpool.com\/produkt\/personalize-your-antijellyfish-pool\/"]}]},{"@type":"ImageObject","inLanguage":"de","@id":"https:\/\/antijellyfishpool.com\/produkt\/personalize-your-antijellyfish-pool\/#primaryimage","url":"https:\/\/antijellyfishpool.com\/wp-content\/uploads\/2019\/05\/gama-de-colores-low.jpg","contentUrl":"https:\/\/antijellyfishpool.com\/wp-content\/uploads\/2019\/05\/gama-de-colores-low.jpg","width":800,"height":600,"caption":"gama de colores low"},{"@type":"BreadcrumbList","@id":"https:\/\/antijellyfishpool.com\/produkt\/personalize-your-antijellyfish-pool\/#breadcrumb","itemListElement":[{"@type":"ListItem","position":1,"name":"Home","item":"https:\/\/antijellyfishpool.com\/de\/"},{"@type":"ListItem","position":2,"name":"Shop","item":"https:\/\/antijellyfishpool.com\/de\/shop\/"},{"@type":"ListItem","position":3,"name":"PERSONIFIZIEREN SIE DIE FARBE IHRES POOLS"}]},{"@type":"WebSite","@id":"https:\/\/antijellyfishpool.com\/#website","url":"https:\/\/antijellyfishpool.com\/","name":"antijellyfishpool.com","description":"The best jellyfish protection pool system for boats","potentialAction":[{"@type":"SearchAction","target":{"@type":"EntryPoint","urlTemplate":"https:\/\/antijellyfishpool.com\/?s={search_term_string}"},"query-input":{"@type":"PropertyValueSpecification","valueRequired":true,"valueName":"search_term_string"}}],"inLanguage":"de"}]}},"_links":{"self":[{"href":"https:\/\/antijellyfishpool.com\/de\/wp-json\/wp\/v2\/product\/6322","targetHints":{"allow":["GET"]}}],"collection":[{"href":"https:\/\/antijellyfishpool.com\/de\/wp-json\/wp\/v2\/product"}],"about":[{"href":"https:\/\/antijellyfishpool.com\/de\/wp-json\/wp\/v2\/types\/product"}],"wp:featuredmedia":[{"embeddable":true,"href":"https:\/\/antijellyfishpool.com\/de\/wp-json\/wp\/v2\/media\/6320"}],"wp:attachment":[{"href":"https:\/\/antijellyfishpool.com\/de\/wp-json\/wp\/v2\/media?parent=6322"}],"wp:term":[{"taxonomy":"product_brand","embeddable":true,"href":"https:\/\/antijellyfishpool.com\/de\/wp-json\/wp\/v2\/product_brand?post=6322"},{"taxonomy":"product_cat","embeddable":true,"href":"https:\/\/antijellyfishpool.com\/de\/wp-json\/wp\/v2\/product_cat?post=6322"},{"taxonomy":"product_tag","embeddable":true,"href":"https:\/\/antijellyfishpool.com\/de\/wp-json\/wp\/v2\/product_tag?post=6322"}],"curies":[{"name":"wp","href":"https:\/\/api.w.org\/{rel}","templated":true}]}}