{"id":6107,"date":"2019-01-14T16:28:49","date_gmt":"2019-01-14T16:28:49","guid":{"rendered":"https:\/\/antijellyfishpool.com\/warranty\/"},"modified":"2019-01-21T12:47:56","modified_gmt":"2019-01-21T12:47:56","slug":"gewaehrleistung","status":"publish","type":"page","link":"https:\/\/antijellyfishpool.com\/de\/gewaehrleistung\/","title":{"rendered":"Gewaehrleistung"},"content":{"rendered":"<p>Der OCEANDREAMS-Pool hat ab Kaufdatum eine eingeschr\u00e4nkte Garantie von zwei Jahr gegen Material- und Verarbeitungsfehler. Es besteht keine Gew\u00e4hr f\u00fcr Pannen, Abnutzung, Vewrblassen des Materials oder Sch\u00e4den aufgrund von \u00dcberdruck. Diese Garantie deckt keine zuf\u00e4lligen oder Folgesch\u00e4den aufgrund der Benutzung des Pools ab.<strong>\u00a0<\/strong><\/p>\n<p><strong>\u00a0<\/strong><\/p>\n<p><strong>\u00a0<\/strong><strong>WE BRECHEN AUF, POOL REIN!<\/strong><\/p>\n<p>Um den Pool reinzuholen, entfernen Sie zuerst die Festmacherleine von der Badeleiter. Wir nehmen die Badeleiter aus dem Pool.<\/p>\n<p>Wir entfernen die Schutzstopfen von den Luftventilen und bringen die Ventile in die ge\u00f6ffnete Position. Der Pool beginnt sich zu entleeren.<\/p>\n<p>Schritt f\u00fcr Schritt nehmen wir den Pool aus dem Wasser und lassen das Wasser durch das Netz auslaufen.<\/p>\n<p>Es ist immer besser, den OCEANDREAMS-Pool ca. 15 Minuten drau\u00dfen in der Sonnen zu trocknen, um ihn dann bis zur n\u00e4chsten Verwendung aufzubewahren. Wenn Sie sich zur\u00fcck am \u00a0Liegeplatz befinden, m\u00fcssen Sie das Salz mit einem Frischwasserschlauch entfernen.<\/p>\n<p>&nbsp;<\/p>\n<p><strong>POOL INSTANDHALTUNG UND PFLEGE<\/strong><\/p>\n<p>Bevor Sie Ihren Pool lagern, sp\u00fclen Sie ihn reichlich mit frischem Wasser aus und lassen Sie ihn vollst\u00e4ndig in der Sonne trocknen.<\/p>\n<p>Um ihn zusammenzufalten, legen Sie das Becken auf eine freie Oberfl\u00e4che, \u00f6ffnen Sie die Ventile und rollen Sie das Becken an den langen Seiten auf. Lassen Sie die Seite frei, und die Ventile k\u00f6nnen frei bleiben, um die verbleibende Luft im Schwimmer abzulassen. Nehmen Sie von Zeit zu Zeit das Netz, um weiterzurollen.<\/p>\n<p>Nach Fertigstellung und vollst\u00e4ndigem Aufrollen, bringen wir die Luftventile zur Lagerung wieder in die geschlossene Position und bringen die Schutzstopfen der Ventile an.<\/p>\n<p>Wir st\u00fclpen das Netz \u00fcber die Ventile, um sie zu sch\u00fctzen und stecken den Pool in die Tasche.<\/p>\n<p>Es ist bereit zum Einlagern!<\/p>\n<p><strong>\u00a0<\/strong><\/p>\n<p><strong>GARANTIE, WARNUNGEN UND WICHTIGE INFORMATIONEN<\/strong><\/p>\n<p>&nbsp;<\/p>\n<p>WARNUNG:<br \/>\nDer OCEANDREAMS-Pool muss verantwortungsvoll genutzt werden, da es zu Verletzungen kommen kann, wenn die erforderliche Vorsichtsma\u00dfnahmen nicht getroffen werden. Der Kapit\u00e4n des Bootes sollte Crew und G\u00e4ste, insbesondere Kinder, warnen, auf keinen Fall in den Pool zu tauchen oder zu springen. Verwenden Sie insbesondere immer eine Badeleiter und springen Sie niemals vom Boot zum Pool, da es geschehen kann, auf eine andere Person zu fallen, auszurutschen oder sogar auf den Meeresboden zu schlagen. Pools sind nicht sicher zum Tauchen und wenn der Tidengrund in der Tiefe zu unterschiedlich ist, kann dies zu schweren Verletzungen f\u00fchren.<\/p>\n<p>&nbsp;<\/p>\n<p>WARNUNG:<br \/>\nUnter keinen Umst\u00e4nden d\u00fcrfen die Bootsmotoren laufen, w\u00e4hrend sich der Pool im Wasser befindet. Das Netz k\u00f6nnte sich im Propeller verfangen, sich selbst zerst\u00f6ren und den Schwimmern Verletzungen zuf\u00fcgen.<\/p>\n<p>Die Pools ben\u00f6tigen nur 3-4 psi, um gut aufgeblasen zu sein. Sie sollten mit einer stehenden Luftpumpe aufgeblasen werden.<\/p>\n<p>Es ist leicht, diesen Druck zu \u00fcbersteigen, wenn wir ihn mit einem Kompressor aufblasen. Bei Verwendung eines Kompressors erlischt die Garantie f\u00fcr den Pool.<\/p>\n<p>Dieses Produkt darf niemals von Kindern verwendet werden, es sei denn unter der Aufsicht eines Erwachsenen.<\/p>\n<p>Dieses Produkt ist keine pers\u00f6nliche Schwimmhilfe<br \/>\nPersonen, die zum Schwimmen eine pers\u00f6nliche Schwimmhilfe ben\u00f6tigen, m\u00fcssen eine Schwimmhilfe im Pool tragen.<\/p>\n<p>Holen Sie den Pool vor jedem Sturm heraus.<\/p>\n<p>Lesen Sie diese Anweisungen vor der Verwendung<\/p>\n<p><strong>EINGESCHR\u00c4NKTE GARANTIE<\/strong><\/p>\n<p>Der Pool hat eine einj\u00e4hrige Garantie auf Material- und Verarbeitungsfehler. Es wird keine Garantie gegen Durchstiche, Br\u00fcche, geschmolzenes Material oder Sch\u00e4den durch \u00dcberdruck \u00fcbernommen. Diese Garantie deckt nicht den Missbrauch dieses Produkts ab. Der Verk\u00e4ufer und der Hersteller haften nicht f\u00fcr zuf\u00e4llige Sch\u00e4den oder f\u00fcr den Missbrauch eines Pools.<\/p>\n","protected":false},"excerpt":{"rendered":"<p>Der OCEANDREAMS-Pool hat ab Kaufdatum eine eingeschr\u00e4nkte Garantie von zwei Jahr gegen Material- und Verarbeitungsfehler. Es besteht keine Gew\u00e4hr f\u00fcr Pannen, Abnutzung, Vewrblassen des Materials&#8230;<\/p>\n","protected":false},"author":1,"featured_media":0,"parent":0,"menu_order":0,"comment_status":"closed","ping_status":"closed","template":"","meta":{"footnotes":""},"class_list":["post-6107","page","type-page","status-publish"],"yoast_head":"<!-- This site is optimized with the Yoast SEO plugin v26.6 - https:\/\/yoast.com\/wordpress\/plugins\/seo\/ -->\n<title>Gewaehrleistung - antijellyfishpool.com<\/title>\n<meta name=\"robots\" content=\"index, follow, max-snippet:-1, max-image-preview:large, max-video-preview:-1\" \/>\n<link rel=\"canonical\" href=\"https:\/\/antijellyfishpool.com\/warranty\/\" \/>\n<meta property=\"og:locale\" content=\"de_DE\" \/>\n<meta property=\"og:type\" content=\"article\" \/>\n<meta property=\"og:title\" content=\"Gewaehrleistung - antijellyfishpool.com\" \/>\n<meta property=\"og:description\" content=\"Der OCEANDREAMS-Pool hat ab Kaufdatum eine eingeschr\u00e4nkte Garantie von zwei Jahr gegen Material- und Verarbeitungsfehler. Es besteht keine Gew\u00e4hr f\u00fcr Pannen, Abnutzung, Vewrblassen des Materials...\" \/>\n<meta property=\"og:url\" content=\"https:\/\/antijellyfishpool.com\/warranty\/\" \/>\n<meta property=\"og:site_name\" content=\"antijellyfishpool.com\" \/>\n<meta property=\"article:modified_time\" content=\"2019-01-21T12:47:56+00:00\" \/>\n<meta name=\"twitter:card\" content=\"summary_large_image\" \/>\n<meta name=\"twitter:label1\" content=\"Gesch\u00e4tzte Lesezeit\" \/>\n\t<meta name=\"twitter:data1\" content=\"3\u00a0Minuten\" \/>\n<script type=\"application\/ld+json\" class=\"yoast-schema-graph\">{\"@context\":\"https:\/\/schema.org\",\"@graph\":[{\"@type\":\"WebPage\",\"@id\":\"https:\/\/antijellyfishpool.com\/warranty\/\",\"url\":\"https:\/\/antijellyfishpool.com\/warranty\/\",\"name\":\"Gewaehrleistung - antijellyfishpool.com\",\"isPartOf\":{\"@id\":\"https:\/\/antijellyfishpool.com\/#website\"},\"datePublished\":\"2019-01-14T16:28:49+00:00\",\"dateModified\":\"2019-01-21T12:47:56+00:00\",\"breadcrumb\":{\"@id\":\"https:\/\/antijellyfishpool.com\/warranty\/#breadcrumb\"},\"inLanguage\":\"de\",\"potentialAction\":[{\"@type\":\"ReadAction\",\"target\":[\"https:\/\/antijellyfishpool.com\/warranty\/\"]}]},{\"@type\":\"BreadcrumbList\",\"@id\":\"https:\/\/antijellyfishpool.com\/warranty\/#breadcrumb\",\"itemListElement\":[{\"@type\":\"ListItem\",\"position\":1,\"name\":\"Home\",\"item\":\"https:\/\/antijellyfishpool.com\/de\/\"},{\"@type\":\"ListItem\",\"position\":2,\"name\":\"Gewaehrleistung\"}]},{\"@type\":\"WebSite\",\"@id\":\"https:\/\/antijellyfishpool.com\/#website\",\"url\":\"https:\/\/antijellyfishpool.com\/\",\"name\":\"antijellyfishpool.com\",\"description\":\"The best jellyfish protection pool system for boats\",\"potentialAction\":[{\"@type\":\"SearchAction\",\"target\":{\"@type\":\"EntryPoint\",\"urlTemplate\":\"https:\/\/antijellyfishpool.com\/?s={search_term_string}\"},\"query-input\":{\"@type\":\"PropertyValueSpecification\",\"valueRequired\":true,\"valueName\":\"search_term_string\"}}],\"inLanguage\":\"de\"}]}<\/script>\n<!-- \/ Yoast SEO plugin. -->","yoast_head_json":{"title":"Gewaehrleistung - antijellyfishpool.com","robots":{"index":"index","follow":"follow","max-snippet":"max-snippet:-1","max-image-preview":"max-image-preview:large","max-video-preview":"max-video-preview:-1"},"canonical":"https:\/\/antijellyfishpool.com\/warranty\/","og_locale":"de_DE","og_type":"article","og_title":"Gewaehrleistung - antijellyfishpool.com","og_description":"Der OCEANDREAMS-Pool hat ab Kaufdatum eine eingeschr\u00e4nkte Garantie von zwei Jahr gegen Material- und Verarbeitungsfehler. Es besteht keine Gew\u00e4hr f\u00fcr Pannen, Abnutzung, Vewrblassen des Materials...","og_url":"https:\/\/antijellyfishpool.com\/warranty\/","og_site_name":"antijellyfishpool.com","article_modified_time":"2019-01-21T12:47:56+00:00","twitter_card":"summary_large_image","twitter_misc":{"Gesch\u00e4tzte Lesezeit":"3\u00a0Minuten"},"schema":{"@context":"https:\/\/schema.org","@graph":[{"@type":"WebPage","@id":"https:\/\/antijellyfishpool.com\/warranty\/","url":"https:\/\/antijellyfishpool.com\/warranty\/","name":"Gewaehrleistung - antijellyfishpool.com","isPartOf":{"@id":"https:\/\/antijellyfishpool.com\/#website"},"datePublished":"2019-01-14T16:28:49+00:00","dateModified":"2019-01-21T12:47:56+00:00","breadcrumb":{"@id":"https:\/\/antijellyfishpool.com\/warranty\/#breadcrumb"},"inLanguage":"de","potentialAction":[{"@type":"ReadAction","target":["https:\/\/antijellyfishpool.com\/warranty\/"]}]},{"@type":"BreadcrumbList","@id":"https:\/\/antijellyfishpool.com\/warranty\/#breadcrumb","itemListElement":[{"@type":"ListItem","position":1,"name":"Home","item":"https:\/\/antijellyfishpool.com\/de\/"},{"@type":"ListItem","position":2,"name":"Gewaehrleistung"}]},{"@type":"WebSite","@id":"https:\/\/antijellyfishpool.com\/#website","url":"https:\/\/antijellyfishpool.com\/","name":"antijellyfishpool.com","description":"The best jellyfish protection pool system for boats","potentialAction":[{"@type":"SearchAction","target":{"@type":"EntryPoint","urlTemplate":"https:\/\/antijellyfishpool.com\/?s={search_term_string}"},"query-input":{"@type":"PropertyValueSpecification","valueRequired":true,"valueName":"search_term_string"}}],"inLanguage":"de"}]}},"_links":{"self":[{"href":"https:\/\/antijellyfishpool.com\/de\/wp-json\/wp\/v2\/pages\/6107","targetHints":{"allow":["GET"]}}],"collection":[{"href":"https:\/\/antijellyfishpool.com\/de\/wp-json\/wp\/v2\/pages"}],"about":[{"href":"https:\/\/antijellyfishpool.com\/de\/wp-json\/wp\/v2\/types\/page"}],"author":[{"embeddable":true,"href":"https:\/\/antijellyfishpool.com\/de\/wp-json\/wp\/v2\/users\/1"}],"replies":[{"embeddable":true,"href":"https:\/\/antijellyfishpool.com\/de\/wp-json\/wp\/v2\/comments?post=6107"}],"version-history":[{"count":0,"href":"https:\/\/antijellyfishpool.com\/de\/wp-json\/wp\/v2\/pages\/6107\/revisions"}],"wp:attachment":[{"href":"https:\/\/antijellyfishpool.com\/de\/wp-json\/wp\/v2\/media?parent=6107"}],"curies":[{"name":"wp","href":"https:\/\/api.w.org\/{rel}","templated":true}]}}