{"id":6023,"date":"2019-01-11T12:40:50","date_gmt":"2019-01-11T12:40:50","guid":{"rendered":"https:\/\/antijellyfishpool.com\/return-policy\/"},"modified":"2019-01-17T11:44:19","modified_gmt":"2019-01-17T11:44:19","slug":"rueckgaberecht","status":"publish","type":"page","link":"https:\/\/antijellyfishpool.com\/de\/rueckgaberecht\/","title":{"rendered":"Rueckgaberecht"},"content":{"rendered":"<p>ALLGEMEINE R\u00dcCKKEHRLEITFADEN<br \/>\nDies sind die allgemeinen R\u00fcckgaberichtlinien von OCEANDREAMS Mediterraneo SL, die nur f\u00fcr die Produkte gelten, die Sie direkt bei uns kaufen. Wenn Sie Produkte \u00fcber Offline-Kan\u00e4le kaufen, wenden Sie sich an den Endanbieter, der Ihnen die Produkte verkauft hat, um deren R\u00fcckgaberichtlinien zu erfahren. Um sich f\u00fcr eine R\u00fcckerstattung oder R\u00fcckerstattung zu entscheiden, m\u00fcssen Sie alle allgemeinen Richtlinien einhalten.<br \/>\n\u2022 Alle Produktr\u00fccksendungen erfordern eine Warenr\u00fccksendegenehmigungsnummer (RMA). Sie k\u00f6nnen uns kontaktieren, um eine RMA-Nummer zu erhalten.<br \/>\n\u2022 Wenn Sie Produkte zur\u00fcckschicken, in denen Sie pers\u00f6nliche Informationen gespeichert haben, m\u00fcssen Sie diese Informationen vollst\u00e4ndig l\u00f6schen, bevor Sie uns die Produkte senden.<br \/>\n\u2022 Die Kosten f\u00fcr die R\u00fccksendung der R\u00fccksendung gehen zu Ihren Lasten. Vergewissern Sie sich, dass der Vorfall im Artikel nicht in Ihrer Verantwortung liegt. Diese Kosten k\u00f6nnen je nach Gr\u00f6\u00dfe und Gewicht des Produkts variieren.<br \/>\n\u2022 Wenn Sie gro\u00dfe Gegenst\u00e4nde (z. B. Pools, Seascooter) kaufen, bewahren Sie die Originalverpackung innerhalb der R\u00fcckgabefrist mindestens 15 Tage auf, um sie f\u00fcr den Fall einer R\u00fcckgabe oder eines Ersatzes des Ger\u00e4ts zu verwenden.<br \/>\nDie Produkte, die wir unter einer der folgenden Bedingungen erhalten, k\u00f6nnen nicht zur\u00fcckgegeben werden und werden abgelehnt:<br \/>\n\u2022 Jedes Produkt, das nicht von OCEANDREAMS Mediterraneo SL erworben wurde<br \/>\n\u2022 Jedes Produkt, das ohne die Originalverpackung und das Original zur\u00fcckgegeben wird, einschlie\u00dflich der Schachtel und aller anderen Artikel, die urspr\u00fcnglich mit dem Produkt geliefert wurden.<br \/>\n\u2022 Jedes Produkt, das k\u00f6rperlichen Schaden verursacht.<br \/>\n\u2022 Jedes Produkt, das auf irgendeine Weise manipuliert, personalisiert oder ver\u00e4ndert erscheint.<br \/>\nSTANDARD-R\u00dcCKGABERECHT<br \/>\n\u2022 Erstattung der Erstattung: innerhalb der ersten 15 Tage nach dem Kalender ab dem Rechnungsdatum oder dem Liefertermin, je nachdem, welcher Zeitpunkt sp\u00e4ter liegt.<br \/>\n\u2022 Erstattung des Ersatzes: innerhalb der ersten 15 Tage nach dem Kalender ab dem Rechnungsdatum oder dem Liefertermin, je nachdem, welcher Zeitpunkt sp\u00e4ter liegt.<br \/>\n\u2022 Wir bieten Ihnen die M\u00f6glichkeit, das Produkt \u00fcber einen vorausbezahlten Transportservice zur\u00fcckzugeben. Sie erhalten eine Abholauftragsnummer per E-Mail, nachdem Sie die RMA im Kundenservicecenter erstellt haben<br \/>\n\u2022 Die Kosten f\u00fcr den Transport Ihrer R\u00fccksendung oder des Produktersatzes werden von Ihrer Erstattung abgezogen, sofern Ihr Artikel nicht den Anforderungen einer kostenlosen R\u00fccksendung entspricht.<\/p>\n<p>VERSANDKOSTEN<br \/>\nOCEANDREAMS Mediterraneo SL bezahlt die R\u00fccksendung nur dann, wenn das Produkt aufgrund der Verantwortung des Herstellers (nicht des Verschuldens des Kunden) fehlerhaft ist. Der Artikel muss im R\u00fcckgaberecht von OCEANDREAMS Mediterraneo SL enthalten sein. Eine Abholauftragsnummer kann nach dem Erstellen der RMA per E-Mail erhalten werden<br \/>\n\u2022 Die R\u00fccksendekosten k\u00f6nnen je nach R\u00fcckgabegrund von Ihrer R\u00fcckerstattung abgezogen werden.<\/p>\n<p>\u2022 Wenn Sie gro\u00dfe Gegenst\u00e4nde (z. B. Seascooter, Schwimmb\u00e4der) kaufen m\u00f6chten, bewahren Sie die Originalverpackung innerhalb der R\u00fcckgabefrist mindestens 15 Tage auf, falls Sie eine R\u00fcckgabe oder einen Austausch des Ger\u00e4ts beantragen.<\/p>\n<p>\u2022 Die Kosten f\u00fcr die R\u00fccksendung k\u00f6nnen je nach Gr\u00f6\u00dfe und Gewicht des Produkts gem\u00e4\u00df den nachstehenden Angaben variieren.<\/p>\n<p>Versandkosten f\u00fcr die R\u00fccksendung<br \/>\nPOOLS ANTIMEDUSAS und SEASCCOTER 50 \u20ac Spanien Halbinsel<br \/>\nPOOLS ANTIMEDUSAS und SEASCCOTER 78 \u20ac Ibiza \/ Menorca<\/p>\n<p>WEITERE R\u00dcCKSENDUNGSINFORMATIONEN<br \/>\nNICHT VORR\u00c4TIGE ARTIKEL (ZUR\u00dcCK-BESTELLUNG)<br \/>\nWenn OCEANDREAMS Mediterraneo SL einen Artikel abgesetzt hat, der als Ersatz geliefert wird, oder der Artikel einfach ausverkauft ist, gibt OCEANDREAMS Mediterraneo SL eine R\u00fcckerstattung aus<\/p>\n","protected":false},"excerpt":{"rendered":"<p>ALLGEMEINE R\u00dcCKKEHRLEITFADEN Dies sind die allgemeinen R\u00fcckgaberichtlinien von OCEANDREAMS Mediterraneo SL, die nur f\u00fcr die Produkte gelten, die Sie direkt bei uns kaufen. Wenn Sie&#8230;<\/p>\n","protected":false},"author":1,"featured_media":0,"parent":0,"menu_order":0,"comment_status":"closed","ping_status":"closed","template":"","meta":{"footnotes":""},"class_list":["post-6023","page","type-page","status-publish"],"yoast_head":"<!-- This site is optimized with the Yoast SEO plugin v26.6 - https:\/\/yoast.com\/wordpress\/plugins\/seo\/ -->\n<title>Rueckgaberecht - antijellyfishpool.com<\/title>\n<meta name=\"robots\" content=\"index, follow, max-snippet:-1, max-image-preview:large, max-video-preview:-1\" \/>\n<link rel=\"canonical\" href=\"https:\/\/antijellyfishpool.com\/return-policy\/\" \/>\n<meta property=\"og:locale\" content=\"de_DE\" \/>\n<meta property=\"og:type\" content=\"article\" \/>\n<meta property=\"og:title\" content=\"Rueckgaberecht - antijellyfishpool.com\" \/>\n<meta property=\"og:description\" content=\"ALLGEMEINE R\u00dcCKKEHRLEITFADEN Dies sind die allgemeinen R\u00fcckgaberichtlinien von OCEANDREAMS Mediterraneo SL, die nur f\u00fcr die Produkte gelten, die Sie direkt bei uns kaufen. Wenn Sie...\" \/>\n<meta property=\"og:url\" content=\"https:\/\/antijellyfishpool.com\/return-policy\/\" \/>\n<meta property=\"og:site_name\" content=\"antijellyfishpool.com\" \/>\n<meta property=\"article:modified_time\" content=\"2019-01-17T11:44:19+00:00\" \/>\n<meta name=\"twitter:card\" content=\"summary_large_image\" \/>\n<meta name=\"twitter:label1\" content=\"Gesch\u00e4tzte Lesezeit\" \/>\n\t<meta name=\"twitter:data1\" content=\"3\u00a0Minuten\" \/>\n<script type=\"application\/ld+json\" class=\"yoast-schema-graph\">{\"@context\":\"https:\/\/schema.org\",\"@graph\":[{\"@type\":\"WebPage\",\"@id\":\"https:\/\/antijellyfishpool.com\/return-policy\/\",\"url\":\"https:\/\/antijellyfishpool.com\/return-policy\/\",\"name\":\"Rueckgaberecht - antijellyfishpool.com\",\"isPartOf\":{\"@id\":\"https:\/\/antijellyfishpool.com\/#website\"},\"datePublished\":\"2019-01-11T12:40:50+00:00\",\"dateModified\":\"2019-01-17T11:44:19+00:00\",\"breadcrumb\":{\"@id\":\"https:\/\/antijellyfishpool.com\/return-policy\/#breadcrumb\"},\"inLanguage\":\"de\",\"potentialAction\":[{\"@type\":\"ReadAction\",\"target\":[\"https:\/\/antijellyfishpool.com\/return-policy\/\"]}]},{\"@type\":\"BreadcrumbList\",\"@id\":\"https:\/\/antijellyfishpool.com\/return-policy\/#breadcrumb\",\"itemListElement\":[{\"@type\":\"ListItem\",\"position\":1,\"name\":\"Home\",\"item\":\"https:\/\/antijellyfishpool.com\/de\/\"},{\"@type\":\"ListItem\",\"position\":2,\"name\":\"Rueckgaberecht\"}]},{\"@type\":\"WebSite\",\"@id\":\"https:\/\/antijellyfishpool.com\/#website\",\"url\":\"https:\/\/antijellyfishpool.com\/\",\"name\":\"antijellyfishpool.com\",\"description\":\"The best jellyfish protection pool system for boats\",\"potentialAction\":[{\"@type\":\"SearchAction\",\"target\":{\"@type\":\"EntryPoint\",\"urlTemplate\":\"https:\/\/antijellyfishpool.com\/?s={search_term_string}\"},\"query-input\":{\"@type\":\"PropertyValueSpecification\",\"valueRequired\":true,\"valueName\":\"search_term_string\"}}],\"inLanguage\":\"de\"}]}<\/script>\n<!-- \/ Yoast SEO plugin. -->","yoast_head_json":{"title":"Rueckgaberecht - antijellyfishpool.com","robots":{"index":"index","follow":"follow","max-snippet":"max-snippet:-1","max-image-preview":"max-image-preview:large","max-video-preview":"max-video-preview:-1"},"canonical":"https:\/\/antijellyfishpool.com\/return-policy\/","og_locale":"de_DE","og_type":"article","og_title":"Rueckgaberecht - antijellyfishpool.com","og_description":"ALLGEMEINE R\u00dcCKKEHRLEITFADEN Dies sind die allgemeinen R\u00fcckgaberichtlinien von OCEANDREAMS Mediterraneo SL, die nur f\u00fcr die Produkte gelten, die Sie direkt bei uns kaufen. Wenn Sie...","og_url":"https:\/\/antijellyfishpool.com\/return-policy\/","og_site_name":"antijellyfishpool.com","article_modified_time":"2019-01-17T11:44:19+00:00","twitter_card":"summary_large_image","twitter_misc":{"Gesch\u00e4tzte Lesezeit":"3\u00a0Minuten"},"schema":{"@context":"https:\/\/schema.org","@graph":[{"@type":"WebPage","@id":"https:\/\/antijellyfishpool.com\/return-policy\/","url":"https:\/\/antijellyfishpool.com\/return-policy\/","name":"Rueckgaberecht - antijellyfishpool.com","isPartOf":{"@id":"https:\/\/antijellyfishpool.com\/#website"},"datePublished":"2019-01-11T12:40:50+00:00","dateModified":"2019-01-17T11:44:19+00:00","breadcrumb":{"@id":"https:\/\/antijellyfishpool.com\/return-policy\/#breadcrumb"},"inLanguage":"de","potentialAction":[{"@type":"ReadAction","target":["https:\/\/antijellyfishpool.com\/return-policy\/"]}]},{"@type":"BreadcrumbList","@id":"https:\/\/antijellyfishpool.com\/return-policy\/#breadcrumb","itemListElement":[{"@type":"ListItem","position":1,"name":"Home","item":"https:\/\/antijellyfishpool.com\/de\/"},{"@type":"ListItem","position":2,"name":"Rueckgaberecht"}]},{"@type":"WebSite","@id":"https:\/\/antijellyfishpool.com\/#website","url":"https:\/\/antijellyfishpool.com\/","name":"antijellyfishpool.com","description":"The best jellyfish protection pool system for boats","potentialAction":[{"@type":"SearchAction","target":{"@type":"EntryPoint","urlTemplate":"https:\/\/antijellyfishpool.com\/?s={search_term_string}"},"query-input":{"@type":"PropertyValueSpecification","valueRequired":true,"valueName":"search_term_string"}}],"inLanguage":"de"}]}},"_links":{"self":[{"href":"https:\/\/antijellyfishpool.com\/de\/wp-json\/wp\/v2\/pages\/6023","targetHints":{"allow":["GET"]}}],"collection":[{"href":"https:\/\/antijellyfishpool.com\/de\/wp-json\/wp\/v2\/pages"}],"about":[{"href":"https:\/\/antijellyfishpool.com\/de\/wp-json\/wp\/v2\/types\/page"}],"author":[{"embeddable":true,"href":"https:\/\/antijellyfishpool.com\/de\/wp-json\/wp\/v2\/users\/1"}],"replies":[{"embeddable":true,"href":"https:\/\/antijellyfishpool.com\/de\/wp-json\/wp\/v2\/comments?post=6023"}],"version-history":[{"count":0,"href":"https:\/\/antijellyfishpool.com\/de\/wp-json\/wp\/v2\/pages\/6023\/revisions"}],"wp:attachment":[{"href":"https:\/\/antijellyfishpool.com\/de\/wp-json\/wp\/v2\/media?parent=6023"}],"curies":[{"name":"wp","href":"https:\/\/api.w.org\/{rel}","templated":true}]}}