{"id":6004,"date":"2018-12-30T11:41:41","date_gmt":"2018-12-30T11:41:41","guid":{"rendered":"https:\/\/antijellyfishpool.com\/privacy-policy\/"},"modified":"2019-01-17T11:46:23","modified_gmt":"2019-01-17T11:46:23","slug":"datenschutz-bestimmungen","status":"publish","type":"page","link":"https:\/\/antijellyfishpool.com\/de\/datenschutz-bestimmungen\/","title":{"rendered":"Datenschutz-Bestimmungen"},"content":{"rendered":"[vc_row type=&#8220;in_container&#8220; full_screen_row_position=&#8220;middle&#8220; scene_position=&#8220;center&#8220; text_color=&#8220;dark&#8220; text_align=&#8220;left&#8220; overlay_strength=&#8220;0.3&#8243; shape_divider_position=&#8220;bottom&#8220; bg_image_animation=&#8220;none&#8220;][vc_column column_padding=&#8220;no-extra-padding&#8220; column_padding_position=&#8220;all&#8220; background_color_opacity=&#8220;1&#8243; background_hover_color_opacity=&#8220;1&#8243; column_link_target=&#8220;_self&#8220; column_shadow=&#8220;none&#8220; column_border_radius=&#8220;none&#8220; width=&#8220;1\/1&#8243; tablet_width_inherit=&#8220;default&#8220; tablet_text_alignment=&#8220;default&#8220; phone_text_alignment=&#8220;default&#8220; column_border_width=&#8220;none&#8220; column_border_style=&#8220;solid&#8220; bg_image_animation=&#8220;none&#8220;][vc_column_text]1.- Besitzer der Webseite<\/p>\n<ul>\n<li>Denominaci\u00f3n social: OCEAN DREAMS Mediterraneo SL<\/li>\n<li>C.I.F:\u00a0B-57940728<\/li>\n<li>Domicilio social:\u00a0Gran V\u00eda 22, Port Adriano Village, E-07180,El Toro<\/li>\n<li>Correo electr\u00f3nico:\u00a0<a href=\"mailto:info@oceandreamscharter.com\">info@oceandreamscharter.com<\/a><\/li>\n<li>Tel\u00e9fono:\u00a0+34 971 404 588<\/li>\n<\/ul>\n<p>.<\/p>\n<p>2.- Datenschutz und Schutz personenbezogener Daten<\/p>\n<p>2.1.- Aus\u00fcbung von Datenschutzrechten<\/p>\n<p>Benutzer k\u00f6nnen eine schriftliche Mitteilung an die Adresse von Ocean oder an die in der \u00dcberschrift dieses rechtlichen Hinweises angegebene E-Mail-Adresse senden, einschlie\u00dflich in beiden F\u00e4llen eine Fotokopie Ihres Personalausweises oder eines anderen \u00e4hnlichen Ausweisdokuments, um die Aus\u00fcbung der Zugangsrechte, die Berichtigung, Stornierung und Widerspruch.<\/p>\n<p>2.2.- Wege, \u00fcber die personenbezogene Daten erhoben werden. Zweck der Behandlung<\/p>\n<p>Der Benutzer darf nicht verschl\u00fcsselte pers\u00f6nliche Daten \u00fcber Kontaktformulare des Standardtyps senden. Die erhobenen pers\u00f6nlichen Daten werden automatisch verarbeitet und in die entsprechenden Dateien von Ocean \u00fcbernommen. Ebenso k\u00f6nnen Sie uns Ihre Daten per Telefon, E-Mail und \u00fcber andere im Kontaktbereich angegebene Kommunikationsmittel zur Verf\u00fcgung stellen. Die Verarbeitung dieser Daten dient ausschlie\u00dflich der Bereitstellung der von Ihnen angeforderten Informationen oder Dienstleistungen.<\/p>\n<p>2.3.- Soziale Netzwerke<\/p>\n<p>Ocean hat ein Profil in den wichtigsten professionellen sozialen Netzwerken des Internets (Facebook, Twitter), das in allen F\u00e4llen f\u00fcr die Verarbeitung der Daten seiner Follower, Fans, Abonnenten, Kommentatoren und anderen Benutzerprofile (ab jetzt auch Followern) verantwortlich ist. . Die Behandlung, die Ocean mit diesen Daten durchf\u00fchren wird, wird allenfalls diejenige sein, die das soziale Netzwerk den Unternehmensprofilen erlaubt. So wird Ocean in der Lage sein, seine Anh\u00e4nger auf jede Weise zu informieren, die das soziale Netzwerk \u00fcber seine Aktivit\u00e4ten, Pr\u00e4sentationen, Angebote und seinen pers\u00f6nlichen Kundenservice erm\u00f6glicht. In keinem Fall extrahiert Ocean Daten aus sozialen Netzwerken, es sei denn, die Einwilligung des Benutzers wird ausdr\u00fccklich und ausdr\u00fccklich daf\u00fcr eingeholt. Wenn aufgrund des Wesens der sozialen Netzwerke die effektive Aus\u00fcbung der Rechte des Anh\u00e4ngers von der \u00c4nderung des pers\u00f6nlichen Profils des letzteren abh\u00e4ngig ist, wird Ocean ihm helfen und diesbez\u00fcglich im Rahmen seiner M\u00f6glichkeiten beraten.<\/p>\n<p>.<\/p>\n<p>3.- Verantwortlichkeit f\u00fcr den Inhalt der Website und des Blogs<\/p>\n<p>Die Website und das Blog enthalten Texte, die zu Informations- oder Informationszwecken vorbereitet wurden und m\u00f6glicherweise nicht den aktuellen Stand der Gesetzgebung oder Rechtsprechung widerspiegeln und sich auf allgemeine Situationen beziehen, sodass der Inhalt des Nutzers niemals auf konkrete F\u00e4lle angewendet werden kann. Die darin ge\u00e4u\u00dferten Meinungen spiegeln nicht unbedingt die Ansichten des Ozeans wider. Der Inhalt der auf dieser Website und im Blog ver\u00f6ffentlichten Artikel kann in keinem Fall als Ersatz f\u00fcr eine Rechtsberatung angesehen werden. Der Benutzer darf nicht auf der Grundlage der auf dieser Website oder des Blogs enthaltenen Informationen handeln, ohne zuvor den entsprechenden professionellen Rat einzuholen.<\/p>\n<p>Ocean wird so weit wie m\u00f6glich auf das ordnungsgem\u00e4\u00dfe Funktionieren der Website und des Blogs, die Richtigkeit des Inhalts und die Richtigkeit der darin ver\u00f6ffentlichten Inhalte achten. Sie ist jedoch nicht f\u00fcr Fehler oder Auslassungen verantwortlich, die m\u00f6glicherweise den Inhalt der Website, des Blogs oder andere Inhalte betreffen, auf die \u00fcber sie zugegriffen werden kann. Ebenso entlastet der Nutzer Ocean die Verantwortung f\u00fcr die Nutzung, die er von den Inhalten der Website vornehmen k\u00f6nnte, ohne zuvor den erforderlichen rechtlichen Rat von Ocean einzuholen.<\/p>\n<p>Ocean wird so weit wie m\u00f6glich auf die Computersicherheit der technischen Unterst\u00fctzungen achten, die der Benutzer beim Navigieren auf den Seiten der Website und des Blogs verwendet. Da das Internet jedoch nicht als sicheres Medium angesehen werden kann, kann Ocean nicht das Fehlen von Viren oder anderen sch\u00e4dlichen Elementen garantieren, die von Dritten eingef\u00fchrt wurden und Sch\u00e4den oder \u00c4nderungen am Computersystem, an elektronischen Dokumenten oder Dokumenten verursachen k\u00f6nnten. Dateien des Benutzers, der diese Website und das Blog besucht. Ocean haftet daher nicht f\u00fcr Sch\u00e4den, die solche Elemente f\u00fcr den Benutzer oder f\u00fcr Dritte verursachen k\u00f6nnten.<\/p>\n<p>Die Links, die die Website und das Blog enthalten, k\u00f6nnen den Benutzer zu anderen Websites und Webseiten f\u00fchren, die von Dritten verwaltet werden und f\u00fcr die Ocean keine Verantwortung \u00fcbernimmt. Ocean reagiert weder auf den Inhalt noch auf den Status dieser Websites und Webseiten, und der Zugriff darauf \u00fcber diese Website oder den Blog bedeutet nicht, dass Ocean ihre Inhalte empfiehlt oder genehmigt.<\/p>\n<p>4.- Vorschriften und Gerichtsstand<\/p>\n<p>Diese Nutzungsbedingungen der Website unterliegen in allen ihren Extremen dem spanischen Recht. Die Sprache f\u00fcr die Ausarbeitung und Auslegung dieser rechtlichen Hinweise ist Spanisch. Diese rechtlichen Hinweise werden nicht f\u00fcr jeden Benutzer einzeln eingereicht, sondern sind \u00fcber das Internet auf dieser Website dauerhaft zug\u00e4nglich.<\/p>\n<p>Benutzer k\u00f6nnen sich beim Consumer Arbitration System anmelden, um Kontroversen, Konflikte oder Anspr\u00fcche aus diesem Text oder einer Aktivit\u00e4t von Ocean zu l\u00f6sen. Sofern der Nutzer kein &#8222;Verbraucher oder Nutzer&#8220; im Sinne der spanischen Vorschriften ist, verpflichten sich die Parteien, sich den Gerichten von Palma de Mallorca zu unterwerfen, da dies der Ort ist, an dem der Vertrag abgeschlossen wird, wobei auf eine andere Gerichtsbarkeit ausdr\u00fccklich verzichtet wird dass ich erwidern k\u00f6nnte.[\/vc_column_text][\/vc_column][\/vc_row]\n","protected":false},"excerpt":{"rendered":"<p>[vc_row type=&#8220;in_container&#8220; full_screen_row_position=&#8220;middle&#8220; scene_position=&#8220;center&#8220; text_color=&#8220;dark&#8220; text_align=&#8220;left&#8220; overlay_strength=&#8220;0.3&#8243; shape_divider_position=&#8220;bottom&#8220; bg_image_animation=&#8220;none&#8220;][vc_column column_padding=&#8220;no-extra-padding&#8220; column_padding_position=&#8220;all&#8220; background_color_opacity=&#8220;1&#8243; background_hover_color_opacity=&#8220;1&#8243; column_link_target=&#8220;_self&#8220; column_shadow=&#8220;none&#8220; column_border_radius=&#8220;none&#8220; width=&#8220;1\/1&#8243; tablet_width_inherit=&#8220;default&#8220; tablet_text_alignment=&#8220;default&#8220; phone_text_alignment=&#8220;default&#8220; column_border_width=&#8220;none&#8220; column_border_style=&#8220;solid&#8220; bg_image_animation=&#8220;none&#8220;][vc_column_text]1.- Besitzer der&#8230;<\/p>\n","protected":false},"author":1,"featured_media":0,"parent":0,"menu_order":0,"comment_status":"closed","ping_status":"closed","template":"","meta":{"footnotes":""},"class_list":["post-6004","page","type-page","status-publish"],"yoast_head":"<!-- This site is optimized with the Yoast SEO plugin v26.6 - https:\/\/yoast.com\/wordpress\/plugins\/seo\/ -->\n<title>Datenschutz-Bestimmungen - antijellyfishpool.com<\/title>\n<meta name=\"robots\" content=\"index, follow, max-snippet:-1, max-image-preview:large, max-video-preview:-1\" \/>\n<link rel=\"canonical\" href=\"https:\/\/antijellyfishpool.com\/privacy-policy\/\" \/>\n<meta property=\"og:locale\" content=\"de_DE\" \/>\n<meta property=\"og:type\" content=\"article\" \/>\n<meta property=\"og:title\" content=\"Datenschutz-Bestimmungen - antijellyfishpool.com\" \/>\n<meta property=\"og:description\" content=\"[vc_row type=&#8220;in_container&#8220; full_screen_row_position=&#8220;middle&#8220; scene_position=&#8220;center&#8220; text_color=&#8220;dark&#8220; text_align=&#8220;left&#8220; overlay_strength=&#8220;0.3&#8243; shape_divider_position=&#8220;bottom&#8220; bg_image_animation=&#8220;none&#8220;][vc_column column_padding=&#8220;no-extra-padding&#8220; column_padding_position=&#8220;all&#8220; background_color_opacity=&#8220;1&#8243; background_hover_color_opacity=&#8220;1&#8243; column_link_target=&#8220;_self&#8220; column_shadow=&#8220;none&#8220; column_border_radius=&#8220;none&#8220; width=&#8220;1\/1&#8243; tablet_width_inherit=&#8220;default&#8220; tablet_text_alignment=&#8220;default&#8220; phone_text_alignment=&#8220;default&#8220; column_border_width=&#8220;none&#8220; column_border_style=&#8220;solid&#8220; bg_image_animation=&#8220;none&#8220;][vc_column_text]1.- Besitzer der...\" \/>\n<meta property=\"og:url\" content=\"https:\/\/antijellyfishpool.com\/privacy-policy\/\" \/>\n<meta property=\"og:site_name\" content=\"antijellyfishpool.com\" \/>\n<meta property=\"article:modified_time\" content=\"2019-01-17T11:46:23+00:00\" \/>\n<meta name=\"twitter:card\" content=\"summary_large_image\" \/>\n<meta name=\"twitter:label1\" content=\"Gesch\u00e4tzte Lesezeit\" \/>\n\t<meta name=\"twitter:data1\" content=\"5\u00a0Minuten\" \/>\n<script type=\"application\/ld+json\" class=\"yoast-schema-graph\">{\"@context\":\"https:\/\/schema.org\",\"@graph\":[{\"@type\":\"WebPage\",\"@id\":\"https:\/\/antijellyfishpool.com\/privacy-policy\/\",\"url\":\"https:\/\/antijellyfishpool.com\/privacy-policy\/\",\"name\":\"Datenschutz-Bestimmungen - antijellyfishpool.com\",\"isPartOf\":{\"@id\":\"https:\/\/antijellyfishpool.com\/#website\"},\"datePublished\":\"2018-12-30T11:41:41+00:00\",\"dateModified\":\"2019-01-17T11:46:23+00:00\",\"breadcrumb\":{\"@id\":\"https:\/\/antijellyfishpool.com\/privacy-policy\/#breadcrumb\"},\"inLanguage\":\"de\",\"potentialAction\":[{\"@type\":\"ReadAction\",\"target\":[\"https:\/\/antijellyfishpool.com\/privacy-policy\/\"]}]},{\"@type\":\"BreadcrumbList\",\"@id\":\"https:\/\/antijellyfishpool.com\/privacy-policy\/#breadcrumb\",\"itemListElement\":[{\"@type\":\"ListItem\",\"position\":1,\"name\":\"Home\",\"item\":\"https:\/\/antijellyfishpool.com\/de\/\"},{\"@type\":\"ListItem\",\"position\":2,\"name\":\"Datenschutz-Bestimmungen\"}]},{\"@type\":\"WebSite\",\"@id\":\"https:\/\/antijellyfishpool.com\/#website\",\"url\":\"https:\/\/antijellyfishpool.com\/\",\"name\":\"antijellyfishpool.com\",\"description\":\"The best jellyfish protection pool system for boats\",\"potentialAction\":[{\"@type\":\"SearchAction\",\"target\":{\"@type\":\"EntryPoint\",\"urlTemplate\":\"https:\/\/antijellyfishpool.com\/?s={search_term_string}\"},\"query-input\":{\"@type\":\"PropertyValueSpecification\",\"valueRequired\":true,\"valueName\":\"search_term_string\"}}],\"inLanguage\":\"de\"}]}<\/script>\n<!-- \/ Yoast SEO plugin. -->","yoast_head_json":{"title":"Datenschutz-Bestimmungen - antijellyfishpool.com","robots":{"index":"index","follow":"follow","max-snippet":"max-snippet:-1","max-image-preview":"max-image-preview:large","max-video-preview":"max-video-preview:-1"},"canonical":"https:\/\/antijellyfishpool.com\/privacy-policy\/","og_locale":"de_DE","og_type":"article","og_title":"Datenschutz-Bestimmungen - antijellyfishpool.com","og_description":"[vc_row type=&#8220;in_container&#8220; full_screen_row_position=&#8220;middle&#8220; scene_position=&#8220;center&#8220; text_color=&#8220;dark&#8220; text_align=&#8220;left&#8220; overlay_strength=&#8220;0.3&#8243; shape_divider_position=&#8220;bottom&#8220; bg_image_animation=&#8220;none&#8220;][vc_column column_padding=&#8220;no-extra-padding&#8220; column_padding_position=&#8220;all&#8220; background_color_opacity=&#8220;1&#8243; background_hover_color_opacity=&#8220;1&#8243; column_link_target=&#8220;_self&#8220; column_shadow=&#8220;none&#8220; column_border_radius=&#8220;none&#8220; width=&#8220;1\/1&#8243; tablet_width_inherit=&#8220;default&#8220; tablet_text_alignment=&#8220;default&#8220; phone_text_alignment=&#8220;default&#8220; column_border_width=&#8220;none&#8220; column_border_style=&#8220;solid&#8220; bg_image_animation=&#8220;none&#8220;][vc_column_text]1.- Besitzer der...","og_url":"https:\/\/antijellyfishpool.com\/privacy-policy\/","og_site_name":"antijellyfishpool.com","article_modified_time":"2019-01-17T11:46:23+00:00","twitter_card":"summary_large_image","twitter_misc":{"Gesch\u00e4tzte Lesezeit":"5\u00a0Minuten"},"schema":{"@context":"https:\/\/schema.org","@graph":[{"@type":"WebPage","@id":"https:\/\/antijellyfishpool.com\/privacy-policy\/","url":"https:\/\/antijellyfishpool.com\/privacy-policy\/","name":"Datenschutz-Bestimmungen - antijellyfishpool.com","isPartOf":{"@id":"https:\/\/antijellyfishpool.com\/#website"},"datePublished":"2018-12-30T11:41:41+00:00","dateModified":"2019-01-17T11:46:23+00:00","breadcrumb":{"@id":"https:\/\/antijellyfishpool.com\/privacy-policy\/#breadcrumb"},"inLanguage":"de","potentialAction":[{"@type":"ReadAction","target":["https:\/\/antijellyfishpool.com\/privacy-policy\/"]}]},{"@type":"BreadcrumbList","@id":"https:\/\/antijellyfishpool.com\/privacy-policy\/#breadcrumb","itemListElement":[{"@type":"ListItem","position":1,"name":"Home","item":"https:\/\/antijellyfishpool.com\/de\/"},{"@type":"ListItem","position":2,"name":"Datenschutz-Bestimmungen"}]},{"@type":"WebSite","@id":"https:\/\/antijellyfishpool.com\/#website","url":"https:\/\/antijellyfishpool.com\/","name":"antijellyfishpool.com","description":"The best jellyfish protection pool system for boats","potentialAction":[{"@type":"SearchAction","target":{"@type":"EntryPoint","urlTemplate":"https:\/\/antijellyfishpool.com\/?s={search_term_string}"},"query-input":{"@type":"PropertyValueSpecification","valueRequired":true,"valueName":"search_term_string"}}],"inLanguage":"de"}]}},"_links":{"self":[{"href":"https:\/\/antijellyfishpool.com\/de\/wp-json\/wp\/v2\/pages\/6004","targetHints":{"allow":["GET"]}}],"collection":[{"href":"https:\/\/antijellyfishpool.com\/de\/wp-json\/wp\/v2\/pages"}],"about":[{"href":"https:\/\/antijellyfishpool.com\/de\/wp-json\/wp\/v2\/types\/page"}],"author":[{"embeddable":true,"href":"https:\/\/antijellyfishpool.com\/de\/wp-json\/wp\/v2\/users\/1"}],"replies":[{"embeddable":true,"href":"https:\/\/antijellyfishpool.com\/de\/wp-json\/wp\/v2\/comments?post=6004"}],"version-history":[{"count":0,"href":"https:\/\/antijellyfishpool.com\/de\/wp-json\/wp\/v2\/pages\/6004\/revisions"}],"wp:attachment":[{"href":"https:\/\/antijellyfishpool.com\/de\/wp-json\/wp\/v2\/media?parent=6004"}],"curies":[{"name":"wp","href":"https:\/\/api.w.org\/{rel}","templated":true}]}}